{"id":6090,"date":"2024-04-30T10:00:46","date_gmt":"2024-04-30T08:00:46","guid":{"rendered":"https:\/\/www.campingaiguillecreuse.com\/toerisme\/bolbec\/"},"modified":"2026-03-19T15:17:50","modified_gmt":"2026-03-19T14:17:50","slug":"bolbec","status":"publish","type":"page","link":"https:\/\/www.campingaiguillecreuse.com\/nl\/toerisme\/bolbec\/","title":{"rendered":"Bolbec"},"content":{"rendered":"\n<div class=\"wp-block-group section_accroche first_bloc\"><div class=\"wp-block-group__inner-container\">\n<h1 class=\"has-text-align-center\">Camping in de buurt van Bolbec: een ideale keuze om de Seine-Maritime te ontdekken<\/h1>\n\n\n\n<p class=\"has-text-align-center\">Welkom in <strong>Bolbec<\/strong>, een charmant stadje in Normandi\u00eb, gelegen in het hart van het <a href=\"https:\/\/www.campingaiguillecreuse.com\/camping-pays-de-caux\/\">Pays de Caux<\/a>. Deze gemeente in het departement Seine-Maritime, gelegen tussen Etretat en Rouen, beschikt over een rijk historisch, architectonisch en natuurlijk erfgoed. Tijdens uw <strong>vakantie op camping L\u2019Aiguille Creuse in de buurt van Bolbec<\/strong> kunt u deze stad en haar onvermoede rijkdommen ontdekken.  <\/p>\n<\/div><\/div>\n\n<section class=\"wp-block-group section_services\">\n<div class=\"wp-block-cover has-background-dim-90 has-primaire-background-color has-background-dim\"><img class=\"wp-block-cover__image-background wp-image-495\" alt=\"\" src=\"https:\/\/www.campingaiguillecreuse.com\/wp-content\/uploads\/2021\/07\/photo-635817307913054614-1.webp\" data-object-fit=\"cover\"\/><div class=\"wp-block-cover__inner-container\">\n<div class=\"wp-block-columns are-vertically-aligned-center\">\n<div class=\"wp-block-column is-vertically-aligned-center\" style=\"flex-basis:40%\">\n<h2 class=\"has-blanc-color has-text-color\">Wat is er te zien en te doen in Bolbec?<\/h2>\n\n\n\n<p class=\"has-blanc-color has-text-color\">Bolbec ligt op 25 kilometer van camping L\u2019Aiguille Creuse in Etretat, oftewel 30 minuten rijden. Een ideale ligging ideale ligging om deze prachtige hoek van Seine-Maritime tijdens uw vakantie te verkennen. <\/p>\n\n\n\n<h3>Een rijk religieus erfgoed om te ontdekken<\/h3>\n\n\n\n<p class=\"has-blanc-color has-text-color\">Het <strong>bezoek aan Bolbec<\/strong> kunt u beginnen met een kennismaking met het religieuze erfgoed. Bekijk <strong>de 18e-eeuwse Sint-Michielskerk<\/strong>, die een opmerkelijk orgel bezit dat qua klankkwaliteit uniek is in zijn soort. Ga vervolgens naar de <strong>kapel Saint-Anne in Romeins-Byzantijnse stijl<\/strong> om de prachtige muurschilderingen te bewonderen.  <\/p>\n\n\n\n<h3>Een historisch erfgoed dat erg interessant is<\/h3>\n\n\n\n<p>Het <strong>historisch erfgoed van Bolbec<\/strong> komt tot uiting in de <strong>Val aux Gr\u00e8s<\/strong>, een kasteel dat onderdak biedt aan een cultureel centrum en tentoonstellingszalen. Het hele jaar door wordt er een grote verscheidenheid aan voorstellingen en evenementen aangeboden. De grote tuin die het gebouw omringt nodigt uit tot wandelen en tot het bewonderen van zeldzame bomen, met name een prachtige blauwe ceder.   <\/p>\n\n\n\n<p>Als u meer wilt weten over de textielgeschiedenis van de stad, kunt u de wandelroute volgen met de naam \u201e<strong>Au fil de Bolbec<\/strong>\u201c. Deze route voert langs 9 locaties die hun stempel hebben gedrukt op de gemeente in de tijd van <strong>de gouden eeuw van de textielindustrie<\/strong> (het stadhuis, de voormalige droogruimte, de <strong>voormalige Desgen\u00e9tais-fabriek<\/strong>, de arbeiderswoningen, enz.). <\/p>\n<\/div>\n\n\n\n<div class=\"wp-block-column is-vertically-aligned-center col_img\" style=\"flex-basis:60%\">\n<figure class=\"wp-block-image size-full\"><img loading=\"lazy\" width=\"700\" height=\"525\" src=\"https:\/\/www.campingaiguillecreuse.com\/wp-content\/uploads\/2024\/04\/WC_Entree_Val_aux_Gres_de_Bolbec.webp\" alt=\"Entr&#xE9;e du Val au Gr&#xE8;s &#xE0; Bolbec pr&#xE8;s du camping de l'Aiguille Creuse\" class=\"wp-image-4269\" srcset=\"https:\/\/www.campingaiguillecreuse.com\/wp-content\/uploads\/2024\/04\/WC_Entree_Val_aux_Gres_de_Bolbec.webp 700w, https:\/\/www.campingaiguillecreuse.com\/wp-content\/uploads\/2024\/04\/WC_Entree_Val_aux_Gres_de_Bolbec-300x225.webp 300w\" sizes=\"(max-width: 700px) 100vw, 700px\" \/><\/figure>\n\n\n\n<div class=\"wp-block-buttons is-content-justification-right btn_galerie\">\n<div class=\"wp-block-button\"><a class=\"wp-block-button__link has-blanc-color has-text-color\" href=\"https:\/\/www.campingaiguillecreuse.com\/nl\/fotogalerij\/\"><i class=\"fas fa-images\"><\/i> Bekijk de galerij<\/a><\/div>\n<\/div>\n<\/div>\n<\/div>\n\n\n\n<h3>Breng eens een bezoekje aan de markt van Bolbec<\/h3>\n\n\n\n<p>Tot slot, als u op een maandag- of zaterdagochtend in Bolbec bent, mag u de <strong>wekelijkse markt<\/strong> niet missen, die op maandag in de voetgangersstraat en op zaterdag op het <strong>Place Charles de Gaulle<\/strong> wordt gehouden. Een mooie gelegenheid om lokale producenten te ontmoeten en de heerlijke <strong>producten uit Normandi\u00eb<\/strong> te proeven! <\/p>\n<\/div><\/div>\n<\/section>\n\n<section class=\"wp-block-group section_alentours\">\n<div class=\"wp-block-columns\">\n<div class=\"wp-block-column col_img\" style=\"flex-basis:40%\">\n<figure class=\"wp-block-image size-full\"><img loading=\"lazy\" width=\"1024\" height=\"498\" src=\"https:\/\/www.campingaiguillecreuse.com\/wp-content\/uploads\/2024\/04\/Falaises_etretat_1024x498.webp\" alt=\"Falaises d'&#xC9;tretat proches du camping de l'Aiguille Creuse\" class=\"wp-image-4233\" srcset=\"https:\/\/www.campingaiguillecreuse.com\/wp-content\/uploads\/2024\/04\/Falaises_etretat_1024x498.webp 1024w, https:\/\/www.campingaiguillecreuse.com\/wp-content\/uploads\/2024\/04\/Falaises_etretat_1024x498-300x146.webp 300w, https:\/\/www.campingaiguillecreuse.com\/wp-content\/uploads\/2024\/04\/Falaises_etretat_1024x498-768x374.webp 768w\" sizes=\"(max-width: 1024px) 100vw, 1024px\" \/><\/figure>\n\n\n\n<div class=\"wp-block-buttons is-content-justification-right btn_galerie\">\n<div class=\"wp-block-button\"><a class=\"wp-block-button__link has-primaire-color has-text-color\" href=\"https:\/\/www.campingaiguillecreuse.com\/nl\/fotogalerij\/\"><i class=\"fas fa-images\"><\/i> Bekijk de galerij<\/a><\/div>\n<\/div>\n<\/div>\n\n\n\n<div class=\"wp-block-column\" style=\"flex-basis:60%\">\n<h2 class=\"titre_1\">Wat is er te doen in de omgeving van Bolbec in Seine-Maritime?<\/h2>\n\n\n\n<p>Tot de must-see bezienswaardigheden <strong>rond Bolbec<\/strong> behoren <a href=\"https:\/\/www.campingaiguillecreuse.com\/nl\/toerisme\/etretat\/\">Etretat en zijn beroemde kliffen<\/a>. Deze <strong>romantische badplaats<\/strong> trekt liefhebbers van de natuur en buitenactiviteiten aan (wandelen, fietsen op de spoorweg, boottochten, enz.). <\/p>\n\n\n\n<p>Als u langs de Albasten Kust rijdt, komt u aan in <a href=\"https:\/\/www.campingaiguillecreuse.com\/nl\/toerisme\/yport\/\">Yport<\/a>, een <strong>schilderachtig vissersdorpje<\/strong> gelegen in een groene, bosrijke omgeving. Yport is ook een kleine badplaats die erg in trek is bij gezinnen. Slenter door het centrum om de prachtige herenhuizen te bewonderen, met name de Villa des Roses.  <\/p>\n\n\n\n<p>Op enkele kilometers van Yport is ook <a href=\"https:\/\/www.campingaiguillecreuse.com\/nl\/toerisme\/fecamp\/\">F\u00e9camp<\/a> een bezoek waard. Deze stad, die de status \u201eVille d\u2019Art et d\u2019Histoire\u201c draagt, is zowel een badplaats als een vissers- en jachthaven. Deze <strong>voormalige stad van de hertogen van Normandi\u00eb<\/strong> bezit een rijk cultureel en natuurlijk erfgoed: het paleis B\u00e9n\u00e9dictine, de gotische abdijkerk Sainte-Trinit\u00e9 en de <a href=\"https:\/\/fr.wikipedia.org\/wiki\/Cap_Fagnet\">Cap Fagnet<\/a>, die een prachtig uitzicht biedt op de stad, de kliffen en de zee.  <\/p>\n\n\n\n<p>Tot slot, iets verder naar het oosten, is <a href=\"https:\/\/www.campingaiguillecreuse.com\/nl\/toerisme\/veules-les-roses\/\">Veules-les-Roses<\/a>, een van de <strong>oudste dorpen van het Pays de Caux<\/strong>, zeker een bezoek waard. U zult snel gecharmeerd raken van dit dorp tussen zee en platteland, doorkruist door de kleinste rivier van Frankrijk, <strong>de Veules<\/strong>. Volg de wandelroute van 3 km voor een idyllische wandeling langs de rivier, waar u watermolens en rietgedekte huisjes kunt zien die typisch zijn voor de regio.  <\/p>\n<\/div>\n<\/div>\n\n\n\n<h2>Waar brengt u uw volgende vakantie door op een camping in de buurt van Bolbec?<\/h2>\n\n\n\n<p>Na uw <strong>ontdekkingstocht door Bolbec<\/strong> en omgeving kunt u terecht op camping L\u2019Aiguille Creuse in Les Loges, vlakbij Etretat. Deze <strong>rustige en gezinsvriendelijke 4-sterrencamping<\/strong> biedt u de mogelijkheid om te verblijven in <a href=\"https:\/\/www.campingaiguillecreuse.com\/nl\/verhuur\/mobilhomes\/\">stacaravans van verschillende categorie\u00ebn<\/a> (comfort, prestige en luxe) die plaats bieden aan maximaal acht personen. Er zijn ook <a href=\"https:\/\/www.campingaiguillecreuse.com\/nl\/verhuur\/kampeerplaatsen\/\">ruime en afgebakende staanplaatsen<\/a> beschikbaar voor liefhebbers van traditioneel kamperen. Geniet tijdens uw verblijf van het <a href=\"https:\/\/www.campingaiguillecreuse.com\/nl\/aquapark\/\">overdekte en verwarmde zwembad<\/a> dat het hele seizoen geopend is, maar ook van de kinderclub, sportactiviteiten, het restaurant en de fietsverhuur.   <\/p>\n\n\n\n<p>Het lijdt geen twijfel dat u een fijne vakantie zult doorbrengen tijdens uw verblijf op de <strong>camping vlakbij Bolbec, de Aiguille Creuse<\/strong>.<\/p>\n<\/section>\n","protected":false},"excerpt":{"rendered":"<p>Camping in de buurt van Bolbec: een ideale keuze om de Seine-Maritime te ontdekken Welkom in Bolbec, een charmant stadje in Normandi\u00eb, gelegen in het hart van het Pays de Caux. Deze gemeente in het departement Seine-Maritime, gelegen tussen Etretat en Rouen, beschikt over een rijk historisch, architectonisch en natuurlijk erfgoed. Tijdens uw vakantie op [&hellip;]<\/p>\n","protected":false},"author":1,"featured_media":4270,"parent":2234,"menu_order":0,"comment_status":"closed","ping_status":"closed","template":"","meta":[],"yoast_head":"<!-- This site is optimized with the Yoast SEO plugin v16.7 - https:\/\/yoast.com\/wordpress\/plugins\/seo\/ -->\n<title>Verblijf op een camping in de buurt van Bolbec | L&#039;Aiguille Creuse<\/title>\n<meta name=\"description\" content=\"Voor uw volgende vakantie op de camping in de buurt van Bolbec, kies dan de camping de l&#039;Aiguille Creuse om deze stad en de regio in de omgeving te ontdekken.\" \/>\n<meta name=\"robots\" content=\"index, follow, max-snippet:-1, max-image-preview:large, max-video-preview:-1\" \/>\n<link rel=\"canonical\" href=\"https:\/\/www.campingaiguillecreuse.com\/nl\/toerisme\/bolbec\/\" \/>\n<meta property=\"og:locale\" content=\"nl_NL\" \/>\n<meta property=\"og:type\" content=\"article\" \/>\n<meta property=\"og:title\" content=\"Verblijf op een camping in de buurt van Bolbec | L&#039;Aiguille Creuse\" \/>\n<meta property=\"og:description\" content=\"Voor uw volgende vakantie op de camping in de buurt van Bolbec, kies dan de camping de l&#039;Aiguille Creuse om deze stad en de regio in de omgeving te ontdekken.\" \/>\n<meta property=\"og:url\" content=\"https:\/\/www.campingaiguillecreuse.com\/nl\/toerisme\/bolbec\/\" \/>\n<meta property=\"og:site_name\" content=\"Camping L&#039;Aiguille Creuse\" \/>\n<meta property=\"article:publisher\" content=\"https:\/\/www.facebook.com\/campingaiguillecreuse\/\" \/>\n<meta property=\"article:modified_time\" content=\"2026-03-19T14:17:50+00:00\" \/>\n<meta name=\"twitter:card\" content=\"summary_large_image\" \/>\n<meta name=\"twitter:image\" content=\"https:\/\/www.campingaiguillecreuse.com\/wp-content\/uploads\/2024\/04\/WC_Entree_Val_aux_Gres_de_Bolbec.webp\" \/>\n<meta name=\"twitter:label1\" content=\"Geschatte leestijd\" \/>\n\t<meta name=\"twitter:data1\" content=\"4 minuten\" \/>\n<script type=\"application\/ld+json\" class=\"yoast-schema-graph\">{\"@context\":\"https:\/\/schema.org\",\"@graph\":[{\"@type\":\"Organization\",\"@id\":\"https:\/\/www.campingaiguillecreuse.com\/#organization\",\"name\":\"Camping L'aiguille Creuse\",\"url\":\"https:\/\/www.campingaiguillecreuse.com\/\",\"sameAs\":[\"https:\/\/www.facebook.com\/campingaiguillecreuse\/\",\"https:\/\/www.instagram.com\/camping_aiguille_creuse\/\",\"https:\/\/www.wikidata.org\/wiki\/Q138617169\"],\"logo\":{\"@type\":\"ImageObject\",\"@id\":\"https:\/\/www.campingaiguillecreuse.com\/#logo\",\"inLanguage\":\"nl\",\"url\":\"https:\/\/www.campingaiguillecreuse.com\/wp-content\/uploads\/2025\/10\/logo-aiguille-creuse-2025.webp\",\"contentUrl\":\"https:\/\/www.campingaiguillecreuse.com\/wp-content\/uploads\/2025\/10\/logo-aiguille-creuse-2025.webp\",\"width\":1356,\"height\":804,\"caption\":\"Camping L'aiguille Creuse\"},\"image\":{\"@id\":\"https:\/\/www.campingaiguillecreuse.com\/#logo\"}},{\"@type\":\"WebSite\",\"@id\":\"https:\/\/www.campingaiguillecreuse.com\/#website\",\"url\":\"https:\/\/www.campingaiguillecreuse.com\/\",\"name\":\"Camping L&#039;Aiguille Creuse\",\"description\":\"CAMPING **** L&#039; AIGUILLE CREUSE PRES D&#039;ETRETAT EN NORMANDIE Camping en Normandie, avec piscine couverte et chauff\\u00e9e ouverte toute la saison\",\"publisher\":{\"@id\":\"https:\/\/www.campingaiguillecreuse.com\/#organization\"},\"potentialAction\":[{\"@type\":\"SearchAction\",\"target\":{\"@type\":\"EntryPoint\",\"urlTemplate\":\"https:\/\/www.campingaiguillecreuse.com\/?s={search_term_string}\"},\"query-input\":\"required name=search_term_string\"}],\"inLanguage\":\"nl\"},{\"@type\":\"ImageObject\",\"@id\":\"https:\/\/www.campingaiguillecreuse.com\/nl\/toerisme\/bolbec\/#primaryimage\",\"inLanguage\":\"nl\",\"url\":\"https:\/\/www.campingaiguillecreuse.com\/wp-content\/uploads\/2024\/04\/WC_Entree_Val_aux_Gres_de_Bolbec.webp\",\"contentUrl\":\"https:\/\/www.campingaiguillecreuse.com\/wp-content\/uploads\/2024\/04\/WC_Entree_Val_aux_Gres_de_Bolbec.webp\",\"width\":700,\"height\":525,\"caption\":\"Entr\\u00e9e du Val au Gr\\u00e8s \\u00e0 Bolbec pr\\u00e8s du camping de l'Aiguille Creuse\"},{\"@type\":\"WebPage\",\"@id\":\"https:\/\/www.campingaiguillecreuse.com\/nl\/toerisme\/bolbec\/#webpage\",\"url\":\"https:\/\/www.campingaiguillecreuse.com\/nl\/toerisme\/bolbec\/\",\"name\":\"Verblijf op een camping in de buurt van Bolbec | L'Aiguille Creuse\",\"isPartOf\":{\"@id\":\"https:\/\/www.campingaiguillecreuse.com\/#website\"},\"primaryImageOfPage\":{\"@id\":\"https:\/\/www.campingaiguillecreuse.com\/nl\/toerisme\/bolbec\/#primaryimage\"},\"datePublished\":\"2024-04-30T08:00:46+00:00\",\"dateModified\":\"2026-03-19T14:17:50+00:00\",\"description\":\"Voor uw volgende vakantie op de camping in de buurt van Bolbec, kies dan de camping de l'Aiguille Creuse om deze stad en de regio in de omgeving te ontdekken.\",\"breadcrumb\":{\"@id\":\"https:\/\/www.campingaiguillecreuse.com\/nl\/toerisme\/bolbec\/#breadcrumb\"},\"inLanguage\":\"nl\",\"potentialAction\":[{\"@type\":\"ReadAction\",\"target\":[\"https:\/\/www.campingaiguillecreuse.com\/nl\/toerisme\/bolbec\/\"]}]},{\"@type\":\"BreadcrumbList\",\"@id\":\"https:\/\/www.campingaiguillecreuse.com\/nl\/toerisme\/bolbec\/#breadcrumb\",\"itemListElement\":[{\"@type\":\"ListItem\",\"position\":1,\"name\":\"Accueil\",\"item\":\"https:\/\/www.campingaiguillecreuse.com\/nl\/\"},{\"@type\":\"ListItem\",\"position\":2,\"name\":\"Toerisme\",\"item\":\"https:\/\/www.campingaiguillecreuse.com\/nl\/toerisme\/\"},{\"@type\":\"ListItem\",\"position\":3,\"name\":\"Bolbec\"}]}]}<\/script>\n<!-- \/ Yoast SEO plugin. -->","yoast_head_json":{"title":"Verblijf op een camping in de buurt van Bolbec | L'Aiguille Creuse","description":"Voor uw volgende vakantie op de camping in de buurt van Bolbec, kies dan de camping de l'Aiguille Creuse om deze stad en de regio in de omgeving te ontdekken.","robots":{"index":"index","follow":"follow","max-snippet":"max-snippet:-1","max-image-preview":"max-image-preview:large","max-video-preview":"max-video-preview:-1"},"canonical":"https:\/\/www.campingaiguillecreuse.com\/nl\/toerisme\/bolbec\/","og_locale":"nl_NL","og_type":"article","og_title":"Verblijf op een camping in de buurt van Bolbec | L'Aiguille Creuse","og_description":"Voor uw volgende vakantie op de camping in de buurt van Bolbec, kies dan de camping de l'Aiguille Creuse om deze stad en de regio in de omgeving te ontdekken.","og_url":"https:\/\/www.campingaiguillecreuse.com\/nl\/toerisme\/bolbec\/","og_site_name":"Camping L&#039;Aiguille Creuse","article_publisher":"https:\/\/www.facebook.com\/campingaiguillecreuse\/","article_modified_time":"2026-03-19T14:17:50+00:00","twitter_card":"summary_large_image","twitter_image":"https:\/\/www.campingaiguillecreuse.com\/wp-content\/uploads\/2024\/04\/WC_Entree_Val_aux_Gres_de_Bolbec.webp","twitter_misc":{"Geschatte leestijd":"4 minuten"},"schema":{"@context":"https:\/\/schema.org","@graph":[{"@type":"Organization","@id":"https:\/\/www.campingaiguillecreuse.com\/#organization","name":"Camping L'aiguille Creuse","url":"https:\/\/www.campingaiguillecreuse.com\/","sameAs":["https:\/\/www.facebook.com\/campingaiguillecreuse\/","https:\/\/www.instagram.com\/camping_aiguille_creuse\/","https:\/\/www.wikidata.org\/wiki\/Q138617169"],"logo":{"@type":"ImageObject","@id":"https:\/\/www.campingaiguillecreuse.com\/#logo","inLanguage":"nl","url":"https:\/\/www.campingaiguillecreuse.com\/wp-content\/uploads\/2025\/10\/logo-aiguille-creuse-2025.webp","contentUrl":"https:\/\/www.campingaiguillecreuse.com\/wp-content\/uploads\/2025\/10\/logo-aiguille-creuse-2025.webp","width":1356,"height":804,"caption":"Camping L'aiguille Creuse"},"image":{"@id":"https:\/\/www.campingaiguillecreuse.com\/#logo"}},{"@type":"WebSite","@id":"https:\/\/www.campingaiguillecreuse.com\/#website","url":"https:\/\/www.campingaiguillecreuse.com\/","name":"Camping L&#039;Aiguille Creuse","description":"CAMPING **** L&#039; AIGUILLE CREUSE PRES D&#039;ETRETAT EN NORMANDIE Camping en Normandie, avec piscine couverte et chauff\u00e9e ouverte toute la saison","publisher":{"@id":"https:\/\/www.campingaiguillecreuse.com\/#organization"},"potentialAction":[{"@type":"SearchAction","target":{"@type":"EntryPoint","urlTemplate":"https:\/\/www.campingaiguillecreuse.com\/?s={search_term_string}"},"query-input":"required name=search_term_string"}],"inLanguage":"nl"},{"@type":"ImageObject","@id":"https:\/\/www.campingaiguillecreuse.com\/nl\/toerisme\/bolbec\/#primaryimage","inLanguage":"nl","url":"https:\/\/www.campingaiguillecreuse.com\/wp-content\/uploads\/2024\/04\/WC_Entree_Val_aux_Gres_de_Bolbec.webp","contentUrl":"https:\/\/www.campingaiguillecreuse.com\/wp-content\/uploads\/2024\/04\/WC_Entree_Val_aux_Gres_de_Bolbec.webp","width":700,"height":525,"caption":"Entr\u00e9e du Val au Gr\u00e8s \u00e0 Bolbec pr\u00e8s du camping de l'Aiguille Creuse"},{"@type":"WebPage","@id":"https:\/\/www.campingaiguillecreuse.com\/nl\/toerisme\/bolbec\/#webpage","url":"https:\/\/www.campingaiguillecreuse.com\/nl\/toerisme\/bolbec\/","name":"Verblijf op een camping in de buurt van Bolbec | L'Aiguille Creuse","isPartOf":{"@id":"https:\/\/www.campingaiguillecreuse.com\/#website"},"primaryImageOfPage":{"@id":"https:\/\/www.campingaiguillecreuse.com\/nl\/toerisme\/bolbec\/#primaryimage"},"datePublished":"2024-04-30T08:00:46+00:00","dateModified":"2026-03-19T14:17:50+00:00","description":"Voor uw volgende vakantie op de camping in de buurt van Bolbec, kies dan de camping de l'Aiguille Creuse om deze stad en de regio in de omgeving te ontdekken.","breadcrumb":{"@id":"https:\/\/www.campingaiguillecreuse.com\/nl\/toerisme\/bolbec\/#breadcrumb"},"inLanguage":"nl","potentialAction":[{"@type":"ReadAction","target":["https:\/\/www.campingaiguillecreuse.com\/nl\/toerisme\/bolbec\/"]}]},{"@type":"BreadcrumbList","@id":"https:\/\/www.campingaiguillecreuse.com\/nl\/toerisme\/bolbec\/#breadcrumb","itemListElement":[{"@type":"ListItem","position":1,"name":"Accueil","item":"https:\/\/www.campingaiguillecreuse.com\/nl\/"},{"@type":"ListItem","position":2,"name":"Toerisme","item":"https:\/\/www.campingaiguillecreuse.com\/nl\/toerisme\/"},{"@type":"ListItem","position":3,"name":"Bolbec"}]}]}},"_links":{"self":[{"href":"https:\/\/www.campingaiguillecreuse.com\/nl\/wp-json\/wp\/v2\/pages\/6090"}],"collection":[{"href":"https:\/\/www.campingaiguillecreuse.com\/nl\/wp-json\/wp\/v2\/pages"}],"about":[{"href":"https:\/\/www.campingaiguillecreuse.com\/nl\/wp-json\/wp\/v2\/types\/page"}],"author":[{"embeddable":true,"href":"https:\/\/www.campingaiguillecreuse.com\/nl\/wp-json\/wp\/v2\/users\/1"}],"replies":[{"embeddable":true,"href":"https:\/\/www.campingaiguillecreuse.com\/nl\/wp-json\/wp\/v2\/comments?post=6090"}],"version-history":[{"count":2,"href":"https:\/\/www.campingaiguillecreuse.com\/nl\/wp-json\/wp\/v2\/pages\/6090\/revisions"}],"predecessor-version":[{"id":6092,"href":"https:\/\/www.campingaiguillecreuse.com\/nl\/wp-json\/wp\/v2\/pages\/6090\/revisions\/6092"}],"up":[{"embeddable":true,"href":"https:\/\/www.campingaiguillecreuse.com\/nl\/wp-json\/wp\/v2\/pages\/2234"}],"wp:featuredmedia":[{"embeddable":true,"href":"https:\/\/www.campingaiguillecreuse.com\/nl\/wp-json\/wp\/v2\/media\/4270"}],"wp:attachment":[{"href":"https:\/\/www.campingaiguillecreuse.com\/nl\/wp-json\/wp\/v2\/media?parent=6090"}],"curies":[{"name":"wp","href":"https:\/\/api.w.org\/{rel}","templated":true}]}}