{"id":5708,"date":"2025-11-06T09:53:19","date_gmt":"2025-11-06T08:53:19","guid":{"rendered":"https:\/\/www.campingaiguillecreuse.com\/cadeaubonnen\/"},"modified":"2025-11-06T10:14:52","modified_gmt":"2025-11-06T09:14:52","slug":"cadeaubonnen","status":"publish","type":"page","link":"https:\/\/www.campingaiguillecreuse.com\/nl\/cadeaubonnen\/","title":{"rendered":"Cadeaubonnen"},"content":{"rendered":"\n<div class=\"wp-block-group section_accroche\"><div class=\"wp-block-group__inner-container\">\n<h1>Cadeaubonnen<\/h1>\n\n\n\n<p><strong>\ud83c\udf81 Geef een uitje aan de Albasten Kust cadeau met onze cadeaubonnen!<\/strong><\/p>\n\n\n\n<p>Verras uw dierbaren met een origineel cadeau dat hen even helemaal laat ontsnappen: cadeaubonnen van Camping Sun\u00ealia L&#8217;Aiguille Creuse, een 4-sterrencamping in de buurt van \u00c9tretat.<\/p>\n\n\n\n<p>Onze cadeaubonnen, verkrijgbaar van \u20ac 100 tot \u20ac 500 (per schijf van \u20ac 50), zijn gedurende de hele openingsperiode van de camping, gedurende 1 jaar, geldig.<br>Ze kunnen worden gebruikt om een verblijf in een accommodatie of op een staanplaats te reserveren, afhankelijk van ieders wensen.<\/p>\n\n\n\n<div style=\"height:25px\" aria-hidden=\"true\" class=\"wp-block-spacer hide-mob\"><\/div>\n\n\n\n<p><strong>\ud83c\udf3f Het ideale cadeau om te geven:<\/strong><\/p>\n\n\n\n<p>1. Een moment van ontspanning midden in de Normandische natuur<\/p>\n\n\n\n<p>2. Het comfort en de diensten van een Sun\u00ealia 4\u2605-camping<\/p>\n\n\n\n<p>3. Ontdek de kliffen van \u00c9tretat en de kustlijn van de C\u00f4te d&#8217;Alb\u00e2tre<\/p>\n\n\n\n<div style=\"height:25px\" aria-hidden=\"true\" class=\"wp-block-spacer hide-mob\"><\/div>\n\n\n\n<p class=\"h2\"><strong>\u2728 Hoe werkt het?<\/strong><\/p>\n\n\n\n<p>1. Kies het bedrag van de cadeaubon.<\/p>\n\n\n\n<p>2. Ontvang het per e-mail of per post, klaar om cadeau te geven.<\/p>\n\n\n\n<p>3. De begunstigde reserveert zijn verblijf rechtstreeks op onze website of per telefoon, met behulp van zijn cadeaubon.<\/p>\n\n\n\n<div style=\"height:25px\" aria-hidden=\"true\" class=\"wp-block-spacer hide-mob\"><\/div>\n\n\n\n<p>\ud83d\udc49 Geef een onvergetelijk verblijf tussen zee en platteland cadeau op Camping Sun\u00ealia L\u2019Aiguille Creuse \u2014 het perfecte cadeau om zeker een plezier te doen! <\/p>\n\n\n\n<p><a href=\"https:\/\/reservation.secureholiday.net\/nl\/2840\/gift-voucher\" target=\"_blank\" rel=\"noreferrer noopener\">Toegang tot de cadeaubon<\/a><\/p>\n<\/div><\/div>\n","protected":false},"excerpt":{"rendered":"<p>Cadeaubonnen \ud83c\udf81 Geef een uitje aan de Albasten Kust cadeau met onze cadeaubonnen! Verras uw dierbaren met een origineel cadeau dat hen even helemaal laat ontsnappen: cadeaubonnen van Camping Sun\u00ealia L&#8217;Aiguille Creuse, een 4-sterrencamping in de buurt van \u00c9tretat. Onze cadeaubonnen, verkrijgbaar van \u20ac 100 tot \u20ac 500 (per schijf van \u20ac 50), zijn gedurende [&hellip;]<\/p>\n","protected":false},"author":1,"featured_media":0,"parent":0,"menu_order":0,"comment_status":"closed","ping_status":"closed","template":"","meta":[],"yoast_head":"<!-- This site is optimized with the Yoast SEO plugin v16.7 - https:\/\/yoast.com\/wordpress\/plugins\/seo\/ -->\n<title>Cadeaubonnen - Camping L&#039;Aiguille Creuse<\/title>\n<meta name=\"robots\" content=\"index, follow, max-snippet:-1, max-image-preview:large, max-video-preview:-1\" \/>\n<link rel=\"canonical\" href=\"https:\/\/www.campingaiguillecreuse.com\/nl\/cadeaubonnen\/\" \/>\n<meta property=\"og:locale\" content=\"nl_NL\" \/>\n<meta property=\"og:type\" content=\"article\" \/>\n<meta property=\"og:title\" content=\"Cadeaubonnen - Camping L&#039;Aiguille Creuse\" \/>\n<meta property=\"og:description\" content=\"Cadeaubonnen \ud83c\udf81 Geef een uitje aan de Albasten Kust cadeau met onze cadeaubonnen! Verras uw dierbaren met een origineel cadeau dat hen even helemaal laat ontsnappen: cadeaubonnen van Camping Sun\u00ealia L&#8217;Aiguille Creuse, een 4-sterrencamping in de buurt van \u00c9tretat. Onze cadeaubonnen, verkrijgbaar van \u20ac 100 tot \u20ac 500 (per schijf van \u20ac 50), zijn gedurende [&hellip;]\" \/>\n<meta property=\"og:url\" content=\"https:\/\/www.campingaiguillecreuse.com\/nl\/cadeaubonnen\/\" \/>\n<meta property=\"og:site_name\" content=\"Camping L&#039;Aiguille Creuse\" \/>\n<meta property=\"article:publisher\" content=\"https:\/\/www.facebook.com\/campingaiguillecreuse\/\" \/>\n<meta property=\"article:modified_time\" content=\"2025-11-06T09:14:52+00:00\" \/>\n<meta name=\"twitter:card\" content=\"summary_large_image\" \/>\n<meta name=\"twitter:label1\" content=\"Geschatte leestijd\" \/>\n\t<meta name=\"twitter:data1\" content=\"1 minuut\" \/>\n<script type=\"application\/ld+json\" class=\"yoast-schema-graph\">{\"@context\":\"https:\/\/schema.org\",\"@graph\":[{\"@type\":\"Organization\",\"@id\":\"https:\/\/www.campingaiguillecreuse.com\/#organization\",\"name\":\"Camping L'aiguille Creuse\",\"url\":\"https:\/\/www.campingaiguillecreuse.com\/\",\"sameAs\":[\"https:\/\/www.facebook.com\/campingaiguillecreuse\/\",\"https:\/\/www.instagram.com\/camping_aiguille_creuse\/\",\"https:\/\/www.wikidata.org\/wiki\/Q138617169\"],\"logo\":{\"@type\":\"ImageObject\",\"@id\":\"https:\/\/www.campingaiguillecreuse.com\/#logo\",\"inLanguage\":\"nl\",\"url\":\"https:\/\/www.campingaiguillecreuse.com\/wp-content\/uploads\/2025\/10\/logo-aiguille-creuse-2025.webp\",\"contentUrl\":\"https:\/\/www.campingaiguillecreuse.com\/wp-content\/uploads\/2025\/10\/logo-aiguille-creuse-2025.webp\",\"width\":1356,\"height\":804,\"caption\":\"Camping L'aiguille Creuse\"},\"image\":{\"@id\":\"https:\/\/www.campingaiguillecreuse.com\/#logo\"}},{\"@type\":\"WebSite\",\"@id\":\"https:\/\/www.campingaiguillecreuse.com\/#website\",\"url\":\"https:\/\/www.campingaiguillecreuse.com\/\",\"name\":\"Camping L&#039;Aiguille Creuse\",\"description\":\"CAMPING **** L&#039; AIGUILLE CREUSE PRES D&#039;ETRETAT EN NORMANDIE Camping en Normandie, avec piscine couverte et chauff\\u00e9e ouverte toute la saison\",\"publisher\":{\"@id\":\"https:\/\/www.campingaiguillecreuse.com\/#organization\"},\"potentialAction\":[{\"@type\":\"SearchAction\",\"target\":{\"@type\":\"EntryPoint\",\"urlTemplate\":\"https:\/\/www.campingaiguillecreuse.com\/?s={search_term_string}\"},\"query-input\":\"required name=search_term_string\"}],\"inLanguage\":\"nl\"},{\"@type\":\"WebPage\",\"@id\":\"https:\/\/www.campingaiguillecreuse.com\/nl\/cadeaubonnen\/#webpage\",\"url\":\"https:\/\/www.campingaiguillecreuse.com\/nl\/cadeaubonnen\/\",\"name\":\"Cadeaubonnen - Camping L&#039;Aiguille Creuse\",\"isPartOf\":{\"@id\":\"https:\/\/www.campingaiguillecreuse.com\/#website\"},\"datePublished\":\"2025-11-06T08:53:19+00:00\",\"dateModified\":\"2025-11-06T09:14:52+00:00\",\"breadcrumb\":{\"@id\":\"https:\/\/www.campingaiguillecreuse.com\/nl\/cadeaubonnen\/#breadcrumb\"},\"inLanguage\":\"nl\",\"potentialAction\":[{\"@type\":\"ReadAction\",\"target\":[\"https:\/\/www.campingaiguillecreuse.com\/nl\/cadeaubonnen\/\"]}]},{\"@type\":\"BreadcrumbList\",\"@id\":\"https:\/\/www.campingaiguillecreuse.com\/nl\/cadeaubonnen\/#breadcrumb\",\"itemListElement\":[{\"@type\":\"ListItem\",\"position\":1,\"name\":\"Accueil\",\"item\":\"https:\/\/www.campingaiguillecreuse.com\/nl\/\"},{\"@type\":\"ListItem\",\"position\":2,\"name\":\"Cadeaubonnen\"}]}]}<\/script>\n<!-- \/ Yoast SEO plugin. -->","yoast_head_json":{"title":"Cadeaubonnen - Camping L&#039;Aiguille Creuse","robots":{"index":"index","follow":"follow","max-snippet":"max-snippet:-1","max-image-preview":"max-image-preview:large","max-video-preview":"max-video-preview:-1"},"canonical":"https:\/\/www.campingaiguillecreuse.com\/nl\/cadeaubonnen\/","og_locale":"nl_NL","og_type":"article","og_title":"Cadeaubonnen - Camping L&#039;Aiguille Creuse","og_description":"Cadeaubonnen \ud83c\udf81 Geef een uitje aan de Albasten Kust cadeau met onze cadeaubonnen! Verras uw dierbaren met een origineel cadeau dat hen even helemaal laat ontsnappen: cadeaubonnen van Camping Sun\u00ealia L&#8217;Aiguille Creuse, een 4-sterrencamping in de buurt van \u00c9tretat. Onze cadeaubonnen, verkrijgbaar van \u20ac 100 tot \u20ac 500 (per schijf van \u20ac 50), zijn gedurende [&hellip;]","og_url":"https:\/\/www.campingaiguillecreuse.com\/nl\/cadeaubonnen\/","og_site_name":"Camping L&#039;Aiguille Creuse","article_publisher":"https:\/\/www.facebook.com\/campingaiguillecreuse\/","article_modified_time":"2025-11-06T09:14:52+00:00","twitter_card":"summary_large_image","twitter_misc":{"Geschatte leestijd":"1 minuut"},"schema":{"@context":"https:\/\/schema.org","@graph":[{"@type":"Organization","@id":"https:\/\/www.campingaiguillecreuse.com\/#organization","name":"Camping L'aiguille Creuse","url":"https:\/\/www.campingaiguillecreuse.com\/","sameAs":["https:\/\/www.facebook.com\/campingaiguillecreuse\/","https:\/\/www.instagram.com\/camping_aiguille_creuse\/","https:\/\/www.wikidata.org\/wiki\/Q138617169"],"logo":{"@type":"ImageObject","@id":"https:\/\/www.campingaiguillecreuse.com\/#logo","inLanguage":"nl","url":"https:\/\/www.campingaiguillecreuse.com\/wp-content\/uploads\/2025\/10\/logo-aiguille-creuse-2025.webp","contentUrl":"https:\/\/www.campingaiguillecreuse.com\/wp-content\/uploads\/2025\/10\/logo-aiguille-creuse-2025.webp","width":1356,"height":804,"caption":"Camping L'aiguille Creuse"},"image":{"@id":"https:\/\/www.campingaiguillecreuse.com\/#logo"}},{"@type":"WebSite","@id":"https:\/\/www.campingaiguillecreuse.com\/#website","url":"https:\/\/www.campingaiguillecreuse.com\/","name":"Camping L&#039;Aiguille Creuse","description":"CAMPING **** L&#039; AIGUILLE CREUSE PRES D&#039;ETRETAT EN NORMANDIE Camping en Normandie, avec piscine couverte et chauff\u00e9e ouverte toute la saison","publisher":{"@id":"https:\/\/www.campingaiguillecreuse.com\/#organization"},"potentialAction":[{"@type":"SearchAction","target":{"@type":"EntryPoint","urlTemplate":"https:\/\/www.campingaiguillecreuse.com\/?s={search_term_string}"},"query-input":"required name=search_term_string"}],"inLanguage":"nl"},{"@type":"WebPage","@id":"https:\/\/www.campingaiguillecreuse.com\/nl\/cadeaubonnen\/#webpage","url":"https:\/\/www.campingaiguillecreuse.com\/nl\/cadeaubonnen\/","name":"Cadeaubonnen - Camping L&#039;Aiguille Creuse","isPartOf":{"@id":"https:\/\/www.campingaiguillecreuse.com\/#website"},"datePublished":"2025-11-06T08:53:19+00:00","dateModified":"2025-11-06T09:14:52+00:00","breadcrumb":{"@id":"https:\/\/www.campingaiguillecreuse.com\/nl\/cadeaubonnen\/#breadcrumb"},"inLanguage":"nl","potentialAction":[{"@type":"ReadAction","target":["https:\/\/www.campingaiguillecreuse.com\/nl\/cadeaubonnen\/"]}]},{"@type":"BreadcrumbList","@id":"https:\/\/www.campingaiguillecreuse.com\/nl\/cadeaubonnen\/#breadcrumb","itemListElement":[{"@type":"ListItem","position":1,"name":"Accueil","item":"https:\/\/www.campingaiguillecreuse.com\/nl\/"},{"@type":"ListItem","position":2,"name":"Cadeaubonnen"}]}]}},"_links":{"self":[{"href":"https:\/\/www.campingaiguillecreuse.com\/nl\/wp-json\/wp\/v2\/pages\/5708"}],"collection":[{"href":"https:\/\/www.campingaiguillecreuse.com\/nl\/wp-json\/wp\/v2\/pages"}],"about":[{"href":"https:\/\/www.campingaiguillecreuse.com\/nl\/wp-json\/wp\/v2\/types\/page"}],"author":[{"embeddable":true,"href":"https:\/\/www.campingaiguillecreuse.com\/nl\/wp-json\/wp\/v2\/users\/1"}],"replies":[{"embeddable":true,"href":"https:\/\/www.campingaiguillecreuse.com\/nl\/wp-json\/wp\/v2\/comments?post=5708"}],"version-history":[{"count":5,"href":"https:\/\/www.campingaiguillecreuse.com\/nl\/wp-json\/wp\/v2\/pages\/5708\/revisions"}],"predecessor-version":[{"id":5729,"href":"https:\/\/www.campingaiguillecreuse.com\/nl\/wp-json\/wp\/v2\/pages\/5708\/revisions\/5729"}],"wp:attachment":[{"href":"https:\/\/www.campingaiguillecreuse.com\/nl\/wp-json\/wp\/v2\/media?parent=5708"}],"curies":[{"name":"wp","href":"https:\/\/api.w.org\/{rel}","templated":true}]}}