{"id":4755,"date":"2024-06-13T16:10:07","date_gmt":"2024-06-13T14:10:07","guid":{"rendered":"https:\/\/www.campingaiguillecreuse.com\/toerisme\/montivilliers\/"},"modified":"2026-03-19T16:01:17","modified_gmt":"2026-03-19T15:01:17","slug":"montivilliers","status":"publish","type":"page","link":"https:\/\/www.campingaiguillecreuse.com\/nl\/toerisme\/montivilliers\/","title":{"rendered":"Montivilliers"},"content":{"rendered":"\n<section class=\"wp-block-group section_accroche\">\n<h1 class=\"has-text-align-center\">Camping in de buurt van Montivilliers, een ideale accommodatie in het Pays de Caux<\/h1>\n\n\n\n<p class=\"has-text-align-center\"><strong>Montivilliers<\/strong>, dat deel uitmaakt van de agglomeratie Le Havre Seine M\u00e9tropole, is met ongeveer 15.500 inwoners de op \u00e9\u00e9n na grootste gemeente van deze agglomeratie. De stad ligt aan de <strong>rechteroever van de Seine<\/strong> en wordt doorkruist door de rivier de L\u00e9zarde. Ze ligt op slechts enkele kilometers van het strand van Saint-Jouin-Bruneval, aan de Albasten Kust. Een verblijf op een <strong>camping in de buurt van Montivilliers<\/strong> is een ideale keuze voor uw vakantie in Seine-Maritime.<\/p>\n<\/section>\n\n\n\n<section class=\"wp-block-group section_services\">\n<div class=\"wp-block-cover has-background-dim-90 has-primaire-background-color has-background-dim\"><img class=\"wp-block-cover__image-background wp-image-495\" alt=\"\" src=\"https:\/\/www.campingaiguillecreuse.com\/wp-content\/uploads\/2021\/07\/photo-635817307913054614-1.webp\" data-object-fit=\"cover\"\/><div class=\"wp-block-cover__inner-container\">\n<div class=\"wp-block-columns\">\n<div class=\"wp-block-column is-vertically-aligned-center\" style=\"flex-basis:40%\">\n<h2>Bezoek Montivilliers<\/h2>\n\n\n\n<p>Vanaf camping Aiguille Creuse is het slechts een klein half uurtje rijden naar het centrum van <strong>Montivilliers<\/strong>, in zuidelijke richting. De plaats beschikt over alle denkbare voorzieningen en diensten, en haar levendigheid komt tot uiting in de vele artistieke en culturele activiteiten die er worden georganiseerd.<\/p>\n\n\n\n<h3>Een zeer dynamische stad<\/h3>\n\n\n\n<p>De theater-, dans- en muziekscholen bieden hun lessen aan voor iedereen, in het <strong>Maison des Arts<\/strong>. Het hele jaar door worden er zeer uiteenlopende voorstellingen aangeboden in de <strong>salle Michel Vallery<\/strong>. En niet te vergeten: de deelname van Montivilliers aan het landelijke culturele programma <strong>Micro-Folie<\/strong>, onder leiding van het Ministerie van Cultuur.<\/p>\n\n\n\n<p>Tot slot is de <strong>Condorcet-bibliotheek<\/strong> meer dan alleen een leesruimte: ze nodigt het publiek uit om deel te nemen aan tal van activiteiten en workshops.<\/p>\n\n\n\n<h3>De vrouwenklooster van Montivilliers<\/h3>\n\n\n\n<p>De naam Montivilliers wordt vaak in verband gebracht met de prestigieuze <strong>vrouwenklooster<\/strong>, waarvan de oorsprong teruggaat tot de 7e eeuw. Het oorspronkelijke vrouwenklooster, dat in de 9e eeuw door de Vikingen werd verwoest, werd in 1025 herbouwd voor mannen. Het werd door Richard II van Normandi\u00eb onder het gezag van de <a href=\"https:\/\/www.campingaiguillecreuse.com\/nl\/toerisme\/fecamp\/\">abdij van F\u00e9camp<\/a> geplaatst, maar Robert de Schitterende gaf het in 1035 zijn autonomie en zijn bestemming als vrouwenklooster terug. De abdij, aangevuld met de abdijkerk die vanaf 1056 werd gebouwd, werd in de 15e eeuw verbouwd en bleef tot 1792 bewoond door benedictijnse nonnen. Het klooster, de slaapzalen, de gotische refter en de woningen van de abdis zijn stuk voor stuk prachtig om te bewonderen.<\/p>\n\n\n\n<p>Tot de <strong>opmerkelijke historische overblijfselen van Montivilliers<\/strong> behoren ook de stadsmuren die halverwege de 14e eeuw werden gebouwd, en de <strong>a\u00eetre de Brisgaret<\/strong>, een middeleeuwse begraafplaats met een enkele galerij uit de 15e eeuw.<\/p>\n<\/div>\n\n\n\n<div class=\"wp-block-column is-vertically-aligned-top col_img-2\" style=\"flex-basis:60%\">\n<figure class=\"wp-block-gallery columns-1 is-cropped\"><ul class=\"blocks-gallery-grid\"><li class=\"blocks-gallery-item\"><figure><img loading=\"lazy\" width=\"900\" height=\"600\" src=\"https:\/\/www.campingaiguillecreuse.com\/wp-content\/uploads\/2024\/06\/ADO_Montivilliers_edited.webp\" alt=\"Montivilliers pr\u00e8s du camping de l'Aiguille Creuse\" data-id=\"4408\" data-full-url=\"https:\/\/www.campingaiguillecreuse.com\/wp-content\/uploads\/2024\/06\/ADO_Montivilliers_edited.webp\" data-link=\"https:\/\/www.campingaiguillecreuse.com\/?attachment_id=4408\" class=\"wp-image-4408\" srcset=\"https:\/\/www.campingaiguillecreuse.com\/wp-content\/uploads\/2024\/06\/ADO_Montivilliers_edited.webp 900w, https:\/\/www.campingaiguillecreuse.com\/wp-content\/uploads\/2024\/06\/ADO_Montivilliers_edited-300x200.webp 300w, https:\/\/www.campingaiguillecreuse.com\/wp-content\/uploads\/2024\/06\/ADO_Montivilliers_edited-768x512.webp 768w\" sizes=\"(max-width: 900px) 100vw, 900px\" \/><\/figure><\/li><\/ul><\/figure>\n\n\n\n<div class=\"wp-block-buttons is-content-justification-right btn_galerie\">\n<div class=\"wp-block-button\"><a class=\"wp-block-button__link has-blanc-color has-text-color\" href=\"https:\/\/www.campingaiguillecreuse.com\/nl\/fotogalerij\/\"><i class=\"fas fa-images\"><\/i> Bekijk de galerij<\/a><\/div>\n<\/div>\n<\/div>\n<\/div>\n<\/div><\/div>\n\n\n\n<div style=\"height:100px\" aria-hidden=\"true\" class=\"wp-block-spacer\"><\/div>\n\n\n\n<div class=\"wp-block-columns\">\n<div class=\"wp-block-column\" style=\"flex-basis:100px\"><\/div>\n\n\n\n<div class=\"wp-block-column col_img\" style=\"flex-basis:40%\">\n<figure class=\"wp-block-image size-full is-style-default\"><img loading=\"lazy\" width=\"640\" height=\"426\" src=\"https:\/\/www.campingaiguillecreuse.com\/wp-content\/uploads\/2023\/07\/Villa-bij-Le-Havre.webp\" alt=\"Villa bij camping l'Aiguille Creuse in de buurt van Le Havre\" class=\"wp-image-3806\" srcset=\"https:\/\/www.campingaiguillecreuse.com\/wp-content\/uploads\/2023\/07\/Villa-bij-Le-Havre.webp 640w, https:\/\/www.campingaiguillecreuse.com\/wp-content\/uploads\/2023\/07\/Villa-bij-Le-Havre-300x200.webp 300w\" sizes=\"(max-width: 640px) 100vw, 640px\" \/><\/figure>\n<\/div>\n\n\n\n<div class=\"wp-block-column\" style=\"flex-basis:60%\">\n<div style=\"height:10px\" aria-hidden=\"true\" class=\"wp-block-spacer\"><\/div>\n\n\n\n<h2 class=\"titre_1\">Wat is er te doen in de omgeving van Montivilliers in het Pays de Caux?<\/h2>\n\n\n\n<h3>Een uitzonderlijk erfgoed<\/h3>\n\n\n\n<p>Er zijn nog meer religieuze monumenten met een rijke geschiedenis die een bezoek waard zijn, zoals de <strong>Sint-Michielskerk<\/strong> en de <strong>Sint-Annakapel<\/strong> <a href=\"https:\/\/www.campingaiguillecreuse.com\/nl\/toerisme\/bolbec\/\">in Bolbec<\/a>, of de zeer oude kerk van B\u00e9nouville, waarvan het koor uit het einde van de 12e eeuw dateert. Aarzel ook niet om <a href=\"https:\/\/www.campingaiguillecreuse.com\/nl\/toerisme\/le-havre\/\">naar Le Havre te gaan<\/a> en de beroemde <strong>Saint-Joseph-kerk<\/strong> met haar hedendaagse architectuur te bezoeken. U zult ook genieten van het ongerepte landschap, met zijn traditionele woningen, &#8216;clos masures&#8217; genaamd, bestaande uit een herenhuis, landbouwgebouwen en een binnenplaats beplant met fruitbomen, met name voor de productie van cider. Ook de duiventillen zijn een kenmerkend onderdeel van het landschap van de Cauchois.<\/p>\n\n\n\n<h3>Saint-Jouin-Bruneval en de Albasten Kust<\/h3>\n\n\n\n<p>De <strong>Alabasterkust<\/strong>, die al sinds mensenheugenis een bron van inspiratie is voor kunstenaars, is op verschillende plekken te bewonderen, bijvoorbeeld in <strong>Saint-Jouin-Bruneval<\/strong> en de beroemde <strong>oliehaven van Antifer<\/strong>. Breng een onvergetelijke dag door met het gezin op het prachtige zandstrand dat zich ten zuiden van de agglomeratie uitstrekt. Maak kennis met watersportactiviteiten onder begeleiding van de instructeurs van het <a href=\"https:\/\/www.normandie-tourisme.fr\/activite\/centre-nautique-paul-vatine\/\" rel=\"noreferrer noopener\">Centre Nautique Paul Vatine<\/a>. Er worden priv\u00e9lessen in catamaranzeilen, windsurfen of funboarden aangeboden, terwijl de meer ervaren watersporters gebruik kunnen maken van de verhuur van deze uitrusting of van kajaks. Als u uw reis verder naar het noorden voortzet langs de kust, zijn de <strong>kliffen van \u00c9tretat<\/strong> en de beroemde <strong>Aiguille Creuse<\/strong> natuurlijk geologische bezienswaardigheden van de regio die u niet mag missen.<\/p>\n<\/div>\n\n\n\n<div class=\"wp-block-column\" style=\"flex-basis:100px\"><\/div>\n<\/div>\n\n\n\n<div style=\"height:100px\" aria-hidden=\"true\" class=\"wp-block-spacer\"><\/div>\n\n\n\n<div class=\"wp-block-columns has-primaire-background-color has-background\">\n<div class=\"wp-block-column\" style=\"flex-basis:100px\"><\/div>\n\n\n\n<div class=\"wp-block-column\" style=\"flex-basis:60%\">\n<h2 class=\"titre_1 has-blanc-color has-text-color\">Waar kun je kamperen in de buurt van Montivilliers?<\/h2>\n\n\n\n<p class=\"has-blanc-color has-text-color\">De <strong>ideale ligging van camping L&#8217;Aiguille Creuse, vlak bij Montivilliers<\/strong>, maakt het gemakkelijk om alle schatten van de omgeving te ontdekken.<\/p>\n\n\n\n<p class=\"has-blanc-color has-text-color\">In een rustige omgeving vindt u de accommodatie die bij u past: <strong>schaduwrijke staanplaatsen<\/strong> voor een tent, camper of caravan, of <strong>volledig ingerichte stacaravans<\/strong> voor maximaal acht personen.<\/p>\n\n\n\n<p class=\"has-blanc-color has-text-color\">U kunt het hele seizoen genieten van ons <a href=\"https:\/\/www.campingaiguillecreuse.com\/nl\/aquapark\/\">verwarmde binnenzwembad<\/a> en van sportieve activiteiten (tennis, tafeltennis, volleybal of jeu de boules). Voor uw kinderen is er ook een speeltuin en een springkussen.<\/p>\n<\/div>\n\n\n\n<div class=\"wp-block-column col_img\" style=\"flex-basis:40%\">\n<figure class=\"wp-block-image size-full\"><img loading=\"lazy\" width=\"533\" height=\"400\" src=\"https:\/\/www.campingaiguillecreuse.com\/wp-content\/uploads\/2024\/04\/0fe67427-ea63-413e-a611-547a60619929.webp\" alt=\"L'equipe 2024 du camping l'Aiguille Creuse \u00e0 Etretat\" class=\"wp-image-4225\" srcset=\"https:\/\/www.campingaiguillecreuse.com\/wp-content\/uploads\/2024\/04\/0fe67427-ea63-413e-a611-547a60619929.webp 533w, https:\/\/www.campingaiguillecreuse.com\/wp-content\/uploads\/2024\/04\/0fe67427-ea63-413e-a611-547a60619929-300x225.webp 300w\" sizes=\"(max-width: 533px) 100vw, 533px\" \/><\/figure>\n<\/div>\n\n\n\n<div class=\"wp-block-column\" style=\"flex-basis:100px\"><\/div>\n<\/div>\n\n\n\n<div style=\"height:100px\" aria-hidden=\"true\" class=\"wp-block-spacer\"><\/div>\n<\/section>\n","protected":false},"excerpt":{"rendered":"<p>Camping in de buurt van Montivilliers, een ideale accommodatie in het Pays de Caux Montivilliers, dat deel uitmaakt van de agglomeratie Le Havre Seine M\u00e9tropole, is met ongeveer 15.500 inwoners de op \u00e9\u00e9n na grootste gemeente van deze agglomeratie. De stad ligt aan de rechteroever van de Seine en wordt doorkruist door de rivier de [&hellip;]<\/p>\n","protected":false},"author":1,"featured_media":0,"parent":2234,"menu_order":0,"comment_status":"closed","ping_status":"closed","template":"","meta":[],"yoast_head":"<!-- This site is optimized with the Yoast SEO plugin v16.7 - https:\/\/yoast.com\/wordpress\/plugins\/seo\/ -->\n<title>Kamperen in de buurt van Montivilliers | Aiguille Creuse<\/title>\n<meta name=\"description\" content=\"Verblijf tijdens uw volgende vakantie in de buurt van Montivilliers op camping L&#039;Aiguille Creuse, een gezinsvriendelijke camping met zwembad.\" \/>\n<meta name=\"robots\" content=\"index, follow, max-snippet:-1, max-image-preview:large, max-video-preview:-1\" \/>\n<link rel=\"canonical\" href=\"https:\/\/www.campingaiguillecreuse.com\/nl\/toerisme\/montivilliers\/\" \/>\n<meta property=\"og:locale\" content=\"nl_NL\" \/>\n<meta property=\"og:type\" content=\"article\" \/>\n<meta property=\"og:title\" content=\"Kamperen in de buurt van Montivilliers | Aiguille Creuse\" \/>\n<meta property=\"og:description\" content=\"Verblijf tijdens uw volgende vakantie in de buurt van Montivilliers op camping L&#039;Aiguille Creuse, een gezinsvriendelijke camping met zwembad.\" \/>\n<meta property=\"og:url\" content=\"https:\/\/www.campingaiguillecreuse.com\/nl\/toerisme\/montivilliers\/\" \/>\n<meta property=\"og:site_name\" content=\"Camping L&#039;Aiguille Creuse\" \/>\n<meta property=\"article:publisher\" content=\"https:\/\/www.facebook.com\/campingaiguillecreuse\/\" \/>\n<meta property=\"article:modified_time\" content=\"2026-03-19T15:01:17+00:00\" \/>\n<meta property=\"og:image\" content=\"https:\/\/www.campingaiguillecreuse.com\/wp-content\/uploads\/2021\/07\/photo-635817307913054614-1.webp\" \/>\n<meta name=\"twitter:card\" content=\"summary_large_image\" \/>\n<meta name=\"twitter:label1\" content=\"Geschatte leestijd\" \/>\n\t<meta name=\"twitter:data1\" content=\"4 minuten\" \/>\n<script type=\"application\/ld+json\" class=\"yoast-schema-graph\">{\"@context\":\"https:\/\/schema.org\",\"@graph\":[{\"@type\":\"Organization\",\"@id\":\"https:\/\/www.campingaiguillecreuse.com\/#organization\",\"name\":\"Camping L'aiguille Creuse\",\"url\":\"https:\/\/www.campingaiguillecreuse.com\/\",\"sameAs\":[\"https:\/\/www.facebook.com\/campingaiguillecreuse\/\",\"https:\/\/www.instagram.com\/camping_aiguille_creuse\/\",\"https:\/\/www.wikidata.org\/wiki\/Q138617169\"],\"logo\":{\"@type\":\"ImageObject\",\"@id\":\"https:\/\/www.campingaiguillecreuse.com\/#logo\",\"inLanguage\":\"nl\",\"url\":\"https:\/\/www.campingaiguillecreuse.com\/wp-content\/uploads\/2025\/10\/logo-aiguille-creuse-2025.webp\",\"contentUrl\":\"https:\/\/www.campingaiguillecreuse.com\/wp-content\/uploads\/2025\/10\/logo-aiguille-creuse-2025.webp\",\"width\":1356,\"height\":804,\"caption\":\"Camping L'aiguille Creuse\"},\"image\":{\"@id\":\"https:\/\/www.campingaiguillecreuse.com\/#logo\"}},{\"@type\":\"WebSite\",\"@id\":\"https:\/\/www.campingaiguillecreuse.com\/#website\",\"url\":\"https:\/\/www.campingaiguillecreuse.com\/\",\"name\":\"Camping L&#039;Aiguille Creuse\",\"description\":\"CAMPING **** L&#039; AIGUILLE CREUSE PRES D&#039;ETRETAT EN NORMANDIE Camping en Normandie, avec piscine couverte et chauff\\u00e9e ouverte toute la saison\",\"publisher\":{\"@id\":\"https:\/\/www.campingaiguillecreuse.com\/#organization\"},\"potentialAction\":[{\"@type\":\"SearchAction\",\"target\":{\"@type\":\"EntryPoint\",\"urlTemplate\":\"https:\/\/www.campingaiguillecreuse.com\/?s={search_term_string}\"},\"query-input\":\"required name=search_term_string\"}],\"inLanguage\":\"nl\"},{\"@type\":\"ImageObject\",\"@id\":\"https:\/\/www.campingaiguillecreuse.com\/nl\/toerisme\/montivilliers\/#primaryimage\",\"inLanguage\":\"nl\",\"url\":\"https:\/\/www.campingaiguillecreuse.com\/wp-content\/uploads\/2021\/07\/photo-635817307913054614-1.webp\",\"contentUrl\":\"https:\/\/www.campingaiguillecreuse.com\/wp-content\/uploads\/2021\/07\/photo-635817307913054614-1.webp\"},{\"@type\":\"WebPage\",\"@id\":\"https:\/\/www.campingaiguillecreuse.com\/nl\/toerisme\/montivilliers\/#webpage\",\"url\":\"https:\/\/www.campingaiguillecreuse.com\/nl\/toerisme\/montivilliers\/\",\"name\":\"Kamperen in de buurt van Montivilliers | Aiguille Creuse\",\"isPartOf\":{\"@id\":\"https:\/\/www.campingaiguillecreuse.com\/#website\"},\"primaryImageOfPage\":{\"@id\":\"https:\/\/www.campingaiguillecreuse.com\/nl\/toerisme\/montivilliers\/#primaryimage\"},\"datePublished\":\"2024-06-13T14:10:07+00:00\",\"dateModified\":\"2026-03-19T15:01:17+00:00\",\"description\":\"Verblijf tijdens uw volgende vakantie in de buurt van Montivilliers op camping L'Aiguille Creuse, een gezinsvriendelijke camping met zwembad.\",\"breadcrumb\":{\"@id\":\"https:\/\/www.campingaiguillecreuse.com\/nl\/toerisme\/montivilliers\/#breadcrumb\"},\"inLanguage\":\"nl\",\"potentialAction\":[{\"@type\":\"ReadAction\",\"target\":[\"https:\/\/www.campingaiguillecreuse.com\/nl\/toerisme\/montivilliers\/\"]}]},{\"@type\":\"BreadcrumbList\",\"@id\":\"https:\/\/www.campingaiguillecreuse.com\/nl\/toerisme\/montivilliers\/#breadcrumb\",\"itemListElement\":[{\"@type\":\"ListItem\",\"position\":1,\"name\":\"Accueil\",\"item\":\"https:\/\/www.campingaiguillecreuse.com\/nl\/\"},{\"@type\":\"ListItem\",\"position\":2,\"name\":\"Toerisme\",\"item\":\"https:\/\/www.campingaiguillecreuse.com\/nl\/toerisme\/\"},{\"@type\":\"ListItem\",\"position\":3,\"name\":\"Montivilliers\"}]}]}<\/script>\n<!-- \/ Yoast SEO plugin. -->","yoast_head_json":{"title":"Kamperen in de buurt van Montivilliers | Aiguille Creuse","description":"Verblijf tijdens uw volgende vakantie in de buurt van Montivilliers op camping L'Aiguille Creuse, een gezinsvriendelijke camping met zwembad.","robots":{"index":"index","follow":"follow","max-snippet":"max-snippet:-1","max-image-preview":"max-image-preview:large","max-video-preview":"max-video-preview:-1"},"canonical":"https:\/\/www.campingaiguillecreuse.com\/nl\/toerisme\/montivilliers\/","og_locale":"nl_NL","og_type":"article","og_title":"Kamperen in de buurt van Montivilliers | Aiguille Creuse","og_description":"Verblijf tijdens uw volgende vakantie in de buurt van Montivilliers op camping L'Aiguille Creuse, een gezinsvriendelijke camping met zwembad.","og_url":"https:\/\/www.campingaiguillecreuse.com\/nl\/toerisme\/montivilliers\/","og_site_name":"Camping L&#039;Aiguille Creuse","article_publisher":"https:\/\/www.facebook.com\/campingaiguillecreuse\/","article_modified_time":"2026-03-19T15:01:17+00:00","og_image":[{"url":"https:\/\/www.campingaiguillecreuse.com\/wp-content\/uploads\/2021\/07\/photo-635817307913054614-1.webp"}],"twitter_card":"summary_large_image","twitter_misc":{"Geschatte leestijd":"4 minuten"},"schema":{"@context":"https:\/\/schema.org","@graph":[{"@type":"Organization","@id":"https:\/\/www.campingaiguillecreuse.com\/#organization","name":"Camping L'aiguille Creuse","url":"https:\/\/www.campingaiguillecreuse.com\/","sameAs":["https:\/\/www.facebook.com\/campingaiguillecreuse\/","https:\/\/www.instagram.com\/camping_aiguille_creuse\/","https:\/\/www.wikidata.org\/wiki\/Q138617169"],"logo":{"@type":"ImageObject","@id":"https:\/\/www.campingaiguillecreuse.com\/#logo","inLanguage":"nl","url":"https:\/\/www.campingaiguillecreuse.com\/wp-content\/uploads\/2025\/10\/logo-aiguille-creuse-2025.webp","contentUrl":"https:\/\/www.campingaiguillecreuse.com\/wp-content\/uploads\/2025\/10\/logo-aiguille-creuse-2025.webp","width":1356,"height":804,"caption":"Camping L'aiguille Creuse"},"image":{"@id":"https:\/\/www.campingaiguillecreuse.com\/#logo"}},{"@type":"WebSite","@id":"https:\/\/www.campingaiguillecreuse.com\/#website","url":"https:\/\/www.campingaiguillecreuse.com\/","name":"Camping L&#039;Aiguille Creuse","description":"CAMPING **** L&#039; AIGUILLE CREUSE PRES D&#039;ETRETAT EN NORMANDIE Camping en Normandie, avec piscine couverte et chauff\u00e9e ouverte toute la saison","publisher":{"@id":"https:\/\/www.campingaiguillecreuse.com\/#organization"},"potentialAction":[{"@type":"SearchAction","target":{"@type":"EntryPoint","urlTemplate":"https:\/\/www.campingaiguillecreuse.com\/?s={search_term_string}"},"query-input":"required name=search_term_string"}],"inLanguage":"nl"},{"@type":"ImageObject","@id":"https:\/\/www.campingaiguillecreuse.com\/nl\/toerisme\/montivilliers\/#primaryimage","inLanguage":"nl","url":"https:\/\/www.campingaiguillecreuse.com\/wp-content\/uploads\/2021\/07\/photo-635817307913054614-1.webp","contentUrl":"https:\/\/www.campingaiguillecreuse.com\/wp-content\/uploads\/2021\/07\/photo-635817307913054614-1.webp"},{"@type":"WebPage","@id":"https:\/\/www.campingaiguillecreuse.com\/nl\/toerisme\/montivilliers\/#webpage","url":"https:\/\/www.campingaiguillecreuse.com\/nl\/toerisme\/montivilliers\/","name":"Kamperen in de buurt van Montivilliers | Aiguille Creuse","isPartOf":{"@id":"https:\/\/www.campingaiguillecreuse.com\/#website"},"primaryImageOfPage":{"@id":"https:\/\/www.campingaiguillecreuse.com\/nl\/toerisme\/montivilliers\/#primaryimage"},"datePublished":"2024-06-13T14:10:07+00:00","dateModified":"2026-03-19T15:01:17+00:00","description":"Verblijf tijdens uw volgende vakantie in de buurt van Montivilliers op camping L'Aiguille Creuse, een gezinsvriendelijke camping met zwembad.","breadcrumb":{"@id":"https:\/\/www.campingaiguillecreuse.com\/nl\/toerisme\/montivilliers\/#breadcrumb"},"inLanguage":"nl","potentialAction":[{"@type":"ReadAction","target":["https:\/\/www.campingaiguillecreuse.com\/nl\/toerisme\/montivilliers\/"]}]},{"@type":"BreadcrumbList","@id":"https:\/\/www.campingaiguillecreuse.com\/nl\/toerisme\/montivilliers\/#breadcrumb","itemListElement":[{"@type":"ListItem","position":1,"name":"Accueil","item":"https:\/\/www.campingaiguillecreuse.com\/nl\/"},{"@type":"ListItem","position":2,"name":"Toerisme","item":"https:\/\/www.campingaiguillecreuse.com\/nl\/toerisme\/"},{"@type":"ListItem","position":3,"name":"Montivilliers"}]}]}},"_links":{"self":[{"href":"https:\/\/www.campingaiguillecreuse.com\/nl\/wp-json\/wp\/v2\/pages\/4755"}],"collection":[{"href":"https:\/\/www.campingaiguillecreuse.com\/nl\/wp-json\/wp\/v2\/pages"}],"about":[{"href":"https:\/\/www.campingaiguillecreuse.com\/nl\/wp-json\/wp\/v2\/types\/page"}],"author":[{"embeddable":true,"href":"https:\/\/www.campingaiguillecreuse.com\/nl\/wp-json\/wp\/v2\/users\/1"}],"replies":[{"embeddable":true,"href":"https:\/\/www.campingaiguillecreuse.com\/nl\/wp-json\/wp\/v2\/comments?post=4755"}],"version-history":[{"count":5,"href":"https:\/\/www.campingaiguillecreuse.com\/nl\/wp-json\/wp\/v2\/pages\/4755\/revisions"}],"predecessor-version":[{"id":6100,"href":"https:\/\/www.campingaiguillecreuse.com\/nl\/wp-json\/wp\/v2\/pages\/4755\/revisions\/6100"}],"up":[{"embeddable":true,"href":"https:\/\/www.campingaiguillecreuse.com\/nl\/wp-json\/wp\/v2\/pages\/2234"}],"wp:attachment":[{"href":"https:\/\/www.campingaiguillecreuse.com\/nl\/wp-json\/wp\/v2\/media?parent=4755"}],"curies":[{"name":"wp","href":"https:\/\/api.w.org\/{rel}","templated":true}]}}