{"id":2278,"date":"2021-12-20T15:01:36","date_gmt":"2021-12-20T14:01:36","guid":{"rendered":"https:\/\/www.campingaiguillecreuse.com\/sunelia\/"},"modified":"2022-02-25T11:42:30","modified_gmt":"2022-02-25T10:42:30","slug":"sunelia","status":"publish","type":"page","link":"https:\/\/www.campingaiguillecreuse.com\/nl\/sunelia\/","title":{"rendered":"Sun\u00ealia"},"content":{"rendered":"\n<section class=\"wp-block-group section_accroche first_bloc sunelia1\">\n<h1>Sun\u00ealia: presentatie<\/h1>\n\n\n\n<p><a href=\"https:\/\/www.sunelia.com\/fr\">Sun\u00ealia<\/a>&nbsp;is een <strong>wilskrachtige<\/strong>&nbsp;keten van onafhankelijke campings met dezelfde waarden in termen van <strong>kwaliteit<\/strong>, servicegerichtheid, <strong>innovatie<\/strong>&nbsp;en&nbsp;<strong>duurzame ontwikkeling.<\/strong> De campings zetten gezamenlijk marketingmiddelen, bedrijfsmiddelen en logistieke middelen in om voortdurend te voldoen aan de verwachtingen van de klanten die op zoek zijn naar een positief vakantiegevoel en positieve ervaringen.<\/p>\n\n\n\n<p>Het hoofdkantoor van Sun\u00ealia is gevestigd in Brugge, vlak bij Bordeaux, en de keten telt momenteel <strong>28 luxe campings en campingdorpen <\/strong>in Frankrijk, Itali\u00eb en Spanje. Ons merk draagt drie belangrijke waarden uit: <strong>kwaliteit<\/strong>, <strong>service <\/strong>en <strong>innovatie<\/strong>.<\/p>\n\n\n\n<div class=\"wp-block-image\"><figure class=\"aligncenter size-full\"><img src=\"https:\/\/www.campingaiguillecreuse.com\/wp-content\/uploads\/2021\/07\/photo-635845543230453274-1.webp\" alt=\"Camping L'aiguille Creuse: foto 635845543230453274 1\" class=\"wp-image-624\"\/><\/figure><\/div>\n<\/section>\n\n\n\n<section class=\"wp-block-group section_services sunelia2\">\n<div class=\"wp-block-cover has-background-dim-90 has-primaire-background-color has-background-dim\"><img class=\"wp-block-cover__image-background wp-image-495\" alt=\"\" src=\"https:\/\/www.campingaiguillecreuse.com\/wp-content\/uploads\/2021\/07\/photo-635817307913054614-1.webp\" data-object-fit=\"cover\"\/><div class=\"wp-block-cover__inner-container\">\n<h2>De pluspunten van Sun\u00ealia<\/h2>\n\n\n\n<div class=\"wp-block-columns\">\n<div class=\"wp-block-column\">\n<h3><i class=\"fas fa-sun\"><\/i> Het Soleil-aanbod van Sun\u00ealia <\/h3>\n\n\n\n<p>Sun\u00ealia is de enige keten van <strong>campings en campingdorpen <\/strong>die gratis en zonder formaliteiten het Soleil-aanbod aanbiedt voor elk verblijf op een <strong>camping in het Middellandse Zeegebied<\/strong>, <strong>een camping aan de Atlantische oceaan<\/strong>, <strong>een camping op het platteland <\/strong>of een <strong>camping in de bergen<\/strong>. <\/p>\n\n\n\n<p><a href=\"https:\/\/www.campingaiguillecreuse.com\/wp-content\/uploads\/2021\/12\/offres_soleil_sunelia.pdf\" target=\"_blank\" rel=\"noreferrer noopener\">Meer informatie<\/a><\/p>\n<\/div>\n\n\n\n<div class=\"wp-block-column\">\n<h3 id=\"block-ec44d680-359d-4d56-884f-ba6397720e21\"><i class=\"fas fa-suitcase\"><\/i> De annuleringsverzekering<\/h3>\n\n\n\n<p>Bij Sun\u00ealia is de annuleringsverzekering gratis vanaf een verblijf van 7 nachten!<\/p>\n\n\n\n<p><a href=\"https:\/\/www.campingaiguillecreuse.com\/wp-content\/uploads\/2021\/12\/offres_soleil_sunelia.pdf\" target=\"_blank\" rel=\"noreferrer noopener\">Meer informatie<\/a><\/p>\n<\/div>\n\n\n\n<div class=\"wp-block-column\">\n<h3><i class=\"fas fa-hand-holding-heart\"><\/i> Sun\u00ealia Care<\/h3>\n\n\n\n<p> In 2020 hebben wij ons hele concept voor jou herzien om je <strong>een mooie vakantie te kunnen aanbieden<\/strong>&nbsp;op onze 28 campings en vakantiedorpen. Over deze ervaring was <strong>89% van jullie tevreden<\/strong> en wij passen onze inzet voor 2022 aan om nog beter te voldoen aan de verwachtingen die jullie afgelopen zomer met ons gedeeld hebben. <\/p>\n\n\n\n<p><a href=\"https:\/\/www.sunelia.com\/fr\/sunelia-care.html\" target=\"_blank\" rel=\"noreferrer noopener\">Meer informatie<\/a> <\/p>\n<\/div>\n<\/div>\n\n\n\n<div class=\"wp-block-columns\">\n<div class=\"wp-block-column\">\n<h3><i class=\"fas fa-gift-card\"><\/i> Sun\u00ealia-klantenkaart<\/h3>\n\n\n\n<p>Door lid te worden van het klantenprogramma van Sun\u00ealia krijg je toegang tot vele voordelen:&nbsp;<\/p>\n\n\n\n<ul><li>Geen reserveringskosten<\/li><li>Kortingen<\/li><li>Voordelen<\/li><li>Een week gratis<\/li><\/ul>\n\n\n\n<p><a href=\"https:\/\/www.sunelia.com\/fr\/carte-privilege.html\" target=\"_blank\" rel=\"noreferrer noopener\">Meer informatie<\/a><\/p>\n<\/div>\n\n\n\n<div class=\"wp-block-column\">\n<h3><i class=\"fas fa-shield-check\"><\/i> De Sun\u00ealia-kwaliteit<\/h3>\n\n\n\n<p>Het hele jaar door hechten wij veel belang aan de kwaliteit van je vakantie.<br>Elk seizoen weer verbeteren wij onze service op al onze campings zodat je bij ons de allerbeste momenten van ontspanning beleeft en vakantieherinneringen maakt.<\/p>\n\n\n\n<p><a href=\"https:\/\/www.sunelia.com\/fr\/labels-de-qualite.html\" target=\"_blank\" rel=\"noreferrer noopener\">Meer informatie<\/a><\/p>\n<\/div>\n\n\n\n<div class=\"wp-block-column\">\n<h3><i class=\"fas fa-child\"><\/i> De Sunny Club<\/h3>\n\n\n\n<p>Bij&nbsp;<strong>Sun\u00ealia Vacances<\/strong>&nbsp;worden jouw beschermelingen door ons verwend! Hoe oud ze ook zijn, jouw kinderen profiteren volop van hun vakantie in onze kinderclubs die per leeftijdsgroep zijn verdeeld.&nbsp;<\/p>\n\n\n\n<p><a href=\"https:\/\/www.sunelia.com\/fr\/l-univers-de-l-enfant.html\" target=\"_blank\" rel=\"noreferrer noopener\">Meer informatie<\/a><\/p>\n<\/div>\n<\/div>\n\n\n\n<div class=\"wp-block-columns\">\n<div class=\"wp-block-column\"><\/div>\n\n\n\n<div class=\"wp-block-column\">\n<h3><i class=\"fas fa-spa\"><\/i>  De 16 spa\u2019s<\/h3>\n\n\n\n<p>Zin in ontspanning na een zwaar jaar?<br>Kom genieten van ontspanning, zintuiglijke ontdekkingen en zet alle zorgen van je af op de campings met spa van&nbsp;<strong>Sun\u00ealia Vacances<\/strong>&nbsp;!<\/p>\n\n\n\n<p><a href=\"https:\/\/www.sunelia.com\/fr\/destinations\/spa?\" target=\"_blank\" rel=\"noreferrer noopener\">Meer informatie<\/a><\/p>\n<\/div>\n\n\n\n<div class=\"wp-block-column\"><\/div>\n<\/div>\n<\/div><\/div>\n<\/section>\n\n\n\n<div class=\"wp-block-group section_locations sunelia3\"><div class=\"wp-block-group__inner-container\">\n<div class=\"wp-block-cover has-blanc-background-color has-background-dim\"><img loading=\"lazy\" width=\"1920\" height=\"1417\" class=\"wp-block-cover__image-background wp-image-1003\" alt=\"\" src=\"https:\/\/www.campingaiguillecreuse.com\/wp-content\/uploads\/2021\/10\/fond-galets.jpg\" data-object-fit=\"cover\" srcset=\"https:\/\/www.campingaiguillecreuse.com\/wp-content\/uploads\/2021\/10\/fond-galets.jpg 1920w, https:\/\/www.campingaiguillecreuse.com\/wp-content\/uploads\/2021\/10\/fond-galets-300x221.jpg 300w, https:\/\/www.campingaiguillecreuse.com\/wp-content\/uploads\/2021\/10\/fond-galets-1024x756.jpg 1024w, https:\/\/www.campingaiguillecreuse.com\/wp-content\/uploads\/2021\/10\/fond-galets-768x567.jpg 768w, https:\/\/www.campingaiguillecreuse.com\/wp-content\/uploads\/2021\/10\/fond-galets-1536x1134.jpg 1536w\" sizes=\"(max-width: 1920px) 100vw, 1920px\" \/><div class=\"wp-block-cover__inner-container\">\n<h2 class=\"has-primaire-color has-text-color\">Een Sun\u00ealia-camping vinden<\/h2>\n\n\n\n<p class=\"has-text-color\" style=\"color:#5b5e61\">Is vakantie voor jou luieren in de zon, op het warme zand? Of heb je liever bijzondere wandeltochten door de bergen, de pure lucht van groene hellingen of rust aan de oever van een kabbelend riviertje of een meer?&nbsp;<strong>Sun\u00ealia Vacances<\/strong>&nbsp;zorgt voor het benodigde comfort en presenteert je onze selectie eersteklas accommodaties!<\/p>\n\n\n\n<div class=\"wp-block-buttons\">\n<div class=\"wp-block-button\"><a class=\"wp-block-button__link has-primaire-background-color has-background\" href=\"https:\/\/www.sunelia.com\/fr\/destinations\/tous?\" target=\"_blank\" rel=\"noreferrer noopener\">Een camping reserveren <i class=\"fas fa-search\"><\/i><\/a><\/div>\n<\/div>\n<\/div><\/div>\n<\/div><\/div>\n","protected":false},"excerpt":{"rendered":"<p>Sun\u00ealia: presentatie Sun\u00ealia&nbsp;is een wilskrachtige&nbsp;keten van onafhankelijke campings met dezelfde waarden in termen van kwaliteit, servicegerichtheid, innovatie&nbsp;en&nbsp;duurzame ontwikkeling. De campings zetten gezamenlijk marketingmiddelen, bedrijfsmiddelen en logistieke middelen in om voortdurend te voldoen aan de verwachtingen van de klanten die op zoek zijn naar een positief vakantiegevoel en positieve ervaringen. Het hoofdkantoor van Sun\u00ealia is gevestigd [&hellip;]<\/p>\n","protected":false},"author":1,"featured_media":0,"parent":0,"menu_order":0,"comment_status":"closed","ping_status":"closed","template":"","meta":[],"yoast_head":"<!-- This site is optimized with the Yoast SEO plugin v16.7 - https:\/\/yoast.com\/wordpress\/plugins\/seo\/ -->\n<title>Sun\u00ealia - Camping L&#039;Aiguille Creuse<\/title>\n<meta name=\"robots\" content=\"index, follow, max-snippet:-1, max-image-preview:large, max-video-preview:-1\" \/>\n<link rel=\"canonical\" href=\"https:\/\/www.campingaiguillecreuse.com\/nl\/sunelia\/\" \/>\n<meta property=\"og:locale\" content=\"nl_NL\" \/>\n<meta property=\"og:type\" content=\"article\" \/>\n<meta property=\"og:title\" content=\"Sun\u00ealia - Camping L&#039;Aiguille Creuse\" \/>\n<meta property=\"og:description\" content=\"Sun\u00ealia: presentatie Sun\u00ealia&nbsp;is een wilskrachtige&nbsp;keten van onafhankelijke campings met dezelfde waarden in termen van kwaliteit, servicegerichtheid, innovatie&nbsp;en&nbsp;duurzame ontwikkeling. De campings zetten gezamenlijk marketingmiddelen, bedrijfsmiddelen en logistieke middelen in om voortdurend te voldoen aan de verwachtingen van de klanten die op zoek zijn naar een positief vakantiegevoel en positieve ervaringen. Het hoofdkantoor van Sun\u00ealia is gevestigd [&hellip;]\" \/>\n<meta property=\"og:url\" content=\"https:\/\/www.campingaiguillecreuse.com\/nl\/sunelia\/\" \/>\n<meta property=\"og:site_name\" content=\"Camping L&#039;Aiguille Creuse\" \/>\n<meta property=\"article:publisher\" content=\"https:\/\/www.facebook.com\/campingaiguillecreuse\/\" \/>\n<meta property=\"article:modified_time\" content=\"2022-02-25T10:42:30+00:00\" \/>\n<meta property=\"og:image\" content=\"https:\/\/www.campingaiguillecreuse.com\/wp-content\/uploads\/2021\/07\/photo-635845543230453274-1.webp\" \/>\n<meta name=\"twitter:card\" content=\"summary_large_image\" \/>\n<meta name=\"twitter:label1\" content=\"Geschatte leestijd\" \/>\n\t<meta name=\"twitter:data1\" content=\"3 minuten\" \/>\n<script type=\"application\/ld+json\" class=\"yoast-schema-graph\">{\"@context\":\"https:\/\/schema.org\",\"@graph\":[{\"@type\":\"Organization\",\"@id\":\"https:\/\/www.campingaiguillecreuse.com\/#organization\",\"name\":\"Camping L'aiguille Creuse\",\"url\":\"https:\/\/www.campingaiguillecreuse.com\/\",\"sameAs\":[\"https:\/\/www.facebook.com\/campingaiguillecreuse\/\",\"https:\/\/www.instagram.com\/camping_aiguille_creuse\/\",\"https:\/\/www.wikidata.org\/wiki\/Q138617169\"],\"logo\":{\"@type\":\"ImageObject\",\"@id\":\"https:\/\/www.campingaiguillecreuse.com\/#logo\",\"inLanguage\":\"nl\",\"url\":\"https:\/\/www.campingaiguillecreuse.com\/wp-content\/uploads\/2025\/10\/logo-aiguille-creuse-2025.webp\",\"contentUrl\":\"https:\/\/www.campingaiguillecreuse.com\/wp-content\/uploads\/2025\/10\/logo-aiguille-creuse-2025.webp\",\"width\":1356,\"height\":804,\"caption\":\"Camping L'aiguille Creuse\"},\"image\":{\"@id\":\"https:\/\/www.campingaiguillecreuse.com\/#logo\"}},{\"@type\":\"WebSite\",\"@id\":\"https:\/\/www.campingaiguillecreuse.com\/#website\",\"url\":\"https:\/\/www.campingaiguillecreuse.com\/\",\"name\":\"Camping L&#039;Aiguille Creuse\",\"description\":\"CAMPING **** L&#039; AIGUILLE CREUSE PRES D&#039;ETRETAT EN NORMANDIE Camping en Normandie, avec piscine couverte et chauff\\u00e9e ouverte toute la saison\",\"publisher\":{\"@id\":\"https:\/\/www.campingaiguillecreuse.com\/#organization\"},\"potentialAction\":[{\"@type\":\"SearchAction\",\"target\":{\"@type\":\"EntryPoint\",\"urlTemplate\":\"https:\/\/www.campingaiguillecreuse.com\/?s={search_term_string}\"},\"query-input\":\"required name=search_term_string\"}],\"inLanguage\":\"nl\"},{\"@type\":\"ImageObject\",\"@id\":\"https:\/\/www.campingaiguillecreuse.com\/nl\/sunelia\/#primaryimage\",\"inLanguage\":\"nl\",\"url\":\"https:\/\/www.campingaiguillecreuse.com\/wp-content\/uploads\/2021\/07\/photo-635845543230453274-1.webp\",\"contentUrl\":\"https:\/\/www.campingaiguillecreuse.com\/wp-content\/uploads\/2021\/07\/photo-635845543230453274-1.webp\"},{\"@type\":\"WebPage\",\"@id\":\"https:\/\/www.campingaiguillecreuse.com\/nl\/sunelia\/#webpage\",\"url\":\"https:\/\/www.campingaiguillecreuse.com\/nl\/sunelia\/\",\"name\":\"Sun\\u00ealia - Camping L&#039;Aiguille Creuse\",\"isPartOf\":{\"@id\":\"https:\/\/www.campingaiguillecreuse.com\/#website\"},\"primaryImageOfPage\":{\"@id\":\"https:\/\/www.campingaiguillecreuse.com\/nl\/sunelia\/#primaryimage\"},\"datePublished\":\"2021-12-20T14:01:36+00:00\",\"dateModified\":\"2022-02-25T10:42:30+00:00\",\"breadcrumb\":{\"@id\":\"https:\/\/www.campingaiguillecreuse.com\/nl\/sunelia\/#breadcrumb\"},\"inLanguage\":\"nl\",\"potentialAction\":[{\"@type\":\"ReadAction\",\"target\":[\"https:\/\/www.campingaiguillecreuse.com\/nl\/sunelia\/\"]}]},{\"@type\":\"BreadcrumbList\",\"@id\":\"https:\/\/www.campingaiguillecreuse.com\/nl\/sunelia\/#breadcrumb\",\"itemListElement\":[{\"@type\":\"ListItem\",\"position\":1,\"name\":\"Accueil\",\"item\":\"https:\/\/www.campingaiguillecreuse.com\/nl\/\"},{\"@type\":\"ListItem\",\"position\":2,\"name\":\"Sun\\u00ealia\"}]}]}<\/script>\n<!-- \/ Yoast SEO plugin. -->","yoast_head_json":{"title":"Sun\u00ealia - Camping L&#039;Aiguille Creuse","robots":{"index":"index","follow":"follow","max-snippet":"max-snippet:-1","max-image-preview":"max-image-preview:large","max-video-preview":"max-video-preview:-1"},"canonical":"https:\/\/www.campingaiguillecreuse.com\/nl\/sunelia\/","og_locale":"nl_NL","og_type":"article","og_title":"Sun\u00ealia - Camping L&#039;Aiguille Creuse","og_description":"Sun\u00ealia: presentatie Sun\u00ealia&nbsp;is een wilskrachtige&nbsp;keten van onafhankelijke campings met dezelfde waarden in termen van kwaliteit, servicegerichtheid, innovatie&nbsp;en&nbsp;duurzame ontwikkeling. De campings zetten gezamenlijk marketingmiddelen, bedrijfsmiddelen en logistieke middelen in om voortdurend te voldoen aan de verwachtingen van de klanten die op zoek zijn naar een positief vakantiegevoel en positieve ervaringen. Het hoofdkantoor van Sun\u00ealia is gevestigd [&hellip;]","og_url":"https:\/\/www.campingaiguillecreuse.com\/nl\/sunelia\/","og_site_name":"Camping L&#039;Aiguille Creuse","article_publisher":"https:\/\/www.facebook.com\/campingaiguillecreuse\/","article_modified_time":"2022-02-25T10:42:30+00:00","og_image":[{"url":"https:\/\/www.campingaiguillecreuse.com\/wp-content\/uploads\/2021\/07\/photo-635845543230453274-1.webp"}],"twitter_card":"summary_large_image","twitter_misc":{"Geschatte leestijd":"3 minuten"},"schema":{"@context":"https:\/\/schema.org","@graph":[{"@type":"Organization","@id":"https:\/\/www.campingaiguillecreuse.com\/#organization","name":"Camping L'aiguille Creuse","url":"https:\/\/www.campingaiguillecreuse.com\/","sameAs":["https:\/\/www.facebook.com\/campingaiguillecreuse\/","https:\/\/www.instagram.com\/camping_aiguille_creuse\/","https:\/\/www.wikidata.org\/wiki\/Q138617169"],"logo":{"@type":"ImageObject","@id":"https:\/\/www.campingaiguillecreuse.com\/#logo","inLanguage":"nl","url":"https:\/\/www.campingaiguillecreuse.com\/wp-content\/uploads\/2025\/10\/logo-aiguille-creuse-2025.webp","contentUrl":"https:\/\/www.campingaiguillecreuse.com\/wp-content\/uploads\/2025\/10\/logo-aiguille-creuse-2025.webp","width":1356,"height":804,"caption":"Camping L'aiguille Creuse"},"image":{"@id":"https:\/\/www.campingaiguillecreuse.com\/#logo"}},{"@type":"WebSite","@id":"https:\/\/www.campingaiguillecreuse.com\/#website","url":"https:\/\/www.campingaiguillecreuse.com\/","name":"Camping L&#039;Aiguille Creuse","description":"CAMPING **** L&#039; AIGUILLE CREUSE PRES D&#039;ETRETAT EN NORMANDIE Camping en Normandie, avec piscine couverte et chauff\u00e9e ouverte toute la saison","publisher":{"@id":"https:\/\/www.campingaiguillecreuse.com\/#organization"},"potentialAction":[{"@type":"SearchAction","target":{"@type":"EntryPoint","urlTemplate":"https:\/\/www.campingaiguillecreuse.com\/?s={search_term_string}"},"query-input":"required name=search_term_string"}],"inLanguage":"nl"},{"@type":"ImageObject","@id":"https:\/\/www.campingaiguillecreuse.com\/nl\/sunelia\/#primaryimage","inLanguage":"nl","url":"https:\/\/www.campingaiguillecreuse.com\/wp-content\/uploads\/2021\/07\/photo-635845543230453274-1.webp","contentUrl":"https:\/\/www.campingaiguillecreuse.com\/wp-content\/uploads\/2021\/07\/photo-635845543230453274-1.webp"},{"@type":"WebPage","@id":"https:\/\/www.campingaiguillecreuse.com\/nl\/sunelia\/#webpage","url":"https:\/\/www.campingaiguillecreuse.com\/nl\/sunelia\/","name":"Sun\u00ealia - Camping L&#039;Aiguille Creuse","isPartOf":{"@id":"https:\/\/www.campingaiguillecreuse.com\/#website"},"primaryImageOfPage":{"@id":"https:\/\/www.campingaiguillecreuse.com\/nl\/sunelia\/#primaryimage"},"datePublished":"2021-12-20T14:01:36+00:00","dateModified":"2022-02-25T10:42:30+00:00","breadcrumb":{"@id":"https:\/\/www.campingaiguillecreuse.com\/nl\/sunelia\/#breadcrumb"},"inLanguage":"nl","potentialAction":[{"@type":"ReadAction","target":["https:\/\/www.campingaiguillecreuse.com\/nl\/sunelia\/"]}]},{"@type":"BreadcrumbList","@id":"https:\/\/www.campingaiguillecreuse.com\/nl\/sunelia\/#breadcrumb","itemListElement":[{"@type":"ListItem","position":1,"name":"Accueil","item":"https:\/\/www.campingaiguillecreuse.com\/nl\/"},{"@type":"ListItem","position":2,"name":"Sun\u00ealia"}]}]}},"_links":{"self":[{"href":"https:\/\/www.campingaiguillecreuse.com\/nl\/wp-json\/wp\/v2\/pages\/2278"}],"collection":[{"href":"https:\/\/www.campingaiguillecreuse.com\/nl\/wp-json\/wp\/v2\/pages"}],"about":[{"href":"https:\/\/www.campingaiguillecreuse.com\/nl\/wp-json\/wp\/v2\/types\/page"}],"author":[{"embeddable":true,"href":"https:\/\/www.campingaiguillecreuse.com\/nl\/wp-json\/wp\/v2\/users\/1"}],"replies":[{"embeddable":true,"href":"https:\/\/www.campingaiguillecreuse.com\/nl\/wp-json\/wp\/v2\/comments?post=2278"}],"version-history":[{"count":4,"href":"https:\/\/www.campingaiguillecreuse.com\/nl\/wp-json\/wp\/v2\/pages\/2278\/revisions"}],"predecessor-version":[{"id":2595,"href":"https:\/\/www.campingaiguillecreuse.com\/nl\/wp-json\/wp\/v2\/pages\/2278\/revisions\/2595"}],"wp:attachment":[{"href":"https:\/\/www.campingaiguillecreuse.com\/nl\/wp-json\/wp\/v2\/media?parent=2278"}],"curies":[{"name":"wp","href":"https:\/\/api.w.org\/{rel}","templated":true}]}}