{"id":2246,"date":"2021-07-13T10:23:18","date_gmt":"2021-07-13T08:23:18","guid":{"rendered":"https:\/\/www.campingaiguillecreuse.com\/toerisme\/de-velomaritime\/"},"modified":"2022-02-16T11:39:42","modified_gmt":"2022-02-16T10:39:42","slug":"de-velomaritime","status":"publish","type":"page","link":"https:\/\/www.campingaiguillecreuse.com\/nl\/toerisme\/de-velomaritime\/","title":{"rendered":"De V\u00e9lomaritime"},"content":{"rendered":"\n<div class=\"wp-block-group section_accroche\"><div class=\"wp-block-group__inner-container\">\n<h1 class=\"has-text-align-center\">De V\u00e9lomaritime<\/h1>\n\n\n\n<p class=\"has-text-align-center\">De V\u00e9lomaritime is de ideale fietsroute om de regio te leren kennen en loopt op 500 m langs onze camping.<br\/>Maar pas op het hoogteverschil, de route is vooral bedoeld voor ervaren fietsers of de gelukkigen die een elektrische hulpmotor op hun fiets hebben.<\/p>\n\n\n\n<figure class=\"wp-block-gallery columns-4 is-cropped\"><ul class=\"blocks-gallery-grid\"><li class=\"blocks-gallery-item\"><figure><img loading=\"lazy\" width=\"1000\" height=\"768\" src=\"https:\/\/www.campingaiguillecreuse.com\/wp-content\/uploads\/2021\/10\/velomaritime-etretat.jpg\" alt=\"Camping L'aiguille Creuse: Velomaritime &#xC9;tretat\" data-id=\"1130\" data-full-url=\"https:\/\/www.campingaiguillecreuse.com\/wp-content\/uploads\/2021\/10\/velomaritime-etretat.jpg\" data-link=\"https:\/\/www.campingaiguillecreuse.com\/camping-seine-maritime\/velomaritime-etretat\/\" class=\"wp-image-1130\" srcset=\"https:\/\/www.campingaiguillecreuse.com\/wp-content\/uploads\/2021\/10\/velomaritime-etretat.jpg 1000w, https:\/\/www.campingaiguillecreuse.com\/wp-content\/uploads\/2021\/10\/velomaritime-etretat-300x230.jpg 300w, https:\/\/www.campingaiguillecreuse.com\/wp-content\/uploads\/2021\/10\/velomaritime-etretat-768x590.jpg 768w\" sizes=\"(max-width: 1000px) 100vw, 1000px\" \/><\/figure><\/li><li class=\"blocks-gallery-item\"><figure><img src=\"https:\/\/www.campingaiguillecreuse.com\/wp-content\/uploads\/2021\/07\/velo_1.webp\" alt=\"Camping L'aiguille Creuse: fietsvoorzieningen\" data-id=\"303\" data-link=\"https:\/\/www.campingaiguillecreuse.com\/location-camping-etretat\/emplacement-camping-etretat\/velo_1\/\" class=\"wp-image-303\"\/><\/figure><\/li><li class=\"blocks-gallery-item\"><figure><img src=\"https:\/\/www.campingaiguillecreuse.com\/wp-content\/uploads\/2021\/07\/photo-637124377194191484-2.webp\" alt=\"Camping L'aiguille Creuse: De r&#xE9;gion - Wandel- of fietstocht\" data-id=\"784\" data-link=\"https:\/\/www.campingaiguillecreuse.com\/photo-637124377194191484-2\/\" class=\"wp-image-784\"\/><\/figure><\/li><li class=\"blocks-gallery-item\"><figure><img loading=\"lazy\" width=\"1024\" height=\"607\" src=\"https:\/\/www.campingaiguillecreuse.com\/wp-content\/uploads\/2021\/08\/boucles-de-la-seine-camping-etretat-1024x607.webp\" alt=\"Camping L'aiguille Creuse: bochten in de Seine Camping Etretat\" data-id=\"907\" data-full-url=\"https:\/\/www.campingaiguillecreuse.com\/wp-content\/uploads\/2021\/08\/boucles-de-la-seine-camping-etretat.webp\" data-link=\"https:\/\/www.campingaiguillecreuse.com\/camping-seine-maritime\/le-havre\/boucles-de-la-seine-camping-etretat\/\" class=\"wp-image-907\" srcset=\"https:\/\/www.campingaiguillecreuse.com\/wp-content\/uploads\/2021\/08\/boucles-de-la-seine-camping-etretat-1024x607.webp 1024w, https:\/\/www.campingaiguillecreuse.com\/wp-content\/uploads\/2021\/08\/boucles-de-la-seine-camping-etretat-300x178.webp 300w, https:\/\/www.campingaiguillecreuse.com\/wp-content\/uploads\/2021\/08\/boucles-de-la-seine-camping-etretat-768x455.webp 768w, https:\/\/www.campingaiguillecreuse.com\/wp-content\/uploads\/2021\/08\/boucles-de-la-seine-camping-etretat.webp 1349w\" sizes=\"(max-width: 1024px) 100vw, 1024px\" \/><\/figure><\/li><\/ul><\/figure><\/div><\/div>\n","protected":false},"excerpt":{"rendered":"<p>De V\u00e9lomaritime De V\u00e9lomaritime is de ideale fietsroute om de regio te leren kennen en loopt op 500 m langs onze camping.Maar pas op het hoogteverschil, de route is vooral bedoeld voor ervaren fietsers of de gelukkigen die een elektrische hulpmotor op hun fiets hebben.<\/p>\n","protected":false},"author":1,"featured_media":0,"parent":2234,"menu_order":5,"comment_status":"closed","ping_status":"closed","template":"","meta":[],"yoast_head":"<!-- This site is optimized with the Yoast SEO plugin v16.7 - https:\/\/yoast.com\/wordpress\/plugins\/seo\/ -->\n<title>De V\u00e9lomaritime - Camping L&#039;Aiguille Creuse **** Normandi\u00eb<\/title>\n<meta name=\"description\" content=\"Zin om de V\u00e9lomaritime te fietsen tijdens je komende verblijf in Normandi\u00eb? Camping L&#039;Aiguille Creuse neemt je mee voor een kennismaking met deze route\" \/>\n<meta name=\"robots\" content=\"index, follow, max-snippet:-1, max-image-preview:large, max-video-preview:-1\" \/>\n<link rel=\"canonical\" href=\"https:\/\/www.campingaiguillecreuse.com\/nl\/toerisme\/de-velomaritime\/\" \/>\n<meta property=\"og:locale\" content=\"nl_NL\" \/>\n<meta property=\"og:type\" content=\"article\" \/>\n<meta property=\"og:title\" content=\"De V\u00e9lomaritime - Camping L&#039;Aiguille Creuse **** Normandi\u00eb\" \/>\n<meta property=\"og:description\" content=\"Zin om de V\u00e9lomaritime te fietsen tijdens je komende verblijf in Normandi\u00eb? Camping L&#039;Aiguille Creuse neemt je mee voor een kennismaking met deze route\" \/>\n<meta property=\"og:url\" content=\"https:\/\/www.campingaiguillecreuse.com\/nl\/toerisme\/de-velomaritime\/\" \/>\n<meta property=\"og:site_name\" content=\"Camping L&#039;Aiguille Creuse\" \/>\n<meta property=\"article:publisher\" content=\"https:\/\/www.facebook.com\/campingaiguillecreuse\/\" \/>\n<meta property=\"article:modified_time\" content=\"2022-02-16T10:39:42+00:00\" \/>\n<meta property=\"og:image\" content=\"https:\/\/www.campingaiguillecreuse.com\/wp-content\/uploads\/2021\/10\/velomaritime-etretat.jpg\" \/>\n<meta name=\"twitter:card\" content=\"summary_large_image\" \/>\n<script type=\"application\/ld+json\" class=\"yoast-schema-graph\">{\"@context\":\"https:\/\/schema.org\",\"@graph\":[{\"@type\":\"Organization\",\"@id\":\"https:\/\/www.campingaiguillecreuse.com\/#organization\",\"name\":\"Camping L'aiguille Creuse\",\"url\":\"https:\/\/www.campingaiguillecreuse.com\/\",\"sameAs\":[\"https:\/\/www.facebook.com\/campingaiguillecreuse\/\",\"https:\/\/www.instagram.com\/camping_aiguille_creuse\/\",\"https:\/\/www.wikidata.org\/wiki\/Q138617169\"],\"logo\":{\"@type\":\"ImageObject\",\"@id\":\"https:\/\/www.campingaiguillecreuse.com\/#logo\",\"inLanguage\":\"nl\",\"url\":\"https:\/\/www.campingaiguillecreuse.com\/wp-content\/uploads\/2025\/10\/logo-aiguille-creuse-2025.webp\",\"contentUrl\":\"https:\/\/www.campingaiguillecreuse.com\/wp-content\/uploads\/2025\/10\/logo-aiguille-creuse-2025.webp\",\"width\":1356,\"height\":804,\"caption\":\"Camping L'aiguille Creuse\"},\"image\":{\"@id\":\"https:\/\/www.campingaiguillecreuse.com\/#logo\"}},{\"@type\":\"WebSite\",\"@id\":\"https:\/\/www.campingaiguillecreuse.com\/#website\",\"url\":\"https:\/\/www.campingaiguillecreuse.com\/\",\"name\":\"Camping L&#039;Aiguille Creuse\",\"description\":\"CAMPING **** L&#039; AIGUILLE CREUSE PRES D&#039;ETRETAT EN NORMANDIE Camping en Normandie, avec piscine couverte et chauff\\u00e9e ouverte toute la saison\",\"publisher\":{\"@id\":\"https:\/\/www.campingaiguillecreuse.com\/#organization\"},\"potentialAction\":[{\"@type\":\"SearchAction\",\"target\":{\"@type\":\"EntryPoint\",\"urlTemplate\":\"https:\/\/www.campingaiguillecreuse.com\/?s={search_term_string}\"},\"query-input\":\"required name=search_term_string\"}],\"inLanguage\":\"nl\"},{\"@type\":\"ImageObject\",\"@id\":\"https:\/\/www.campingaiguillecreuse.com\/nl\/toerisme\/de-velomaritime\/#primaryimage\",\"inLanguage\":\"nl\",\"url\":\"https:\/\/www.campingaiguillecreuse.com\/wp-content\/uploads\/2021\/10\/velomaritime-etretat.jpg\",\"contentUrl\":\"https:\/\/www.campingaiguillecreuse.com\/wp-content\/uploads\/2021\/10\/velomaritime-etretat.jpg\",\"width\":1000,\"height\":768},{\"@type\":\"WebPage\",\"@id\":\"https:\/\/www.campingaiguillecreuse.com\/nl\/toerisme\/de-velomaritime\/#webpage\",\"url\":\"https:\/\/www.campingaiguillecreuse.com\/nl\/toerisme\/de-velomaritime\/\",\"name\":\"De V\\u00e9lomaritime - Camping L'Aiguille Creuse **** Normandi\\u00eb\",\"isPartOf\":{\"@id\":\"https:\/\/www.campingaiguillecreuse.com\/#website\"},\"primaryImageOfPage\":{\"@id\":\"https:\/\/www.campingaiguillecreuse.com\/nl\/toerisme\/de-velomaritime\/#primaryimage\"},\"datePublished\":\"2021-07-13T08:23:18+00:00\",\"dateModified\":\"2022-02-16T10:39:42+00:00\",\"description\":\"Zin om de V\\u00e9lomaritime te fietsen tijdens je komende verblijf in Normandi\\u00eb? Camping L'Aiguille Creuse neemt je mee voor een kennismaking met deze route\",\"breadcrumb\":{\"@id\":\"https:\/\/www.campingaiguillecreuse.com\/nl\/toerisme\/de-velomaritime\/#breadcrumb\"},\"inLanguage\":\"nl\",\"potentialAction\":[{\"@type\":\"ReadAction\",\"target\":[\"https:\/\/www.campingaiguillecreuse.com\/nl\/toerisme\/de-velomaritime\/\"]}]},{\"@type\":\"BreadcrumbList\",\"@id\":\"https:\/\/www.campingaiguillecreuse.com\/nl\/toerisme\/de-velomaritime\/#breadcrumb\",\"itemListElement\":[{\"@type\":\"ListItem\",\"position\":1,\"name\":\"Accueil\",\"item\":\"https:\/\/www.campingaiguillecreuse.com\/nl\/\"},{\"@type\":\"ListItem\",\"position\":2,\"name\":\"Toerisme\",\"item\":\"https:\/\/www.campingaiguillecreuse.com\/nl\/toerisme\/\"},{\"@type\":\"ListItem\",\"position\":3,\"name\":\"De V\\u00e9lomaritime\"}]}]}<\/script>\n<!-- \/ Yoast SEO plugin. -->","yoast_head_json":{"title":"De V\u00e9lomaritime - Camping L'Aiguille Creuse **** Normandi\u00eb","description":"Zin om de V\u00e9lomaritime te fietsen tijdens je komende verblijf in Normandi\u00eb? Camping L'Aiguille Creuse neemt je mee voor een kennismaking met deze route","robots":{"index":"index","follow":"follow","max-snippet":"max-snippet:-1","max-image-preview":"max-image-preview:large","max-video-preview":"max-video-preview:-1"},"canonical":"https:\/\/www.campingaiguillecreuse.com\/nl\/toerisme\/de-velomaritime\/","og_locale":"nl_NL","og_type":"article","og_title":"De V\u00e9lomaritime - Camping L'Aiguille Creuse **** Normandi\u00eb","og_description":"Zin om de V\u00e9lomaritime te fietsen tijdens je komende verblijf in Normandi\u00eb? Camping L'Aiguille Creuse neemt je mee voor een kennismaking met deze route","og_url":"https:\/\/www.campingaiguillecreuse.com\/nl\/toerisme\/de-velomaritime\/","og_site_name":"Camping L&#039;Aiguille Creuse","article_publisher":"https:\/\/www.facebook.com\/campingaiguillecreuse\/","article_modified_time":"2022-02-16T10:39:42+00:00","og_image":[{"url":"https:\/\/www.campingaiguillecreuse.com\/wp-content\/uploads\/2021\/10\/velomaritime-etretat.jpg"}],"twitter_card":"summary_large_image","schema":{"@context":"https:\/\/schema.org","@graph":[{"@type":"Organization","@id":"https:\/\/www.campingaiguillecreuse.com\/#organization","name":"Camping L'aiguille Creuse","url":"https:\/\/www.campingaiguillecreuse.com\/","sameAs":["https:\/\/www.facebook.com\/campingaiguillecreuse\/","https:\/\/www.instagram.com\/camping_aiguille_creuse\/","https:\/\/www.wikidata.org\/wiki\/Q138617169"],"logo":{"@type":"ImageObject","@id":"https:\/\/www.campingaiguillecreuse.com\/#logo","inLanguage":"nl","url":"https:\/\/www.campingaiguillecreuse.com\/wp-content\/uploads\/2025\/10\/logo-aiguille-creuse-2025.webp","contentUrl":"https:\/\/www.campingaiguillecreuse.com\/wp-content\/uploads\/2025\/10\/logo-aiguille-creuse-2025.webp","width":1356,"height":804,"caption":"Camping L'aiguille Creuse"},"image":{"@id":"https:\/\/www.campingaiguillecreuse.com\/#logo"}},{"@type":"WebSite","@id":"https:\/\/www.campingaiguillecreuse.com\/#website","url":"https:\/\/www.campingaiguillecreuse.com\/","name":"Camping L&#039;Aiguille Creuse","description":"CAMPING **** L&#039; AIGUILLE CREUSE PRES D&#039;ETRETAT EN NORMANDIE Camping en Normandie, avec piscine couverte et chauff\u00e9e ouverte toute la saison","publisher":{"@id":"https:\/\/www.campingaiguillecreuse.com\/#organization"},"potentialAction":[{"@type":"SearchAction","target":{"@type":"EntryPoint","urlTemplate":"https:\/\/www.campingaiguillecreuse.com\/?s={search_term_string}"},"query-input":"required name=search_term_string"}],"inLanguage":"nl"},{"@type":"ImageObject","@id":"https:\/\/www.campingaiguillecreuse.com\/nl\/toerisme\/de-velomaritime\/#primaryimage","inLanguage":"nl","url":"https:\/\/www.campingaiguillecreuse.com\/wp-content\/uploads\/2021\/10\/velomaritime-etretat.jpg","contentUrl":"https:\/\/www.campingaiguillecreuse.com\/wp-content\/uploads\/2021\/10\/velomaritime-etretat.jpg","width":1000,"height":768},{"@type":"WebPage","@id":"https:\/\/www.campingaiguillecreuse.com\/nl\/toerisme\/de-velomaritime\/#webpage","url":"https:\/\/www.campingaiguillecreuse.com\/nl\/toerisme\/de-velomaritime\/","name":"De V\u00e9lomaritime - Camping L'Aiguille Creuse **** Normandi\u00eb","isPartOf":{"@id":"https:\/\/www.campingaiguillecreuse.com\/#website"},"primaryImageOfPage":{"@id":"https:\/\/www.campingaiguillecreuse.com\/nl\/toerisme\/de-velomaritime\/#primaryimage"},"datePublished":"2021-07-13T08:23:18+00:00","dateModified":"2022-02-16T10:39:42+00:00","description":"Zin om de V\u00e9lomaritime te fietsen tijdens je komende verblijf in Normandi\u00eb? Camping L'Aiguille Creuse neemt je mee voor een kennismaking met deze route","breadcrumb":{"@id":"https:\/\/www.campingaiguillecreuse.com\/nl\/toerisme\/de-velomaritime\/#breadcrumb"},"inLanguage":"nl","potentialAction":[{"@type":"ReadAction","target":["https:\/\/www.campingaiguillecreuse.com\/nl\/toerisme\/de-velomaritime\/"]}]},{"@type":"BreadcrumbList","@id":"https:\/\/www.campingaiguillecreuse.com\/nl\/toerisme\/de-velomaritime\/#breadcrumb","itemListElement":[{"@type":"ListItem","position":1,"name":"Accueil","item":"https:\/\/www.campingaiguillecreuse.com\/nl\/"},{"@type":"ListItem","position":2,"name":"Toerisme","item":"https:\/\/www.campingaiguillecreuse.com\/nl\/toerisme\/"},{"@type":"ListItem","position":3,"name":"De V\u00e9lomaritime"}]}]}},"_links":{"self":[{"href":"https:\/\/www.campingaiguillecreuse.com\/nl\/wp-json\/wp\/v2\/pages\/2246"}],"collection":[{"href":"https:\/\/www.campingaiguillecreuse.com\/nl\/wp-json\/wp\/v2\/pages"}],"about":[{"href":"https:\/\/www.campingaiguillecreuse.com\/nl\/wp-json\/wp\/v2\/types\/page"}],"author":[{"embeddable":true,"href":"https:\/\/www.campingaiguillecreuse.com\/nl\/wp-json\/wp\/v2\/users\/1"}],"replies":[{"embeddable":true,"href":"https:\/\/www.campingaiguillecreuse.com\/nl\/wp-json\/wp\/v2\/comments?post=2246"}],"version-history":[{"count":1,"href":"https:\/\/www.campingaiguillecreuse.com\/nl\/wp-json\/wp\/v2\/pages\/2246\/revisions"}],"predecessor-version":[{"id":2247,"href":"https:\/\/www.campingaiguillecreuse.com\/nl\/wp-json\/wp\/v2\/pages\/2246\/revisions\/2247"}],"up":[{"embeddable":true,"href":"https:\/\/www.campingaiguillecreuse.com\/nl\/wp-json\/wp\/v2\/pages\/2234"}],"wp:attachment":[{"href":"https:\/\/www.campingaiguillecreuse.com\/nl\/wp-json\/wp\/v2\/media?parent=2246"}],"curies":[{"name":"wp","href":"https:\/\/api.w.org\/{rel}","templated":true}]}}