{"id":2244,"date":"2021-07-13T10:22:54","date_gmt":"2021-07-13T08:22:54","guid":{"rendered":"https:\/\/www.campingaiguillecreuse.com\/toerisme\/le-havre\/"},"modified":"2026-03-19T15:27:40","modified_gmt":"2026-03-19T14:27:40","slug":"le-havre","status":"publish","type":"page","link":"https:\/\/www.campingaiguillecreuse.com\/nl\/toerisme\/le-havre\/","title":{"rendered":"Le Havre"},"content":{"rendered":"\n<div class=\"wp-block-group section_accroche first_bloc\"><div class=\"wp-block-group__inner-container\">\n<h1 class=\"has-text-align-center\">Le Havre<\/h1>\n\n\n\n<p class=\"has-text-align-center\">Wilt u <strong>Le Havre<\/strong> bezoeken tijdens uw volgende vakantie? Genieten van een <strong>campingvakantie in Etretat<\/strong> is ook een gelegenheid om de verschillende facetten van het <strong>Seine-Maritime<\/strong> te ontdekken. Niet ver van de adembenemende landschappen van <a href=\"https:\/\/www.campingaiguillecreuse.com\/nl\/toerisme\/etretat\/\">\u00c9tretat<\/a> en zijn beroemde kliffen ligt Le Havre met zijn rijke maritieme, architectonische en culturele erfgoed. Camping L&#8217;Aiguille Creuse neemt u mee naar een havenstadje dat zeker een bezoek waard is!<\/p>\n<\/div><\/div>\n\n<section class=\"wp-block-group section_services\">\n<div class=\"wp-block-cover has-background-dim-90 has-primaire-background-color has-background-dim\"><img class=\"wp-block-cover__image-background wp-image-495\" alt=\"\" src=\"https:\/\/www.campingaiguillecreuse.com\/wp-content\/uploads\/2021\/07\/photo-635817307913054614-1.webp\" data-object-fit=\"cover\"\/><div class=\"wp-block-cover__inner-container\">\n<div class=\"wp-block-columns are-vertically-aligned-center\">\n<div class=\"wp-block-column is-vertically-aligned-center\" style=\"flex-basis:40%\">\n<h2 class=\"has-blanc-color has-text-color\">Wat is er te doen en te zien in Le Havre?<\/h2>\n\n\n\n<p class=\"has-blanc-color has-text-color\">Er is geen gebrek aan idee\u00ebn voor een bezoek aan Le Havre! De stad is na Marseille de grootste havenstad van Frankrijk en biedt tal van activiteiten en bezienswaardigheden. Tussen de haven, de musea, de historische monumenten, de kust en de tuinen is er geen gebrek aan keuze.<\/p>\n\n\n\n<h3>Bezoek de haven van Le Havre<\/h3>\n\n\n\n<p>Een tussenstop in Le Havre biedt de bezoeker de gelegenheid de haven en met name het <a href=\"https:\/\/lehavreportcenter.com\/\" target=\"_blank\" rel=\"noreferrer noopener\">Port Center<\/a> te ontdekken. Vanuit dit interpretatiecentrum kunnen bezoekers een gids volgen om de havenwereld te ontdekken.<\/p>\n<\/div>\n\n\n\n<div class=\"wp-block-column is-vertically-aligned-center col_img\" style=\"flex-basis:60%\">\n<figure class=\"wp-block-image size-full\"><img loading=\"lazy\" width=\"640\" height=\"360\" src=\"https:\/\/www.campingaiguillecreuse.com\/wp-content\/uploads\/2022\/02\/freight-containers-gd82ecf839_640.jpg\" alt=\"Camping proche du Havre l'aiguille Creuse : Freight Containers \" class=\"wp-image-2021\" srcset=\"https:\/\/www.campingaiguillecreuse.com\/wp-content\/uploads\/2022\/02\/freight-containers-gd82ecf839_640.jpg 640w, https:\/\/www.campingaiguillecreuse.com\/wp-content\/uploads\/2022\/02\/freight-containers-gd82ecf839_640-300x169.jpg 300w\" sizes=\"(max-width: 640px) 100vw, 640px\" \/><\/figure>\n\n\n\n<div class=\"wp-block-buttons is-content-justification-right btn_galerie\">\n<div class=\"wp-block-button\"><a class=\"wp-block-button__link has-blanc-color has-text-color\" href=\"https:\/\/www.campingaiguillecreuse.com\/nl\/fotogalerij\/\"><i class=\"fas fa-images\"><\/i> Bekijk de galerij<\/a><\/div>\n<\/div>\n<\/div>\n<\/div>\n<\/div><\/div>\n<\/section>\n\n<section class=\"wp-block-group section_alentours\">\n<div class=\"wp-block-columns\">\n<div class=\"wp-block-column col_img\" style=\"flex-basis:40%\">\n<figure class=\"wp-block-image size-full\"><img loading=\"lazy\" width=\"640\" height=\"426\" src=\"https:\/\/www.campingaiguillecreuse.com\/wp-content\/uploads\/2022\/02\/st-gb059d6f11_640.jpg\" alt=\"Camping L'aiguille Creuse : int&#xE9;rieur de l'Eglise St Joseph au Havre \" class=\"wp-image-2030\" srcset=\"https:\/\/www.campingaiguillecreuse.com\/wp-content\/uploads\/2022\/02\/st-gb059d6f11_640.jpg 640w, https:\/\/www.campingaiguillecreuse.com\/wp-content\/uploads\/2022\/02\/st-gb059d6f11_640-300x200.jpg 300w\" sizes=\"(max-width: 640px) 100vw, 640px\" \/><\/figure>\n\n\n\n<div class=\"wp-block-buttons is-content-justification-right btn_galerie\">\n<div class=\"wp-block-button\"><a class=\"wp-block-button__link has-primaire-color has-text-color\" href=\"https:\/\/www.campingaiguillecreuse.com\/nl\/fotogalerij\/\"><i class=\"fas fa-images\"><\/i> Bekijk de galerij<\/a><\/div>\n<\/div>\n<\/div>\n\n\n\n<div class=\"wp-block-column\" style=\"flex-basis:60%\">\n<h3 class=\"titre_1\">Verken de musea van de stad<\/h3>\n\n\n\n<p>Met zijn vele musea zal de culturele bezoeker keuze te over hebben! Andere niet te missen museumbezoeken zijn:<\/p>\n\n\n\n<ul><li><a href=\"https:\/\/www.leportique.org\/\" target=\"_blank\" rel=\"noreferrer noopener\">Le Portique<\/a>, een ruimte voor hedendaagse kunst en grafisch ontwerp;<\/li><li>De <a href=\"http:\/\/www.muma-lehavre.fr\/\" target=\"_blank\" rel=\"noreferrer noopener\">Muma, het Andr\u00e9 Malraux Museum voor Moderne Kunst<\/a>;<\/li><li>Tot slot kunt u in het<a href=\"https:\/\/www.musees-mah-lehavre.fr\/\" target=\"_blank\" rel=\"noreferrer noopener\">Mus\u00e9e H\u00f4tel Dubocage de Bl\u00e9ville<\/a> kennismaken met de geschiedenis van de stad en haar haven.<\/li><\/ul>\n\n\n\n<h3>Ontdek het architectonisch erfgoed <\/h3>\n\n\n\n<p>Liefhebbers van oude stenen zullen ruimschoots de tijd hebben om door de stad te slenteren en de monumenten te bezoeken die deel uitmaken van de geschiedenis van Le Havre.<\/p>\n<\/div>\n<\/div>\n\n\n\n<p>Het is mogelijk om je aan te sluiten : <\/p>\n\n\n\n<ul><li>De <strong>abdij van Graville, een waar meesterwerk van Romaanse<\/strong> kunst uit de Merovingische periode, die behoort tot de kunst- en geschiedenismusea van Le Havre. U zult dus ook collecties vinden;<\/li><li>De <strong>kathedraal Notre Dame<\/strong>, gebouwd in de 16e eeuw op de resten van een houten kapel, wordt gekenmerkt door haar verschillende stijlen zoals laatgotiek, renaissance en barok;<\/li><li><strong>St Martin&#8217;s Church<\/strong>;<\/li><li><strong>St. Joseph&#8217;s Church<\/strong>.<\/li><\/ul>\n\n\n\n<p>Als u het centrum van Le Havre verlaat voor de kust, kunt u ook mooie ontdekkingen doen. Een wandeling langs de kust stelt u in staat om het <strong>strand<\/strong> te bereiken, maar vooral om de architectuur van de prachtige villa&#8217;s die er bovenuit steken te bewonderen. De <strong>Villa Maritime<\/strong> is daar een perfect voorbeeld van, aangezien hier de derde Bi\u00ebnnale voor Hedendaagse Kunst heeft plaatsgevonden. Niet ver van de Villa Maritime kunt u uw wandeling voortzetten naar een ander gebouw dat een bezoek waard is, het schitterende <strong>Ch\u00e2teau des Gadelles<\/strong>.<\/p>\n<\/section>\n\n<section class=\"wp-block-group section_bloc_images\">\n<div class=\"wp-block-columns are-vertically-aligned-center\">\n<div class=\"wp-block-column is-vertically-aligned-center col_img\" style=\"flex-basis:50%\">\n<figure class=\"wp-block-image size-full\"><img loading=\"lazy\" width=\"640\" height=\"426\" src=\"https:\/\/www.campingaiguillecreuse.com\/wp-content\/uploads\/2022\/02\/villa-gb1c6dc913_640.jpg\" alt=\"Camping pr&#xE8;s du Havre L'aiguille Creuse : Villa du Havre\" class=\"wp-image-2047\" srcset=\"https:\/\/www.campingaiguillecreuse.com\/wp-content\/uploads\/2022\/02\/villa-gb1c6dc913_640.jpg 640w, https:\/\/www.campingaiguillecreuse.com\/wp-content\/uploads\/2022\/02\/villa-gb1c6dc913_640-300x200.jpg 300w\" sizes=\"(max-width: 640px) 100vw, 640px\" \/><\/figure>\n<\/div>\n\n\n\n<div class=\"wp-block-column is-vertically-aligned-center\" style=\"flex-basis:50%\">\n<h2>Wandelen in de tuinen van de stad<\/h2>\n\n\n\n<p>Voor een natuurlijke en exotische pauze gaat u naar de <strong>Japanse tuin in Le Havre<\/strong>. De tuin is een symbool van de vriendschappelijke betrekkingen tussen de havens van Le Havre en Osaka en kan worden bezocht (reservering verplicht bij het <a href=\"https:\/\/www.lehavre-etretat-tourisme.com\/\" target=\"_blank\" rel=\"noreferrer noopener\">toeristenbureau van Le Havre<\/a>). Een bezoek aan de tuinen van Le Havre kan u ook naar de <strong>Square Saint Roch<\/strong> brengen. Met een oppervlakte van 2 hectare is het de ideale plek voor een romantische wandeling.<\/p>\n\n\n\n<h2>Waar kan ik overnachten op de camping in de buurt van Le Havre?<\/h2>\n\n\n\n<p>Op 30 km van Le Havre heet de camping Aiguille Creuse u welkom op 5 km van de <strong>kliffen van \u00c9tretat<\/strong> voor uw <strong>verblijf in Seine-Maritime<\/strong>. Ideaal gelegen om te genieten van de schoonheid van de streek en de vele activiteiten, vindt u hier <a href=\"https:\/\/www.campingaiguillecreuse.com\/nl\/verhuur\/\">accommodatie<\/a> voor elk wat wils.<\/p>\n<\/div>\n<\/div>\n<\/section>\n","protected":false},"excerpt":{"rendered":"<p>Le Havre Wilt u Le Havre bezoeken tijdens uw volgende vakantie? Genieten van een campingvakantie in Etretat is ook een gelegenheid om de verschillende facetten van het Seine-Maritime te ontdekken. Niet ver van de adembenemende landschappen van \u00c9tretat en zijn beroemde kliffen ligt Le Havre met zijn rijke maritieme, architectonische en culturele erfgoed. Camping L&#8217;Aiguille [&hellip;]<\/p>\n","protected":false},"author":1,"featured_media":0,"parent":2234,"menu_order":4,"comment_status":"closed","ping_status":"closed","template":"","meta":[],"yoast_head":"<!-- This site is optimized with the Yoast SEO plugin v16.7 - https:\/\/yoast.com\/wordpress\/plugins\/seo\/ -->\n<title>Bezoek Le Havre - Camping L&#039;Aiguille Creuse **** Normandi\u00eb<\/title>\n<meta name=\"description\" content=\"Profiteer van uw verblijf op de camping van Etretat om Le Havre te ontdekken, op slechts 40 km van de camping van Aiguille Creuse\" \/>\n<meta name=\"robots\" content=\"index, follow, max-snippet:-1, max-image-preview:large, max-video-preview:-1\" \/>\n<link rel=\"canonical\" href=\"https:\/\/www.campingaiguillecreuse.com\/nl\/toerisme\/le-havre\/\" \/>\n<meta property=\"og:locale\" content=\"nl_NL\" \/>\n<meta property=\"og:type\" content=\"article\" \/>\n<meta property=\"og:title\" content=\"Bezoek Le Havre - Camping L&#039;Aiguille Creuse **** Normandi\u00eb\" \/>\n<meta property=\"og:description\" content=\"Profiteer van uw verblijf op de camping van Etretat om Le Havre te ontdekken, op slechts 40 km van de camping van Aiguille Creuse\" \/>\n<meta property=\"og:url\" content=\"https:\/\/www.campingaiguillecreuse.com\/nl\/toerisme\/le-havre\/\" \/>\n<meta property=\"og:site_name\" content=\"Camping L&#039;Aiguille Creuse\" \/>\n<meta property=\"article:publisher\" content=\"https:\/\/www.facebook.com\/campingaiguillecreuse\/\" \/>\n<meta property=\"article:modified_time\" content=\"2026-03-19T14:27:40+00:00\" \/>\n<meta property=\"og:image\" content=\"https:\/\/www.campingaiguillecreuse.com\/wp-content\/uploads\/2021\/07\/photo-635817307913054614-1.webp\" \/>\n<meta name=\"twitter:card\" content=\"summary_large_image\" \/>\n<meta name=\"twitter:label1\" content=\"Geschatte leestijd\" \/>\n\t<meta name=\"twitter:data1\" content=\"4 minuten\" \/>\n<script type=\"application\/ld+json\" class=\"yoast-schema-graph\">{\"@context\":\"https:\/\/schema.org\",\"@graph\":[{\"@type\":\"Organization\",\"@id\":\"https:\/\/www.campingaiguillecreuse.com\/#organization\",\"name\":\"Camping L'aiguille Creuse\",\"url\":\"https:\/\/www.campingaiguillecreuse.com\/\",\"sameAs\":[\"https:\/\/www.facebook.com\/campingaiguillecreuse\/\",\"https:\/\/www.instagram.com\/camping_aiguille_creuse\/\",\"https:\/\/www.wikidata.org\/wiki\/Q138617169\"],\"logo\":{\"@type\":\"ImageObject\",\"@id\":\"https:\/\/www.campingaiguillecreuse.com\/#logo\",\"inLanguage\":\"nl\",\"url\":\"https:\/\/www.campingaiguillecreuse.com\/wp-content\/uploads\/2025\/10\/logo-aiguille-creuse-2025.webp\",\"contentUrl\":\"https:\/\/www.campingaiguillecreuse.com\/wp-content\/uploads\/2025\/10\/logo-aiguille-creuse-2025.webp\",\"width\":1356,\"height\":804,\"caption\":\"Camping L'aiguille Creuse\"},\"image\":{\"@id\":\"https:\/\/www.campingaiguillecreuse.com\/#logo\"}},{\"@type\":\"WebSite\",\"@id\":\"https:\/\/www.campingaiguillecreuse.com\/#website\",\"url\":\"https:\/\/www.campingaiguillecreuse.com\/\",\"name\":\"Camping L&#039;Aiguille Creuse\",\"description\":\"CAMPING **** L&#039; AIGUILLE CREUSE PRES D&#039;ETRETAT EN NORMANDIE Camping en Normandie, avec piscine couverte et chauff\\u00e9e ouverte toute la saison\",\"publisher\":{\"@id\":\"https:\/\/www.campingaiguillecreuse.com\/#organization\"},\"potentialAction\":[{\"@type\":\"SearchAction\",\"target\":{\"@type\":\"EntryPoint\",\"urlTemplate\":\"https:\/\/www.campingaiguillecreuse.com\/?s={search_term_string}\"},\"query-input\":\"required name=search_term_string\"}],\"inLanguage\":\"nl\"},{\"@type\":\"ImageObject\",\"@id\":\"https:\/\/www.campingaiguillecreuse.com\/nl\/toerisme\/le-havre\/#primaryimage\",\"inLanguage\":\"nl\",\"url\":\"https:\/\/www.campingaiguillecreuse.com\/wp-content\/uploads\/2021\/07\/photo-635817307913054614-1.webp\",\"contentUrl\":\"https:\/\/www.campingaiguillecreuse.com\/wp-content\/uploads\/2021\/07\/photo-635817307913054614-1.webp\"},{\"@type\":\"WebPage\",\"@id\":\"https:\/\/www.campingaiguillecreuse.com\/nl\/toerisme\/le-havre\/#webpage\",\"url\":\"https:\/\/www.campingaiguillecreuse.com\/nl\/toerisme\/le-havre\/\",\"name\":\"Bezoek Le Havre - Camping L'Aiguille Creuse **** Normandi\\u00eb\",\"isPartOf\":{\"@id\":\"https:\/\/www.campingaiguillecreuse.com\/#website\"},\"primaryImageOfPage\":{\"@id\":\"https:\/\/www.campingaiguillecreuse.com\/nl\/toerisme\/le-havre\/#primaryimage\"},\"datePublished\":\"2021-07-13T08:22:54+00:00\",\"dateModified\":\"2026-03-19T14:27:40+00:00\",\"description\":\"Profiteer van uw verblijf op de camping van Etretat om Le Havre te ontdekken, op slechts 40 km van de camping van Aiguille Creuse\",\"breadcrumb\":{\"@id\":\"https:\/\/www.campingaiguillecreuse.com\/nl\/toerisme\/le-havre\/#breadcrumb\"},\"inLanguage\":\"nl\",\"potentialAction\":[{\"@type\":\"ReadAction\",\"target\":[\"https:\/\/www.campingaiguillecreuse.com\/nl\/toerisme\/le-havre\/\"]}]},{\"@type\":\"BreadcrumbList\",\"@id\":\"https:\/\/www.campingaiguillecreuse.com\/nl\/toerisme\/le-havre\/#breadcrumb\",\"itemListElement\":[{\"@type\":\"ListItem\",\"position\":1,\"name\":\"Accueil\",\"item\":\"https:\/\/www.campingaiguillecreuse.com\/nl\/\"},{\"@type\":\"ListItem\",\"position\":2,\"name\":\"Toerisme\",\"item\":\"https:\/\/www.campingaiguillecreuse.com\/nl\/toerisme\/\"},{\"@type\":\"ListItem\",\"position\":3,\"name\":\"Le Havre\"}]}]}<\/script>\n<!-- \/ Yoast SEO plugin. -->","yoast_head_json":{"title":"Bezoek Le Havre - Camping L'Aiguille Creuse **** Normandi\u00eb","description":"Profiteer van uw verblijf op de camping van Etretat om Le Havre te ontdekken, op slechts 40 km van de camping van Aiguille Creuse","robots":{"index":"index","follow":"follow","max-snippet":"max-snippet:-1","max-image-preview":"max-image-preview:large","max-video-preview":"max-video-preview:-1"},"canonical":"https:\/\/www.campingaiguillecreuse.com\/nl\/toerisme\/le-havre\/","og_locale":"nl_NL","og_type":"article","og_title":"Bezoek Le Havre - Camping L'Aiguille Creuse **** Normandi\u00eb","og_description":"Profiteer van uw verblijf op de camping van Etretat om Le Havre te ontdekken, op slechts 40 km van de camping van Aiguille Creuse","og_url":"https:\/\/www.campingaiguillecreuse.com\/nl\/toerisme\/le-havre\/","og_site_name":"Camping L&#039;Aiguille Creuse","article_publisher":"https:\/\/www.facebook.com\/campingaiguillecreuse\/","article_modified_time":"2026-03-19T14:27:40+00:00","og_image":[{"url":"https:\/\/www.campingaiguillecreuse.com\/wp-content\/uploads\/2021\/07\/photo-635817307913054614-1.webp"}],"twitter_card":"summary_large_image","twitter_misc":{"Geschatte leestijd":"4 minuten"},"schema":{"@context":"https:\/\/schema.org","@graph":[{"@type":"Organization","@id":"https:\/\/www.campingaiguillecreuse.com\/#organization","name":"Camping L'aiguille Creuse","url":"https:\/\/www.campingaiguillecreuse.com\/","sameAs":["https:\/\/www.facebook.com\/campingaiguillecreuse\/","https:\/\/www.instagram.com\/camping_aiguille_creuse\/","https:\/\/www.wikidata.org\/wiki\/Q138617169"],"logo":{"@type":"ImageObject","@id":"https:\/\/www.campingaiguillecreuse.com\/#logo","inLanguage":"nl","url":"https:\/\/www.campingaiguillecreuse.com\/wp-content\/uploads\/2025\/10\/logo-aiguille-creuse-2025.webp","contentUrl":"https:\/\/www.campingaiguillecreuse.com\/wp-content\/uploads\/2025\/10\/logo-aiguille-creuse-2025.webp","width":1356,"height":804,"caption":"Camping L'aiguille Creuse"},"image":{"@id":"https:\/\/www.campingaiguillecreuse.com\/#logo"}},{"@type":"WebSite","@id":"https:\/\/www.campingaiguillecreuse.com\/#website","url":"https:\/\/www.campingaiguillecreuse.com\/","name":"Camping L&#039;Aiguille Creuse","description":"CAMPING **** L&#039; AIGUILLE CREUSE PRES D&#039;ETRETAT EN NORMANDIE Camping en Normandie, avec piscine couverte et chauff\u00e9e ouverte toute la saison","publisher":{"@id":"https:\/\/www.campingaiguillecreuse.com\/#organization"},"potentialAction":[{"@type":"SearchAction","target":{"@type":"EntryPoint","urlTemplate":"https:\/\/www.campingaiguillecreuse.com\/?s={search_term_string}"},"query-input":"required name=search_term_string"}],"inLanguage":"nl"},{"@type":"ImageObject","@id":"https:\/\/www.campingaiguillecreuse.com\/nl\/toerisme\/le-havre\/#primaryimage","inLanguage":"nl","url":"https:\/\/www.campingaiguillecreuse.com\/wp-content\/uploads\/2021\/07\/photo-635817307913054614-1.webp","contentUrl":"https:\/\/www.campingaiguillecreuse.com\/wp-content\/uploads\/2021\/07\/photo-635817307913054614-1.webp"},{"@type":"WebPage","@id":"https:\/\/www.campingaiguillecreuse.com\/nl\/toerisme\/le-havre\/#webpage","url":"https:\/\/www.campingaiguillecreuse.com\/nl\/toerisme\/le-havre\/","name":"Bezoek Le Havre - Camping L'Aiguille Creuse **** Normandi\u00eb","isPartOf":{"@id":"https:\/\/www.campingaiguillecreuse.com\/#website"},"primaryImageOfPage":{"@id":"https:\/\/www.campingaiguillecreuse.com\/nl\/toerisme\/le-havre\/#primaryimage"},"datePublished":"2021-07-13T08:22:54+00:00","dateModified":"2026-03-19T14:27:40+00:00","description":"Profiteer van uw verblijf op de camping van Etretat om Le Havre te ontdekken, op slechts 40 km van de camping van Aiguille Creuse","breadcrumb":{"@id":"https:\/\/www.campingaiguillecreuse.com\/nl\/toerisme\/le-havre\/#breadcrumb"},"inLanguage":"nl","potentialAction":[{"@type":"ReadAction","target":["https:\/\/www.campingaiguillecreuse.com\/nl\/toerisme\/le-havre\/"]}]},{"@type":"BreadcrumbList","@id":"https:\/\/www.campingaiguillecreuse.com\/nl\/toerisme\/le-havre\/#breadcrumb","itemListElement":[{"@type":"ListItem","position":1,"name":"Accueil","item":"https:\/\/www.campingaiguillecreuse.com\/nl\/"},{"@type":"ListItem","position":2,"name":"Toerisme","item":"https:\/\/www.campingaiguillecreuse.com\/nl\/toerisme\/"},{"@type":"ListItem","position":3,"name":"Le Havre"}]}]}},"_links":{"self":[{"href":"https:\/\/www.campingaiguillecreuse.com\/nl\/wp-json\/wp\/v2\/pages\/2244"}],"collection":[{"href":"https:\/\/www.campingaiguillecreuse.com\/nl\/wp-json\/wp\/v2\/pages"}],"about":[{"href":"https:\/\/www.campingaiguillecreuse.com\/nl\/wp-json\/wp\/v2\/types\/page"}],"author":[{"embeddable":true,"href":"https:\/\/www.campingaiguillecreuse.com\/nl\/wp-json\/wp\/v2\/users\/1"}],"replies":[{"embeddable":true,"href":"https:\/\/www.campingaiguillecreuse.com\/nl\/wp-json\/wp\/v2\/comments?post=2244"}],"version-history":[{"count":5,"href":"https:\/\/www.campingaiguillecreuse.com\/nl\/wp-json\/wp\/v2\/pages\/2244\/revisions"}],"predecessor-version":[{"id":6098,"href":"https:\/\/www.campingaiguillecreuse.com\/nl\/wp-json\/wp\/v2\/pages\/2244\/revisions\/6098"}],"up":[{"embeddable":true,"href":"https:\/\/www.campingaiguillecreuse.com\/nl\/wp-json\/wp\/v2\/pages\/2234"}],"wp:attachment":[{"href":"https:\/\/www.campingaiguillecreuse.com\/nl\/wp-json\/wp\/v2\/media?parent=2244"}],"curies":[{"name":"wp","href":"https:\/\/api.w.org\/{rel}","templated":true}]}}