{"id":2240,"date":"2021-07-13T10:22:19","date_gmt":"2021-07-13T08:22:19","guid":{"rendered":"https:\/\/www.campingaiguillecreuse.com\/toerisme\/fecamp\/"},"modified":"2026-04-17T12:12:38","modified_gmt":"2026-04-17T10:12:38","slug":"fecamp","status":"publish","type":"page","link":"https:\/\/www.campingaiguillecreuse.com\/nl\/toerisme\/fecamp\/","title":{"rendered":"F\u00e9camp"},"content":{"rendered":"\n<section class=\"wp-block-group section_accroche\">\n<h1 class=\"has-text-align-center\">F\u00e9camp<\/h1>\n\n\n\n<p class=\"has-text-align-center\" style=\"font-size:18px\">De stad <strong>F\u00e9camp<\/strong> ligt op slechts 10 km van camping Aiguille creuse, in Seine Maritime, aan de C\u00f4te d&#8217;Alb\u00e2tre&#8230; zo wordt de <a href=\"https:\/\/www.campingaiguillecreuse.com\/camping-pays-de-caux\/\">kustlijn van Pays de Caux<\/a> genoemd vanwege de witte kleur van de kliffen, die zich over 120 km uitstrekken&#8230; <strong>een landschap zoals geen ander in de wereld<\/strong>!<\/p>\n<\/section>\n\n\n\n<section class=\"wp-block-group section_services\">\n<div class=\"wp-block-cover has-background-dim-90 has-primaire-background-color has-background-dim\"><img class=\"wp-block-cover__image-background wp-image-495\" alt=\"\" src=\"https:\/\/www.campingaiguillecreuse.com\/wp-content\/uploads\/2021\/07\/photo-635817307913054614-1.webp\" data-object-fit=\"cover\"\/><div class=\"wp-block-cover__inner-container\">\n<div class=\"wp-block-columns are-vertically-aligned-top\">\n<div class=\"wp-block-column is-vertically-aligned-top\" style=\"flex-basis:40%\">\n<h2 class=\"has-blanc-color has-text-color\">Verken F\u00e9camp en ontdek de activiteiten en plekken die je niet mag missen<\/h2>\n\n\n\n<p class=\"has-blanc-color has-text-color\" style=\"font-size:18px\">F\u00e9camp is een van de kleine haventjes aan deze kust die u zeker de tijd te ontdekken tijdens uw <a href=\"https:\/\/www.campingaiguillecreuse.com\/nl\/toerisme\/\">vakantie in Normandi\u00eb<\/a> ! F\u00e9camp maakt deel uit van het netwerk van de nationale Steden en Regio&#8217;s van Kunst en Geschiedenis. Een team van gidsen en docenten presenteert en promoot het erfgoed van F\u00e9camp in de vorm van rondleidingen, verhalenwandelingen, wandelingen, erfgoedworkshops, voorstellingen, enz;<\/p>\n\n\n\n<ul class=\"has-blanc-color has-text-color\" style=\"font-size:18px\"><li><strong>Cap Fagnet <\/strong>is het hoogste punt van de C\u00f4te d&#8217;Alb\u00e2tre: het stijgt tot 105 meter en biedt een ongelooflijk uitzicht op de kliffen, de haven en de stad. De blokkades, massieve overblijfselen van de Atlantikwall, kunnen nog steeds worden bezocht tijdens rondleidingen; Andere attracties zijn het windmolenpark, dat sinds 2006 in werking is, het vogelreservaat en de zeemanskapel;<\/li><li>De <strong>kerk Saint-Etienne<\/strong>, gebouwd in de middeleeuwen en herbouwd in de 15e eeuw, met een renaissanceportaal, staat op de monumentenlijst. Het kijkt uit over de <strong>haven van F\u00e9camp<\/strong>. <\/li><li>De <strong>Sainte Trinit\u00e9 abdijkerk<\/strong>, Place des Ducs Richard. Het staat op de monumentenlijst; De kathedraal is net zo lang als de Notre-Dame in Parijs en heeft een 60 meter hoge lantaarntoren en een astronomische klok;<\/li><li><strong>Het Palais B\u00e9n\u00e9dictine<\/strong>, rue Alexandre Legros. Het is een fabriekspaleis uit 1863, gebouwd door Alexandre de Grote, wijnhandelaar uit F\u00e9camp die in een oud boek een recept voor een elixer ontdekte.  Na verschillende pogingen slaagde hij erin de drank te reconstrueren die vandaag de dag nog steeds een beroemde likeur is! Een must-see, voor het gebouw, de geschiedenis en&#8230; de likeur!<\/li><\/ul>\n<\/div>\n\n\n\n<div class=\"wp-block-column is-vertically-aligned-top col_img-2\" style=\"flex-basis:60%\">\n<div style=\"height:96px\" aria-hidden=\"true\" class=\"wp-block-spacer\"><\/div>\n\n\n\n<ul id=\"block-491c9193-7463-4a71-86a3-b3d75e55ba03\" style=\"font-size:18px\"><li>Het museum van de visserij. Gelegen aan de haven van F\u00e9camp, <strong>12 km van Camping l&#8217;Aiguille Creuse<\/strong>, begin met een bezoek aan de belved\u00e8re en bewonder het adembenemende uitzicht over F\u00e9camp en de haven, ga dan op ontdekkingsreis naar de avonturen van de vissers uit F\u00e9campois die lange maanden op kabeljauw visten in Newfoundland. U kunt daar ook kijken naar collecties die typisch Normandisch zijn (kledingkast, klederdracht en sieraden) evenals een verrassende collectie over de kindertijd samengebracht door Dr. Dufour. <br>Audiogidsen beschikbaar ter plaatse in het Frans en het Engels (2 \u20ac)<\/li><li><strong>Het Chocolademuseum<\/strong>, route de Valmont. Een bezoek om alles te leren over cacao en zijn geschiedenis; Proeverijen, spelletjes en entertainment: een ervaring voor alle fijnproevers;<\/li><li>Woody Parc \u2013 Recreatiepark Avenue du Mar\u00e9chal de Lattre de Tassigny met activiteiten voor het hele gezin: touwenparcours, Paintball, Body Bulle, apenkooien &#8230;<\/li><\/ul>\n\n\n\n<figure class=\"wp-block-gallery columns-2 is-cropped\"><ul class=\"blocks-gallery-grid\"><li class=\"blocks-gallery-item\"><figure><img loading=\"lazy\" width=\"1000\" height=\"467\" src=\"https:\/\/www.campingaiguillecreuse.com\/wp-content\/uploads\/2021\/10\/20210320_1239543.jpg\" alt=\"Camping L'aiguille Creuse: 20210320 1239543\" data-id=\"1151\" data-full-url=\"https:\/\/www.campingaiguillecreuse.com\/wp-content\/uploads\/2021\/10\/20210320_1239543.jpg\" data-link=\"https:\/\/www.campingaiguillecreuse.com\/camping-seine-maritime\/fecamp\/20210320_1239543\/\" class=\"wp-image-1151\" srcset=\"https:\/\/www.campingaiguillecreuse.com\/wp-content\/uploads\/2021\/10\/20210320_1239543.jpg 1000w, https:\/\/www.campingaiguillecreuse.com\/wp-content\/uploads\/2021\/10\/20210320_1239543-300x140.jpg 300w, https:\/\/www.campingaiguillecreuse.com\/wp-content\/uploads\/2021\/10\/20210320_1239543-768x359.jpg 768w\" sizes=\"(max-width: 1000px) 100vw, 1000px\" \/><\/figure><\/li><li class=\"blocks-gallery-item\"><figure><img loading=\"lazy\" width=\"1000\" height=\"667\" src=\"https:\/\/www.campingaiguillecreuse.com\/wp-content\/uploads\/2021\/10\/Palais-Be\u2560une\u2560udicine-c-OIT-FECAMP_3569.jpg\" alt=\"Camping L'aiguille Creuse: Palais B\u00e9n\u00e9dictine C Oit Fecamp 3569\" data-id=\"1155\" data-full-url=\"https:\/\/www.campingaiguillecreuse.com\/wp-content\/uploads\/2021\/10\/Palais-Be\u2560une\u2560udicine-c-OIT-FECAMP_3569.jpg\" data-link=\"https:\/\/www.campingaiguillecreuse.com\/camping-seine-maritime\/fecamp\/palais-be%e2%95%a0une%e2%95%a0udicine-c-oit-fecamp_3569\/\" class=\"wp-image-1155\" srcset=\"https:\/\/www.campingaiguillecreuse.com\/wp-content\/uploads\/2021\/10\/Palais-Be\u2560une\u2560udicine-c-OIT-FECAMP_3569.jpg 1000w, https:\/\/www.campingaiguillecreuse.com\/wp-content\/uploads\/2021\/10\/Palais-Be\u2560une\u2560udicine-c-OIT-FECAMP_3569-300x200.jpg 300w, https:\/\/www.campingaiguillecreuse.com\/wp-content\/uploads\/2021\/10\/Palais-Be\u2560une\u2560udicine-c-OIT-FECAMP_3569-768x512.jpg 768w\" sizes=\"(max-width: 1000px) 100vw, 1000px\" \/><\/figure><\/li><\/ul><\/figure>\n\n\n\n<div class=\"wp-block-buttons is-content-justification-right btn_galerie\">\n<div class=\"wp-block-button has-custom-font-size has-medium-font-size\"><a class=\"wp-block-button__link has-blanc-color has-text-color\" href=\"https:\/\/www.campingaiguillecreuse.com\/nl\/fotogalerij\/\"><i class=\"fas fa-images\"><\/i> Bekijk de galerij<\/a><\/div>\n<\/div>\n<\/div>\n<\/div>\n<\/div><\/div>\n<\/section>\n\n\n\n<section class=\"wp-block-group section_alentours\">\n<section class=\"wp-block-group section_accroche\">\n<h2 class=\"has-text-align-center\">Wat is er te doen in de omgeving van F\u00e9camp?Que faire dans les alentours de F\u00e9camp ?<\/h2>\n\n\n\n<p class=\"has-text-align-center\" style=\"font-size:18px\">F\u00e9camp ligt <strong>in het hart van Seine-Maritime<\/strong>, een departement met een rijk erfgoed dat erop wacht om ontdekt te worden. Of u nu houdt van buitenactiviteiten, de natuur of culturele bezienswaardigheden, u vindt hier iconische plekken en prachtige landschappen die u zullen betoveren. Geniet dus van alles wat de regio te bieden heeft tijdens uw <strong>kampeervakantie in de buurt van F\u00e9camp<\/strong>.  <\/p>\n<\/section>\n\n\n\n<div class=\"wp-block-columns\">\n<div class=\"wp-block-column col_img\" style=\"flex-basis:40%\">\n<figure class=\"wp-block-image size-full\"><img src=\"https:\/\/www.campingaiguillecreuse.com\/wp-content\/uploads\/2021\/07\/photo-635845543230453274-1.webp\" alt=\"Camping L'aiguille Creuse: foto 635845543230453274 1\" class=\"wp-image-624\"\/><\/figure>\n\n\n\n<div class=\"wp-block-buttons is-content-justification-left btn_galerie\">\n<div class=\"wp-block-button has-custom-font-size has-medium-font-size\"><a class=\"wp-block-button__link has-primaire-color has-text-color\" href=\"https:\/\/www.campingaiguillecreuse.com\/nl\/fotogalerij\/\"><i class=\"fas fa-images\"><\/i> Bekijk de galerij<\/a><\/div>\n<\/div>\n<\/div>\n\n\n\n<div class=\"wp-block-column\" style=\"flex-basis:60%\">\n<h3 class=\"titre_1\">Ontdek het charmante dorpje Yport, vlakbij F\u00e9camp<\/h3>\n\n\n\n<p style=\"font-size:18px\">Het <a href=\"https:\/\/www.campingaiguillecreuse.com\/nl\/toerisme\/yport\/\">vissersdorp Yport<\/a>, gelegen in een vallei, blijft in het geheugen van de vissers gegraveerd. Kleine boten herinneren aan vervlogen tijden, toen het leven in Yport draaide om de zee en de zeelieden die langs de oevers van de Newfoundland op avontuur gingen;<\/p>\n\n\n\n<p style=\"font-size:18px\">Het staat sinds 1929 op de lijst van badplaatsen en heeft veel beroemde mensen verwelkomd, zoals Maupassant, Gide en Boudin&#8230;; Yport blijft een rustig, pittoresk dorpje;<\/p>\n\n\n\n<p style=\"font-size:18px\">Als u uw geluk wilt beproeven, ga dan naar het casino van Yport. De spellen staan voor u klaar&#8230; Roulette, Blackjack, gokautomaten wachten daar op u!  <\/p>\n<\/div>\n<\/div>\n\n\n\n<div class=\"wp-block-columns\">\n<div class=\"wp-block-column col_img\" style=\"flex-basis:40%\">\n<h2 class=\"titre_1\">Ontdek de prachtige kliffen van Etretat, op 16 km afstand<\/h2>\n\n\n\n<p style=\"font-size:18px\"><strong>\u00c9tretat<\/strong> is een prachtige kustplaats <strong>in de buurt van F\u00e9camp<\/strong> in Normandi\u00eb. Beroemd om zijn witte krijtrotsen, het trekt elk jaar duizenden bezoekers van over de hele wereld. De kliffen bieden een adembenemend uitzicht op zee en zijn een populaire plek voor toeristen om een wandeling te maken; De beroemde <strong>de naald van \u00c9tretat<\/strong>, die majestueus uit de oceaan rijst, is een symbool van de stad en een magneet voor fotografen. Zorg ervoor dat u de parkeerregelingen respecteert die door de plaatselijke autoriteiten zijn ingesteld. Je vindt zeker een parkeerplaats die bij je past.<\/p>\n\n\n\n<p style=\"font-size:18px\">Naast de natuurlijke schoonheid van de stad biedt <a href=\"https:\/\/www.campingaiguillecreuse.com\/nl\/toerisme\/etretat\/\">\u00c9tretat<\/a> biedt ook een rijke culturele geschiedenis, met musea en historische monumenten om foto&#8217;s van te maken. Bovendien zijn er lokale gerechten te ontdekken, allemaal overgoten met <strong>lokale cider<\/strong> of appelsap voor de jongere gasten. Gemaakt van appels die geplukt zijn in nabijgelegen appelboomgaarden, zullen deze drankjes je smaakpapillen zeker bekoren;<\/p>\n<\/div>\n\n\n\n<div class=\"wp-block-column\" style=\"flex-basis:60%\">\n<figure class=\"wp-block-image size-large\"><img loading=\"lazy\" width=\"1024\" height=\"683\" src=\"https:\/\/www.campingaiguillecreuse.com\/wp-content\/uploads\/2023\/03\/etretat-normandie-camping-1024x683.webp\" alt=\"De kliffen van Etretat\" class=\"wp-image-3417\" srcset=\"https:\/\/www.campingaiguillecreuse.com\/wp-content\/uploads\/2023\/03\/etretat-normandie-camping-1024x683.webp 1024w, https:\/\/www.campingaiguillecreuse.com\/wp-content\/uploads\/2023\/03\/etretat-normandie-camping-300x200.webp 300w, https:\/\/www.campingaiguillecreuse.com\/wp-content\/uploads\/2023\/03\/etretat-normandie-camping-768x512.webp 768w, https:\/\/www.campingaiguillecreuse.com\/wp-content\/uploads\/2023\/03\/etretat-normandie-camping.webp 1200w\" sizes=\"(max-width: 1024px) 100vw, 1024px\" \/><\/figure>\n\n\n\n<div class=\"wp-block-buttons is-content-justification-left btn_galerie\">\n<div class=\"wp-block-button has-custom-font-size has-medium-font-size\"><a class=\"wp-block-button__link has-primaire-color has-text-color\" href=\"https:\/\/www.campingaiguillecreuse.com\/nl\/fotogalerij\/\"><i class=\"fas fa-images\"><\/i> Bekijk de galerij<\/a><\/div>\n<\/div>\n<\/div>\n<\/div>\n<\/section>\n\n\n\n<div style=\"height:100px\" aria-hidden=\"true\" class=\"wp-block-spacer\"><\/div>\n\n\n\n<div class=\"wp-block-columns\">\n<div class=\"wp-block-column\" style=\"flex-basis:100px\"><\/div>\n\n\n\n<div class=\"wp-block-column\" style=\"flex-basis:60%\">\n<h2>Logeren op een camping in de buurt van F\u00e9camp<\/h2>\n\n\n\n<p style=\"font-size:18px\">Onze <strong>camping vlakbij F\u00e9camp<\/strong> in de Aiguille Creuse is een <a href=\"https:\/\/www.campingaiguillecreuse.com\/nl\/faciliteiten\/\">4-sterrencamping<\/a>, ideaal om de Seine-Maritime te ontdekken. Het ligt op slechts 20 minuten van F\u00e9camp, waardoor het de perfecte uitvalsbasis is om de stad te verkennen;<\/p>\n\n\n\n<p style=\"font-size:18px\">Naast de ideale ligging biedt ons hotel een volledig aanbod aan accommodaties. Hier vind je een ruime selectie <strong>mobilhomes<\/strong> die goed zijn uitgerust en plaats bieden aan 2 tot 8 personen. Maar voor wie liever &#8220;traditioneel&#8221; kampeert, biedt onze camping genoeg <strong>ruime staanplaatsen<\/strong> op het landgoed, geschikt voor tenten, caravans en campers.<\/p>\n\n\n\n<p style=\"font-size:18px\">Bovendien beschikt onze <a href=\"https:\/\/www.campingaiguillecreuse.com\/nl\/aquapark\/\">camping in de buurt van Etretat met een overdekt zwembad<\/a> over tal van voorzieningen. Zo kun je genieten van onze <strong>verwarmd zwembad<\/strong> om in te ontspannen na een dagje sightseeing of een ontspannend moment op het strand. Je kunt ook genieten van een reeks activiteiten ter plaatse, waaronder thema-avonden, kinderanimatie en sportactiviteiten;<\/p>\n\n\n\n<p style=\"font-size:18px\">We zijn er zeker van dat u een aangename dag zult doorbrengen op onze <strong><strong>camping in de buurt van F\u00e9camp<\/strong>.<\/strong><\/p>\n<\/div>\n\n\n\n<div class=\"wp-block-column col_img\" style=\"flex-basis:40%\">\n<figure class=\"wp-block-image size-full\"><img loading=\"lazy\" width=\"1000\" height=\"563\" src=\"https:\/\/www.campingaiguillecreuse.com\/wp-content\/uploads\/2023\/06\/Vue-aerienne-camping-Seine-Maritime.webp\" alt=\"Camping L'aiguille Creuse : Vue Aerienne Camping Seine Maritime\" class=\"wp-image-3700\" srcset=\"https:\/\/www.campingaiguillecreuse.com\/wp-content\/uploads\/2023\/06\/Vue-aerienne-camping-Seine-Maritime.webp 1000w, https:\/\/www.campingaiguillecreuse.com\/wp-content\/uploads\/2023\/06\/Vue-aerienne-camping-Seine-Maritime-300x169.webp 300w, https:\/\/www.campingaiguillecreuse.com\/wp-content\/uploads\/2023\/06\/Vue-aerienne-camping-Seine-Maritime-768x432.webp 768w\" sizes=\"(max-width: 1000px) 100vw, 1000px\" \/><\/figure>\n<\/div>\n\n\n\n<div class=\"wp-block-column\" style=\"flex-basis:100px\"><\/div>\n<\/div>\n\n\n\n<div style=\"height:100px\" aria-hidden=\"true\" class=\"wp-block-spacer\"><\/div>\n","protected":false},"excerpt":{"rendered":"<p>F\u00e9camp De stad F\u00e9camp ligt op slechts 10 km van camping Aiguille creuse, in Seine Maritime, aan de C\u00f4te d&#8217;Alb\u00e2tre&#8230; zo wordt de kustlijn van Pays de Caux genoemd vanwege de witte kleur van de kliffen, die zich over 120 km uitstrekken&#8230; een landschap zoals geen ander in de wereld! Wat is er te doen [&hellip;]<\/p>\n","protected":false},"author":1,"featured_media":0,"parent":2234,"menu_order":2,"comment_status":"closed","ping_status":"closed","template":"","meta":[],"yoast_head":"<!-- This site is optimized with the Yoast SEO plugin v16.7 - https:\/\/yoast.com\/wordpress\/plugins\/seo\/ -->\n<title>Camping in de buurt van F\u00e9camp | Camping de l&#039;Aiguille Creuse<\/title>\n<meta name=\"description\" content=\"Neem de tijd om de stad F\u00e9camp en haar vele bezienswaardigheden te ontdekken tijdens uw volgende vakantie in de buurt, op de 4-sterrencamping L&#039;Aiguille Creuse.\" \/>\n<meta name=\"robots\" content=\"index, follow, max-snippet:-1, max-image-preview:large, max-video-preview:-1\" \/>\n<link rel=\"canonical\" href=\"https:\/\/www.campingaiguillecreuse.com\/nl\/toerisme\/fecamp\/\" \/>\n<meta property=\"og:locale\" content=\"nl_NL\" \/>\n<meta property=\"og:type\" content=\"article\" \/>\n<meta property=\"og:title\" content=\"Camping in de buurt van F\u00e9camp | Camping de l&#039;Aiguille Creuse\" \/>\n<meta property=\"og:description\" content=\"Neem de tijd om de stad F\u00e9camp en haar vele bezienswaardigheden te ontdekken tijdens uw volgende vakantie in de buurt, op de 4-sterrencamping L&#039;Aiguille Creuse.\" \/>\n<meta property=\"og:url\" content=\"https:\/\/www.campingaiguillecreuse.com\/nl\/toerisme\/fecamp\/\" \/>\n<meta property=\"og:site_name\" content=\"Camping L&#039;Aiguille Creuse\" \/>\n<meta property=\"article:publisher\" content=\"https:\/\/www.facebook.com\/campingaiguillecreuse\/\" \/>\n<meta property=\"article:modified_time\" content=\"2026-04-17T10:12:38+00:00\" \/>\n<meta property=\"og:image\" content=\"https:\/\/www.campingaiguillecreuse.com\/wp-content\/uploads\/2021\/07\/photo-635817307913054614-1.webp\" \/>\n<meta name=\"twitter:card\" content=\"summary_large_image\" \/>\n<meta name=\"twitter:label1\" content=\"Geschatte leestijd\" \/>\n\t<meta name=\"twitter:data1\" content=\"6 minuten\" \/>\n<script type=\"application\/ld+json\" class=\"yoast-schema-graph\">{\"@context\":\"https:\/\/schema.org\",\"@graph\":[{\"@type\":\"Organization\",\"@id\":\"https:\/\/www.campingaiguillecreuse.com\/#organization\",\"name\":\"Camping L'aiguille Creuse\",\"url\":\"https:\/\/www.campingaiguillecreuse.com\/\",\"sameAs\":[\"https:\/\/www.facebook.com\/campingaiguillecreuse\/\",\"https:\/\/www.instagram.com\/camping_aiguille_creuse\/\",\"https:\/\/www.wikidata.org\/wiki\/Q138617169\"],\"logo\":{\"@type\":\"ImageObject\",\"@id\":\"https:\/\/www.campingaiguillecreuse.com\/#logo\",\"inLanguage\":\"nl\",\"url\":\"https:\/\/www.campingaiguillecreuse.com\/wp-content\/uploads\/2025\/10\/logo-aiguille-creuse-2025.webp\",\"contentUrl\":\"https:\/\/www.campingaiguillecreuse.com\/wp-content\/uploads\/2025\/10\/logo-aiguille-creuse-2025.webp\",\"width\":1356,\"height\":804,\"caption\":\"Camping L'aiguille Creuse\"},\"image\":{\"@id\":\"https:\/\/www.campingaiguillecreuse.com\/#logo\"}},{\"@type\":\"WebSite\",\"@id\":\"https:\/\/www.campingaiguillecreuse.com\/#website\",\"url\":\"https:\/\/www.campingaiguillecreuse.com\/\",\"name\":\"Camping L&#039;Aiguille Creuse\",\"description\":\"CAMPING **** L&#039; AIGUILLE CREUSE PRES D&#039;ETRETAT EN NORMANDIE Camping en Normandie, avec piscine couverte et chauff\\u00e9e ouverte toute la saison\",\"publisher\":{\"@id\":\"https:\/\/www.campingaiguillecreuse.com\/#organization\"},\"potentialAction\":[{\"@type\":\"SearchAction\",\"target\":{\"@type\":\"EntryPoint\",\"urlTemplate\":\"https:\/\/www.campingaiguillecreuse.com\/?s={search_term_string}\"},\"query-input\":\"required name=search_term_string\"}],\"inLanguage\":\"nl\"},{\"@type\":\"ImageObject\",\"@id\":\"https:\/\/www.campingaiguillecreuse.com\/nl\/toerisme\/fecamp\/#primaryimage\",\"inLanguage\":\"nl\",\"url\":\"https:\/\/www.campingaiguillecreuse.com\/wp-content\/uploads\/2021\/07\/photo-635817307913054614-1.webp\",\"contentUrl\":\"https:\/\/www.campingaiguillecreuse.com\/wp-content\/uploads\/2021\/07\/photo-635817307913054614-1.webp\"},{\"@type\":\"WebPage\",\"@id\":\"https:\/\/www.campingaiguillecreuse.com\/nl\/toerisme\/fecamp\/#webpage\",\"url\":\"https:\/\/www.campingaiguillecreuse.com\/nl\/toerisme\/fecamp\/\",\"name\":\"Camping in de buurt van F\\u00e9camp | Camping de l'Aiguille Creuse\",\"isPartOf\":{\"@id\":\"https:\/\/www.campingaiguillecreuse.com\/#website\"},\"primaryImageOfPage\":{\"@id\":\"https:\/\/www.campingaiguillecreuse.com\/nl\/toerisme\/fecamp\/#primaryimage\"},\"datePublished\":\"2021-07-13T08:22:19+00:00\",\"dateModified\":\"2026-04-17T10:12:38+00:00\",\"description\":\"Neem de tijd om de stad F\\u00e9camp en haar vele bezienswaardigheden te ontdekken tijdens uw volgende vakantie in de buurt, op de 4-sterrencamping L'Aiguille Creuse.\",\"breadcrumb\":{\"@id\":\"https:\/\/www.campingaiguillecreuse.com\/nl\/toerisme\/fecamp\/#breadcrumb\"},\"inLanguage\":\"nl\",\"potentialAction\":[{\"@type\":\"ReadAction\",\"target\":[\"https:\/\/www.campingaiguillecreuse.com\/nl\/toerisme\/fecamp\/\"]}]},{\"@type\":\"BreadcrumbList\",\"@id\":\"https:\/\/www.campingaiguillecreuse.com\/nl\/toerisme\/fecamp\/#breadcrumb\",\"itemListElement\":[{\"@type\":\"ListItem\",\"position\":1,\"name\":\"Accueil\",\"item\":\"https:\/\/www.campingaiguillecreuse.com\/nl\/\"},{\"@type\":\"ListItem\",\"position\":2,\"name\":\"Toerisme\",\"item\":\"https:\/\/www.campingaiguillecreuse.com\/nl\/toerisme\/\"},{\"@type\":\"ListItem\",\"position\":3,\"name\":\"F\\u00e9camp\"}]}]}<\/script>\n<!-- \/ Yoast SEO plugin. -->","yoast_head_json":{"title":"Camping in de buurt van F\u00e9camp | Camping de l'Aiguille Creuse","description":"Neem de tijd om de stad F\u00e9camp en haar vele bezienswaardigheden te ontdekken tijdens uw volgende vakantie in de buurt, op de 4-sterrencamping L'Aiguille Creuse.","robots":{"index":"index","follow":"follow","max-snippet":"max-snippet:-1","max-image-preview":"max-image-preview:large","max-video-preview":"max-video-preview:-1"},"canonical":"https:\/\/www.campingaiguillecreuse.com\/nl\/toerisme\/fecamp\/","og_locale":"nl_NL","og_type":"article","og_title":"Camping in de buurt van F\u00e9camp | Camping de l'Aiguille Creuse","og_description":"Neem de tijd om de stad F\u00e9camp en haar vele bezienswaardigheden te ontdekken tijdens uw volgende vakantie in de buurt, op de 4-sterrencamping L'Aiguille Creuse.","og_url":"https:\/\/www.campingaiguillecreuse.com\/nl\/toerisme\/fecamp\/","og_site_name":"Camping L&#039;Aiguille Creuse","article_publisher":"https:\/\/www.facebook.com\/campingaiguillecreuse\/","article_modified_time":"2026-04-17T10:12:38+00:00","og_image":[{"url":"https:\/\/www.campingaiguillecreuse.com\/wp-content\/uploads\/2021\/07\/photo-635817307913054614-1.webp"}],"twitter_card":"summary_large_image","twitter_misc":{"Geschatte leestijd":"6 minuten"},"schema":{"@context":"https:\/\/schema.org","@graph":[{"@type":"Organization","@id":"https:\/\/www.campingaiguillecreuse.com\/#organization","name":"Camping L'aiguille Creuse","url":"https:\/\/www.campingaiguillecreuse.com\/","sameAs":["https:\/\/www.facebook.com\/campingaiguillecreuse\/","https:\/\/www.instagram.com\/camping_aiguille_creuse\/","https:\/\/www.wikidata.org\/wiki\/Q138617169"],"logo":{"@type":"ImageObject","@id":"https:\/\/www.campingaiguillecreuse.com\/#logo","inLanguage":"nl","url":"https:\/\/www.campingaiguillecreuse.com\/wp-content\/uploads\/2025\/10\/logo-aiguille-creuse-2025.webp","contentUrl":"https:\/\/www.campingaiguillecreuse.com\/wp-content\/uploads\/2025\/10\/logo-aiguille-creuse-2025.webp","width":1356,"height":804,"caption":"Camping L'aiguille Creuse"},"image":{"@id":"https:\/\/www.campingaiguillecreuse.com\/#logo"}},{"@type":"WebSite","@id":"https:\/\/www.campingaiguillecreuse.com\/#website","url":"https:\/\/www.campingaiguillecreuse.com\/","name":"Camping L&#039;Aiguille Creuse","description":"CAMPING **** L&#039; AIGUILLE CREUSE PRES D&#039;ETRETAT EN NORMANDIE Camping en Normandie, avec piscine couverte et chauff\u00e9e ouverte toute la saison","publisher":{"@id":"https:\/\/www.campingaiguillecreuse.com\/#organization"},"potentialAction":[{"@type":"SearchAction","target":{"@type":"EntryPoint","urlTemplate":"https:\/\/www.campingaiguillecreuse.com\/?s={search_term_string}"},"query-input":"required name=search_term_string"}],"inLanguage":"nl"},{"@type":"ImageObject","@id":"https:\/\/www.campingaiguillecreuse.com\/nl\/toerisme\/fecamp\/#primaryimage","inLanguage":"nl","url":"https:\/\/www.campingaiguillecreuse.com\/wp-content\/uploads\/2021\/07\/photo-635817307913054614-1.webp","contentUrl":"https:\/\/www.campingaiguillecreuse.com\/wp-content\/uploads\/2021\/07\/photo-635817307913054614-1.webp"},{"@type":"WebPage","@id":"https:\/\/www.campingaiguillecreuse.com\/nl\/toerisme\/fecamp\/#webpage","url":"https:\/\/www.campingaiguillecreuse.com\/nl\/toerisme\/fecamp\/","name":"Camping in de buurt van F\u00e9camp | Camping de l'Aiguille Creuse","isPartOf":{"@id":"https:\/\/www.campingaiguillecreuse.com\/#website"},"primaryImageOfPage":{"@id":"https:\/\/www.campingaiguillecreuse.com\/nl\/toerisme\/fecamp\/#primaryimage"},"datePublished":"2021-07-13T08:22:19+00:00","dateModified":"2026-04-17T10:12:38+00:00","description":"Neem de tijd om de stad F\u00e9camp en haar vele bezienswaardigheden te ontdekken tijdens uw volgende vakantie in de buurt, op de 4-sterrencamping L'Aiguille Creuse.","breadcrumb":{"@id":"https:\/\/www.campingaiguillecreuse.com\/nl\/toerisme\/fecamp\/#breadcrumb"},"inLanguage":"nl","potentialAction":[{"@type":"ReadAction","target":["https:\/\/www.campingaiguillecreuse.com\/nl\/toerisme\/fecamp\/"]}]},{"@type":"BreadcrumbList","@id":"https:\/\/www.campingaiguillecreuse.com\/nl\/toerisme\/fecamp\/#breadcrumb","itemListElement":[{"@type":"ListItem","position":1,"name":"Accueil","item":"https:\/\/www.campingaiguillecreuse.com\/nl\/"},{"@type":"ListItem","position":2,"name":"Toerisme","item":"https:\/\/www.campingaiguillecreuse.com\/nl\/toerisme\/"},{"@type":"ListItem","position":3,"name":"F\u00e9camp"}]}]}},"_links":{"self":[{"href":"https:\/\/www.campingaiguillecreuse.com\/nl\/wp-json\/wp\/v2\/pages\/2240"}],"collection":[{"href":"https:\/\/www.campingaiguillecreuse.com\/nl\/wp-json\/wp\/v2\/pages"}],"about":[{"href":"https:\/\/www.campingaiguillecreuse.com\/nl\/wp-json\/wp\/v2\/types\/page"}],"author":[{"embeddable":true,"href":"https:\/\/www.campingaiguillecreuse.com\/nl\/wp-json\/wp\/v2\/users\/1"}],"replies":[{"embeddable":true,"href":"https:\/\/www.campingaiguillecreuse.com\/nl\/wp-json\/wp\/v2\/comments?post=2240"}],"version-history":[{"count":5,"href":"https:\/\/www.campingaiguillecreuse.com\/nl\/wp-json\/wp\/v2\/pages\/2240\/revisions"}],"predecessor-version":[{"id":6304,"href":"https:\/\/www.campingaiguillecreuse.com\/nl\/wp-json\/wp\/v2\/pages\/2240\/revisions\/6304"}],"up":[{"embeddable":true,"href":"https:\/\/www.campingaiguillecreuse.com\/nl\/wp-json\/wp\/v2\/pages\/2234"}],"wp:attachment":[{"href":"https:\/\/www.campingaiguillecreuse.com\/nl\/wp-json\/wp\/v2\/media?parent=2240"}],"curies":[{"name":"wp","href":"https:\/\/api.w.org\/{rel}","templated":true}]}}