{"id":2238,"date":"2021-07-13T10:22:03","date_gmt":"2021-07-13T08:22:03","guid":{"rendered":"https:\/\/www.campingaiguillecreuse.com\/toerisme\/etretat\/"},"modified":"2024-10-18T16:34:33","modified_gmt":"2024-10-18T14:34:33","slug":"etretat","status":"publish","type":"page","link":"https:\/\/www.campingaiguillecreuse.com\/nl\/toerisme\/etretat\/","title":{"rendered":"\u00c9tretat"},"content":{"rendered":"\n<section class=\"wp-block-group section_accroche\">\n<h1 class=\"has-text-align-center\">\u00c9tretat in Normandi\u00eb<\/h1>\n\n\n\n<p>Op slechts 5 km van camping l\u2019Aiguille Creuse verwelkomen <strong>\u00c9tretat<\/strong> en zijn majestueuze kliffen je! Dit <strong>Normandische badplaatsje<\/strong> aan de <strong>C\u00f4te d\u2019Alb\u00e2tre<\/strong> wordt gekenmerkt door zijn opmerkelijke kust. Maar dat zijn niet zijn enige pluspunten. Camping L\u2019Aiguille Creuse stelt je voor om kennis te komen maken met de <strong>activiteiten en recreatiemogelijkheden in de omgeving<\/strong> waardoor je vakantie op een camping bij \u00c9tretat onvergetelijk zal worden.<\/p>\n<\/section>\n\n\n\n<section class=\"wp-block-group section_services\">\n<div class=\"wp-block-cover has-background-dim-90 has-primaire-background-color has-background-dim\"><img class=\"wp-block-cover__image-background wp-image-495\" alt=\"\" src=\"https:\/\/www.campingaiguillecreuse.com\/wp-content\/uploads\/2021\/07\/photo-635817307913054614-1.webp\" data-object-fit=\"cover\"\/><div class=\"wp-block-cover__inner-container\">\n<div class=\"wp-block-columns are-vertically-aligned-center\">\n<div class=\"wp-block-column is-vertically-aligned-center\" style=\"flex-basis:40%\">\n<h2 class=\"has-blanc-color has-text-color\">\u00c9tretat aan de C\u00f4te d\u2019Alb\u00e2tre ontdekken<\/h2>\n\n\n\n<p class=\"has-blanc-color has-text-color\">\u00c9tretat is beroemd om zijn grandioze en indrukwekkende kliffen aan de C\u00f4te d&#8217;Alb\u00e2tre in de <strong>Seine-Maritime<\/strong>. Deze hebben bijzondere vormen die door de zee in de krijtrots en de silex zijn uitgehold en dalen steil af naar het <strong>Kanaal<\/strong>. Ze heten&nbsp;<strong>L\u2019Aiguille Creuse<\/strong>, Manneporte, Courtine (met zijn sleutelgat), Porte d\u2019Amont en Porte d\u2019Aval. Tijdens een wandeling over het kustpad kun je ze van heel dichtbij bekijken.<\/p>\n\n\n\n<p class=\"has-blanc-color has-text-color\">Bij laag water heb je toegang tot het strand, de legendarische grot \u2018trou \u00e0 l\u2019homme\u2019 en de oesterputten uit de 18<sup>e<\/sup>&nbsp;eeuw.<\/p>\n<\/div>\n\n\n\n<div class=\"wp-block-column is-vertically-aligned-center col_img-2\" style=\"flex-basis:60%\">\n<figure class=\"wp-block-gallery columns-2 is-cropped\"><ul class=\"blocks-gallery-grid\"><li class=\"blocks-gallery-item\"><figure><img src=\"https:\/\/www.campingaiguillecreuse.com\/wp-content\/uploads\/2021\/07\/photo-635830052746231235-1.webp\" alt=\"Camping L'aiguille Creuse: foto 635830052746231235 1\" data-id=\"463\" data-link=\"https:\/\/www.campingaiguillecreuse.com\/camping-seine-maritime\/photo-635830052746231235-1\/\" class=\"wp-image-463\"\/><\/figure><\/li><li class=\"blocks-gallery-item\"><figure><img src=\"https:\/\/www.campingaiguillecreuse.com\/wp-content\/uploads\/2021\/07\/photo-635817305223765925-1.webp\" alt=\"Camping L'aiguille Creuse: foto 635817305223765925 1\" data-id=\"467\" data-link=\"https:\/\/www.campingaiguillecreuse.com\/camping-seine-maritime\/photo-635817305223765925-1\/\" class=\"wp-image-467\"\/><\/figure><\/li><\/ul><\/figure>\n\n\n\n<div class=\"wp-block-buttons is-content-justification-right btn_galerie\">\n<div class=\"wp-block-button\"><a class=\"wp-block-button__link has-blanc-color has-text-color\" href=\"https:\/\/www.campingaiguillecreuse.com\/nl\/fotogalerij\/\"><i class=\"fas fa-images\"><\/i> De fotogalerij bekijken<\/a><\/div>\n<\/div>\n<\/div>\n<\/div>\n<\/div><\/div>\n<\/section>\n\n\n\n<section class=\"wp-block-group section_alentours\">\n<div class=\"wp-block-columns\">\n<div class=\"wp-block-column\" style=\"flex-basis:60%\">\n<h2 class=\"titre_1\">Wat is er in \u00c9tretat te doen en te zien?<\/h2>\n\n\n\n<p>Tijdens een verblijf op de <a href=\"https:\/\/www.campingaiguillecreuse.com\/nl\/\">camping in Etretat<\/a> heb je de keuze uit een ruimte hoeveelheid uitstapjes en activiteiten. Tussen natuurlijk en cultureel erfgoed zul je niet weten waar je moet beginnen tijdens je verblijf in de Seine-Maritime! <\/p>\n\n\n\n<ul><li>Het <strong>strand en zwemmen<\/strong>: <strong>Als je naar \u00c9tretat<\/strong> komt, zul je natuurlijk kunnen profiteren van de prachtige stranden langs de kliffen van de C\u00f4te d\u2019Alb\u00e2tre. Je kunt heerlijk wandelen langs de kust, over het kustpad. Profiteer ook van je verblijf op de <strong>camping bij \u00c9tretat<\/strong> om de <strong>D-daystranden<\/strong> te bezoeken. Liefhebbers van de zee en watersporten zullen ook dol zijn op deze kust. Ze kunnen hier onder andere een <a href=\"https:\/\/www.voilesetgalets.com\/\" target=\"_blank\" rel=\"noreferrer noopener\">uitstapje maken in een Optimist, een catamaran of op een windsurplank<\/a>.<\/li><\/ul>\n<\/div>\n\n\n\n<div class=\"wp-block-column col_img\" style=\"flex-basis:40%\">\n<figure class=\"wp-block-image size-large\"><img src=\"https:\/\/www.campingaiguillecreuse.com\/wp-content\/uploads\/2021\/07\/photo-635817306481284118-1.webp\" alt=\"Camping L'aiguille Creuse: foto 635817306481284118 1\" class=\"wp-image-491\"\/><\/figure>\n\n\n\n<div class=\"wp-block-buttons is-content-justification-right btn_galerie\">\n<div class=\"wp-block-button\"><a class=\"wp-block-button__link has-primaire-color has-text-color\" href=\"https:\/\/www.campingaiguillecreuse.com\/nl\/fotogalerij\/\"><i class=\"fas fa-images\"><\/i> De fotogalerij bekijken<\/a><\/div>\n<\/div>\n<\/div>\n<\/div>\n\n\n\n<ul id=\"block-41e24e16-3eed-4244-9396-3f6be25e5e76\"><li>De golfbaan met 18 holes: Op 50 meter boven de zee geniet je op de <strong>18-holes golfbaan van \u00c9tretat<\/strong> van adembenemende landschappen waar zelfs professionele golfers van onder de indruk zijn.<br><\/li><li>Het <strong>Casino<\/strong> staat midden in de badplaats, met uitzicht op de beroemde kliffen. Hier vind je fruitmachines, kaartspellen, jackpots enz. Profiteer van je campingvakantie bij \u00c9tretat om een gokje te wagen!<br><\/li><li><a href=\"https:\/\/nl.normandie-tourisme.fr\/bezienswaardigheden\/le-clos-lupin-maison-maurice-leblanc\/\" target=\"_blank\" rel=\"noreferrer noopener\">Clos Lupin<\/a> is de naam van het museum dat ooit het vakantiehuis was van de schrijver van Ars\u00e8ne Lupin, Maurice Lupin. Hier kun je een interactieve route met audiogids volgen om de hoofdpersoon van de roman, Ars\u00e8ne Lupin en zijn wereld beter te leren kennen.<br><\/li><li><strong>Ch\u00e2teau des Aygues<\/strong> (Route de F\u00e9camp): het Ch\u00e2teau des Aygues werd in de 19e eeuw gebouwd, tijdens de periode van de zeebaden. De Spaanse koninginnen verbleven hier. Het wordt ook gekenmerkt door de combinatie van steen en baksteen en de 3 architecturale stijlen. In dit kleine kasteel kun je een aantal collecties ontdekken tijdens een rondleiding met gids, die je ook meer zal vertellen over de geschiedenis van dit bijzondere kasteel.<br><\/li><li>De kapel Notre-Dame de la Garde: Notre-Dame de la Garde werd in de 19e eeuw gebouwd en kijkt uit over de Falaise d\u2019Amont. In 1950 werd dit charmante kleine kapelletje geheel gerenoveerd om de bezoekers te laten genieten van adembenemende vergezichten.<br><\/li><li>De <strong>\u2018oude\u2019 markt: <\/strong>op het Place Mar\u00e9chal Foch staat de verrassende overdekte markt van \u00c9tretat, die aan het begin van de 20e eeuw werd gebouwd. Hoewel het een markt is volgens zijn naam, worden hier geen groente en fruit verkocht maar vind je hier ambachtelijke winkels, winkels met streekproducten en souvenirwinkels. De warenmarkt wordt buiten de markthal gehouden, op het plein, op donderdag van 9 tot 13 uur.<br><\/li><li>De<strong> kerk Notre-Dame<\/strong>: liefhebbers van oude gebouwen kunnen hun bezoek aan \u00c9tretat voortzetten bij de indrukwekkende kerk Notre Dame de l\u2019Assomption. Deze andere architecturale parel van \u00c9tretat werd in de 17e eeuw in twee delen gebouwd in zowel Romaanse als gotische stijl.<br><\/li><li>De <a href=\"https:\/\/etretatgarden.fr\/en\/\" target=\"_blank\" rel=\"noreferrer noopener\">Jardins d\u2019\u00c9tretat<\/a>: deze tuinen met het label Jardin remarquable vormen een betoverende omgeving tussen dichterlijkheid en natuur. De tuin bestaat uit 7 themazones die de bezoekers meenemen naar 7 verschillende droomwerelden. De emotietuin, de indrukkentuin en de avatartuin zijn een paar voorbeelden en geven de bezoekers de indruk dat ze door een kunstmuseum in de openlucht wandelen.\u00a0<\/li><\/ul>\n\n\n\n<div style=\"height:16px\" aria-hidden=\"true\" class=\"wp-block-spacer\"><\/div>\n\n\n\n<p>Met zoveel mogelijkheden voor uitstapjes en <a href=\"https:\/\/www.lehavre-etretat-tourisme.com\/en\/\" target=\"_blank\" rel=\"noreferrer noopener\">bezoeken in \u00c9tretat<\/a> tijdens je verblijf op de <strong>camping aan de C\u00f4te d\u2019Alb\u00e2tre<\/strong> vindt iedereen wel iets naar zijn gading! Bovendien komen daar nog de mogelijkheden voor bezoeken aan de nabijgelegen steden en dorpen bij, zoals <a href=\"https:\/\/www.campingaiguillecreuse.com\/nl\/toerisme\/le-havre\/\">Le Havre<\/a>, Honfleur, <a href=\"https:\/\/www.campingaiguillecreuse.com\/nl\/toerisme\/fecamp\/\">F\u00e9camp<\/a> en nog veel meer.<\/p>\n<\/section>\n\n\n\n<p><\/p>\n","protected":false},"excerpt":{"rendered":"<p>\u00c9tretat in Normandi\u00eb Op slechts 5 km van camping l\u2019Aiguille Creuse verwelkomen \u00c9tretat en zijn majestueuze kliffen je! Dit Normandische badplaatsje aan de C\u00f4te d\u2019Alb\u00e2tre wordt gekenmerkt door zijn opmerkelijke kust. Maar dat zijn niet zijn enige pluspunten. Camping L\u2019Aiguille Creuse stelt je voor om kennis te komen maken met de activiteiten en recreatiemogelijkheden in [&hellip;]<\/p>\n","protected":false},"author":1,"featured_media":0,"parent":2234,"menu_order":1,"comment_status":"closed","ping_status":"closed","template":"","meta":[],"yoast_head":"<!-- This site is optimized with the Yoast SEO plugin v16.7 - https:\/\/yoast.com\/wordpress\/plugins\/seo\/ -->\n<title>\u00c9tretat bezoeken - Camping Etretat L&#039;Aiguille Creuse **** Normandi\u00eb<\/title>\n<meta name=\"description\" content=\"\u00c9tretat heeft veel verrassingen voor je in petto met zijn bijzonder gevormde kliffen, zijn stranden, zijn erfgoed, zijn casino, zijn tuinen \u2026\" \/>\n<meta name=\"robots\" content=\"index, follow, max-snippet:-1, max-image-preview:large, max-video-preview:-1\" \/>\n<link rel=\"canonical\" href=\"https:\/\/www.campingaiguillecreuse.com\/nl\/toerisme\/etretat\/\" \/>\n<meta property=\"og:locale\" content=\"nl_NL\" \/>\n<meta property=\"og:type\" content=\"article\" \/>\n<meta property=\"og:title\" content=\"\u00c9tretat bezoeken - Camping Etretat L&#039;Aiguille Creuse **** Normandi\u00eb\" \/>\n<meta property=\"og:description\" content=\"\u00c9tretat heeft veel verrassingen voor je in petto met zijn bijzonder gevormde kliffen, zijn stranden, zijn erfgoed, zijn casino, zijn tuinen \u2026\" \/>\n<meta property=\"og:url\" content=\"https:\/\/www.campingaiguillecreuse.com\/nl\/toerisme\/etretat\/\" \/>\n<meta property=\"og:site_name\" content=\"Camping L&#039;Aiguille Creuse\" \/>\n<meta property=\"article:publisher\" content=\"https:\/\/www.facebook.com\/campingaiguillecreuse\/\" \/>\n<meta property=\"article:modified_time\" content=\"2024-10-18T14:34:33+00:00\" \/>\n<meta property=\"og:image\" content=\"https:\/\/www.campingaiguillecreuse.com\/wp-content\/uploads\/2021\/07\/photo-635817307913054614-1.webp\" \/>\n<meta name=\"twitter:card\" content=\"summary_large_image\" \/>\n<meta name=\"twitter:label1\" content=\"Geschatte leestijd\" \/>\n\t<meta name=\"twitter:data1\" content=\"5 minuten\" \/>\n<script type=\"application\/ld+json\" class=\"yoast-schema-graph\">{\"@context\":\"https:\/\/schema.org\",\"@graph\":[{\"@type\":\"Organization\",\"@id\":\"https:\/\/www.campingaiguillecreuse.com\/#organization\",\"name\":\"Camping L'aiguille Creuse\",\"url\":\"https:\/\/www.campingaiguillecreuse.com\/\",\"sameAs\":[\"https:\/\/www.facebook.com\/campingaiguillecreuse\/\",\"https:\/\/www.instagram.com\/camping_aiguille_creuse\/\",\"https:\/\/www.wikidata.org\/wiki\/Q138617169\"],\"logo\":{\"@type\":\"ImageObject\",\"@id\":\"https:\/\/www.campingaiguillecreuse.com\/#logo\",\"inLanguage\":\"nl\",\"url\":\"https:\/\/www.campingaiguillecreuse.com\/wp-content\/uploads\/2025\/10\/logo-aiguille-creuse-2025.webp\",\"contentUrl\":\"https:\/\/www.campingaiguillecreuse.com\/wp-content\/uploads\/2025\/10\/logo-aiguille-creuse-2025.webp\",\"width\":1356,\"height\":804,\"caption\":\"Camping L'aiguille Creuse\"},\"image\":{\"@id\":\"https:\/\/www.campingaiguillecreuse.com\/#logo\"}},{\"@type\":\"WebSite\",\"@id\":\"https:\/\/www.campingaiguillecreuse.com\/#website\",\"url\":\"https:\/\/www.campingaiguillecreuse.com\/\",\"name\":\"Camping L&#039;Aiguille Creuse\",\"description\":\"CAMPING **** L&#039; AIGUILLE CREUSE PRES D&#039;ETRETAT EN NORMANDIE Camping en Normandie, avec piscine couverte et chauff\\u00e9e ouverte toute la saison\",\"publisher\":{\"@id\":\"https:\/\/www.campingaiguillecreuse.com\/#organization\"},\"potentialAction\":[{\"@type\":\"SearchAction\",\"target\":{\"@type\":\"EntryPoint\",\"urlTemplate\":\"https:\/\/www.campingaiguillecreuse.com\/?s={search_term_string}\"},\"query-input\":\"required name=search_term_string\"}],\"inLanguage\":\"nl\"},{\"@type\":\"ImageObject\",\"@id\":\"https:\/\/www.campingaiguillecreuse.com\/nl\/toerisme\/etretat\/#primaryimage\",\"inLanguage\":\"nl\",\"url\":\"https:\/\/www.campingaiguillecreuse.com\/wp-content\/uploads\/2021\/07\/photo-635817307913054614-1.webp\",\"contentUrl\":\"https:\/\/www.campingaiguillecreuse.com\/wp-content\/uploads\/2021\/07\/photo-635817307913054614-1.webp\"},{\"@type\":\"WebPage\",\"@id\":\"https:\/\/www.campingaiguillecreuse.com\/nl\/toerisme\/etretat\/#webpage\",\"url\":\"https:\/\/www.campingaiguillecreuse.com\/nl\/toerisme\/etretat\/\",\"name\":\"\\u00c9tretat bezoeken - Camping Etretat L'Aiguille Creuse **** Normandi\\u00eb\",\"isPartOf\":{\"@id\":\"https:\/\/www.campingaiguillecreuse.com\/#website\"},\"primaryImageOfPage\":{\"@id\":\"https:\/\/www.campingaiguillecreuse.com\/nl\/toerisme\/etretat\/#primaryimage\"},\"datePublished\":\"2021-07-13T08:22:03+00:00\",\"dateModified\":\"2024-10-18T14:34:33+00:00\",\"description\":\"\\u00c9tretat heeft veel verrassingen voor je in petto met zijn bijzonder gevormde kliffen, zijn stranden, zijn erfgoed, zijn casino, zijn tuinen \\u2026\",\"breadcrumb\":{\"@id\":\"https:\/\/www.campingaiguillecreuse.com\/nl\/toerisme\/etretat\/#breadcrumb\"},\"inLanguage\":\"nl\",\"potentialAction\":[{\"@type\":\"ReadAction\",\"target\":[\"https:\/\/www.campingaiguillecreuse.com\/nl\/toerisme\/etretat\/\"]}]},{\"@type\":\"BreadcrumbList\",\"@id\":\"https:\/\/www.campingaiguillecreuse.com\/nl\/toerisme\/etretat\/#breadcrumb\",\"itemListElement\":[{\"@type\":\"ListItem\",\"position\":1,\"name\":\"Accueil\",\"item\":\"https:\/\/www.campingaiguillecreuse.com\/nl\/\"},{\"@type\":\"ListItem\",\"position\":2,\"name\":\"Toerisme\",\"item\":\"https:\/\/www.campingaiguillecreuse.com\/nl\/toerisme\/\"},{\"@type\":\"ListItem\",\"position\":3,\"name\":\"\\u00c9tretat\"}]}]}<\/script>\n<!-- \/ Yoast SEO plugin. -->","yoast_head_json":{"title":"\u00c9tretat bezoeken - Camping Etretat L'Aiguille Creuse **** Normandi\u00eb","description":"\u00c9tretat heeft veel verrassingen voor je in petto met zijn bijzonder gevormde kliffen, zijn stranden, zijn erfgoed, zijn casino, zijn tuinen \u2026","robots":{"index":"index","follow":"follow","max-snippet":"max-snippet:-1","max-image-preview":"max-image-preview:large","max-video-preview":"max-video-preview:-1"},"canonical":"https:\/\/www.campingaiguillecreuse.com\/nl\/toerisme\/etretat\/","og_locale":"nl_NL","og_type":"article","og_title":"\u00c9tretat bezoeken - Camping Etretat L'Aiguille Creuse **** Normandi\u00eb","og_description":"\u00c9tretat heeft veel verrassingen voor je in petto met zijn bijzonder gevormde kliffen, zijn stranden, zijn erfgoed, zijn casino, zijn tuinen \u2026","og_url":"https:\/\/www.campingaiguillecreuse.com\/nl\/toerisme\/etretat\/","og_site_name":"Camping L&#039;Aiguille Creuse","article_publisher":"https:\/\/www.facebook.com\/campingaiguillecreuse\/","article_modified_time":"2024-10-18T14:34:33+00:00","og_image":[{"url":"https:\/\/www.campingaiguillecreuse.com\/wp-content\/uploads\/2021\/07\/photo-635817307913054614-1.webp"}],"twitter_card":"summary_large_image","twitter_misc":{"Geschatte leestijd":"5 minuten"},"schema":{"@context":"https:\/\/schema.org","@graph":[{"@type":"Organization","@id":"https:\/\/www.campingaiguillecreuse.com\/#organization","name":"Camping L'aiguille Creuse","url":"https:\/\/www.campingaiguillecreuse.com\/","sameAs":["https:\/\/www.facebook.com\/campingaiguillecreuse\/","https:\/\/www.instagram.com\/camping_aiguille_creuse\/","https:\/\/www.wikidata.org\/wiki\/Q138617169"],"logo":{"@type":"ImageObject","@id":"https:\/\/www.campingaiguillecreuse.com\/#logo","inLanguage":"nl","url":"https:\/\/www.campingaiguillecreuse.com\/wp-content\/uploads\/2025\/10\/logo-aiguille-creuse-2025.webp","contentUrl":"https:\/\/www.campingaiguillecreuse.com\/wp-content\/uploads\/2025\/10\/logo-aiguille-creuse-2025.webp","width":1356,"height":804,"caption":"Camping L'aiguille Creuse"},"image":{"@id":"https:\/\/www.campingaiguillecreuse.com\/#logo"}},{"@type":"WebSite","@id":"https:\/\/www.campingaiguillecreuse.com\/#website","url":"https:\/\/www.campingaiguillecreuse.com\/","name":"Camping L&#039;Aiguille Creuse","description":"CAMPING **** L&#039; AIGUILLE CREUSE PRES D&#039;ETRETAT EN NORMANDIE Camping en Normandie, avec piscine couverte et chauff\u00e9e ouverte toute la saison","publisher":{"@id":"https:\/\/www.campingaiguillecreuse.com\/#organization"},"potentialAction":[{"@type":"SearchAction","target":{"@type":"EntryPoint","urlTemplate":"https:\/\/www.campingaiguillecreuse.com\/?s={search_term_string}"},"query-input":"required name=search_term_string"}],"inLanguage":"nl"},{"@type":"ImageObject","@id":"https:\/\/www.campingaiguillecreuse.com\/nl\/toerisme\/etretat\/#primaryimage","inLanguage":"nl","url":"https:\/\/www.campingaiguillecreuse.com\/wp-content\/uploads\/2021\/07\/photo-635817307913054614-1.webp","contentUrl":"https:\/\/www.campingaiguillecreuse.com\/wp-content\/uploads\/2021\/07\/photo-635817307913054614-1.webp"},{"@type":"WebPage","@id":"https:\/\/www.campingaiguillecreuse.com\/nl\/toerisme\/etretat\/#webpage","url":"https:\/\/www.campingaiguillecreuse.com\/nl\/toerisme\/etretat\/","name":"\u00c9tretat bezoeken - Camping Etretat L'Aiguille Creuse **** Normandi\u00eb","isPartOf":{"@id":"https:\/\/www.campingaiguillecreuse.com\/#website"},"primaryImageOfPage":{"@id":"https:\/\/www.campingaiguillecreuse.com\/nl\/toerisme\/etretat\/#primaryimage"},"datePublished":"2021-07-13T08:22:03+00:00","dateModified":"2024-10-18T14:34:33+00:00","description":"\u00c9tretat heeft veel verrassingen voor je in petto met zijn bijzonder gevormde kliffen, zijn stranden, zijn erfgoed, zijn casino, zijn tuinen \u2026","breadcrumb":{"@id":"https:\/\/www.campingaiguillecreuse.com\/nl\/toerisme\/etretat\/#breadcrumb"},"inLanguage":"nl","potentialAction":[{"@type":"ReadAction","target":["https:\/\/www.campingaiguillecreuse.com\/nl\/toerisme\/etretat\/"]}]},{"@type":"BreadcrumbList","@id":"https:\/\/www.campingaiguillecreuse.com\/nl\/toerisme\/etretat\/#breadcrumb","itemListElement":[{"@type":"ListItem","position":1,"name":"Accueil","item":"https:\/\/www.campingaiguillecreuse.com\/nl\/"},{"@type":"ListItem","position":2,"name":"Toerisme","item":"https:\/\/www.campingaiguillecreuse.com\/nl\/toerisme\/"},{"@type":"ListItem","position":3,"name":"\u00c9tretat"}]}]}},"_links":{"self":[{"href":"https:\/\/www.campingaiguillecreuse.com\/nl\/wp-json\/wp\/v2\/pages\/2238"}],"collection":[{"href":"https:\/\/www.campingaiguillecreuse.com\/nl\/wp-json\/wp\/v2\/pages"}],"about":[{"href":"https:\/\/www.campingaiguillecreuse.com\/nl\/wp-json\/wp\/v2\/types\/page"}],"author":[{"embeddable":true,"href":"https:\/\/www.campingaiguillecreuse.com\/nl\/wp-json\/wp\/v2\/users\/1"}],"replies":[{"embeddable":true,"href":"https:\/\/www.campingaiguillecreuse.com\/nl\/wp-json\/wp\/v2\/comments?post=2238"}],"version-history":[{"count":5,"href":"https:\/\/www.campingaiguillecreuse.com\/nl\/wp-json\/wp\/v2\/pages\/2238\/revisions"}],"predecessor-version":[{"id":4557,"href":"https:\/\/www.campingaiguillecreuse.com\/nl\/wp-json\/wp\/v2\/pages\/2238\/revisions\/4557"}],"up":[{"embeddable":true,"href":"https:\/\/www.campingaiguillecreuse.com\/nl\/wp-json\/wp\/v2\/pages\/2234"}],"wp:attachment":[{"href":"https:\/\/www.campingaiguillecreuse.com\/nl\/wp-json\/wp\/v2\/media?parent=2238"}],"curies":[{"name":"wp","href":"https:\/\/api.w.org\/{rel}","templated":true}]}}