{"id":2223,"date":"2021-07-13T10:20:11","date_gmt":"2021-07-13T08:20:11","guid":{"rendered":"https:\/\/www.campingaiguillecreuse.com\/verhuur\/mobilhomes\/"},"modified":"2026-04-16T15:29:13","modified_gmt":"2026-04-16T13:29:13","slug":"mobilhomes","status":"publish","type":"page","link":"https:\/\/www.campingaiguillecreuse.com\/nl\/verhuur\/mobilhomes\/","title":{"rendered":"Mobilhomes"},"content":{"rendered":"\n<div class=\"wp-block-cover has-background-dim-20 has-primaire-background-color has-background-dim section_header\"><img loading=\"lazy\" width=\"1920\" height=\"1279\" class=\"wp-block-cover__image-background wp-image-6280\" alt=\"\" src=\"https:\/\/www.campingaiguillecreuse.com\/wp-content\/uploads\/2026\/04\/2025_Aiguille_Creuse_hebergement_Sunelia@Photo911-51.webp\" style=\"object-position:49% 50%\" data-object-fit=\"cover\" data-object-position=\"49% 50%\" srcset=\"https:\/\/www.campingaiguillecreuse.com\/wp-content\/uploads\/2026\/04\/2025_Aiguille_Creuse_hebergement_Sunelia@Photo911-51.webp 1920w, https:\/\/www.campingaiguillecreuse.com\/wp-content\/uploads\/2026\/04\/2025_Aiguille_Creuse_hebergement_Sunelia@Photo911-51-300x200.webp 300w, https:\/\/www.campingaiguillecreuse.com\/wp-content\/uploads\/2026\/04\/2025_Aiguille_Creuse_hebergement_Sunelia@Photo911-51-1024x682.webp 1024w, https:\/\/www.campingaiguillecreuse.com\/wp-content\/uploads\/2026\/04\/2025_Aiguille_Creuse_hebergement_Sunelia@Photo911-51-768x512.webp 768w, https:\/\/www.campingaiguillecreuse.com\/wp-content\/uploads\/2026\/04\/2025_Aiguille_Creuse_hebergement_Sunelia@Photo911-51-1536x1023.webp 1536w\" sizes=\"(max-width: 1920px) 100vw, 1920px\" \/><div class=\"wp-block-cover__inner-container\">\n<h1 class=\"has-text-align-center titre_1\">Verhuur van stacaravans in Normandie bij Etretat<\/h1>\n<\/div><\/div>\n\n\n\n<section class=\"wp-block-group section_accroche\">\n<p class=\"has-text-align-center\">Zin in een <strong>vakantie op een kamperen bij Etretat<\/strong>, in een accommodatie in de natuur met veel comfort? Onze <strong>stacaravans in Normandie<\/strong> met 1, 2, 3 of 4 slaapkamers zijn voor jou gemaakt!<\/p>\n\n\n\n<ul class=\"liste_points_forts\"><li><i class=\"fas fa-stars\"><\/i> Label \u2018camping qualit\u00e9\u2019<\/li><li><i class=\"fas fa-trees\"><\/i> Natuurlijke omgeving en ontspanning<\/li><li><i class=\"fas fa-couch\"><\/i> Comfortabel slaapkamer<\/li><\/ul>\n<\/section>\n\n\n\n<section class=\"wp-block-group section_services\">\n<div class=\"wp-block-cover has-background-dim-90 has-primaire-background-color has-background-dim\"><img class=\"wp-block-cover__image-background wp-image-495\" alt=\"\" src=\"https:\/\/www.campingaiguillecreuse.com\/wp-content\/uploads\/2021\/07\/photo-635817307913054614-1.webp\" data-object-fit=\"cover\"\/><div class=\"wp-block-cover__inner-container\">\n<div class=\"wp-block-columns are-vertically-aligned-center\">\n<div class=\"wp-block-column is-vertically-aligned-center\" style=\"flex-basis:40%\">\n<h2 class=\"titre_1 has-blanc-color has-text-color\">Onze verhuur van stacaravans in Normandi\u00eb<\/h2>\n\n\n\n<p class=\"has-blanc-color has-text-color\">Geniet van een heerlijke vakantie op onze <strong>4-sterren camping in Normandie<\/strong>! Voor een geslaagd verblijf kies je voor een van onze <strong>stacaravans in Normandie<\/strong>! Ze zijn functioneel, goed uitgerust en mooi ingericht met al het benodigde comfort voor een aangenaam verblijf. Kom je met z\u2019n twee\u00ebn, met z\u2019n vieren, met z\u2019n zessen of met z\u2019n achten? Wij hebben de <strong>mobilhome in Normandie<\/strong> die je nodig hebt! Kies uit onze 41 mobilhomes met 1 slaapkamer, 2 slaapkamers, 3 slaapkamers of 4 slaapkamers.&nbsp;<\/p>\n\n\n\n<p>Camping l&#8217;Aiguille Creuse heeft drie categorie\u00ebn mobilhomes: <strong>Confort<\/strong>, <strong>Prestige <\/strong>en <strong>Luxe<\/strong>, met meerdere uitrustingsniveaus.<\/p>\n\n\n\n<p>Een <strong>stacaravan huren in Normandi\u00eb bij \u00c9tretat<\/strong> is een uitstekende optie om te genieten van een schilderachtige kustvakantie. \u00c9tretat, gelegen aan de C\u00f4te d&#8217;Alb\u00e2tre, staat bekend om zijn spectaculaire kliffen en adembenemende zeegezicht. Door een stacaravan te huren in dit gebied kunt u de prachtige stranden ontdekken, de charmante kustdorpjes verkennen en uzelf onderdompelen in de Normandische geschiedenis en cultuur. Of u nu op zoek bent naar wateractiviteiten, kustwandelingen of gewoon lekker ontspannen aan zee, verhuur vaan <strong>mobilhome bij Etretat in Normandi\u00eb<\/strong> bezorgt u een onvergetelijk verblijf in een betoverende natuurlijke omgeving. <\/p>\n\n\n\n<div class=\"wp-block-buttons is-content-justification-right\">\n<div class=\"wp-block-button btn_resa\"><a class=\"wp-block-button__link has-primaire-color has-blanc-background-color has-text-color has-background\">Een mobilhome vinden <i class=\"fas fa-search\"><\/i><\/a><\/div>\n<\/div>\n<\/div>\n\n\n\n<div class=\"wp-block-column is-vertically-aligned-center col_img\" style=\"flex-basis:60%\">\n<figure class=\"wp-block-image size-large\"><img loading=\"lazy\" width=\"1024\" height=\"461\" src=\"https:\/\/www.campingaiguillecreuse.com\/wp-content\/uploads\/2022\/11\/MH-Prestige-1024x461.png\" alt=\"\" class=\"wp-image-3092\" srcset=\"https:\/\/www.campingaiguillecreuse.com\/wp-content\/uploads\/2022\/11\/MH-Prestige-1024x461.png 1024w, https:\/\/www.campingaiguillecreuse.com\/wp-content\/uploads\/2022\/11\/MH-Prestige-300x135.png 300w, https:\/\/www.campingaiguillecreuse.com\/wp-content\/uploads\/2022\/11\/MH-Prestige-768x346.png 768w, https:\/\/www.campingaiguillecreuse.com\/wp-content\/uploads\/2022\/11\/MH-Prestige-1536x691.png 1536w, https:\/\/www.campingaiguillecreuse.com\/wp-content\/uploads\/2022\/11\/MH-Prestige-2048x922.png 2048w\" sizes=\"(max-width: 1024px) 100vw, 1024px\" \/><\/figure>\n\n\n\n<div class=\"wp-block-buttons is-content-justification-right btn_galerie\">\n<div class=\"wp-block-button\"><a class=\"wp-block-button__link has-blanc-color has-text-color\" href=\"https:\/\/www.campingaiguillecreuse.com\/nl\/fotogalerij\/\"><i class=\"fas fa-images\"><\/i> De fotogalerij bekijken<\/a><\/div>\n<\/div>\n<\/div>\n<\/div>\n\n\n\n<div class=\"wp-block-columns presentation-video\">\n<div class=\"wp-block-column\">\n<h2 class=\"titre_1\">Presentatie van de Prestige stacaravan met 3 slaapkamers<\/h2>\n\n\n\n<figure class=\"wp-block-embed is-type-video is-provider-youtube wp-block-embed-youtube wp-embed-aspect-16-9 wp-has-aspect-ratio\"><div class=\"wp-block-embed__wrapper\">\n<iframe loading=\"lazy\" title=\"Camping L&#039;Aiguille Creuse Pr\u00e8s d&#039;ETRETAT - Mobil-home 3 Chambres\" width=\"500\" height=\"281\" src=\"https:\/\/www.youtube.com\/embed\/gfPZNCVcOpQ?feature=oembed\" frameborder=\"0\" allow=\"accelerometer; autoplay; clipboard-write; encrypted-media; gyroscope; picture-in-picture; web-share\" allowfullscreen><\/iframe>\n<\/div><\/figure>\n<\/div>\n\n\n\n<div class=\"wp-block-column\">\n<h2 class=\"titre_1\">Presentatie van de Confort mobilhome bij Etretat met 3 slaapkamers<\/h2>\n\n\n\n<figure class=\"wp-block-embed is-type-video is-provider-youtube wp-block-embed-youtube wp-embed-aspect-16-9 wp-has-aspect-ratio\"><div class=\"wp-block-embed__wrapper\">\n<iframe loading=\"lazy\" title=\"Camping L&#039;Aiguille Creuse Pr\u00e8s d&#039;ETRETAT - Mobil-home 3 Chambres LOGGIA\" width=\"500\" height=\"281\" src=\"https:\/\/www.youtube.com\/embed\/al9WB3ni2rw?feature=oembed\" frameborder=\"0\" allow=\"accelerometer; autoplay; clipboard-write; encrypted-media; gyroscope; picture-in-picture; web-share\" allowfullscreen><\/iframe>\n<\/div><\/figure>\n<\/div>\n<\/div>\n<\/div><\/div>\n<\/section>\n\n\n\n<section class=\"wp-block-group section_bloc_images\">\n<div class=\"wp-block-columns are-vertically-aligned-center\">\n<div class=\"wp-block-column is-vertically-aligned-center col_img\" style=\"flex-basis:50%\">\n<figure class=\"wp-block-image size-large\"><img loading=\"lazy\" width=\"1024\" height=\"683\" src=\"https:\/\/www.campingaiguillecreuse.com\/wp-content\/uploads\/2025\/12\/2025_Aiguille_Creuse_hebergement_Sunelia@Photo911-2-1024x683.jpg\" alt=\"\" class=\"wp-image-5805\" srcset=\"https:\/\/www.campingaiguillecreuse.com\/wp-content\/uploads\/2025\/12\/2025_Aiguille_Creuse_hebergement_Sunelia@Photo911-2-1024x683.jpg 1024w, https:\/\/www.campingaiguillecreuse.com\/wp-content\/uploads\/2025\/12\/2025_Aiguille_Creuse_hebergement_Sunelia@Photo911-2-300x200.jpg 300w, https:\/\/www.campingaiguillecreuse.com\/wp-content\/uploads\/2025\/12\/2025_Aiguille_Creuse_hebergement_Sunelia@Photo911-2-768x512.jpg 768w, https:\/\/www.campingaiguillecreuse.com\/wp-content\/uploads\/2025\/12\/2025_Aiguille_Creuse_hebergement_Sunelia@Photo911-2-1536x1024.jpg 1536w, https:\/\/www.campingaiguillecreuse.com\/wp-content\/uploads\/2025\/12\/2025_Aiguille_Creuse_hebergement_Sunelia@Photo911-2-2048x1365.jpg 2048w\" sizes=\"(max-width: 1024px) 100vw, 1024px\" \/><\/figure>\n<\/div>\n\n\n\n<div class=\"wp-block-column is-vertically-aligned-center\" style=\"flex-basis:50%\">\n<h2>Praktische informatie<\/h2>\n\n\n\n<p>Aankomst tussen 16 en 19 uur en vertrek voor 10 uur.<br>Huisdieren zijn toegestaan in al onze accommodaties (behalve categorie 1 of 2) voor \u20ac 10 per nacht in de categorie comfort en prestige, en \u20ac 12 per nacht in de categorie luxe.<br>Lakens en handdoeken worden niet meegeleverd (behalve in de Luxe-klasse). Je kunt ervoor kiezen om deze te huren:<\/p>\n\n\n\n<ul><li>Lakenset: \u20ac 12<\/li><li>Lakens + bedden opgemaakt bij aankomst: \u20ac 22 per bed<\/li><li>Handdoeken (een badlaken en een kleine handdoek): \u20ac 5 per persoon<\/li><li>De kosten van de eindschoonmaak zijn niet inbegrepen.<\/li><li>In juli en augustus: Minimaal 3 nachten (behalve luxe categorie)<\/li><li>In het laagseizoen is de aankomst- en vertrekdag vrij, verblijf van minimaal 2 nachten (buiten feestdagen in het weekend)<\/li><li>optie Hotelpakket (lakens\/bedden opgemaakt\/handdoeken\/eindschoonmaak): \u20ac 35 per persoon (inbegrepen in de Luxe-klasse)<\/li><\/ul>\n\n\n\n<p><\/p>\n\n\n\n<p>E\u00e9n van onze stacaravans in de Comfort-klasse is <strong>volledig aangepast voor gasten met beperkte mobiliteit<\/strong>.<\/p>\n\n\n\n<div class=\"wp-block-buttons is-content-justification-center\">\n<div class=\"wp-block-button\"><a class=\"wp-block-button__link has-primaire-background-color has-background\" href=\"https:\/\/www.campingaiguillecreuse.com\/nl\/faciliteiten\/\">De faciliteiten bekijken<\/a><\/div>\n<\/div>\n<\/div>\n<\/div>\n<\/section>\n","protected":false},"excerpt":{"rendered":"<p>Zin in een vakantie op een kamperen bij Etretat, in een accommodatie in de natuur met veel comfort? Onze stacaravans in Normandie met 1, 2, 3 of 4 slaapkamers zijn voor jou gemaakt! Label \u2018camping qualit\u00e9\u2019 Natuurlijke omgeving en ontspanning Comfortabel slaapkamer Praktische informatie Aankomst tussen 16 en 19 uur en vertrek voor 10 uur.Huisdieren [&hellip;]<\/p>\n","protected":false},"author":1,"featured_media":0,"parent":2217,"menu_order":3,"comment_status":"closed","ping_status":"closed","template":"","meta":[],"yoast_head":"<!-- This site is optimized with the Yoast SEO plugin v16.7 - https:\/\/yoast.com\/wordpress\/plugins\/seo\/ -->\n<title>Stacaravans in Normandie, mobil-homes bij Etretat<\/title>\n<meta name=\"description\" content=\"Ontdek onze stacaravans in Normandi\u00eb, in de buurt van Etretat, voor 2, 4 of 6 personen op de 4-sterrencamping met verwarmd zwembad van Aiguille Creuse (76).\" \/>\n<meta name=\"robots\" content=\"index, follow, max-snippet:-1, max-image-preview:large, max-video-preview:-1\" \/>\n<link rel=\"canonical\" href=\"https:\/\/www.campingaiguillecreuse.com\/nl\/verhuur\/mobilhomes\/\" \/>\n<meta property=\"og:locale\" content=\"nl_NL\" \/>\n<meta property=\"og:type\" content=\"article\" \/>\n<meta property=\"og:title\" content=\"Stacaravans in Normandie, mobil-homes bij Etretat\" \/>\n<meta property=\"og:description\" content=\"Ontdek onze stacaravans in Normandi\u00eb, in de buurt van Etretat, voor 2, 4 of 6 personen op de 4-sterrencamping met verwarmd zwembad van Aiguille Creuse (76).\" \/>\n<meta property=\"og:url\" content=\"https:\/\/www.campingaiguillecreuse.com\/nl\/verhuur\/mobilhomes\/\" \/>\n<meta property=\"og:site_name\" content=\"Camping L&#039;Aiguille Creuse\" \/>\n<meta property=\"article:publisher\" content=\"https:\/\/www.facebook.com\/campingaiguillecreuse\/\" \/>\n<meta property=\"article:modified_time\" content=\"2026-04-16T13:29:13+00:00\" \/>\n<meta property=\"og:image\" content=\"https:\/\/www.campingaiguillecreuse.com\/wp-content\/uploads\/2026\/04\/2025_Aiguille_Creuse_hebergement_Sunelia@Photo911-51.webp\" \/>\n<meta name=\"twitter:card\" content=\"summary_large_image\" \/>\n<meta name=\"twitter:label1\" content=\"Geschatte leestijd\" \/>\n\t<meta name=\"twitter:data1\" content=\"3 minuten\" \/>\n<script type=\"application\/ld+json\" class=\"yoast-schema-graph\">{\"@context\":\"https:\/\/schema.org\",\"@graph\":[{\"@type\":\"Organization\",\"@id\":\"https:\/\/www.campingaiguillecreuse.com\/#organization\",\"name\":\"Camping L'aiguille Creuse\",\"url\":\"https:\/\/www.campingaiguillecreuse.com\/\",\"sameAs\":[\"https:\/\/www.facebook.com\/campingaiguillecreuse\/\",\"https:\/\/www.instagram.com\/camping_aiguille_creuse\/\",\"https:\/\/www.wikidata.org\/wiki\/Q138617169\"],\"logo\":{\"@type\":\"ImageObject\",\"@id\":\"https:\/\/www.campingaiguillecreuse.com\/#logo\",\"inLanguage\":\"nl\",\"url\":\"https:\/\/www.campingaiguillecreuse.com\/wp-content\/uploads\/2025\/10\/logo-aiguille-creuse-2025.webp\",\"contentUrl\":\"https:\/\/www.campingaiguillecreuse.com\/wp-content\/uploads\/2025\/10\/logo-aiguille-creuse-2025.webp\",\"width\":1356,\"height\":804,\"caption\":\"Camping L'aiguille Creuse\"},\"image\":{\"@id\":\"https:\/\/www.campingaiguillecreuse.com\/#logo\"}},{\"@type\":\"WebSite\",\"@id\":\"https:\/\/www.campingaiguillecreuse.com\/#website\",\"url\":\"https:\/\/www.campingaiguillecreuse.com\/\",\"name\":\"Camping L&#039;Aiguille Creuse\",\"description\":\"CAMPING **** L&#039; AIGUILLE CREUSE PRES D&#039;ETRETAT EN NORMANDIE Camping en Normandie, avec piscine couverte et chauff\\u00e9e ouverte toute la saison\",\"publisher\":{\"@id\":\"https:\/\/www.campingaiguillecreuse.com\/#organization\"},\"potentialAction\":[{\"@type\":\"SearchAction\",\"target\":{\"@type\":\"EntryPoint\",\"urlTemplate\":\"https:\/\/www.campingaiguillecreuse.com\/?s={search_term_string}\"},\"query-input\":\"required name=search_term_string\"}],\"inLanguage\":\"nl\"},{\"@type\":\"ImageObject\",\"@id\":\"https:\/\/www.campingaiguillecreuse.com\/nl\/verhuur\/mobilhomes\/#primaryimage\",\"inLanguage\":\"nl\",\"url\":\"https:\/\/www.campingaiguillecreuse.com\/wp-content\/uploads\/2026\/04\/2025_Aiguille_Creuse_hebergement_Sunelia@Photo911-51.webp\",\"contentUrl\":\"https:\/\/www.campingaiguillecreuse.com\/wp-content\/uploads\/2026\/04\/2025_Aiguille_Creuse_hebergement_Sunelia@Photo911-51.webp\",\"width\":1920,\"height\":1279,\"caption\":\"Camping L&#039;aiguille Creuse : 2025 Aiguille Creuse Hebergement Sunelia@photo911 51\"},{\"@type\":\"WebPage\",\"@id\":\"https:\/\/www.campingaiguillecreuse.com\/nl\/verhuur\/mobilhomes\/#webpage\",\"url\":\"https:\/\/www.campingaiguillecreuse.com\/nl\/verhuur\/mobilhomes\/\",\"name\":\"Stacaravans in Normandie, mobil-homes bij Etretat\",\"isPartOf\":{\"@id\":\"https:\/\/www.campingaiguillecreuse.com\/#website\"},\"primaryImageOfPage\":{\"@id\":\"https:\/\/www.campingaiguillecreuse.com\/nl\/verhuur\/mobilhomes\/#primaryimage\"},\"datePublished\":\"2021-07-13T08:20:11+00:00\",\"dateModified\":\"2026-04-16T13:29:13+00:00\",\"description\":\"Ontdek onze stacaravans in Normandi\\u00eb, in de buurt van Etretat, voor 2, 4 of 6 personen op de 4-sterrencamping met verwarmd zwembad van Aiguille Creuse (76).\",\"breadcrumb\":{\"@id\":\"https:\/\/www.campingaiguillecreuse.com\/nl\/verhuur\/mobilhomes\/#breadcrumb\"},\"inLanguage\":\"nl\",\"potentialAction\":[{\"@type\":\"ReadAction\",\"target\":[\"https:\/\/www.campingaiguillecreuse.com\/nl\/verhuur\/mobilhomes\/\"]}]},{\"@type\":\"BreadcrumbList\",\"@id\":\"https:\/\/www.campingaiguillecreuse.com\/nl\/verhuur\/mobilhomes\/#breadcrumb\",\"itemListElement\":[{\"@type\":\"ListItem\",\"position\":1,\"name\":\"Accueil\",\"item\":\"https:\/\/www.campingaiguillecreuse.com\/nl\/\"},{\"@type\":\"ListItem\",\"position\":2,\"name\":\"Verhuur\",\"item\":\"https:\/\/www.campingaiguillecreuse.com\/nl\/verhuur\/\"},{\"@type\":\"ListItem\",\"position\":3,\"name\":\"Mobilhomes\"}]}]}<\/script>\n<!-- \/ Yoast SEO plugin. -->","yoast_head_json":{"title":"Stacaravans in Normandie, mobil-homes bij Etretat","description":"Ontdek onze stacaravans in Normandi\u00eb, in de buurt van Etretat, voor 2, 4 of 6 personen op de 4-sterrencamping met verwarmd zwembad van Aiguille Creuse (76).","robots":{"index":"index","follow":"follow","max-snippet":"max-snippet:-1","max-image-preview":"max-image-preview:large","max-video-preview":"max-video-preview:-1"},"canonical":"https:\/\/www.campingaiguillecreuse.com\/nl\/verhuur\/mobilhomes\/","og_locale":"nl_NL","og_type":"article","og_title":"Stacaravans in Normandie, mobil-homes bij Etretat","og_description":"Ontdek onze stacaravans in Normandi\u00eb, in de buurt van Etretat, voor 2, 4 of 6 personen op de 4-sterrencamping met verwarmd zwembad van Aiguille Creuse (76).","og_url":"https:\/\/www.campingaiguillecreuse.com\/nl\/verhuur\/mobilhomes\/","og_site_name":"Camping L&#039;Aiguille Creuse","article_publisher":"https:\/\/www.facebook.com\/campingaiguillecreuse\/","article_modified_time":"2026-04-16T13:29:13+00:00","og_image":[{"url":"https:\/\/www.campingaiguillecreuse.com\/wp-content\/uploads\/2026\/04\/2025_Aiguille_Creuse_hebergement_Sunelia@Photo911-51.webp"}],"twitter_card":"summary_large_image","twitter_misc":{"Geschatte leestijd":"3 minuten"},"schema":{"@context":"https:\/\/schema.org","@graph":[{"@type":"Organization","@id":"https:\/\/www.campingaiguillecreuse.com\/#organization","name":"Camping L'aiguille Creuse","url":"https:\/\/www.campingaiguillecreuse.com\/","sameAs":["https:\/\/www.facebook.com\/campingaiguillecreuse\/","https:\/\/www.instagram.com\/camping_aiguille_creuse\/","https:\/\/www.wikidata.org\/wiki\/Q138617169"],"logo":{"@type":"ImageObject","@id":"https:\/\/www.campingaiguillecreuse.com\/#logo","inLanguage":"nl","url":"https:\/\/www.campingaiguillecreuse.com\/wp-content\/uploads\/2025\/10\/logo-aiguille-creuse-2025.webp","contentUrl":"https:\/\/www.campingaiguillecreuse.com\/wp-content\/uploads\/2025\/10\/logo-aiguille-creuse-2025.webp","width":1356,"height":804,"caption":"Camping L'aiguille Creuse"},"image":{"@id":"https:\/\/www.campingaiguillecreuse.com\/#logo"}},{"@type":"WebSite","@id":"https:\/\/www.campingaiguillecreuse.com\/#website","url":"https:\/\/www.campingaiguillecreuse.com\/","name":"Camping L&#039;Aiguille Creuse","description":"CAMPING **** L&#039; AIGUILLE CREUSE PRES D&#039;ETRETAT EN NORMANDIE Camping en Normandie, avec piscine couverte et chauff\u00e9e ouverte toute la saison","publisher":{"@id":"https:\/\/www.campingaiguillecreuse.com\/#organization"},"potentialAction":[{"@type":"SearchAction","target":{"@type":"EntryPoint","urlTemplate":"https:\/\/www.campingaiguillecreuse.com\/?s={search_term_string}"},"query-input":"required name=search_term_string"}],"inLanguage":"nl"},{"@type":"ImageObject","@id":"https:\/\/www.campingaiguillecreuse.com\/nl\/verhuur\/mobilhomes\/#primaryimage","inLanguage":"nl","url":"https:\/\/www.campingaiguillecreuse.com\/wp-content\/uploads\/2026\/04\/2025_Aiguille_Creuse_hebergement_Sunelia@Photo911-51.webp","contentUrl":"https:\/\/www.campingaiguillecreuse.com\/wp-content\/uploads\/2026\/04\/2025_Aiguille_Creuse_hebergement_Sunelia@Photo911-51.webp","width":1920,"height":1279,"caption":"Camping L&#039;aiguille Creuse : 2025 Aiguille Creuse Hebergement Sunelia@photo911 51"},{"@type":"WebPage","@id":"https:\/\/www.campingaiguillecreuse.com\/nl\/verhuur\/mobilhomes\/#webpage","url":"https:\/\/www.campingaiguillecreuse.com\/nl\/verhuur\/mobilhomes\/","name":"Stacaravans in Normandie, mobil-homes bij Etretat","isPartOf":{"@id":"https:\/\/www.campingaiguillecreuse.com\/#website"},"primaryImageOfPage":{"@id":"https:\/\/www.campingaiguillecreuse.com\/nl\/verhuur\/mobilhomes\/#primaryimage"},"datePublished":"2021-07-13T08:20:11+00:00","dateModified":"2026-04-16T13:29:13+00:00","description":"Ontdek onze stacaravans in Normandi\u00eb, in de buurt van Etretat, voor 2, 4 of 6 personen op de 4-sterrencamping met verwarmd zwembad van Aiguille Creuse (76).","breadcrumb":{"@id":"https:\/\/www.campingaiguillecreuse.com\/nl\/verhuur\/mobilhomes\/#breadcrumb"},"inLanguage":"nl","potentialAction":[{"@type":"ReadAction","target":["https:\/\/www.campingaiguillecreuse.com\/nl\/verhuur\/mobilhomes\/"]}]},{"@type":"BreadcrumbList","@id":"https:\/\/www.campingaiguillecreuse.com\/nl\/verhuur\/mobilhomes\/#breadcrumb","itemListElement":[{"@type":"ListItem","position":1,"name":"Accueil","item":"https:\/\/www.campingaiguillecreuse.com\/nl\/"},{"@type":"ListItem","position":2,"name":"Verhuur","item":"https:\/\/www.campingaiguillecreuse.com\/nl\/verhuur\/"},{"@type":"ListItem","position":3,"name":"Mobilhomes"}]}]}},"_links":{"self":[{"href":"https:\/\/www.campingaiguillecreuse.com\/nl\/wp-json\/wp\/v2\/pages\/2223"}],"collection":[{"href":"https:\/\/www.campingaiguillecreuse.com\/nl\/wp-json\/wp\/v2\/pages"}],"about":[{"href":"https:\/\/www.campingaiguillecreuse.com\/nl\/wp-json\/wp\/v2\/types\/page"}],"author":[{"embeddable":true,"href":"https:\/\/www.campingaiguillecreuse.com\/nl\/wp-json\/wp\/v2\/users\/1"}],"replies":[{"embeddable":true,"href":"https:\/\/www.campingaiguillecreuse.com\/nl\/wp-json\/wp\/v2\/comments?post=2223"}],"version-history":[{"count":5,"href":"https:\/\/www.campingaiguillecreuse.com\/nl\/wp-json\/wp\/v2\/pages\/2223\/revisions"}],"predecessor-version":[{"id":6287,"href":"https:\/\/www.campingaiguillecreuse.com\/nl\/wp-json\/wp\/v2\/pages\/2223\/revisions\/6287"}],"up":[{"embeddable":true,"href":"https:\/\/www.campingaiguillecreuse.com\/nl\/wp-json\/wp\/v2\/pages\/2217"}],"wp:attachment":[{"href":"https:\/\/www.campingaiguillecreuse.com\/nl\/wp-json\/wp\/v2\/media?parent=2223"}],"curies":[{"name":"wp","href":"https:\/\/api.w.org\/{rel}","templated":true}]}}