{"id":2221,"date":"2021-07-13T10:19:48","date_gmt":"2021-07-13T08:19:48","guid":{"rendered":"https:\/\/www.campingaiguillecreuse.com\/verhuur\/glamping\/"},"modified":"2022-02-25T11:27:37","modified_gmt":"2022-02-25T10:27:37","slug":"glamping","status":"publish","type":"page","link":"https:\/\/www.campingaiguillecreuse.com\/nl\/verhuur\/glamping\/","title":{"rendered":"Glamping"},"content":{"rendered":"\n<div class=\"wp-block-cover has-background-dim-20 has-primaire-background-color has-background-dim has-parallax section_header\" style=\"background-image:url(https:\/\/www.campingaiguillecreuse.com\/wp-content\/uploads\/2021\/07\/emplacements_10.webp)\"><div class=\"wp-block-cover__inner-container\">\n<h1 class=\"has-text-align-center titre_1\">Onze glamping-accommodaties in \u00c9tretat <\/h1>\n<\/div><\/div>\n\n\n\n<section class=\"wp-block-group section_accroche\">\n<p class=\"has-text-align-center\">Zin om tijdens je volgende verblijf in Normandi\u00eb een bijzondere overnachting uit te proberen? Kom dan naar onze camping in de nabijheid van \u00c9tretat met glamping-accommodaties! Buiten de gebruikelijke mobilhomes kun je hier kiezen voor een nacht in een boot, zonder de zee op te gaan.<\/p>\n\n\n\n<ul class=\"liste_points_forts has-primaire-color has-text-color\"><li><i class=\"fas fa-ship\"><\/i> Glamping-accommodaties<\/li><li><i class=\"fas fa-stars\"><\/i> Label \u2018camping qualit\u00e9\u2019<\/li><li><i class=\"fas fa-trees\"><\/i> Natuurlijke omgeving en ontspanning<\/li><\/ul>\n<\/section>\n\n\n\n<section class=\"wp-block-group section_services\">\n<div class=\"wp-block-cover has-background-dim-90 has-primaire-background-color has-background-dim\"><img class=\"wp-block-cover__image-background wp-image-495\" alt=\"\" src=\"https:\/\/www.campingaiguillecreuse.com\/wp-content\/uploads\/2021\/07\/photo-635817307913054614-1.webp\" data-object-fit=\"cover\"\/><div class=\"wp-block-cover__inner-container\">\n<div class=\"wp-block-columns are-vertically-aligned-center\">\n<div class=\"wp-block-column is-vertically-aligned-center\" style=\"flex-basis:40%\">\n<h2 class=\"has-blanc-color has-text-color\">Glamping bij \u00c9tretat: Bath\u00f4 \u2018Karben\u2019<\/h2>\n\n\n\n<p class=\"has-blanc-color has-text-color\">De \u2018Karben\u2019 is een zeilboot (model SANGRIA) die in 1971 werd gebouwd op de scheepswerf Jeanneau. Na veertig jaar varen is hij ambachtelijk gerestaureerd en kan maximaal 4 personen herbergen aan boord (baby\u2019s en kinderen inbegrepen). Er zijn dan ook 4 slaapplaatsen in 2 hutten, gescheiden door een rolgordijn. De Bath\u00f4 \u2018Karben\u2019 is bijzonder goed uitgerust: verwarming, USB-poorten, ledlamp, Bluetooth-speaker, tafel en wandplanken. Hier kun je je ontspannen of genieten van de maaltijden op het terras met schaduwdoek en tuinmeubels om van de openlucht te profiteren. Net als op de kampeerplaatsen heb je toegang tot verwarmde sanitaire voorzieningen, met douches en wastafels.<\/p>\n\n\n\n<div class=\"wp-block-buttons is-content-justification-right\">\n<div class=\"wp-block-button btn_resa\"><a class=\"wp-block-button__link has-primaire-color has-blanc-background-color has-text-color has-background\">Een glamping-accommodatie vinden <i class=\"fas fa-search\"><\/i><\/a><\/div>\n<\/div>\n<\/div>\n\n\n\n<div class=\"wp-block-column is-vertically-aligned-center col_img-2\" style=\"flex-basis:60%\">\n<figure class=\"wp-block-gallery columns-2 is-cropped\"><ul class=\"blocks-gallery-grid\"><li class=\"blocks-gallery-item\"><figure><img src=\"https:\/\/www.campingaiguillecreuse.com\/wp-content\/uploads\/2021\/07\/insolite_1.webp\" alt=\"Camping L'aiguille Creuse: Glamping boot\" data-id=\"317\" data-link=\"https:\/\/www.campingaiguillecreuse.com\/location-camping-etretat\/hebergement-insolite-etretat\/insolite_1\/\" class=\"wp-image-317\"\/><\/figure><\/li><li class=\"blocks-gallery-item\"><figure><img src=\"https:\/\/www.campingaiguillecreuse.com\/wp-content\/uploads\/2021\/07\/insolite_7.webp\" alt=\"Camping L'aiguille Creuse: Glamping\" data-id=\"313\" data-link=\"https:\/\/www.campingaiguillecreuse.com\/location-camping-etretat\/hebergement-insolite-etretat\/insolite_7\/\" class=\"wp-image-313\"\/><\/figure><\/li><\/ul><\/figure>\n\n\n\n<div class=\"wp-block-buttons is-content-justification-right btn_galerie\">\n<div class=\"wp-block-button\"><a class=\"wp-block-button__link has-blanc-color has-text-color\" href=\"https:\/\/www.campingaiguillecreuse.com\/nl\/fotogalerij\/\"><i class=\"fas fa-images\"><\/i> De fotogalerij bekijken<\/a><\/div>\n<\/div>\n<\/div>\n<\/div>\n<\/div><\/div>\n<\/section>\n\n\n\n<section class=\"wp-block-group section_alentours\">\n<div class=\"wp-block-columns\">\n<div class=\"wp-block-column col_img-2\" style=\"flex-basis:40%\">\n<figure class=\"wp-block-gallery columns-2 is-cropped\"><ul class=\"blocks-gallery-grid\"><li class=\"blocks-gallery-item\"><figure><img src=\"https:\/\/www.campingaiguillecreuse.com\/wp-content\/uploads\/2021\/07\/insolite_9.webp\" alt=\"Camping L'aiguille Creuse: Glamping\" data-id=\"256\" data-link=\"https:\/\/www.campingaiguillecreuse.com\/location-camping-etretat\/insolite_9\/\" class=\"wp-image-256\"\/><\/figure><\/li><li class=\"blocks-gallery-item\"><figure><img src=\"https:\/\/www.campingaiguillecreuse.com\/wp-content\/uploads\/2021\/07\/insolite_11.webp\" alt=\"Camping L'aiguille Creuse: Glamping\" data-id=\"252\" data-link=\"https:\/\/www.campingaiguillecreuse.com\/location-camping-etretat\/insolite_11\/\" class=\"wp-image-252\"\/><\/figure><\/li><\/ul><\/figure>\n\n\n\n<div class=\"wp-block-buttons is-content-justification-left btn_galerie\">\n<div class=\"wp-block-button\"><a class=\"wp-block-button__link has-primaire-color has-text-color\" href=\"https:\/\/www.campingaiguillecreuse.com\/nl\/fotogalerij\/\"><i class=\"fas fa-images\"><\/i> De fotogalerij bekijken<\/a><\/div>\n<\/div>\n<\/div>\n\n\n\n<div class=\"wp-block-column\" style=\"flex-basis:60%\">\n<h2>Glamping: Bath\u00f4 \u2018Marion\u2019<\/h2>\n\n\n\n<p>Een Noorse cruisezeilboot (model SUMMERWIND), gebouwd in 1976 op de scheepswerf Draco. De \u2018Marion\u2019 nodigt je uit aan boord voor een bijzondere overnachting! Na veertig jaren varen heeft hij het anker uitgeworpen op onze camping bij \u00c9tretat. Met zijn 4 slaapplaatsen is hier plaats voor 4 personen in 2 hutten. De Bath\u00f4 \u2018Marion\u2019 is comfortabel en goed uitgerust: verwarming, USB-poorten, ledlamp, Bluetooth-speaker, tafel en wandplanken. Hier kun je je ontspannen of genieten van de maaltijden op het terras met schaduwdoek en tuinmeubels om van de openlucht te profiteren. Er zijn verwarmde sanitaire voorzieningen, met individuele douches en wastafels.&nbsp;<\/p>\n\n\n\n<div class=\"wp-block-buttons is-content-justification-right\">\n<div class=\"wp-block-button btn_resa\"><a class=\"wp-block-button__link has-primaire-background-color has-background\">Een glamping-accommodatie kiezen <i class=\"fas fa-search\"><\/i><\/a><\/div>\n<\/div>\n<\/div>\n<\/div>\n\n\n\n<figure class=\"wp-block-embed aligncenter is-type-video is-provider-youtube wp-block-embed-youtube wp-embed-aspect-16-9 wp-has-aspect-ratio\"><div class=\"wp-block-embed__wrapper\">\n<iframe loading=\"lazy\" title=\"Camping L&#039;Aiguille Creuse Pr\u00e8s d&#039;ETRETAT - Bath\u00f4 MARION\" width=\"500\" height=\"281\" src=\"https:\/\/www.youtube.com\/embed\/Izm25u_o_nY?feature=oembed\" frameborder=\"0\" allow=\"accelerometer; autoplay; clipboard-write; encrypted-media; gyroscope; picture-in-picture\" allowfullscreen><\/iframe>\n<\/div><\/figure>\n<\/section>\n\n\n\n<section class=\"wp-block-group section_bloc_images\">\n<p class=\"has-text-align-center has-primaire-color has-blanc-background-color has-text-color has-background\"> <span style=\"font-size: revert; color: initial;\"><i class=\"fas fa-ship\"><\/i><\/span><\/p>\n\n\n\n<h2 class=\"has-text-align-center\">Handige informatie voor je verblijf in een glamping-accommodatie<\/h2>\n\n\n\n<ul class=\"center\"><li>Je wordt verwacht tussen 16 en 19 uur<\/li><li>Vertrek voor 10.30<\/li><li>Dieren zijn niet toegestaan op de Bath\u00f4s en op de percelen van de Bath\u00f4s<\/li><li>In de B\u00e2tho kan geen babybedje geplaatst worden<\/li><li>De dekbedden, het beddengoed en de handdoeken zijn in de huurprijs inbegrepen.<\/li><li>De kosten van de eindschoonmaak zijn niet inbegrepen<\/li><li>Deze accommodatie is niet toegankelijk voor mensen met een beperkte mobiliteit<\/li><li>De aankomst- en vertrekdag is vrij<\/li><li>Minimaal verblijf 1 overnachting (behalve op feestdagen in het weekend)<\/li><\/ul>\n<\/section>\n","protected":false},"excerpt":{"rendered":"<p>Zin om tijdens je volgende verblijf in Normandi\u00eb een bijzondere overnachting uit te proberen? Kom dan naar onze camping in de nabijheid van \u00c9tretat met glamping-accommodaties! Buiten de gebruikelijke mobilhomes kun je hier kiezen voor een nacht in een boot, zonder de zee op te gaan. Glamping-accommodaties Label \u2018camping qualit\u00e9\u2019 Natuurlijke omgeving en ontspanning Glamping: [&hellip;]<\/p>\n","protected":false},"author":1,"featured_media":0,"parent":2217,"menu_order":2,"comment_status":"closed","ping_status":"closed","template":"","meta":[],"yoast_head":"<!-- This site is optimized with the Yoast SEO plugin v16.7 - https:\/\/yoast.com\/wordpress\/plugins\/seo\/ -->\n<title>Glamping \u00c9tretat - Camping L&#039;Aiguille Creuse 4*<\/title>\n<meta name=\"description\" content=\"Zin in een buitengewone vakantie in Normandi\u00eb? Camping L&#039;Aiguille Creuse heeft glamping-accommodaties voor je vakantie in \u00c9tretat\" \/>\n<meta name=\"robots\" content=\"index, follow, max-snippet:-1, max-image-preview:large, max-video-preview:-1\" \/>\n<link rel=\"canonical\" href=\"https:\/\/www.campingaiguillecreuse.com\/nl\/verhuur\/glamping\/\" \/>\n<meta property=\"og:locale\" content=\"nl_NL\" \/>\n<meta property=\"og:type\" content=\"article\" \/>\n<meta property=\"og:title\" content=\"Glamping \u00c9tretat - Camping L&#039;Aiguille Creuse 4*\" \/>\n<meta property=\"og:description\" content=\"Zin in een buitengewone vakantie in Normandi\u00eb? Camping L&#039;Aiguille Creuse heeft glamping-accommodaties voor je vakantie in \u00c9tretat\" \/>\n<meta property=\"og:url\" content=\"https:\/\/www.campingaiguillecreuse.com\/nl\/verhuur\/glamping\/\" \/>\n<meta property=\"og:site_name\" content=\"Camping L&#039;Aiguille Creuse\" \/>\n<meta property=\"article:publisher\" content=\"https:\/\/www.facebook.com\/campingaiguillecreuse\/\" \/>\n<meta property=\"article:modified_time\" content=\"2022-02-25T10:27:37+00:00\" \/>\n<meta property=\"og:image\" content=\"https:\/\/www.campingaiguillecreuse.com\/wp-content\/uploads\/2021\/07\/photo-635817307913054614-1.webp\" \/>\n<meta name=\"twitter:card\" content=\"summary_large_image\" \/>\n<meta name=\"twitter:label1\" content=\"Geschatte leestijd\" \/>\n\t<meta name=\"twitter:data1\" content=\"3 minuten\" \/>\n<script type=\"application\/ld+json\" class=\"yoast-schema-graph\">{\"@context\":\"https:\/\/schema.org\",\"@graph\":[{\"@type\":\"Organization\",\"@id\":\"https:\/\/www.campingaiguillecreuse.com\/#organization\",\"name\":\"Camping L'aiguille Creuse\",\"url\":\"https:\/\/www.campingaiguillecreuse.com\/\",\"sameAs\":[\"https:\/\/www.facebook.com\/campingaiguillecreuse\/\",\"https:\/\/www.instagram.com\/camping_aiguille_creuse\/\",\"https:\/\/www.wikidata.org\/wiki\/Q138617169\"],\"logo\":{\"@type\":\"ImageObject\",\"@id\":\"https:\/\/www.campingaiguillecreuse.com\/#logo\",\"inLanguage\":\"nl\",\"url\":\"https:\/\/www.campingaiguillecreuse.com\/wp-content\/uploads\/2025\/10\/logo-aiguille-creuse-2025.webp\",\"contentUrl\":\"https:\/\/www.campingaiguillecreuse.com\/wp-content\/uploads\/2025\/10\/logo-aiguille-creuse-2025.webp\",\"width\":1356,\"height\":804,\"caption\":\"Camping L'aiguille Creuse\"},\"image\":{\"@id\":\"https:\/\/www.campingaiguillecreuse.com\/#logo\"}},{\"@type\":\"WebSite\",\"@id\":\"https:\/\/www.campingaiguillecreuse.com\/#website\",\"url\":\"https:\/\/www.campingaiguillecreuse.com\/\",\"name\":\"Camping L&#039;Aiguille Creuse\",\"description\":\"CAMPING **** L&#039; AIGUILLE CREUSE PRES D&#039;ETRETAT EN NORMANDIE Camping en Normandie, avec piscine couverte et chauff\\u00e9e ouverte toute la saison\",\"publisher\":{\"@id\":\"https:\/\/www.campingaiguillecreuse.com\/#organization\"},\"potentialAction\":[{\"@type\":\"SearchAction\",\"target\":{\"@type\":\"EntryPoint\",\"urlTemplate\":\"https:\/\/www.campingaiguillecreuse.com\/?s={search_term_string}\"},\"query-input\":\"required name=search_term_string\"}],\"inLanguage\":\"nl\"},{\"@type\":\"ImageObject\",\"@id\":\"https:\/\/www.campingaiguillecreuse.com\/nl\/verhuur\/glamping\/#primaryimage\",\"inLanguage\":\"nl\",\"url\":\"https:\/\/www.campingaiguillecreuse.com\/wp-content\/uploads\/2021\/07\/photo-635817307913054614-1.webp\",\"contentUrl\":\"https:\/\/www.campingaiguillecreuse.com\/wp-content\/uploads\/2021\/07\/photo-635817307913054614-1.webp\"},{\"@type\":\"WebPage\",\"@id\":\"https:\/\/www.campingaiguillecreuse.com\/nl\/verhuur\/glamping\/#webpage\",\"url\":\"https:\/\/www.campingaiguillecreuse.com\/nl\/verhuur\/glamping\/\",\"name\":\"Glamping \\u00c9tretat - Camping L'Aiguille Creuse 4*\",\"isPartOf\":{\"@id\":\"https:\/\/www.campingaiguillecreuse.com\/#website\"},\"primaryImageOfPage\":{\"@id\":\"https:\/\/www.campingaiguillecreuse.com\/nl\/verhuur\/glamping\/#primaryimage\"},\"datePublished\":\"2021-07-13T08:19:48+00:00\",\"dateModified\":\"2022-02-25T10:27:37+00:00\",\"description\":\"Zin in een buitengewone vakantie in Normandi\\u00eb? Camping L'Aiguille Creuse heeft glamping-accommodaties voor je vakantie in \\u00c9tretat\",\"breadcrumb\":{\"@id\":\"https:\/\/www.campingaiguillecreuse.com\/nl\/verhuur\/glamping\/#breadcrumb\"},\"inLanguage\":\"nl\",\"potentialAction\":[{\"@type\":\"ReadAction\",\"target\":[\"https:\/\/www.campingaiguillecreuse.com\/nl\/verhuur\/glamping\/\"]}]},{\"@type\":\"BreadcrumbList\",\"@id\":\"https:\/\/www.campingaiguillecreuse.com\/nl\/verhuur\/glamping\/#breadcrumb\",\"itemListElement\":[{\"@type\":\"ListItem\",\"position\":1,\"name\":\"Accueil\",\"item\":\"https:\/\/www.campingaiguillecreuse.com\/nl\/\"},{\"@type\":\"ListItem\",\"position\":2,\"name\":\"Verhuur\",\"item\":\"https:\/\/www.campingaiguillecreuse.com\/nl\/verhuur\/\"},{\"@type\":\"ListItem\",\"position\":3,\"name\":\"Glamping\"}]}]}<\/script>\n<!-- \/ Yoast SEO plugin. -->","yoast_head_json":{"title":"Glamping \u00c9tretat - Camping L'Aiguille Creuse 4*","description":"Zin in een buitengewone vakantie in Normandi\u00eb? Camping L'Aiguille Creuse heeft glamping-accommodaties voor je vakantie in \u00c9tretat","robots":{"index":"index","follow":"follow","max-snippet":"max-snippet:-1","max-image-preview":"max-image-preview:large","max-video-preview":"max-video-preview:-1"},"canonical":"https:\/\/www.campingaiguillecreuse.com\/nl\/verhuur\/glamping\/","og_locale":"nl_NL","og_type":"article","og_title":"Glamping \u00c9tretat - Camping L'Aiguille Creuse 4*","og_description":"Zin in een buitengewone vakantie in Normandi\u00eb? Camping L'Aiguille Creuse heeft glamping-accommodaties voor je vakantie in \u00c9tretat","og_url":"https:\/\/www.campingaiguillecreuse.com\/nl\/verhuur\/glamping\/","og_site_name":"Camping L&#039;Aiguille Creuse","article_publisher":"https:\/\/www.facebook.com\/campingaiguillecreuse\/","article_modified_time":"2022-02-25T10:27:37+00:00","og_image":[{"url":"https:\/\/www.campingaiguillecreuse.com\/wp-content\/uploads\/2021\/07\/photo-635817307913054614-1.webp"}],"twitter_card":"summary_large_image","twitter_misc":{"Geschatte leestijd":"3 minuten"},"schema":{"@context":"https:\/\/schema.org","@graph":[{"@type":"Organization","@id":"https:\/\/www.campingaiguillecreuse.com\/#organization","name":"Camping L'aiguille Creuse","url":"https:\/\/www.campingaiguillecreuse.com\/","sameAs":["https:\/\/www.facebook.com\/campingaiguillecreuse\/","https:\/\/www.instagram.com\/camping_aiguille_creuse\/","https:\/\/www.wikidata.org\/wiki\/Q138617169"],"logo":{"@type":"ImageObject","@id":"https:\/\/www.campingaiguillecreuse.com\/#logo","inLanguage":"nl","url":"https:\/\/www.campingaiguillecreuse.com\/wp-content\/uploads\/2025\/10\/logo-aiguille-creuse-2025.webp","contentUrl":"https:\/\/www.campingaiguillecreuse.com\/wp-content\/uploads\/2025\/10\/logo-aiguille-creuse-2025.webp","width":1356,"height":804,"caption":"Camping L'aiguille Creuse"},"image":{"@id":"https:\/\/www.campingaiguillecreuse.com\/#logo"}},{"@type":"WebSite","@id":"https:\/\/www.campingaiguillecreuse.com\/#website","url":"https:\/\/www.campingaiguillecreuse.com\/","name":"Camping L&#039;Aiguille Creuse","description":"CAMPING **** L&#039; AIGUILLE CREUSE PRES D&#039;ETRETAT EN NORMANDIE Camping en Normandie, avec piscine couverte et chauff\u00e9e ouverte toute la saison","publisher":{"@id":"https:\/\/www.campingaiguillecreuse.com\/#organization"},"potentialAction":[{"@type":"SearchAction","target":{"@type":"EntryPoint","urlTemplate":"https:\/\/www.campingaiguillecreuse.com\/?s={search_term_string}"},"query-input":"required name=search_term_string"}],"inLanguage":"nl"},{"@type":"ImageObject","@id":"https:\/\/www.campingaiguillecreuse.com\/nl\/verhuur\/glamping\/#primaryimage","inLanguage":"nl","url":"https:\/\/www.campingaiguillecreuse.com\/wp-content\/uploads\/2021\/07\/photo-635817307913054614-1.webp","contentUrl":"https:\/\/www.campingaiguillecreuse.com\/wp-content\/uploads\/2021\/07\/photo-635817307913054614-1.webp"},{"@type":"WebPage","@id":"https:\/\/www.campingaiguillecreuse.com\/nl\/verhuur\/glamping\/#webpage","url":"https:\/\/www.campingaiguillecreuse.com\/nl\/verhuur\/glamping\/","name":"Glamping \u00c9tretat - Camping L'Aiguille Creuse 4*","isPartOf":{"@id":"https:\/\/www.campingaiguillecreuse.com\/#website"},"primaryImageOfPage":{"@id":"https:\/\/www.campingaiguillecreuse.com\/nl\/verhuur\/glamping\/#primaryimage"},"datePublished":"2021-07-13T08:19:48+00:00","dateModified":"2022-02-25T10:27:37+00:00","description":"Zin in een buitengewone vakantie in Normandi\u00eb? Camping L'Aiguille Creuse heeft glamping-accommodaties voor je vakantie in \u00c9tretat","breadcrumb":{"@id":"https:\/\/www.campingaiguillecreuse.com\/nl\/verhuur\/glamping\/#breadcrumb"},"inLanguage":"nl","potentialAction":[{"@type":"ReadAction","target":["https:\/\/www.campingaiguillecreuse.com\/nl\/verhuur\/glamping\/"]}]},{"@type":"BreadcrumbList","@id":"https:\/\/www.campingaiguillecreuse.com\/nl\/verhuur\/glamping\/#breadcrumb","itemListElement":[{"@type":"ListItem","position":1,"name":"Accueil","item":"https:\/\/www.campingaiguillecreuse.com\/nl\/"},{"@type":"ListItem","position":2,"name":"Verhuur","item":"https:\/\/www.campingaiguillecreuse.com\/nl\/verhuur\/"},{"@type":"ListItem","position":3,"name":"Glamping"}]}]}},"_links":{"self":[{"href":"https:\/\/www.campingaiguillecreuse.com\/nl\/wp-json\/wp\/v2\/pages\/2221"}],"collection":[{"href":"https:\/\/www.campingaiguillecreuse.com\/nl\/wp-json\/wp\/v2\/pages"}],"about":[{"href":"https:\/\/www.campingaiguillecreuse.com\/nl\/wp-json\/wp\/v2\/types\/page"}],"author":[{"embeddable":true,"href":"https:\/\/www.campingaiguillecreuse.com\/nl\/wp-json\/wp\/v2\/users\/1"}],"replies":[{"embeddable":true,"href":"https:\/\/www.campingaiguillecreuse.com\/nl\/wp-json\/wp\/v2\/comments?post=2221"}],"version-history":[{"count":4,"href":"https:\/\/www.campingaiguillecreuse.com\/nl\/wp-json\/wp\/v2\/pages\/2221\/revisions"}],"predecessor-version":[{"id":2573,"href":"https:\/\/www.campingaiguillecreuse.com\/nl\/wp-json\/wp\/v2\/pages\/2221\/revisions\/2573"}],"up":[{"embeddable":true,"href":"https:\/\/www.campingaiguillecreuse.com\/nl\/wp-json\/wp\/v2\/pages\/2217"}],"wp:attachment":[{"href":"https:\/\/www.campingaiguillecreuse.com\/nl\/wp-json\/wp\/v2\/media?parent=2221"}],"curies":[{"name":"wp","href":"https:\/\/api.w.org\/{rel}","templated":true}]}}