{"id":2346,"date":"2021-12-20T15:01:36","date_gmt":"2021-12-20T14:01:36","guid":{"rendered":"https:\/\/www.campingaiguillecreuse.com\/sunelia\/"},"modified":"2022-02-25T11:40:55","modified_gmt":"2022-02-25T10:40:55","slug":"sunelia","status":"publish","type":"page","link":"https:\/\/www.campingaiguillecreuse.com\/en\/sunelia\/","title":{"rendered":"Sun\u00ealia"},"content":{"rendered":"\n<section class=\"wp-block-group section_accroche first_bloc sunelia1\">\n<h1>Meet Sun\u00ealia!<\/h1>\n\n\n\n<p><a href=\"https:\/\/www.sunelia.com\/fr\">Sun\u00ealia<\/a>&nbsp;is a chain of&nbsp;independent campsites that share a <strong>commitment<\/strong>&nbsp;to the same values in terms of&nbsp;<strong>quality<\/strong>, service-mindedness,&nbsp;<strong>innovation<\/strong>&nbsp;and <strong>sustainable development.<\/strong> The campsites pool their marketing, operational and logistical resources in order to constantly meet the needs and wishes of customers in search of holiday experiences that make them feel good.<\/p>\n\n\n\n<p>Sun\u00ealia\u2019s head office is in Bruges, near Bordeaux. Today the chain boasts <strong>28 high-end Campsites and Holiday Villages<\/strong> in France, Italy and Spain. Our brand stands for 3 essential values: <strong>quality<\/strong>, <strong>service <\/strong>and<strong>innovation<\/strong>.<\/p>\n\n\n\n<div class=\"wp-block-image\"><figure class=\"aligncenter size-full\"><img src=\"https:\/\/www.campingaiguillecreuse.com\/wp-content\/uploads\/2021\/07\/photo-635845543230453274-1.webp\" alt=\"Aiguille Creuse campsite: Photo 635845543230453274 1\" class=\"wp-image-624\"\/><\/figure><\/div>\n<\/section>\n\n\n\n<section class=\"wp-block-group section_services sunelia2\">\n<div class=\"wp-block-cover has-background-dim-90 has-primaire-background-color has-background-dim\"><img class=\"wp-block-cover__image-background wp-image-495\" alt=\"\" src=\"https:\/\/www.campingaiguillecreuse.com\/wp-content\/uploads\/2021\/07\/photo-635817307913054614-1.webp\" data-object-fit=\"cover\"\/><div class=\"wp-block-cover__inner-container\">\n<h2>Why Sun\u00ealia appeals<\/h2>\n\n\n\n<div class=\"wp-block-columns\">\n<div class=\"wp-block-column\">\n<h3><i class=\"fas fa-sun\"><\/i> The Sun\u00ealia Sunshine Deal <\/h3>\n\n\n\n<p>Sun\u00ealia is the only chain of <strong>holiday-village campsites <\/strong>to propose a free and automatic Sunshine Deal for all bookings at <strong>sites on the Mediterranean <\/strong>or <strong>Atlantic coast<\/strong>, <strong>in the countryside <\/strong>or <strong>in the mountains<\/strong>. <\/p>\n\n\n\n<p><a href=\"https:\/\/www.campingaiguillecreuse.com\/wp-content\/uploads\/2021\/12\/offres_soleil_sunelia.pdf\" target=\"_blank\" rel=\"noreferrer noopener\">Find out more<\/a><\/p>\n<\/div>\n\n\n\n<div class=\"wp-block-column\">\n<h3 id=\"block-ec44d680-359d-4d56-884f-ba6397720e21\"><i class=\"fas fa-suitcase\"><\/i> Cancellation Insurance<\/h3>\n\n\n\n<p>Sun\u00ealia offers free Cancellation Insurance on all bookings of at least 7 nights!<\/p>\n\n\n\n<p><a href=\"https:\/\/www.campingaiguillecreuse.com\/wp-content\/uploads\/2021\/12\/offres_soleil_sunelia.pdf\" target=\"_blank\" rel=\"noreferrer noopener\">Find out more<\/a><\/p>\n<\/div>\n\n\n\n<div class=\"wp-block-column\">\n<h3><i class=\"fas fa-hand-holding-heart\"><\/i> Sun\u00ealia Care<\/h3>\n\n\n\n<p> In 2020, we decided to reinvent ourselves in order to&nbsp;<strong>make your holidays even better<\/strong>&nbsp;at our 28 Holiday-Village Campsites. On the basis of positive feedback <strong>and 89% of satisfied customers<\/strong>, we\u2019re enhancing our promise for 2022 in line with the suggestions you made last summer.<\/p>\n\n\n\n<p><a href=\"https:\/\/www.sunelia.com\/fr\/sunelia-care.html\" target=\"_blank\" rel=\"noreferrer noopener\">Find out more<\/a> <\/p>\n<\/div>\n<\/div>\n\n\n\n<div class=\"wp-block-columns\">\n<div class=\"wp-block-column\">\n<h3><i class=\"fas fa-gift-card\"><\/i> Sun\u00ealia Privilege Card<\/h3>\n\n\n\n<p>Join the Sun\u00ealia Privilege programme to enjoy multiple advantages:&nbsp;<\/p>\n\n\n\n<ul><li>No booking fees<\/li><li>Discounts<\/li><li>Offers<\/li><li>One week free of charge<\/li><\/ul>\n\n\n\n<p><a href=\"https:\/\/www.sunelia.com\/fr\/carte-privilege.html\" target=\"_blank\" rel=\"noreferrer noopener\">Find out more<\/a><\/p>\n<\/div>\n\n\n\n<div class=\"wp-block-column\">\n<h3><i class=\"fas fa-shield-check\"><\/i> Sun\u00ealia quality<\/h3>\n\n\n\n<p>Throughout the year, we attach great importance to the quality of your holiday experience.<br>Season after season, we enhance services at all of our campsites in the aim of helping you relax and make your best ever holiday memories.<\/p>\n\n\n\n<p><a href=\"https:\/\/www.sunelia.com\/fr\/labels-de-qualite.html\" target=\"_blank\" rel=\"noreferrer noopener\">Find out more<\/a><\/p>\n<\/div>\n\n\n\n<div class=\"wp-block-column\">\n<h3><i class=\"fas fa-child\"><\/i> The Sunny Club<\/h3>\n\n\n\n<p>At&nbsp;<strong>Sun\u00ealia Vacances<\/strong>&nbsp;we mollycoddle your little treasures! With our kids clubs, your children will enjoy their holiday to the full in the company of others of their own age group. <\/p>\n\n\n\n<p><a href=\"https:\/\/www.sunelia.com\/fr\/l-univers-de-l-enfant.html\" target=\"_blank\" rel=\"noreferrer noopener\">Find out more<\/a><\/p>\n<\/div>\n<\/div>\n\n\n\n<div class=\"wp-block-columns\">\n<div class=\"wp-block-column\"><\/div>\n\n\n\n<div class=\"wp-block-column\">\n<h3><i class=\"fas fa-spa\"><\/i>  The 16 spa facilities<\/h3>\n\n\n\n<p>Want to unwind after a busy year?<br>Relish relaxing moments, new sensory experiences and just let go at our <strong>Sun\u00ealia Vacances<\/strong>&nbsp;campsites with spa facilities!<\/p>\n\n\n\n<p><a href=\"https:\/\/www.sunelia.com\/fr\/destinations\/spa?\" target=\"_blank\" rel=\"noreferrer noopener\">Find out more<\/a><\/p>\n<\/div>\n\n\n\n<div class=\"wp-block-column\"><\/div>\n<\/div>\n<\/div><\/div>\n<\/section>\n\n\n\n<div class=\"wp-block-group section_locations sunelia3\"><div class=\"wp-block-group__inner-container\">\n<div class=\"wp-block-cover has-blanc-background-color has-background-dim\"><img loading=\"lazy\" width=\"1920\" height=\"1417\" class=\"wp-block-cover__image-background wp-image-1003\" alt=\"\" src=\"https:\/\/www.campingaiguillecreuse.com\/wp-content\/uploads\/2021\/10\/fond-galets.jpg\" data-object-fit=\"cover\" srcset=\"https:\/\/www.campingaiguillecreuse.com\/wp-content\/uploads\/2021\/10\/fond-galets.jpg 1920w, https:\/\/www.campingaiguillecreuse.com\/wp-content\/uploads\/2021\/10\/fond-galets-300x221.jpg 300w, https:\/\/www.campingaiguillecreuse.com\/wp-content\/uploads\/2021\/10\/fond-galets-1024x756.jpg 1024w, https:\/\/www.campingaiguillecreuse.com\/wp-content\/uploads\/2021\/10\/fond-galets-768x567.jpg 768w, https:\/\/www.campingaiguillecreuse.com\/wp-content\/uploads\/2021\/10\/fond-galets-1536x1134.jpg 1536w\" sizes=\"(max-width: 1920px) 100vw, 1920px\" \/><div class=\"wp-block-cover__inner-container\">\n<h2 class=\"has-primaire-color has-text-color\">Find a Sun\u00ealia campsite<\/h2>\n\n\n\n<p class=\"has-text-color\" style=\"color:#5b5e61\">Whether you\u2019re into sunbeds and hot sand, mountain hiking in unusual places, a breath of fresh air in the rolling countryside, or relaxing on the banks of a river or lake,&nbsp;<strong>Sun\u00ealia Vacances<\/strong>&nbsp;has something to satisfy every desire, even for the creature comforts that come with our high-end establishments!<\/p>\n\n\n\n<div class=\"wp-block-buttons\">\n<div class=\"wp-block-button\"><a class=\"wp-block-button__link has-primaire-background-color has-background\" href=\"https:\/\/www.sunelia.com\/fr\/destinations\/tous?\" target=\"_blank\" rel=\"noreferrer noopener\">Book a campsite <i class=\"fas fa-search\"><\/i><\/a><\/div>\n<\/div>\n<\/div><\/div>\n<\/div><\/div>\n","protected":false},"excerpt":{"rendered":"<p>Meet Sun\u00ealia! Sun\u00ealia&nbsp;is a chain of&nbsp;independent campsites that share a commitment&nbsp;to the same values in terms of&nbsp;quality, service-mindedness,&nbsp;innovation&nbsp;and sustainable development. The campsites pool their marketing, operational and logistical resources in order to constantly meet the needs and wishes of customers in search of holiday experiences that make them feel good. Sun\u00ealia\u2019s head office is in [&hellip;]<\/p>\n","protected":false},"author":1,"featured_media":0,"parent":0,"menu_order":0,"comment_status":"closed","ping_status":"closed","template":"","meta":[],"yoast_head":"<!-- This site is optimized with the Yoast SEO plugin v16.7 - https:\/\/yoast.com\/wordpress\/plugins\/seo\/ -->\n<title>Sun\u00ealia - Camping L&#039;Aiguille Creuse<\/title>\n<meta name=\"robots\" content=\"index, follow, max-snippet:-1, max-image-preview:large, max-video-preview:-1\" \/>\n<link rel=\"canonical\" href=\"https:\/\/www.campingaiguillecreuse.com\/en\/sunelia\/\" \/>\n<meta property=\"og:locale\" content=\"en_US\" \/>\n<meta property=\"og:type\" content=\"article\" \/>\n<meta property=\"og:title\" content=\"Sun\u00ealia - Camping L&#039;Aiguille Creuse\" \/>\n<meta property=\"og:description\" content=\"Meet Sun\u00ealia! Sun\u00ealia&nbsp;is a chain of&nbsp;independent campsites that share a commitment&nbsp;to the same values in terms of&nbsp;quality, service-mindedness,&nbsp;innovation&nbsp;and sustainable development. The campsites pool their marketing, operational and logistical resources in order to constantly meet the needs and wishes of customers in search of holiday experiences that make them feel good. Sun\u00ealia\u2019s head office is in [&hellip;]\" \/>\n<meta property=\"og:url\" content=\"https:\/\/www.campingaiguillecreuse.com\/en\/sunelia\/\" \/>\n<meta property=\"og:site_name\" content=\"Camping L&#039;Aiguille Creuse\" \/>\n<meta property=\"article:publisher\" content=\"https:\/\/www.facebook.com\/campingaiguillecreuse\/\" \/>\n<meta property=\"article:modified_time\" content=\"2022-02-25T10:40:55+00:00\" \/>\n<meta property=\"og:image\" content=\"https:\/\/www.campingaiguillecreuse.com\/wp-content\/uploads\/2021\/07\/photo-635845543230453274-1.webp\" \/>\n<meta name=\"twitter:card\" content=\"summary_large_image\" \/>\n<meta name=\"twitter:label1\" content=\"Est. reading time\" \/>\n\t<meta name=\"twitter:data1\" content=\"3 minutes\" \/>\n<script type=\"application\/ld+json\" class=\"yoast-schema-graph\">{\"@context\":\"https:\/\/schema.org\",\"@graph\":[{\"@type\":\"Organization\",\"@id\":\"https:\/\/www.campingaiguillecreuse.com\/#organization\",\"name\":\"Camping L'aiguille Creuse\",\"url\":\"https:\/\/www.campingaiguillecreuse.com\/\",\"sameAs\":[\"https:\/\/www.facebook.com\/campingaiguillecreuse\/\",\"https:\/\/www.instagram.com\/camping_aiguille_creuse\/\",\"https:\/\/www.wikidata.org\/wiki\/Q138617169\"],\"logo\":{\"@type\":\"ImageObject\",\"@id\":\"https:\/\/www.campingaiguillecreuse.com\/#logo\",\"inLanguage\":\"en-US\",\"url\":\"https:\/\/www.campingaiguillecreuse.com\/wp-content\/uploads\/2025\/10\/logo-aiguille-creuse-2025.webp\",\"contentUrl\":\"https:\/\/www.campingaiguillecreuse.com\/wp-content\/uploads\/2025\/10\/logo-aiguille-creuse-2025.webp\",\"width\":1356,\"height\":804,\"caption\":\"Camping L'aiguille Creuse\"},\"image\":{\"@id\":\"https:\/\/www.campingaiguillecreuse.com\/#logo\"}},{\"@type\":\"WebSite\",\"@id\":\"https:\/\/www.campingaiguillecreuse.com\/#website\",\"url\":\"https:\/\/www.campingaiguillecreuse.com\/\",\"name\":\"Camping L&#039;Aiguille Creuse\",\"description\":\"CAMPING **** L&#039; AIGUILLE CREUSE PRES D&#039;ETRETAT EN NORMANDIE Camping en Normandie, avec piscine couverte et chauff\\u00e9e ouverte toute la saison\",\"publisher\":{\"@id\":\"https:\/\/www.campingaiguillecreuse.com\/#organization\"},\"potentialAction\":[{\"@type\":\"SearchAction\",\"target\":{\"@type\":\"EntryPoint\",\"urlTemplate\":\"https:\/\/www.campingaiguillecreuse.com\/?s={search_term_string}\"},\"query-input\":\"required name=search_term_string\"}],\"inLanguage\":\"en-US\"},{\"@type\":\"ImageObject\",\"@id\":\"https:\/\/www.campingaiguillecreuse.com\/en\/sunelia\/#primaryimage\",\"inLanguage\":\"en-US\",\"url\":\"https:\/\/www.campingaiguillecreuse.com\/wp-content\/uploads\/2021\/07\/photo-635845543230453274-1.webp\",\"contentUrl\":\"https:\/\/www.campingaiguillecreuse.com\/wp-content\/uploads\/2021\/07\/photo-635845543230453274-1.webp\"},{\"@type\":\"WebPage\",\"@id\":\"https:\/\/www.campingaiguillecreuse.com\/en\/sunelia\/#webpage\",\"url\":\"https:\/\/www.campingaiguillecreuse.com\/en\/sunelia\/\",\"name\":\"Sun\\u00ealia - Camping L&#039;Aiguille Creuse\",\"isPartOf\":{\"@id\":\"https:\/\/www.campingaiguillecreuse.com\/#website\"},\"primaryImageOfPage\":{\"@id\":\"https:\/\/www.campingaiguillecreuse.com\/en\/sunelia\/#primaryimage\"},\"datePublished\":\"2021-12-20T14:01:36+00:00\",\"dateModified\":\"2022-02-25T10:40:55+00:00\",\"breadcrumb\":{\"@id\":\"https:\/\/www.campingaiguillecreuse.com\/en\/sunelia\/#breadcrumb\"},\"inLanguage\":\"en-US\",\"potentialAction\":[{\"@type\":\"ReadAction\",\"target\":[\"https:\/\/www.campingaiguillecreuse.com\/en\/sunelia\/\"]}]},{\"@type\":\"BreadcrumbList\",\"@id\":\"https:\/\/www.campingaiguillecreuse.com\/en\/sunelia\/#breadcrumb\",\"itemListElement\":[{\"@type\":\"ListItem\",\"position\":1,\"name\":\"Accueil\",\"item\":\"https:\/\/www.campingaiguillecreuse.com\/en\/\"},{\"@type\":\"ListItem\",\"position\":2,\"name\":\"Sun\\u00ealia\"}]}]}<\/script>\n<!-- \/ Yoast SEO plugin. -->","yoast_head_json":{"title":"Sun\u00ealia - Camping L&#039;Aiguille Creuse","robots":{"index":"index","follow":"follow","max-snippet":"max-snippet:-1","max-image-preview":"max-image-preview:large","max-video-preview":"max-video-preview:-1"},"canonical":"https:\/\/www.campingaiguillecreuse.com\/en\/sunelia\/","og_locale":"en_US","og_type":"article","og_title":"Sun\u00ealia - Camping L&#039;Aiguille Creuse","og_description":"Meet Sun\u00ealia! Sun\u00ealia&nbsp;is a chain of&nbsp;independent campsites that share a commitment&nbsp;to the same values in terms of&nbsp;quality, service-mindedness,&nbsp;innovation&nbsp;and sustainable development. The campsites pool their marketing, operational and logistical resources in order to constantly meet the needs and wishes of customers in search of holiday experiences that make them feel good. Sun\u00ealia\u2019s head office is in [&hellip;]","og_url":"https:\/\/www.campingaiguillecreuse.com\/en\/sunelia\/","og_site_name":"Camping L&#039;Aiguille Creuse","article_publisher":"https:\/\/www.facebook.com\/campingaiguillecreuse\/","article_modified_time":"2022-02-25T10:40:55+00:00","og_image":[{"url":"https:\/\/www.campingaiguillecreuse.com\/wp-content\/uploads\/2021\/07\/photo-635845543230453274-1.webp"}],"twitter_card":"summary_large_image","twitter_misc":{"Est. reading time":"3 minutes"},"schema":{"@context":"https:\/\/schema.org","@graph":[{"@type":"Organization","@id":"https:\/\/www.campingaiguillecreuse.com\/#organization","name":"Camping L'aiguille Creuse","url":"https:\/\/www.campingaiguillecreuse.com\/","sameAs":["https:\/\/www.facebook.com\/campingaiguillecreuse\/","https:\/\/www.instagram.com\/camping_aiguille_creuse\/","https:\/\/www.wikidata.org\/wiki\/Q138617169"],"logo":{"@type":"ImageObject","@id":"https:\/\/www.campingaiguillecreuse.com\/#logo","inLanguage":"en-US","url":"https:\/\/www.campingaiguillecreuse.com\/wp-content\/uploads\/2025\/10\/logo-aiguille-creuse-2025.webp","contentUrl":"https:\/\/www.campingaiguillecreuse.com\/wp-content\/uploads\/2025\/10\/logo-aiguille-creuse-2025.webp","width":1356,"height":804,"caption":"Camping L'aiguille Creuse"},"image":{"@id":"https:\/\/www.campingaiguillecreuse.com\/#logo"}},{"@type":"WebSite","@id":"https:\/\/www.campingaiguillecreuse.com\/#website","url":"https:\/\/www.campingaiguillecreuse.com\/","name":"Camping L&#039;Aiguille Creuse","description":"CAMPING **** L&#039; AIGUILLE CREUSE PRES D&#039;ETRETAT EN NORMANDIE Camping en Normandie, avec piscine couverte et chauff\u00e9e ouverte toute la saison","publisher":{"@id":"https:\/\/www.campingaiguillecreuse.com\/#organization"},"potentialAction":[{"@type":"SearchAction","target":{"@type":"EntryPoint","urlTemplate":"https:\/\/www.campingaiguillecreuse.com\/?s={search_term_string}"},"query-input":"required name=search_term_string"}],"inLanguage":"en-US"},{"@type":"ImageObject","@id":"https:\/\/www.campingaiguillecreuse.com\/en\/sunelia\/#primaryimage","inLanguage":"en-US","url":"https:\/\/www.campingaiguillecreuse.com\/wp-content\/uploads\/2021\/07\/photo-635845543230453274-1.webp","contentUrl":"https:\/\/www.campingaiguillecreuse.com\/wp-content\/uploads\/2021\/07\/photo-635845543230453274-1.webp"},{"@type":"WebPage","@id":"https:\/\/www.campingaiguillecreuse.com\/en\/sunelia\/#webpage","url":"https:\/\/www.campingaiguillecreuse.com\/en\/sunelia\/","name":"Sun\u00ealia - Camping L&#039;Aiguille Creuse","isPartOf":{"@id":"https:\/\/www.campingaiguillecreuse.com\/#website"},"primaryImageOfPage":{"@id":"https:\/\/www.campingaiguillecreuse.com\/en\/sunelia\/#primaryimage"},"datePublished":"2021-12-20T14:01:36+00:00","dateModified":"2022-02-25T10:40:55+00:00","breadcrumb":{"@id":"https:\/\/www.campingaiguillecreuse.com\/en\/sunelia\/#breadcrumb"},"inLanguage":"en-US","potentialAction":[{"@type":"ReadAction","target":["https:\/\/www.campingaiguillecreuse.com\/en\/sunelia\/"]}]},{"@type":"BreadcrumbList","@id":"https:\/\/www.campingaiguillecreuse.com\/en\/sunelia\/#breadcrumb","itemListElement":[{"@type":"ListItem","position":1,"name":"Accueil","item":"https:\/\/www.campingaiguillecreuse.com\/en\/"},{"@type":"ListItem","position":2,"name":"Sun\u00ealia"}]}]}},"_links":{"self":[{"href":"https:\/\/www.campingaiguillecreuse.com\/en\/wp-json\/wp\/v2\/pages\/2346"}],"collection":[{"href":"https:\/\/www.campingaiguillecreuse.com\/en\/wp-json\/wp\/v2\/pages"}],"about":[{"href":"https:\/\/www.campingaiguillecreuse.com\/en\/wp-json\/wp\/v2\/types\/page"}],"author":[{"embeddable":true,"href":"https:\/\/www.campingaiguillecreuse.com\/en\/wp-json\/wp\/v2\/users\/1"}],"replies":[{"embeddable":true,"href":"https:\/\/www.campingaiguillecreuse.com\/en\/wp-json\/wp\/v2\/comments?post=2346"}],"version-history":[{"count":3,"href":"https:\/\/www.campingaiguillecreuse.com\/en\/wp-json\/wp\/v2\/pages\/2346\/revisions"}],"predecessor-version":[{"id":2592,"href":"https:\/\/www.campingaiguillecreuse.com\/en\/wp-json\/wp\/v2\/pages\/2346\/revisions\/2592"}],"wp:attachment":[{"href":"https:\/\/www.campingaiguillecreuse.com\/en\/wp-json\/wp\/v2\/media?parent=2346"}],"curies":[{"name":"wp","href":"https:\/\/api.w.org\/{rel}","templated":true}]}}