{"id":2320,"date":"2021-07-13T10:22:54","date_gmt":"2021-07-13T08:22:54","guid":{"rendered":"https:\/\/www.campingaiguillecreuse.com\/tourism\/le-havre\/"},"modified":"2022-02-25T11:57:37","modified_gmt":"2022-02-25T10:57:37","slug":"le-havre","status":"publish","type":"page","link":"https:\/\/www.campingaiguillecreuse.com\/en\/tourism\/le-havre\/","title":{"rendered":"Le Havre"},"content":{"rendered":"\n<div class=\"wp-block-group section_accroche first_bloc\"><div class=\"wp-block-group__inner-container\">\n<h1 class=\"has-text-align-center\">Le Havre<\/h1>\n\n\n\n<p class=\"has-text-align-center\">Would you like to go to <strong>Le Havre<\/strong> during your next vacations? A <strong>camping trip to Etretat<\/strong> is also an opportunity to explore the different facets of the <strong>Seine-Maritime<\/strong>. Not far from the breathtaking landscapes offered by <a href=\"https:\/\/www.campingaiguillecreuse.com\/en\/tourism\/etretat\/\">\u00c9tretat<\/a> and its famous cliffs, lies Le Havre and its rich maritime, architectural and cultural heritage. L&#8217;Aiguille Creuse campsite takes you to discover a port city that is worth a visit!<\/p>\n<\/div><\/div>\n\n\n\n<section class=\"wp-block-group section_services\">\n<div class=\"wp-block-cover has-background-dim-90 has-primaire-background-color has-background-dim\"><img class=\"wp-block-cover__image-background wp-image-495\" alt=\"\" src=\"https:\/\/www.campingaiguillecreuse.com\/wp-content\/uploads\/2021\/07\/photo-635817307913054614-1.webp\" data-object-fit=\"cover\"\/><div class=\"wp-block-cover__inner-container\">\n<div class=\"wp-block-columns are-vertically-aligned-center\">\n<div class=\"wp-block-column is-vertically-aligned-center\" style=\"flex-basis:40%\">\n<h2 class=\"has-blanc-color has-text-color\"><strong>What to do and what to see in Le Havre ?<\/strong><\/h2>\n\n\n\n<p class=\"has-blanc-color has-text-color\">The ideas of visits in Le Havre will not miss ! Second largest French port after Marseille, the city is full of activities and visits to make. Between its port, its museums, its historical monuments, its coastline and its gardens, you are spoilt for choice.<\/p>\n\n\n\n<h3><strong>Visit the port of Le Havre<\/strong><\/h3>\n\n\n\n<p>A stopover in Le Havre offers visitors the opportunity to discover its port and especially the <a href=\"https:\/\/lehavreportcenter.com\/\" target=\"_blank\" rel=\"noreferrer noopener\">Port Center<\/a>. From this interpretation center, visitors can follow a guide to discover the port world.<\/p>\n<\/div>\n\n\n\n<div class=\"wp-block-column is-vertically-aligned-center col_img\" style=\"flex-basis:60%\">\n<figure class=\"wp-block-image size-full\"><img loading=\"lazy\" width=\"640\" height=\"360\" src=\"https:\/\/www.campingaiguillecreuse.com\/wp-content\/uploads\/2022\/02\/freight-containers-gd82ecf839_640.jpg\" alt=\"Camping proche du Havre l'aiguille Creuse : Freight Containers \" class=\"wp-image-2021\" srcset=\"https:\/\/www.campingaiguillecreuse.com\/wp-content\/uploads\/2022\/02\/freight-containers-gd82ecf839_640.jpg 640w, https:\/\/www.campingaiguillecreuse.com\/wp-content\/uploads\/2022\/02\/freight-containers-gd82ecf839_640-300x169.jpg 300w\" sizes=\"(max-width: 640px) 100vw, 640px\" \/><\/figure>\n\n\n\n<div class=\"wp-block-buttons is-content-justification-right btn_galerie\">\n<div class=\"wp-block-button\"><a class=\"wp-block-button__link has-blanc-color has-text-color\" href=\"https:\/\/www.campingaiguillecreuse.com\/en\/photo-gallery\/\"><i class=\"fas fa-images\"><\/i> See the gallery<\/a><\/div>\n<\/div>\n<\/div>\n<\/div>\n<\/div><\/div>\n<\/section>\n\n\n\n<section class=\"wp-block-group section_alentours\">\n<div class=\"wp-block-columns\">\n<div class=\"wp-block-column col_img\" style=\"flex-basis:40%\">\n<figure class=\"wp-block-image size-full\"><img loading=\"lazy\" width=\"640\" height=\"426\" src=\"https:\/\/www.campingaiguillecreuse.com\/wp-content\/uploads\/2022\/02\/st-gb059d6f11_640.jpg\" alt=\"Camping L'aiguille Creuse : int\u00e9rieur de l'Eglise St Joseph au Havre \" class=\"wp-image-2030\" srcset=\"https:\/\/www.campingaiguillecreuse.com\/wp-content\/uploads\/2022\/02\/st-gb059d6f11_640.jpg 640w, https:\/\/www.campingaiguillecreuse.com\/wp-content\/uploads\/2022\/02\/st-gb059d6f11_640-300x200.jpg 300w\" sizes=\"(max-width: 640px) 100vw, 640px\" \/><\/figure>\n\n\n\n<div class=\"wp-block-buttons is-content-justification-right btn_galerie\">\n<div class=\"wp-block-button\"><a class=\"wp-block-button__link has-primaire-color has-text-color\" href=\"https:\/\/www.campingaiguillecreuse.com\/en\/photo-gallery\/\"><i class=\"fas fa-images\"><\/i> See the gallery<\/a><\/div>\n<\/div>\n<\/div>\n\n\n\n<div class=\"wp-block-column\" style=\"flex-basis:60%\">\n<h3 class=\"titre_1\"><strong>Explore the city&#8217;s museums<\/strong><\/h3>\n\n\n\n<p>With its many museums, lovers of cultural visits will be spoilt for choice ! Among the museum visits not to be missed, it is also possible to visit :<\/p>\n\n\n\n<ul><li><a href=\"https:\/\/www.leportique.org\/\" target=\"_blank\" rel=\"noreferrer noopener\">Le Portique<\/a>, a space for contemporary art and graphic design;<\/li><li>The <a href=\"http:\/\/www.muma-lehavre.fr\/\" target=\"_blank\" rel=\"noreferrer noopener\">Muma, the Andr\u00e9 Malraux Museum of Modern Art<\/a>;<\/li><li>Finally, the <a href=\"https:\/\/www.musees-mah-lehavre.fr\/\" target=\"_blank\" rel=\"noreferrer noopener\">Mus\u00e9e H\u00f4tel Dubocage de Bl\u00e9ville<\/a> will immerse you in the history of the city and its port.<\/li><\/ul>\n\n\n\n<h3><strong>Discover the architectural heritage <\/strong><\/h3>\n\n\n\n<p>The lovers of old stones will have, as for them, all the leisure to stroll in the city and to join the monuments which are parts of the history of Le Havre.<\/p>\n<\/div>\n<\/div>\n\n\n\n<p>It is possible to join : <\/p>\n\n\n\n<ul><li>The <strong>Abbey of Graville, a true masterpiece of Romanesque art<\/strong>from the Merovingian period, which belongs to the Museums of Art and History of Le Havre. You will also find collections;<\/li><li><strong>Notre Dame Cathedral<\/strong>, built in the 16th century on the remains of a wooden chapel, the cathedral is characterized by its different styles such as late Gothic, Renaissance or Baroque;<\/li><li>The <strong>Church of Saint Martin<\/strong>;<\/li><li>The <strong>Church of Saint Joseph<\/strong>.<\/li><\/ul>\n\n\n\n<p>By leaving the center of Le Havre to join its coast, the visitors will be able to make beautiful discoveries there too. Indeed, a walk along the seaside will also allow you to reach the <strong>beach<\/strong>, but especially to contemplate the architecture of the splendid villas which overhang it. The <strong>Villa Maritime<\/strong> is a perfect example of this, having hosted the third Biennale of Contemporary Art. Not far from the Villa Maritime, extend your stroll by joining another building which is worth the detour, the superb <strong>Ch\u00e2teau des Gadelles<\/strong>.<\/p>\n<\/section>\n\n\n\n<section class=\"wp-block-group section_bloc_images\">\n<div class=\"wp-block-columns are-vertically-aligned-center\">\n<div class=\"wp-block-column is-vertically-aligned-center col_img\" style=\"flex-basis:50%\">\n<figure class=\"wp-block-image size-full\"><img loading=\"lazy\" width=\"640\" height=\"426\" src=\"https:\/\/www.campingaiguillecreuse.com\/wp-content\/uploads\/2022\/02\/villa-gb1c6dc913_640.jpg\" alt=\"Camping pr\u00e8s du Havre L'aiguille Creuse : Villa du Havre\" class=\"wp-image-2047\" srcset=\"https:\/\/www.campingaiguillecreuse.com\/wp-content\/uploads\/2022\/02\/villa-gb1c6dc913_640.jpg 640w, https:\/\/www.campingaiguillecreuse.com\/wp-content\/uploads\/2022\/02\/villa-gb1c6dc913_640-300x200.jpg 300w\" sizes=\"(max-width: 640px) 100vw, 640px\" \/><\/figure>\n<\/div>\n\n\n\n<div class=\"wp-block-column is-vertically-aligned-center\" style=\"flex-basis:50%\">\n<h2><strong>Take a walk in the city&#8217;s gardens<\/strong><\/h2>\n\n\n\n<p>For a natural and exotic interlude, go to the <strong>Japanese garden of Le Havre<\/strong>. Materializing, the friendly relations between the port of Le Havre and that of Osaka, this garden can be discovered in visit (on reservation with the <a href=\"https:\/\/www.lehavre-etretat-tourisme.com\/\" target=\"_blank\" rel=\"noreferrer noopener\">tourist office of Le Havre<\/a>). The visit of the gardens of Le Havre can also lead you to the <strong>Square Saint Roch<\/strong>. With an area of 2 hectares, it is the ideal place for a romantic stroll.<\/p>\n\n\n\n<h2><strong>Where to stay at the campsite near Le Havre ?<\/strong><\/h2>\n\n\n\n<p>30 km from Le Havre, the Aiguille Creuse campsite welcomes you 5 km from the <strong>cliffs of \u00c9tretat<\/strong> for your <strong>stay in Seine-Maritime<\/strong>. Ideally located to take advantage of the beauty of the region and its multiple activities, you will find on site <a href=\"https:\/\/www.campingaiguillecreuse.com\/en\/rentals\/\">accommodation<\/a> for all desires.<\/p>\n<\/div>\n<\/div>\n<\/section>\n","protected":false},"excerpt":{"rendered":"<p>Le Havre Would you like to go to Le Havre during your next vacations? A camping trip to Etretat is also an opportunity to explore the different facets of the Seine-Maritime. Not far from the breathtaking landscapes offered by \u00c9tretat and its famous cliffs, lies Le Havre and its rich maritime, architectural and cultural heritage. [&hellip;]<\/p>\n","protected":false},"author":1,"featured_media":0,"parent":2310,"menu_order":4,"comment_status":"closed","ping_status":"closed","template":"","meta":[],"yoast_head":"<!-- This site is optimized with the Yoast SEO plugin v16.7 - https:\/\/yoast.com\/wordpress\/plugins\/seo\/ -->\n<title>Visit Le Havre - Camping L&#039;Aiguille Creuse **** Normandy<\/title>\n<meta name=\"description\" content=\"Take advantage of your stay at the Etretat campground to discover Le Havre, located only 40 km from the Aiguille Creuse campground\" \/>\n<meta name=\"robots\" content=\"index, follow, max-snippet:-1, max-image-preview:large, max-video-preview:-1\" \/>\n<link rel=\"canonical\" href=\"https:\/\/www.campingaiguillecreuse.com\/en\/tourism\/le-havre\/\" \/>\n<meta property=\"og:locale\" content=\"en_US\" \/>\n<meta property=\"og:type\" content=\"article\" \/>\n<meta property=\"og:title\" content=\"Visit Le Havre - Camping L&#039;Aiguille Creuse **** Normandy\" \/>\n<meta property=\"og:description\" content=\"Take advantage of your stay at the Etretat campground to discover Le Havre, located only 40 km from the Aiguille Creuse campground\" \/>\n<meta property=\"og:url\" content=\"https:\/\/www.campingaiguillecreuse.com\/en\/tourism\/le-havre\/\" \/>\n<meta property=\"og:site_name\" content=\"Camping L&#039;Aiguille Creuse\" \/>\n<meta property=\"article:publisher\" content=\"https:\/\/www.facebook.com\/campingaiguillecreuse\/\" \/>\n<meta property=\"article:modified_time\" content=\"2022-02-25T10:57:37+00:00\" \/>\n<meta property=\"og:image\" content=\"https:\/\/www.campingaiguillecreuse.com\/wp-content\/uploads\/2021\/07\/photo-635817307913054614-1.webp\" \/>\n<meta name=\"twitter:card\" content=\"summary_large_image\" \/>\n<meta name=\"twitter:label1\" content=\"Est. reading time\" \/>\n\t<meta name=\"twitter:data1\" content=\"4 minutes\" \/>\n<script type=\"application\/ld+json\" class=\"yoast-schema-graph\">{\"@context\":\"https:\/\/schema.org\",\"@graph\":[{\"@type\":\"Organization\",\"@id\":\"https:\/\/www.campingaiguillecreuse.com\/#organization\",\"name\":\"Camping L'aiguille Creuse\",\"url\":\"https:\/\/www.campingaiguillecreuse.com\/\",\"sameAs\":[\"https:\/\/www.facebook.com\/campingaiguillecreuse\/\",\"https:\/\/www.instagram.com\/camping_aiguille_creuse\/\",\"https:\/\/www.wikidata.org\/wiki\/Q138617169\"],\"logo\":{\"@type\":\"ImageObject\",\"@id\":\"https:\/\/www.campingaiguillecreuse.com\/#logo\",\"inLanguage\":\"en-US\",\"url\":\"https:\/\/www.campingaiguillecreuse.com\/wp-content\/uploads\/2025\/10\/logo-aiguille-creuse-2025.webp\",\"contentUrl\":\"https:\/\/www.campingaiguillecreuse.com\/wp-content\/uploads\/2025\/10\/logo-aiguille-creuse-2025.webp\",\"width\":1356,\"height\":804,\"caption\":\"Camping L'aiguille Creuse\"},\"image\":{\"@id\":\"https:\/\/www.campingaiguillecreuse.com\/#logo\"}},{\"@type\":\"WebSite\",\"@id\":\"https:\/\/www.campingaiguillecreuse.com\/#website\",\"url\":\"https:\/\/www.campingaiguillecreuse.com\/\",\"name\":\"Camping L&#039;Aiguille Creuse\",\"description\":\"CAMPING **** L&#039; AIGUILLE CREUSE PRES D&#039;ETRETAT EN NORMANDIE Camping en Normandie, avec piscine couverte et chauff\\u00e9e ouverte toute la saison\",\"publisher\":{\"@id\":\"https:\/\/www.campingaiguillecreuse.com\/#organization\"},\"potentialAction\":[{\"@type\":\"SearchAction\",\"target\":{\"@type\":\"EntryPoint\",\"urlTemplate\":\"https:\/\/www.campingaiguillecreuse.com\/?s={search_term_string}\"},\"query-input\":\"required name=search_term_string\"}],\"inLanguage\":\"en-US\"},{\"@type\":\"ImageObject\",\"@id\":\"https:\/\/www.campingaiguillecreuse.com\/en\/tourism\/le-havre\/#primaryimage\",\"inLanguage\":\"en-US\",\"url\":\"https:\/\/www.campingaiguillecreuse.com\/wp-content\/uploads\/2021\/07\/photo-635817307913054614-1.webp\",\"contentUrl\":\"https:\/\/www.campingaiguillecreuse.com\/wp-content\/uploads\/2021\/07\/photo-635817307913054614-1.webp\"},{\"@type\":\"WebPage\",\"@id\":\"https:\/\/www.campingaiguillecreuse.com\/en\/tourism\/le-havre\/#webpage\",\"url\":\"https:\/\/www.campingaiguillecreuse.com\/en\/tourism\/le-havre\/\",\"name\":\"Visit Le Havre - Camping L'Aiguille Creuse **** Normandy\",\"isPartOf\":{\"@id\":\"https:\/\/www.campingaiguillecreuse.com\/#website\"},\"primaryImageOfPage\":{\"@id\":\"https:\/\/www.campingaiguillecreuse.com\/en\/tourism\/le-havre\/#primaryimage\"},\"datePublished\":\"2021-07-13T08:22:54+00:00\",\"dateModified\":\"2022-02-25T10:57:37+00:00\",\"description\":\"Take advantage of your stay at the Etretat campground to discover Le Havre, located only 40 km from the Aiguille Creuse campground\",\"breadcrumb\":{\"@id\":\"https:\/\/www.campingaiguillecreuse.com\/en\/tourism\/le-havre\/#breadcrumb\"},\"inLanguage\":\"en-US\",\"potentialAction\":[{\"@type\":\"ReadAction\",\"target\":[\"https:\/\/www.campingaiguillecreuse.com\/en\/tourism\/le-havre\/\"]}]},{\"@type\":\"BreadcrumbList\",\"@id\":\"https:\/\/www.campingaiguillecreuse.com\/en\/tourism\/le-havre\/#breadcrumb\",\"itemListElement\":[{\"@type\":\"ListItem\",\"position\":1,\"name\":\"Accueil\",\"item\":\"https:\/\/www.campingaiguillecreuse.com\/en\/\"},{\"@type\":\"ListItem\",\"position\":2,\"name\":\"Tourism\",\"item\":\"https:\/\/www.campingaiguillecreuse.com\/en\/tourism\/\"},{\"@type\":\"ListItem\",\"position\":3,\"name\":\"Le Havre\"}]}]}<\/script>\n<!-- \/ Yoast SEO plugin. -->","yoast_head_json":{"title":"Visit Le Havre - Camping L'Aiguille Creuse **** Normandy","description":"Take advantage of your stay at the Etretat campground to discover Le Havre, located only 40 km from the Aiguille Creuse campground","robots":{"index":"index","follow":"follow","max-snippet":"max-snippet:-1","max-image-preview":"max-image-preview:large","max-video-preview":"max-video-preview:-1"},"canonical":"https:\/\/www.campingaiguillecreuse.com\/en\/tourism\/le-havre\/","og_locale":"en_US","og_type":"article","og_title":"Visit Le Havre - Camping L'Aiguille Creuse **** Normandy","og_description":"Take advantage of your stay at the Etretat campground to discover Le Havre, located only 40 km from the Aiguille Creuse campground","og_url":"https:\/\/www.campingaiguillecreuse.com\/en\/tourism\/le-havre\/","og_site_name":"Camping L&#039;Aiguille Creuse","article_publisher":"https:\/\/www.facebook.com\/campingaiguillecreuse\/","article_modified_time":"2022-02-25T10:57:37+00:00","og_image":[{"url":"https:\/\/www.campingaiguillecreuse.com\/wp-content\/uploads\/2021\/07\/photo-635817307913054614-1.webp"}],"twitter_card":"summary_large_image","twitter_misc":{"Est. reading time":"4 minutes"},"schema":{"@context":"https:\/\/schema.org","@graph":[{"@type":"Organization","@id":"https:\/\/www.campingaiguillecreuse.com\/#organization","name":"Camping L'aiguille Creuse","url":"https:\/\/www.campingaiguillecreuse.com\/","sameAs":["https:\/\/www.facebook.com\/campingaiguillecreuse\/","https:\/\/www.instagram.com\/camping_aiguille_creuse\/","https:\/\/www.wikidata.org\/wiki\/Q138617169"],"logo":{"@type":"ImageObject","@id":"https:\/\/www.campingaiguillecreuse.com\/#logo","inLanguage":"en-US","url":"https:\/\/www.campingaiguillecreuse.com\/wp-content\/uploads\/2025\/10\/logo-aiguille-creuse-2025.webp","contentUrl":"https:\/\/www.campingaiguillecreuse.com\/wp-content\/uploads\/2025\/10\/logo-aiguille-creuse-2025.webp","width":1356,"height":804,"caption":"Camping L'aiguille Creuse"},"image":{"@id":"https:\/\/www.campingaiguillecreuse.com\/#logo"}},{"@type":"WebSite","@id":"https:\/\/www.campingaiguillecreuse.com\/#website","url":"https:\/\/www.campingaiguillecreuse.com\/","name":"Camping L&#039;Aiguille Creuse","description":"CAMPING **** L&#039; AIGUILLE CREUSE PRES D&#039;ETRETAT EN NORMANDIE Camping en Normandie, avec piscine couverte et chauff\u00e9e ouverte toute la saison","publisher":{"@id":"https:\/\/www.campingaiguillecreuse.com\/#organization"},"potentialAction":[{"@type":"SearchAction","target":{"@type":"EntryPoint","urlTemplate":"https:\/\/www.campingaiguillecreuse.com\/?s={search_term_string}"},"query-input":"required name=search_term_string"}],"inLanguage":"en-US"},{"@type":"ImageObject","@id":"https:\/\/www.campingaiguillecreuse.com\/en\/tourism\/le-havre\/#primaryimage","inLanguage":"en-US","url":"https:\/\/www.campingaiguillecreuse.com\/wp-content\/uploads\/2021\/07\/photo-635817307913054614-1.webp","contentUrl":"https:\/\/www.campingaiguillecreuse.com\/wp-content\/uploads\/2021\/07\/photo-635817307913054614-1.webp"},{"@type":"WebPage","@id":"https:\/\/www.campingaiguillecreuse.com\/en\/tourism\/le-havre\/#webpage","url":"https:\/\/www.campingaiguillecreuse.com\/en\/tourism\/le-havre\/","name":"Visit Le Havre - Camping L'Aiguille Creuse **** Normandy","isPartOf":{"@id":"https:\/\/www.campingaiguillecreuse.com\/#website"},"primaryImageOfPage":{"@id":"https:\/\/www.campingaiguillecreuse.com\/en\/tourism\/le-havre\/#primaryimage"},"datePublished":"2021-07-13T08:22:54+00:00","dateModified":"2022-02-25T10:57:37+00:00","description":"Take advantage of your stay at the Etretat campground to discover Le Havre, located only 40 km from the Aiguille Creuse campground","breadcrumb":{"@id":"https:\/\/www.campingaiguillecreuse.com\/en\/tourism\/le-havre\/#breadcrumb"},"inLanguage":"en-US","potentialAction":[{"@type":"ReadAction","target":["https:\/\/www.campingaiguillecreuse.com\/en\/tourism\/le-havre\/"]}]},{"@type":"BreadcrumbList","@id":"https:\/\/www.campingaiguillecreuse.com\/en\/tourism\/le-havre\/#breadcrumb","itemListElement":[{"@type":"ListItem","position":1,"name":"Accueil","item":"https:\/\/www.campingaiguillecreuse.com\/en\/"},{"@type":"ListItem","position":2,"name":"Tourism","item":"https:\/\/www.campingaiguillecreuse.com\/en\/tourism\/"},{"@type":"ListItem","position":3,"name":"Le Havre"}]}]}},"_links":{"self":[{"href":"https:\/\/www.campingaiguillecreuse.com\/en\/wp-json\/wp\/v2\/pages\/2320"}],"collection":[{"href":"https:\/\/www.campingaiguillecreuse.com\/en\/wp-json\/wp\/v2\/pages"}],"about":[{"href":"https:\/\/www.campingaiguillecreuse.com\/en\/wp-json\/wp\/v2\/types\/page"}],"author":[{"embeddable":true,"href":"https:\/\/www.campingaiguillecreuse.com\/en\/wp-json\/wp\/v2\/users\/1"}],"replies":[{"embeddable":true,"href":"https:\/\/www.campingaiguillecreuse.com\/en\/wp-json\/wp\/v2\/comments?post=2320"}],"version-history":[{"count":3,"href":"https:\/\/www.campingaiguillecreuse.com\/en\/wp-json\/wp\/v2\/pages\/2320\/revisions"}],"predecessor-version":[{"id":2621,"href":"https:\/\/www.campingaiguillecreuse.com\/en\/wp-json\/wp\/v2\/pages\/2320\/revisions\/2621"}],"up":[{"embeddable":true,"href":"https:\/\/www.campingaiguillecreuse.com\/en\/wp-json\/wp\/v2\/pages\/2310"}],"wp:attachment":[{"href":"https:\/\/www.campingaiguillecreuse.com\/en\/wp-json\/wp\/v2\/media?parent=2320"}],"curies":[{"name":"wp","href":"https:\/\/api.w.org\/{rel}","templated":true}]}}