{"id":2316,"date":"2021-07-13T10:22:19","date_gmt":"2021-07-13T08:22:19","guid":{"rendered":"https:\/\/www.campingaiguillecreuse.com\/tourism\/fecamp\/"},"modified":"2023-06-26T10:49:53","modified_gmt":"2023-06-26T08:49:53","slug":"fecamp","status":"publish","type":"page","link":"https:\/\/www.campingaiguillecreuse.com\/en\/tourism\/fecamp\/","title":{"rendered":"F\u00e9camp"},"content":{"rendered":"\n<section class=\"wp-block-group section_accroche\">\n<h1 class=\"has-text-align-center\">F\u00e9camp<\/h1>\n\n\n\n<p class=\"has-text-align-center\">The town of&nbsp;<strong>F\u00e9camp<\/strong>&nbsp;can be found just 10km away from the Aiguille Creuse campsite on the C\u00f4te d\u2019Alb\u00e2tre (alabaster coast), the name given to the Pays de Caux coastline because of its white cliffs stretching for 120km&#8230;&nbsp;<strong>A landscape like nowhere else in the world<\/strong>!<\/p>\n<\/section>\n\n\n\n<section class=\"wp-block-group section_services\">\n<div class=\"wp-block-cover has-background-dim-90 has-primaire-background-color has-background-dim\"><img class=\"wp-block-cover__image-background wp-image-495\" alt=\"\" src=\"https:\/\/www.campingaiguillecreuse.com\/wp-content\/uploads\/2021\/07\/photo-635817307913054614-1.webp\" data-object-fit=\"cover\"\/><div class=\"wp-block-cover__inner-container\">\n<div class=\"wp-block-columns are-vertically-aligned-top\">\n<div class=\"wp-block-column is-vertically-aligned-top\" style=\"flex-basis:40%\">\n<h2 class=\"has-blanc-color has-text-color\">Things to do in F\u00e9camp<\/h2>\n\n\n\n<p class=\"has-blanc-color has-text-color\">F\u00e9camp is one of this coastline\u2019s small ports well worth taking the time to visit during <strong>your holiday in Normandy<\/strong>! F\u00e9camp is on the official French list of &nbsp;<a href=\"http:\/\/www.fecamptourisme.com\/\" target=\"_blank\" rel=\"noreferrer noopener\"><strong>Towns of Art and History<\/strong><\/a>. The town\u2019s heritage features are highlighted and promoted by a team of professional guides via guided tours, storytelling walkabouts, hikes, heritage workshops and various shows.<\/p>\n\n\n\n<ul class=\"has-blanc-color has-text-color\"><li><strong>Cap Fagnet,\u00a0<\/strong>the highest point on the C\u00f4te d\u2019Alb\u00e2tre, culminates at 105 metres to offer an amazing view over the cliffs, the port and the town itself. The massive bunkers remaining from the Atlantic Wall can still be visited by guided tours. The wind farm installed in 2006 also merits a visit, as do the bird sanctuary and the sailors\u2019 chapel.<\/li><li>Built in the Middle Ages and rebuilt during the 15th century, <strong>Saint Etienne Church<\/strong> features a Renaissance portal that\u2019s listed as a Historic Monument. <strong>The church towers above the port of F\u00e9camp.<\/strong>.<\/li><li><strong>Sainte Trinit\u00e9 Abbatial Church<\/strong>, Place des Ducs Richard. This is a listed Historic Monument. With a length equal to that of Notre Dame Cathedral in Paris, it features a 60-metre lantern tower and an astronomical tide clock.<\/li><li><a href=\"https:\/\/www.benedictinedom.com\/fr\/fr\/flamboyant-palais\/\" target=\"_blank\" rel=\"noreferrer noopener\"><strong>The Benedictine Palace<\/strong><\/a>, Rue Alexandre Legros. This factory palace dating from 1863 was built by Alexander Le Grand, a wine merchant from F\u00e9camp, who found the recipe for his elixir in an ancient book. After a few trials and errors, he succeeded in recreating the famous liqueur that is still enjoyed today! Worth visiting for the building itself, the history behind it and, of course, the beverage of the same name! <\/li><\/ul>\n<\/div>\n\n\n\n<div class=\"wp-block-column is-vertically-aligned-top col_img-2\" style=\"flex-basis:60%\">\n<div style=\"height:96px\" aria-hidden=\"true\" class=\"wp-block-spacer\"><\/div>\n\n\n\n<ul id=\"block-491c9193-7463-4a71-86a3-b3d75e55ba03\"><li><a href=\"https:\/\/www.seine-maritime-tourisme.com\/diffusio\/fr\/je-choisis\/une-visite\/musees\/fecamp\/les-pecheries-musee-de-fecamp_TFOPCUNOR076V50YM1C.php\" target=\"_blank\" rel=\"noreferrer noopener\"><strong>The Mus\u00e9e des P\u00eacheries<\/strong><\/a>. The Fisheries Museum is at F\u00e9camp port, <strong>12km from the Aiguille Creuse campsite.<\/strong> Start by walking to the panoramic viewpoint to admire the stunning view over F\u00e9camp and the port, then visit the museum to learn about the adventures of the fishermen of F\u00e9camp who sailed to Newfoundland to spend long months fishing for cod. You\u2019ll also see collections of typical Normandy wardrobes, cabinets, costumes and jewellery) as well as an amazing collection on the theme of childhood, put together by Dr Dufour.<br>Audio guides in French and English available at the museum (\u20ac2)<\/li><li><strong><a href=\"https:\/\/www.seine-maritime-tourisme.com\/diffusio\/fr\/je-choisis\/une-visite\/musees\/fecamp\/musee-decouverte-du-chocolat_TFOPCUNOR076FS000AO.php\" target=\"_blank\" rel=\"noreferrer noopener\">Chocolate Museum<\/a><\/strong>,\u00a0Route de Valmont. On this tour, you\u2019ll find out all there is to know about cocoa and its history. Tastings, games and activities, a wonderful experience for chocolate lovers.<\/li><li>Woody Parc\u00a0\u2013 Amusement Park on Avenue du Mar\u00e9chal de Lattre de Tassigny with activities for the whole family, including treetop adventure trails, paintball, Body Bubbles and mini Olympics.<\/li><\/ul>\n\n\n\n<figure class=\"wp-block-gallery columns-2 is-cropped\"><ul class=\"blocks-gallery-grid\"><li class=\"blocks-gallery-item\"><figure><img loading=\"lazy\" width=\"1000\" height=\"467\" src=\"https:\/\/www.campingaiguillecreuse.com\/wp-content\/uploads\/2021\/10\/20210320_1239543.jpg\" alt=\"Aiguille Creuse campsite: 20210320 1239543\" data-id=\"1151\" data-full-url=\"https:\/\/www.campingaiguillecreuse.com\/wp-content\/uploads\/2021\/10\/20210320_1239543.jpg\" data-link=\"https:\/\/www.campingaiguillecreuse.com\/camping-seine-maritime\/fecamp\/20210320_1239543\/\" class=\"wp-image-1151\" srcset=\"https:\/\/www.campingaiguillecreuse.com\/wp-content\/uploads\/2021\/10\/20210320_1239543.jpg 1000w, https:\/\/www.campingaiguillecreuse.com\/wp-content\/uploads\/2021\/10\/20210320_1239543-300x140.jpg 300w, https:\/\/www.campingaiguillecreuse.com\/wp-content\/uploads\/2021\/10\/20210320_1239543-768x359.jpg 768w\" sizes=\"(max-width: 1000px) 100vw, 1000px\" \/><\/figure><\/li><li class=\"blocks-gallery-item\"><figure><img loading=\"lazy\" width=\"1000\" height=\"667\" src=\"https:\/\/www.campingaiguillecreuse.com\/wp-content\/uploads\/2021\/10\/Palais-Be\u2560une\u2560udicine-c-OIT-FECAMP_3569.jpg\" alt=\"Aiguille Creuse campsite: Palais Be\u2560une\u2560udicine C Oit Fecamp 3569\" data-id=\"1155\" data-full-url=\"https:\/\/www.campingaiguillecreuse.com\/wp-content\/uploads\/2021\/10\/Palais-Be\u2560une\u2560udicine-c-OIT-FECAMP_3569.jpg\" data-link=\"https:\/\/www.campingaiguillecreuse.com\/camping-seine-maritime\/fecamp\/palais-be%e2%95%a0une%e2%95%a0udicine-c-oit-fecamp_3569\/\" class=\"wp-image-1155\" srcset=\"https:\/\/www.campingaiguillecreuse.com\/wp-content\/uploads\/2021\/10\/Palais-Be\u2560une\u2560udicine-c-OIT-FECAMP_3569.jpg 1000w, https:\/\/www.campingaiguillecreuse.com\/wp-content\/uploads\/2021\/10\/Palais-Be\u2560une\u2560udicine-c-OIT-FECAMP_3569-300x200.jpg 300w, https:\/\/www.campingaiguillecreuse.com\/wp-content\/uploads\/2021\/10\/Palais-Be\u2560une\u2560udicine-c-OIT-FECAMP_3569-768x512.jpg 768w\" sizes=\"(max-width: 1000px) 100vw, 1000px\" \/><\/figure><\/li><\/ul><\/figure>\n\n\n\n<div class=\"wp-block-buttons is-content-justification-right btn_galerie\">\n<div class=\"wp-block-button\"><a class=\"wp-block-button__link has-blanc-color has-text-color\" href=\"https:\/\/www.campingaiguillecreuse.com\/en\/photo-gallery\/\"><i class=\"fas fa-images\"><\/i> See photo gallery<\/a><\/div>\n<\/div>\n<\/div>\n<\/div>\n<\/div><\/div>\n<\/section>\n\n\n\n<section class=\"wp-block-group section_alentours\">\n<div class=\"wp-block-columns\">\n<div class=\"wp-block-column col_img\" style=\"flex-basis:40%\">\n<figure class=\"wp-block-image size-full\"><img loading=\"lazy\" width=\"1000\" height=\"486\" src=\"https:\/\/www.campingaiguillecreuse.com\/wp-content\/uploads\/2021\/10\/Copie-de-20210801_1216312.jpg\" alt=\"Aiguille Creuse campsite: Copy of 20210801 1216312\" class=\"wp-image-1159\" srcset=\"https:\/\/www.campingaiguillecreuse.com\/wp-content\/uploads\/2021\/10\/Copie-de-20210801_1216312.jpg 1000w, https:\/\/www.campingaiguillecreuse.com\/wp-content\/uploads\/2021\/10\/Copie-de-20210801_1216312-300x146.jpg 300w, https:\/\/www.campingaiguillecreuse.com\/wp-content\/uploads\/2021\/10\/Copie-de-20210801_1216312-768x373.jpg 768w\" sizes=\"(max-width: 1000px) 100vw, 1000px\" \/><\/figure>\n\n\n\n<div class=\"wp-block-buttons is-content-justification-left btn_galerie\">\n<div class=\"wp-block-button\"><a class=\"wp-block-button__link has-primaire-color has-text-color\" href=\"https:\/\/www.campingaiguillecreuse.com\/en\/photo-gallery\/\"><i class=\"fas fa-images\"><\/i> See photo gallery<\/a><\/div>\n<\/div>\n<\/div>\n\n\n\n<div class=\"wp-block-column\" style=\"flex-basis:60%\">\n<h2 class=\"titre_1\">Yport &#8211; 7km<\/h2>\n\n\n\n<p>Nestling in a hanging valley, this village remains a vivid memory for the local fishermen. Their small boats are reminders of the olden days when life in Yport revolved around the sea, and sailors ventured out to the edge of Newfoundland.<br>Recognised as a seaside resort since 1929, Yport has known many famous people, including the likes of Maupassant, Gide and Boudin.<br>Nowadays, Yport&nbsp;is a quiet, picturesque village.<\/p>\n\n\n\n<p><a href=\"http:\/\/yport.groupetranchant.com\/\" target=\"_blank\" rel=\"noreferrer noopener\"><strong>Yport Casino<\/strong><\/a>: The die is cast&#8230; Roulette, Black Jack, slot machines&#8230; try your luck!<\/p>\n<\/div>\n<\/div>\n<\/section>\n","protected":false},"excerpt":{"rendered":"<p>F\u00e9camp The town of&nbsp;F\u00e9camp&nbsp;can be found just 10km away from the Aiguille Creuse campsite on the C\u00f4te d\u2019Alb\u00e2tre (alabaster coast), the name given to the Pays de Caux coastline because of its white cliffs stretching for 120km&#8230;&nbsp;A landscape like nowhere else in the world! Yport &#8211; 7km Nestling in a hanging valley, this village remains [&hellip;]<\/p>\n","protected":false},"author":1,"featured_media":0,"parent":2310,"menu_order":2,"comment_status":"closed","ping_status":"closed","template":"","meta":[],"yoast_head":"<!-- This site is optimized with the Yoast SEO plugin v16.7 - https:\/\/yoast.com\/wordpress\/plugins\/seo\/ -->\n<title>Visit F\u00e9camp - L&#039;Aiguille Creuse 4-star campsite Normandy<\/title>\n<meta name=\"description\" content=\"Take the time to visit the town and the many sights of F\u00e9camp, just 20 minutes away from our Aiguille Creuse campsite in \u00c9tretat\" \/>\n<meta name=\"robots\" content=\"index, follow, max-snippet:-1, max-image-preview:large, max-video-preview:-1\" \/>\n<link rel=\"canonical\" href=\"https:\/\/www.campingaiguillecreuse.com\/en\/tourism\/fecamp\/\" \/>\n<meta property=\"og:locale\" content=\"en_US\" \/>\n<meta property=\"og:type\" content=\"article\" \/>\n<meta property=\"og:title\" content=\"Visit F\u00e9camp - L&#039;Aiguille Creuse 4-star campsite Normandy\" \/>\n<meta property=\"og:description\" content=\"Take the time to visit the town and the many sights of F\u00e9camp, just 20 minutes away from our Aiguille Creuse campsite in \u00c9tretat\" \/>\n<meta property=\"og:url\" content=\"https:\/\/www.campingaiguillecreuse.com\/en\/tourism\/fecamp\/\" \/>\n<meta property=\"og:site_name\" content=\"Camping L&#039;Aiguille Creuse\" \/>\n<meta property=\"article:publisher\" content=\"https:\/\/www.facebook.com\/campingaiguillecreuse\/\" \/>\n<meta property=\"article:modified_time\" content=\"2023-06-26T08:49:53+00:00\" \/>\n<meta property=\"og:image\" content=\"https:\/\/www.campingaiguillecreuse.com\/wp-content\/uploads\/2021\/07\/photo-635817307913054614-1.webp\" \/>\n<meta name=\"twitter:card\" content=\"summary_large_image\" \/>\n<meta name=\"twitter:label1\" content=\"Est. reading time\" \/>\n\t<meta name=\"twitter:data1\" content=\"4 minutes\" \/>\n<script type=\"application\/ld+json\" class=\"yoast-schema-graph\">{\"@context\":\"https:\/\/schema.org\",\"@graph\":[{\"@type\":\"Organization\",\"@id\":\"https:\/\/www.campingaiguillecreuse.com\/#organization\",\"name\":\"Camping L'aiguille Creuse\",\"url\":\"https:\/\/www.campingaiguillecreuse.com\/\",\"sameAs\":[\"https:\/\/www.facebook.com\/campingaiguillecreuse\/\",\"https:\/\/www.instagram.com\/camping_aiguille_creuse\/\",\"https:\/\/www.wikidata.org\/wiki\/Q138617169\"],\"logo\":{\"@type\":\"ImageObject\",\"@id\":\"https:\/\/www.campingaiguillecreuse.com\/#logo\",\"inLanguage\":\"en-US\",\"url\":\"https:\/\/www.campingaiguillecreuse.com\/wp-content\/uploads\/2025\/10\/logo-aiguille-creuse-2025.webp\",\"contentUrl\":\"https:\/\/www.campingaiguillecreuse.com\/wp-content\/uploads\/2025\/10\/logo-aiguille-creuse-2025.webp\",\"width\":1356,\"height\":804,\"caption\":\"Camping L'aiguille Creuse\"},\"image\":{\"@id\":\"https:\/\/www.campingaiguillecreuse.com\/#logo\"}},{\"@type\":\"WebSite\",\"@id\":\"https:\/\/www.campingaiguillecreuse.com\/#website\",\"url\":\"https:\/\/www.campingaiguillecreuse.com\/\",\"name\":\"Camping L&#039;Aiguille Creuse\",\"description\":\"CAMPING **** L&#039; AIGUILLE CREUSE PRES D&#039;ETRETAT EN NORMANDIE Camping en Normandie, avec piscine couverte et chauff\\u00e9e ouverte toute la saison\",\"publisher\":{\"@id\":\"https:\/\/www.campingaiguillecreuse.com\/#organization\"},\"potentialAction\":[{\"@type\":\"SearchAction\",\"target\":{\"@type\":\"EntryPoint\",\"urlTemplate\":\"https:\/\/www.campingaiguillecreuse.com\/?s={search_term_string}\"},\"query-input\":\"required name=search_term_string\"}],\"inLanguage\":\"en-US\"},{\"@type\":\"ImageObject\",\"@id\":\"https:\/\/www.campingaiguillecreuse.com\/en\/tourism\/fecamp\/#primaryimage\",\"inLanguage\":\"en-US\",\"url\":\"https:\/\/www.campingaiguillecreuse.com\/wp-content\/uploads\/2021\/07\/photo-635817307913054614-1.webp\",\"contentUrl\":\"https:\/\/www.campingaiguillecreuse.com\/wp-content\/uploads\/2021\/07\/photo-635817307913054614-1.webp\"},{\"@type\":\"WebPage\",\"@id\":\"https:\/\/www.campingaiguillecreuse.com\/en\/tourism\/fecamp\/#webpage\",\"url\":\"https:\/\/www.campingaiguillecreuse.com\/en\/tourism\/fecamp\/\",\"name\":\"Visit F\\u00e9camp - L'Aiguille Creuse 4-star campsite Normandy\",\"isPartOf\":{\"@id\":\"https:\/\/www.campingaiguillecreuse.com\/#website\"},\"primaryImageOfPage\":{\"@id\":\"https:\/\/www.campingaiguillecreuse.com\/en\/tourism\/fecamp\/#primaryimage\"},\"datePublished\":\"2021-07-13T08:22:19+00:00\",\"dateModified\":\"2023-06-26T08:49:53+00:00\",\"description\":\"Take the time to visit the town and the many sights of F\\u00e9camp, just 20 minutes away from our Aiguille Creuse campsite in \\u00c9tretat\",\"breadcrumb\":{\"@id\":\"https:\/\/www.campingaiguillecreuse.com\/en\/tourism\/fecamp\/#breadcrumb\"},\"inLanguage\":\"en-US\",\"potentialAction\":[{\"@type\":\"ReadAction\",\"target\":[\"https:\/\/www.campingaiguillecreuse.com\/en\/tourism\/fecamp\/\"]}]},{\"@type\":\"BreadcrumbList\",\"@id\":\"https:\/\/www.campingaiguillecreuse.com\/en\/tourism\/fecamp\/#breadcrumb\",\"itemListElement\":[{\"@type\":\"ListItem\",\"position\":1,\"name\":\"Accueil\",\"item\":\"https:\/\/www.campingaiguillecreuse.com\/en\/\"},{\"@type\":\"ListItem\",\"position\":2,\"name\":\"Tourism\",\"item\":\"https:\/\/www.campingaiguillecreuse.com\/en\/tourism\/\"},{\"@type\":\"ListItem\",\"position\":3,\"name\":\"F\\u00e9camp\"}]}]}<\/script>\n<!-- \/ Yoast SEO plugin. -->","yoast_head_json":{"title":"Visit F\u00e9camp - L'Aiguille Creuse 4-star campsite Normandy","description":"Take the time to visit the town and the many sights of F\u00e9camp, just 20 minutes away from our Aiguille Creuse campsite in \u00c9tretat","robots":{"index":"index","follow":"follow","max-snippet":"max-snippet:-1","max-image-preview":"max-image-preview:large","max-video-preview":"max-video-preview:-1"},"canonical":"https:\/\/www.campingaiguillecreuse.com\/en\/tourism\/fecamp\/","og_locale":"en_US","og_type":"article","og_title":"Visit F\u00e9camp - L'Aiguille Creuse 4-star campsite Normandy","og_description":"Take the time to visit the town and the many sights of F\u00e9camp, just 20 minutes away from our Aiguille Creuse campsite in \u00c9tretat","og_url":"https:\/\/www.campingaiguillecreuse.com\/en\/tourism\/fecamp\/","og_site_name":"Camping L&#039;Aiguille Creuse","article_publisher":"https:\/\/www.facebook.com\/campingaiguillecreuse\/","article_modified_time":"2023-06-26T08:49:53+00:00","og_image":[{"url":"https:\/\/www.campingaiguillecreuse.com\/wp-content\/uploads\/2021\/07\/photo-635817307913054614-1.webp"}],"twitter_card":"summary_large_image","twitter_misc":{"Est. reading time":"4 minutes"},"schema":{"@context":"https:\/\/schema.org","@graph":[{"@type":"Organization","@id":"https:\/\/www.campingaiguillecreuse.com\/#organization","name":"Camping L'aiguille Creuse","url":"https:\/\/www.campingaiguillecreuse.com\/","sameAs":["https:\/\/www.facebook.com\/campingaiguillecreuse\/","https:\/\/www.instagram.com\/camping_aiguille_creuse\/","https:\/\/www.wikidata.org\/wiki\/Q138617169"],"logo":{"@type":"ImageObject","@id":"https:\/\/www.campingaiguillecreuse.com\/#logo","inLanguage":"en-US","url":"https:\/\/www.campingaiguillecreuse.com\/wp-content\/uploads\/2025\/10\/logo-aiguille-creuse-2025.webp","contentUrl":"https:\/\/www.campingaiguillecreuse.com\/wp-content\/uploads\/2025\/10\/logo-aiguille-creuse-2025.webp","width":1356,"height":804,"caption":"Camping L'aiguille Creuse"},"image":{"@id":"https:\/\/www.campingaiguillecreuse.com\/#logo"}},{"@type":"WebSite","@id":"https:\/\/www.campingaiguillecreuse.com\/#website","url":"https:\/\/www.campingaiguillecreuse.com\/","name":"Camping L&#039;Aiguille Creuse","description":"CAMPING **** L&#039; AIGUILLE CREUSE PRES D&#039;ETRETAT EN NORMANDIE Camping en Normandie, avec piscine couverte et chauff\u00e9e ouverte toute la saison","publisher":{"@id":"https:\/\/www.campingaiguillecreuse.com\/#organization"},"potentialAction":[{"@type":"SearchAction","target":{"@type":"EntryPoint","urlTemplate":"https:\/\/www.campingaiguillecreuse.com\/?s={search_term_string}"},"query-input":"required name=search_term_string"}],"inLanguage":"en-US"},{"@type":"ImageObject","@id":"https:\/\/www.campingaiguillecreuse.com\/en\/tourism\/fecamp\/#primaryimage","inLanguage":"en-US","url":"https:\/\/www.campingaiguillecreuse.com\/wp-content\/uploads\/2021\/07\/photo-635817307913054614-1.webp","contentUrl":"https:\/\/www.campingaiguillecreuse.com\/wp-content\/uploads\/2021\/07\/photo-635817307913054614-1.webp"},{"@type":"WebPage","@id":"https:\/\/www.campingaiguillecreuse.com\/en\/tourism\/fecamp\/#webpage","url":"https:\/\/www.campingaiguillecreuse.com\/en\/tourism\/fecamp\/","name":"Visit F\u00e9camp - L'Aiguille Creuse 4-star campsite Normandy","isPartOf":{"@id":"https:\/\/www.campingaiguillecreuse.com\/#website"},"primaryImageOfPage":{"@id":"https:\/\/www.campingaiguillecreuse.com\/en\/tourism\/fecamp\/#primaryimage"},"datePublished":"2021-07-13T08:22:19+00:00","dateModified":"2023-06-26T08:49:53+00:00","description":"Take the time to visit the town and the many sights of F\u00e9camp, just 20 minutes away from our Aiguille Creuse campsite in \u00c9tretat","breadcrumb":{"@id":"https:\/\/www.campingaiguillecreuse.com\/en\/tourism\/fecamp\/#breadcrumb"},"inLanguage":"en-US","potentialAction":[{"@type":"ReadAction","target":["https:\/\/www.campingaiguillecreuse.com\/en\/tourism\/fecamp\/"]}]},{"@type":"BreadcrumbList","@id":"https:\/\/www.campingaiguillecreuse.com\/en\/tourism\/fecamp\/#breadcrumb","itemListElement":[{"@type":"ListItem","position":1,"name":"Accueil","item":"https:\/\/www.campingaiguillecreuse.com\/en\/"},{"@type":"ListItem","position":2,"name":"Tourism","item":"https:\/\/www.campingaiguillecreuse.com\/en\/tourism\/"},{"@type":"ListItem","position":3,"name":"F\u00e9camp"}]}]}},"_links":{"self":[{"href":"https:\/\/www.campingaiguillecreuse.com\/en\/wp-json\/wp\/v2\/pages\/2316"}],"collection":[{"href":"https:\/\/www.campingaiguillecreuse.com\/en\/wp-json\/wp\/v2\/pages"}],"about":[{"href":"https:\/\/www.campingaiguillecreuse.com\/en\/wp-json\/wp\/v2\/types\/page"}],"author":[{"embeddable":true,"href":"https:\/\/www.campingaiguillecreuse.com\/en\/wp-json\/wp\/v2\/users\/1"}],"replies":[{"embeddable":true,"href":"https:\/\/www.campingaiguillecreuse.com\/en\/wp-json\/wp\/v2\/comments?post=2316"}],"version-history":[{"count":5,"href":"https:\/\/www.campingaiguillecreuse.com\/en\/wp-json\/wp\/v2\/pages\/2316\/revisions"}],"predecessor-version":[{"id":3750,"href":"https:\/\/www.campingaiguillecreuse.com\/en\/wp-json\/wp\/v2\/pages\/2316\/revisions\/3750"}],"up":[{"embeddable":true,"href":"https:\/\/www.campingaiguillecreuse.com\/en\/wp-json\/wp\/v2\/pages\/2310"}],"wp:attachment":[{"href":"https:\/\/www.campingaiguillecreuse.com\/en\/wp-json\/wp\/v2\/media?parent=2316"}],"curies":[{"name":"wp","href":"https:\/\/api.w.org\/{rel}","templated":true}]}}