{"id":5719,"date":"2025-11-06T09:53:19","date_gmt":"2025-11-06T08:53:19","guid":{"rendered":"https:\/\/www.campingaiguillecreuse.com\/geschenkgutscheine\/"},"modified":"2025-11-06T10:14:24","modified_gmt":"2025-11-06T09:14:24","slug":"geschenkgutscheine","status":"publish","type":"page","link":"https:\/\/www.campingaiguillecreuse.com\/de\/geschenkgutscheine\/","title":{"rendered":"Geschenkgutscheine"},"content":{"rendered":"\n<div class=\"wp-block-group section_accroche\"><div class=\"wp-block-group__inner-container\">\n<h1>Geschenkgutscheine<\/h1>\n\n\n\n<p><strong>\ud83c\udf81 Verschenken Sie einen Kurzurlaub an der Alabasterk\u00fcste mit unseren Geschenkgutscheinen!<\/strong><\/p>\n\n\n\n<p>Machen Sie Ihren Lieben eine Freude mit einem originellen Geschenk, das zum Tr\u00e4umen einl\u00e4dt: den Geschenkgutscheinen des Campingplatzes Sun\u00ealia L\u2019Aiguille Creuse, einem 4-Sterne-Campingplatz in der N\u00e4he von \u00c9tretat.<\/p>\n\n\n\n<p>Unsere Geschenkgutscheine sind in Werten von 100 \u20ac bis 500 \u20ac (in 50-\u20ac-Schritten) erh\u00e4ltlich und w\u00e4hrend der gesamten \u00d6ffnungszeit des Campingplatzes ein Jahr lang g\u00fcltig.<br>Sie k\u00f6nnen je nach Wunsch f\u00fcr die Buchung einer Unterkunft oder eines Stellplatzes verwendet werden.<\/p>\n\n\n\n<div style=\"height:25px\" aria-hidden=\"true\" class=\"wp-block-spacer hide-mob\"><\/div>\n\n\n\n<p><strong>\ud83c\udf3f Das ideale Geschenk zum Verschenken:<\/strong><\/p>\n\n\n\n<p>1. Entspannung im Herzen der normannischen Natur<\/p>\n\n\n\n<p>2. Der Komfort und die Dienstleistungen eines 4-Sterne-Campingplatzes von Sun\u00ealia<\/p>\n\n\n\n<p>3. Entdecken Sie die Klippen von \u00c9tretat und die K\u00fcste der C\u00f4te d\u2019Alb\u00e2tre<\/p>\n\n\n\n<div style=\"height:25px\" aria-hidden=\"true\" class=\"wp-block-spacer hide-mob\"><\/div>\n\n\n\n<p class=\"h2\"><strong>\u2728 Wie funktioniert das?<\/strong><\/p>\n\n\n\n<p>1. W\u00e4hlen Sie den Betrag des Geschenkgutscheins.<\/p>\n\n\n\n<p>2. Erhalten Sie es per E-Mail oder Post, fertig zum Verschenken.<\/p>\n\n\n\n<p>3. Der Beg\u00fcnstigte bucht seinen Aufenthalt direkt auf unserer Website oder telefonisch unter Verwendung seines Geschenkgutscheins.<\/p>\n\n\n\n<div style=\"height:25px\" aria-hidden=\"true\" class=\"wp-block-spacer hide-mob\"><\/div>\n\n\n\n<p>\ud83d\udc49 Verschenken Sie einen unvergesslichen Aufenthalt zwischen Meer und Land auf dem Campingplatz Sun\u00ealia L\u2019Aiguille Creuse \u2013 das perfekte Geschenk, das garantiert Freude bereitet! <\/p>\n\n\n\n<p><a href=\"https:\/\/reservation.secureholiday.net\/de\/2840\/gift-voucher\" target=\"_blank\" rel=\"noreferrer noopener\">Zum Geschenkgutschein<\/a><\/p>\n<\/div><\/div>\n","protected":false},"excerpt":{"rendered":"<p>Geschenkgutscheine \ud83c\udf81 Verschenken Sie einen Kurzurlaub an der Alabasterk\u00fcste mit unseren Geschenkgutscheinen! Machen Sie Ihren Lieben eine Freude mit einem originellen Geschenk, das zum Tr\u00e4umen einl\u00e4dt: den Geschenkgutscheinen des Campingplatzes Sun\u00ealia L\u2019Aiguille Creuse, einem 4-Sterne-Campingplatz in der N\u00e4he von \u00c9tretat. Unsere Geschenkgutscheine sind in Werten von 100 \u20ac bis 500 \u20ac (in 50-\u20ac-Schritten) erh\u00e4ltlich und [&hellip;]<\/p>\n","protected":false},"author":1,"featured_media":0,"parent":0,"menu_order":0,"comment_status":"closed","ping_status":"closed","template":"","meta":[],"yoast_head":"<!-- This site is optimized with the Yoast SEO plugin v16.7 - https:\/\/yoast.com\/wordpress\/plugins\/seo\/ -->\n<title>Geschenkgutscheine - Camping L&#039;Aiguille Creuse<\/title>\n<meta name=\"robots\" content=\"index, follow, max-snippet:-1, max-image-preview:large, max-video-preview:-1\" \/>\n<link rel=\"canonical\" href=\"https:\/\/www.campingaiguillecreuse.com\/de\/geschenkgutscheine\/\" \/>\n<meta property=\"og:locale\" content=\"de_DE\" \/>\n<meta property=\"og:type\" content=\"article\" \/>\n<meta property=\"og:title\" content=\"Geschenkgutscheine - Camping L&#039;Aiguille Creuse\" \/>\n<meta property=\"og:description\" content=\"Geschenkgutscheine \ud83c\udf81 Verschenken Sie einen Kurzurlaub an der Alabasterk\u00fcste mit unseren Geschenkgutscheinen! Machen Sie Ihren Lieben eine Freude mit einem originellen Geschenk, das zum Tr\u00e4umen einl\u00e4dt: den Geschenkgutscheinen des Campingplatzes Sun\u00ealia L\u2019Aiguille Creuse, einem 4-Sterne-Campingplatz in der N\u00e4he von \u00c9tretat. Unsere Geschenkgutscheine sind in Werten von 100 \u20ac bis 500 \u20ac (in 50-\u20ac-Schritten) erh\u00e4ltlich und [&hellip;]\" \/>\n<meta property=\"og:url\" content=\"https:\/\/www.campingaiguillecreuse.com\/de\/geschenkgutscheine\/\" \/>\n<meta property=\"og:site_name\" content=\"Camping L&#039;Aiguille Creuse\" \/>\n<meta property=\"article:publisher\" content=\"https:\/\/www.facebook.com\/campingaiguillecreuse\/\" \/>\n<meta property=\"article:modified_time\" content=\"2025-11-06T09:14:24+00:00\" \/>\n<meta name=\"twitter:card\" content=\"summary_large_image\" \/>\n<meta name=\"twitter:label1\" content=\"Gesch\u00e4tzte Lesezeit\" \/>\n\t<meta name=\"twitter:data1\" content=\"1 Minute\" \/>\n<script type=\"application\/ld+json\" class=\"yoast-schema-graph\">{\"@context\":\"https:\/\/schema.org\",\"@graph\":[{\"@type\":\"Organization\",\"@id\":\"https:\/\/www.campingaiguillecreuse.com\/#organization\",\"name\":\"Camping L'aiguille Creuse\",\"url\":\"https:\/\/www.campingaiguillecreuse.com\/\",\"sameAs\":[\"https:\/\/www.facebook.com\/campingaiguillecreuse\/\",\"https:\/\/www.instagram.com\/camping_aiguille_creuse\/\",\"https:\/\/www.wikidata.org\/wiki\/Q138617169\"],\"logo\":{\"@type\":\"ImageObject\",\"@id\":\"https:\/\/www.campingaiguillecreuse.com\/#logo\",\"inLanguage\":\"de-DE\",\"url\":\"https:\/\/www.campingaiguillecreuse.com\/wp-content\/uploads\/2025\/10\/logo-aiguille-creuse-2025.webp\",\"contentUrl\":\"https:\/\/www.campingaiguillecreuse.com\/wp-content\/uploads\/2025\/10\/logo-aiguille-creuse-2025.webp\",\"width\":1356,\"height\":804,\"caption\":\"Camping L'aiguille Creuse\"},\"image\":{\"@id\":\"https:\/\/www.campingaiguillecreuse.com\/#logo\"}},{\"@type\":\"WebSite\",\"@id\":\"https:\/\/www.campingaiguillecreuse.com\/#website\",\"url\":\"https:\/\/www.campingaiguillecreuse.com\/\",\"name\":\"Camping L&#039;Aiguille Creuse\",\"description\":\"CAMPING **** L&#039; AIGUILLE CREUSE PRES D&#039;ETRETAT EN NORMANDIE Camping en Normandie, avec piscine couverte et chauff\\u00e9e ouverte toute la saison\",\"publisher\":{\"@id\":\"https:\/\/www.campingaiguillecreuse.com\/#organization\"},\"potentialAction\":[{\"@type\":\"SearchAction\",\"target\":{\"@type\":\"EntryPoint\",\"urlTemplate\":\"https:\/\/www.campingaiguillecreuse.com\/?s={search_term_string}\"},\"query-input\":\"required name=search_term_string\"}],\"inLanguage\":\"de-DE\"},{\"@type\":\"WebPage\",\"@id\":\"https:\/\/www.campingaiguillecreuse.com\/de\/geschenkgutscheine\/#webpage\",\"url\":\"https:\/\/www.campingaiguillecreuse.com\/de\/geschenkgutscheine\/\",\"name\":\"Geschenkgutscheine - Camping L&#039;Aiguille Creuse\",\"isPartOf\":{\"@id\":\"https:\/\/www.campingaiguillecreuse.com\/#website\"},\"datePublished\":\"2025-11-06T08:53:19+00:00\",\"dateModified\":\"2025-11-06T09:14:24+00:00\",\"breadcrumb\":{\"@id\":\"https:\/\/www.campingaiguillecreuse.com\/de\/geschenkgutscheine\/#breadcrumb\"},\"inLanguage\":\"de-DE\",\"potentialAction\":[{\"@type\":\"ReadAction\",\"target\":[\"https:\/\/www.campingaiguillecreuse.com\/de\/geschenkgutscheine\/\"]}]},{\"@type\":\"BreadcrumbList\",\"@id\":\"https:\/\/www.campingaiguillecreuse.com\/de\/geschenkgutscheine\/#breadcrumb\",\"itemListElement\":[{\"@type\":\"ListItem\",\"position\":1,\"name\":\"Accueil\",\"item\":\"https:\/\/www.campingaiguillecreuse.com\/de\/\"},{\"@type\":\"ListItem\",\"position\":2,\"name\":\"Geschenkgutscheine\"}]}]}<\/script>\n<!-- \/ Yoast SEO plugin. -->","yoast_head_json":{"title":"Geschenkgutscheine - Camping L&#039;Aiguille Creuse","robots":{"index":"index","follow":"follow","max-snippet":"max-snippet:-1","max-image-preview":"max-image-preview:large","max-video-preview":"max-video-preview:-1"},"canonical":"https:\/\/www.campingaiguillecreuse.com\/de\/geschenkgutscheine\/","og_locale":"de_DE","og_type":"article","og_title":"Geschenkgutscheine - Camping L&#039;Aiguille Creuse","og_description":"Geschenkgutscheine \ud83c\udf81 Verschenken Sie einen Kurzurlaub an der Alabasterk\u00fcste mit unseren Geschenkgutscheinen! Machen Sie Ihren Lieben eine Freude mit einem originellen Geschenk, das zum Tr\u00e4umen einl\u00e4dt: den Geschenkgutscheinen des Campingplatzes Sun\u00ealia L\u2019Aiguille Creuse, einem 4-Sterne-Campingplatz in der N\u00e4he von \u00c9tretat. Unsere Geschenkgutscheine sind in Werten von 100 \u20ac bis 500 \u20ac (in 50-\u20ac-Schritten) erh\u00e4ltlich und [&hellip;]","og_url":"https:\/\/www.campingaiguillecreuse.com\/de\/geschenkgutscheine\/","og_site_name":"Camping L&#039;Aiguille Creuse","article_publisher":"https:\/\/www.facebook.com\/campingaiguillecreuse\/","article_modified_time":"2025-11-06T09:14:24+00:00","twitter_card":"summary_large_image","twitter_misc":{"Gesch\u00e4tzte Lesezeit":"1 Minute"},"schema":{"@context":"https:\/\/schema.org","@graph":[{"@type":"Organization","@id":"https:\/\/www.campingaiguillecreuse.com\/#organization","name":"Camping L'aiguille Creuse","url":"https:\/\/www.campingaiguillecreuse.com\/","sameAs":["https:\/\/www.facebook.com\/campingaiguillecreuse\/","https:\/\/www.instagram.com\/camping_aiguille_creuse\/","https:\/\/www.wikidata.org\/wiki\/Q138617169"],"logo":{"@type":"ImageObject","@id":"https:\/\/www.campingaiguillecreuse.com\/#logo","inLanguage":"de-DE","url":"https:\/\/www.campingaiguillecreuse.com\/wp-content\/uploads\/2025\/10\/logo-aiguille-creuse-2025.webp","contentUrl":"https:\/\/www.campingaiguillecreuse.com\/wp-content\/uploads\/2025\/10\/logo-aiguille-creuse-2025.webp","width":1356,"height":804,"caption":"Camping L'aiguille Creuse"},"image":{"@id":"https:\/\/www.campingaiguillecreuse.com\/#logo"}},{"@type":"WebSite","@id":"https:\/\/www.campingaiguillecreuse.com\/#website","url":"https:\/\/www.campingaiguillecreuse.com\/","name":"Camping L&#039;Aiguille Creuse","description":"CAMPING **** L&#039; AIGUILLE CREUSE PRES D&#039;ETRETAT EN NORMANDIE Camping en Normandie, avec piscine couverte et chauff\u00e9e ouverte toute la saison","publisher":{"@id":"https:\/\/www.campingaiguillecreuse.com\/#organization"},"potentialAction":[{"@type":"SearchAction","target":{"@type":"EntryPoint","urlTemplate":"https:\/\/www.campingaiguillecreuse.com\/?s={search_term_string}"},"query-input":"required name=search_term_string"}],"inLanguage":"de-DE"},{"@type":"WebPage","@id":"https:\/\/www.campingaiguillecreuse.com\/de\/geschenkgutscheine\/#webpage","url":"https:\/\/www.campingaiguillecreuse.com\/de\/geschenkgutscheine\/","name":"Geschenkgutscheine - Camping L&#039;Aiguille Creuse","isPartOf":{"@id":"https:\/\/www.campingaiguillecreuse.com\/#website"},"datePublished":"2025-11-06T08:53:19+00:00","dateModified":"2025-11-06T09:14:24+00:00","breadcrumb":{"@id":"https:\/\/www.campingaiguillecreuse.com\/de\/geschenkgutscheine\/#breadcrumb"},"inLanguage":"de-DE","potentialAction":[{"@type":"ReadAction","target":["https:\/\/www.campingaiguillecreuse.com\/de\/geschenkgutscheine\/"]}]},{"@type":"BreadcrumbList","@id":"https:\/\/www.campingaiguillecreuse.com\/de\/geschenkgutscheine\/#breadcrumb","itemListElement":[{"@type":"ListItem","position":1,"name":"Accueil","item":"https:\/\/www.campingaiguillecreuse.com\/de\/"},{"@type":"ListItem","position":2,"name":"Geschenkgutscheine"}]}]}},"_links":{"self":[{"href":"https:\/\/www.campingaiguillecreuse.com\/de\/wp-json\/wp\/v2\/pages\/5719"}],"collection":[{"href":"https:\/\/www.campingaiguillecreuse.com\/de\/wp-json\/wp\/v2\/pages"}],"about":[{"href":"https:\/\/www.campingaiguillecreuse.com\/de\/wp-json\/wp\/v2\/types\/page"}],"author":[{"embeddable":true,"href":"https:\/\/www.campingaiguillecreuse.com\/de\/wp-json\/wp\/v2\/users\/1"}],"replies":[{"embeddable":true,"href":"https:\/\/www.campingaiguillecreuse.com\/de\/wp-json\/wp\/v2\/comments?post=5719"}],"version-history":[{"count":4,"href":"https:\/\/www.campingaiguillecreuse.com\/de\/wp-json\/wp\/v2\/pages\/5719\/revisions"}],"predecessor-version":[{"id":5728,"href":"https:\/\/www.campingaiguillecreuse.com\/de\/wp-json\/wp\/v2\/pages\/5719\/revisions\/5728"}],"wp:attachment":[{"href":"https:\/\/www.campingaiguillecreuse.com\/de\/wp-json\/wp\/v2\/media?parent=5719"}],"curies":[{"name":"wp","href":"https:\/\/api.w.org\/{rel}","templated":true}]}}