{"id":2388,"date":"2022-02-08T09:26:49","date_gmt":"2022-02-08T08:26:49","guid":{"rendered":"https:\/\/www.campingaiguillecreuse.com\/tourismus\/honfleur\/"},"modified":"2025-08-20T15:16:30","modified_gmt":"2025-08-20T13:16:30","slug":"honfleur","status":"publish","type":"page","link":"https:\/\/www.campingaiguillecreuse.com\/de\/tourismus\/honfleur\/","title":{"rendered":"Honfleur"},"content":{"rendered":"\n<div class=\"wp-block-group section_accroche first_bloc\"><div class=\"wp-block-group__inner-container\">\n<h1 class=\"has-text-align-center\">Besuchen Honfleur<\/h1>\n\n\n\n<p class=\"has-text-align-center\" style=\"font-size:18px\"> Nutzen Sie Ihren 4-Sterne-Aufenthalt auf dem Campingplatz l&#8217;Aiguille Creuse, um die herrliche <strong>Normandie<\/strong> zu entdecken, die reich, sch\u00f6n und so vielf\u00e4ltig ist! <strong>Um nach Honfleur zu gelangen<\/strong>, <strong>das 40 km vom Campingplatz<\/strong> entfernt liegt, m\u00fcssen Sie die Seine \u00fcber die <strong>Pont de Normandie<\/strong> \u00fcberqueren. Diese Stadt liegt auf der anderen Seite der Seine-M\u00fcndung gegen\u00fcber von Le Havre und ist ein angenehmer Zwischenstopp f\u00fcr Urlauber, die einen <strong>Campingurlaub in der N\u00e4he von Honfleur<\/strong> genie\u00dfen und die Region erkunden wollen.<\/p>\n<\/div><\/div>\n\n\n\n<section class=\"wp-block-group section_services\">\n<div class=\"wp-block-cover has-background-dim-90 has-primaire-background-color has-background-dim\"><img class=\"wp-block-cover__image-background wp-image-495\" alt=\"\" src=\"https:\/\/www.campingaiguillecreuse.com\/wp-content\/uploads\/2021\/07\/photo-635817307913054614-1.webp\" data-object-fit=\"cover\"\/><div class=\"wp-block-cover__inner-container\">\n<div class=\"wp-block-columns are-vertically-aligned-center\">\n<div class=\"wp-block-column is-vertically-aligned-center\" style=\"flex-basis:40%\">\n<h2 class=\"has-blanc-color has-text-color\">Was kann man in Honfleur unternehmen und sehen?<\/h2>\n\n\n\n<p class=\"has-blanc-color has-text-color\" style=\"font-size:18px\"><strong>Honfleur<\/strong> geh\u00f6rt zu den St\u00e4dten in der Normandie, die Sie unbedingt besuchen sollten. Sie k\u00f6nnen dort leicht einen Tag verbringen zwischen seinem Fischerhafen, <a href=\"http:\/\/www.musees-honfleur.fr\/\" target=\"_blank\" rel=\"noreferrer noopener\">seinen Museen<\/a>, seinen Stra\u00dfen mit Fachwerkh\u00e4usern und seinen Landschaften, die an einige Gem\u00e4lde von Gro\u00dfmeistern erinnern&#8230;<\/p>\n\n\n\n<ul class=\"has-blanc-color has-text-color\" style=\"font-size:18px\"><li>Das Museum Eug\u00e8ne Boudin<\/li><li>Das Museum f\u00fcr Ethnografie und Volkskunst der Normandie<\/li><li>Das Marinemuseum<\/li><li>Das Naturospace<\/li><li>Die Satie-H\u00e4user<\/li><li>Kommentierte Stadtf\u00fchrungen<\/li><li>Die Kirche der Heiligen Katharina<\/li><li>Kunstgalerien<\/li><li>Die Bootsfahrten<\/li><\/ul>\n<\/div>\n\n\n\n<div class=\"wp-block-column is-vertically-aligned-center col_img\" style=\"flex-basis:60%\">\n<figure class=\"wp-block-image size-full\"><img loading=\"lazy\" width=\"800\" height=\"501\" src=\"https:\/\/www.campingaiguillecreuse.com\/wp-content\/uploads\/2025\/08\/honfleur-1.webp\" alt=\"\" class=\"wp-image-5350\" srcset=\"https:\/\/www.campingaiguillecreuse.com\/wp-content\/uploads\/2025\/08\/honfleur-1.webp 800w, https:\/\/www.campingaiguillecreuse.com\/wp-content\/uploads\/2025\/08\/honfleur-1-300x188.webp 300w, https:\/\/www.campingaiguillecreuse.com\/wp-content\/uploads\/2025\/08\/honfleur-1-768x481.webp 768w\" sizes=\"(max-width: 800px) 100vw, 800px\" \/><\/figure>\n\n\n\n<div class=\"wp-block-buttons is-content-justification-right btn_galerie\">\n<div class=\"wp-block-button has-custom-font-size has-medium-font-size\"><a class=\"wp-block-button__link has-blanc-color has-text-color\" href=\"https:\/\/www.campingaiguillecreuse.com\/de\/fotogalerie\/\"><i class=\"fas fa-images\"><\/i> Galerie ansehen<\/a><\/div>\n<\/div>\n<\/div>\n<\/div>\n<\/div><\/div>\n<\/section>\n\n\n\n<div style=\"height:60px\" aria-hidden=\"true\" class=\"wp-block-spacer\"><\/div>\n\n\n\n<div class=\"wp-block-columns\">\n<div class=\"wp-block-column\" style=\"flex-basis:100px\"><\/div>\n\n\n\n<div class=\"wp-block-column col_img\" style=\"flex-basis:40%\">\n<figure class=\"wp-block-image size-full is-style-default\"><img loading=\"lazy\" width=\"640\" height=\"426\" src=\"https:\/\/www.campingaiguillecreuse.com\/wp-content\/uploads\/2025\/08\/landscape-gc6618884d_640.webp\" alt=\"\" class=\"wp-image-5346\" srcset=\"https:\/\/www.campingaiguillecreuse.com\/wp-content\/uploads\/2025\/08\/landscape-gc6618884d_640.webp 640w, https:\/\/www.campingaiguillecreuse.com\/wp-content\/uploads\/2025\/08\/landscape-gc6618884d_640-300x200.webp 300w\" sizes=\"(max-width: 640px) 100vw, 640px\" \/><\/figure>\n<\/div>\n\n\n\n<div class=\"wp-block-column\" style=\"flex-basis:60%\">\n<div style=\"height:10px\" aria-hidden=\"true\" class=\"wp-block-spacer\"><\/div>\n\n\n\n<h3 class=\"titre_1\">Kulturelle und historische Sehensw\u00fcrdigkeiten in Honfleur<\/h3>\n\n\n\n<p style=\"font-size:18px\">Mit seinem reichen Kulturerbe haben Liebhaber von Geschichte, Architektur und Kunst reichlich Gelegenheit, die zahlreichen Sehensw\u00fcrdigkeiten zu besichtigen.<\/p>\n\n\n\n<ul style=\"font-size:18px\"><li>Kirche Sainte-Catherine,<\/li><li>Kapelle Notre-Dame-de-Gr\u00e2ce,<\/li><li>Katholische Kirche Saint-L\u00e9onard in Honfleur,<\/li><li>Der Leuchtturm von L\u2019H\u00f4pital,<\/li><li>Die Statthalterschaft,<\/li><li>Salzspeicher<\/li><\/ul>\n\n\n\n<p style=\"font-size:18px\">Was Museen angeht, sollten Sie w\u00e4hrend Ihres <strong>Aufenthalts auf dem Campingplatz in der N\u00e4he von Honfleur<\/strong> unbedingt das Mus\u00e9e Eug\u00e8ne Boudin besuchen. Bei einem Spaziergang durch die Stadt k\u00f6nnen Sie au\u00dferdem an den Maisons Satie vorbeikommen und dort einen interessanten Zwischenstopp einlegen.<\/p>\n<\/div>\n\n\n\n<div class=\"wp-block-column\" style=\"flex-basis:100px\"><\/div>\n<\/div>\n\n\n\n<div style=\"height:40px\" aria-hidden=\"true\" class=\"wp-block-spacer\"><\/div>\n\n\n\n<div class=\"wp-block-columns\">\n<div class=\"wp-block-column\" style=\"flex-basis:100px\"><\/div>\n\n\n\n<div class=\"wp-block-column\" style=\"flex-basis:60%\">\n<h3 class=\"titre_1\">Sehenswerte Naturgebiete in Honfleur<\/h3>\n\n\n\n<p style=\"font-size:18px\">Besucher, die lieber die Natur genie\u00dfen m\u00f6chten, kommen ebenfalls auf ihre Kosten! Denn Honfleur beherbergt eine Vielzahl von Orten, an denen die Natur ihren Platz hat. Ob Sie als Paar, mit der Familie oder mit Freunden kommen, die Ideen f\u00fcr Spazierg\u00e4nge und Ausfl\u00fcge wecken die Neugierde aller.<\/p>\n\n\n\n<ul style=\"font-size:18px\"><li>Der Strand von Butin und seine Klippen, die an die von \u00c9tretat erinnern<\/li><li>Naturospace Honfleur<\/li><li>Erleben Sie die H\u00f6he des Mont-Joli und sein Panorama<\/li><li>\u00d6ffentlicher Garten<\/li><li>Der Garten der Pers\u00f6nlichkeiten<\/li><li>Labyrinth von Honfleur<\/li><\/ul>\n<\/div>\n\n\n\n<div class=\"wp-block-column col_img\" style=\"flex-basis:40%\">\n<figure class=\"wp-block-image size-full\"><img loading=\"lazy\" width=\"640\" height=\"428\" src=\"https:\/\/www.campingaiguillecreuse.com\/wp-content\/uploads\/2025\/08\/landscape-g312572c11_640.webp\" alt=\"\" class=\"wp-image-5342\" srcset=\"https:\/\/www.campingaiguillecreuse.com\/wp-content\/uploads\/2025\/08\/landscape-g312572c11_640.webp 640w, https:\/\/www.campingaiguillecreuse.com\/wp-content\/uploads\/2025\/08\/landscape-g312572c11_640-300x201.webp 300w\" sizes=\"(max-width: 640px) 100vw, 640px\" \/><\/figure>\n<\/div>\n\n\n\n<div class=\"wp-block-column\" style=\"flex-basis:100px\"><\/div>\n<\/div>\n\n\n\n<div style=\"height:40px\" aria-hidden=\"true\" class=\"wp-block-spacer\"><\/div>\n\n\n\n<section class=\"wp-block-group section_alentours\">\n<div class=\"wp-block-columns\">\n<div class=\"wp-block-column col_img\" style=\"flex-basis:40%\">\n<figure class=\"wp-block-image size-full\"><img loading=\"lazy\" width=\"800\" height=\"534\" src=\"https:\/\/www.campingaiguillecreuse.com\/wp-content\/uploads\/2021\/08\/catene-havre.webp\" alt=\"Camping L'aiguille Creuse : Catene Havre\" class=\"wp-image-891\" srcset=\"https:\/\/www.campingaiguillecreuse.com\/wp-content\/uploads\/2021\/08\/catene-havre.webp 800w, https:\/\/www.campingaiguillecreuse.com\/wp-content\/uploads\/2021\/08\/catene-havre-300x200.webp 300w, https:\/\/www.campingaiguillecreuse.com\/wp-content\/uploads\/2021\/08\/catene-havre-768x513.webp 768w\" sizes=\"(max-width: 800px) 100vw, 800px\" \/><\/figure>\n\n\n\n<div class=\"wp-block-buttons is-content-justification-right btn_galerie\">\n<div class=\"wp-block-button has-custom-font-size has-medium-font-size\"><a class=\"wp-block-button__link has-primaire-color has-text-color\" href=\"https:\/\/www.campingaiguillecreuse.com\/de\/fotogalerie\/\"><i class=\"fas fa-images\"><\/i> Galerie ansehen<\/a><\/div>\n<\/div>\n<\/div>\n\n\n\n<div class=\"wp-block-column\" style=\"flex-basis:60%\">\n<h2 class=\"titre_1\">Was kann man in der N\u00e4he von Honfleur unternehmen?<\/h2>\n\n\n\n<p style=\"font-size:18px\">Wer m\u00f6chte, kann seinen Spaziergang in Honfleur nutzen, um andere Orte zu erreichen, die ebenfalls einen Besuch wert sind. Zur Auswahl stehen. <\/p>\n\n\n\n<h3>Le Havre besuchen <\/h3>\n\n\n\n<p style=\"font-size:18px\">Wenn Sie auf der Suche nach einem Ort sind, an den Sie w\u00e4hrend Ihres Aufenthalts in der Normandie gehen k\u00f6nnen, dann suchen Sie nicht weiter: <a href=\"https:\/\/www.campingaiguillecreuse.com\/de\/tourismus\/le-havre\/\">Le Havre<\/a> ist DAS Ziel, das Sie w\u00e4hlen m\u00fcssen!<\/p>\n\n\n\n<p style=\"font-size:18px\">Le Havre ist <strong>30 km vom Campingplatz l&#8217;Aiguille Creuse<\/strong> entfernt und liegt am rechten Ufer der Seine-M\u00fcndung. Sein Hafen ist der zweitgr\u00f6\u00dfte nach dem von Marseille. Bei einem Besuch des Hafenzentrums k\u00f6nnen Sie sich ein Bild davon machen\u00a0\u2026 wie ma\u00dflos die Containerschiffe sind, die hier durchfahren. <\/p>\n\n\n\n<ul style=\"font-size:18px\"><li>Das Port Center \u2013 Eintauchen in das Herz der havaischen Hafenwelt.<\/li><li>Die Abtei von Graville <\/li><li>Die Kathedrale Notre Dame<\/li><li>Die Kirche Saint Martin<\/li><li>Le Portique, Raum f\u00fcr zeitgen\u00f6ssische Kunst und Grafikdesign<\/li><li>MuMa \u2013 Museum f\u00fcr Moderne Kunst Andr\u00e9 Malraux<\/li><li>Die Kirche St. Joseph<\/li><\/ul>\n<\/div>\n<\/div>\n<\/section>\n\n\n\n<section class=\"wp-block-group section_bloc_images\">\n<div class=\"wp-block-columns are-vertically-aligned-center\">\n<div class=\"wp-block-column is-vertically-aligned-center col_img\" style=\"flex-basis:50%\">\n<figure class=\"wp-block-image size-full\"><img loading=\"lazy\" width=\"800\" height=\"474\" src=\"https:\/\/www.campingaiguillecreuse.com\/wp-content\/uploads\/2025\/08\/boucles-de-la-seine-camping-etretat-1.webp\" alt=\"Boucles de la Seine\" class=\"wp-image-5338\" srcset=\"https:\/\/www.campingaiguillecreuse.com\/wp-content\/uploads\/2025\/08\/boucles-de-la-seine-camping-etretat-1.webp 800w, https:\/\/www.campingaiguillecreuse.com\/wp-content\/uploads\/2025\/08\/boucles-de-la-seine-camping-etretat-1-300x178.webp 300w, https:\/\/www.campingaiguillecreuse.com\/wp-content\/uploads\/2025\/08\/boucles-de-la-seine-camping-etretat-1-768x455.webp 768w\" sizes=\"(max-width: 800px) 100vw, 800px\" \/><\/figure>\n<\/div>\n\n\n\n<div class=\"wp-block-column is-vertically-aligned-center\" style=\"flex-basis:50%\">\n<h3>Zu den Seine-Schleifen gelangen<\/h3>\n\n\n\n<p style=\"font-size:18px\">Fahren Sie etwas weiter landeinw\u00e4rts und entdecken Sie die Kette von D\u00f6rfern, die sich in die Schleifen der Seine schmiegen. Machen Sie einen Zwischenstopp im <strong>Regionalpark Boucles de la Seine Normande<\/strong>: ein Hauch von Sauerstoff und Natur zwischen Rouen und Le Havre. 81.000 Hektar, die den Lauf der Seine mit Obstg\u00e4rten, Weiden, T\u00e4lern und Hochebenen s\u00e4umen. Hier k\u00f6nnen Sie spazieren gehen und diese herrliche Natur entdecken!<\/p>\n\n\n\n<p style=\"font-size:18px\">Weitere Informationen: <strong>Maison du Parc<\/strong>, 76940 Notre-Dame de Bliquetuit<\/p>\n<\/div>\n<\/div>\n<\/section>\n\n\n\n<div style=\"height:40px\" aria-hidden=\"true\" class=\"wp-block-spacer\"><\/div>\n\n\n\n<div class=\"wp-block-columns\">\n<div class=\"wp-block-column\" style=\"flex-basis:100px\"><\/div>\n\n\n\n<div class=\"wp-block-column\" style=\"flex-basis:30%\">\n<h2 class=\"titre_1\">Wo kann man auf dem Campingplatz in der N\u00e4he von Honfleur \u00fcbernachten?<\/h2>\n\n\n\n<p>M\u00f6chten Sie auf einem <strong>Campingplatz in der N\u00e4he von Honfleur<\/strong> \u00fcbernachten? Um alle Vorz\u00fcge von Honfleur zu genie\u00dfen, k\u00f6nnen Sie aus dem 45 Minuten entfernten Campingplatz L\u2019Aiguille Creuse \u00fcbernachten. Unser <a href=\"https:\/\/www.campingaiguillecreuse.com\/de\/\">Campingplatz in der N\u00e4he von Etretat<\/a> empf\u00e4ngt Sie nur einen Steinwurf von den ber\u00fchmten Klippen der Region entfernt und bietet Ihnen einen Aufenthalt in einer <strong>au\u00dfergew\u00f6hnlichen Umgebung in der Seine-Maritime<\/strong>.\u00a0<\/p>\n<\/div>\n\n\n\n<div class=\"wp-block-column col_img\">\n<figure class=\"wp-block-image size-full\"><img loading=\"lazy\" width=\"700\" height=\"452\" src=\"https:\/\/www.campingaiguillecreuse.com\/wp-content\/uploads\/2025\/08\/Sunelia-AiguilleCreuse\u00a9PHOTO911_07-2022-158-scaled-1-1.webp\" alt=\"Ein Hafen in der Normandie\" class=\"wp-image-5356\" srcset=\"https:\/\/www.campingaiguillecreuse.com\/wp-content\/uploads\/2025\/08\/Sunelia-AiguilleCreuse\u00a9PHOTO911_07-2022-158-scaled-1-1.webp 700w, https:\/\/www.campingaiguillecreuse.com\/wp-content\/uploads\/2025\/08\/Sunelia-AiguilleCreuse\u00a9PHOTO911_07-2022-158-scaled-1-1-300x194.webp 300w\" sizes=\"(max-width: 700px) 100vw, 700px\" \/><\/figure>\n<\/div>\n\n\n\n<div class=\"wp-block-column\" style=\"flex-basis:10px\"><\/div>\n<\/div>\n","protected":false},"excerpt":{"rendered":"<p>Besuchen Honfleur Nutzen Sie Ihren 4-Sterne-Aufenthalt auf dem Campingplatz l&#8217;Aiguille Creuse, um die herrliche Normandie zu entdecken, die reich, sch\u00f6n und so vielf\u00e4ltig ist! Um nach Honfleur zu gelangen, das 40 km vom Campingplatz entfernt liegt, m\u00fcssen Sie die Seine \u00fcber die Pont de Normandie \u00fcberqueren. Diese Stadt liegt auf der anderen Seite der Seine-M\u00fcndung [&hellip;]<\/p>\n","protected":false},"author":1,"featured_media":0,"parent":2084,"menu_order":0,"comment_status":"closed","ping_status":"closed","template":"","meta":[],"yoast_head":"<!-- This site is optimized with the Yoast SEO plugin v16.7 - https:\/\/yoast.com\/wordpress\/plugins\/seo\/ -->\n<title>Campingplatz bei Honfleur | Camping L&#039;Aiguille Creuse<\/title>\n<meta name=\"description\" content=\"Entdecken Sie Honfleur und sein reiches Kulturerbe w\u00e4hrend Ihres n\u00e4chsten Aufenthalts auf dem Campingplatz L&#039;Aiguille Creuse, der nur 40 km entfernt liegt.\" \/>\n<meta name=\"robots\" content=\"index, follow, max-snippet:-1, max-image-preview:large, max-video-preview:-1\" \/>\n<link rel=\"canonical\" href=\"https:\/\/www.campingaiguillecreuse.com\/de\/tourismus\/honfleur\/\" \/>\n<meta property=\"og:locale\" content=\"de_DE\" \/>\n<meta property=\"og:type\" content=\"article\" \/>\n<meta property=\"og:title\" content=\"Campingplatz bei Honfleur | Camping L&#039;Aiguille Creuse\" \/>\n<meta property=\"og:description\" content=\"Entdecken Sie Honfleur und sein reiches Kulturerbe w\u00e4hrend Ihres n\u00e4chsten Aufenthalts auf dem Campingplatz L&#039;Aiguille Creuse, der nur 40 km entfernt liegt.\" \/>\n<meta property=\"og:url\" content=\"https:\/\/www.campingaiguillecreuse.com\/de\/tourismus\/honfleur\/\" \/>\n<meta property=\"og:site_name\" content=\"Camping L&#039;Aiguille Creuse\" \/>\n<meta property=\"article:publisher\" content=\"https:\/\/www.facebook.com\/campingaiguillecreuse\/\" \/>\n<meta property=\"article:modified_time\" content=\"2025-08-20T13:16:30+00:00\" \/>\n<meta property=\"og:image\" content=\"https:\/\/www.campingaiguillecreuse.com\/wp-content\/uploads\/2021\/07\/photo-635817307913054614-1.webp\" \/>\n<meta name=\"twitter:card\" content=\"summary_large_image\" \/>\n<meta name=\"twitter:label1\" content=\"Gesch\u00e4tzte Lesezeit\" \/>\n\t<meta name=\"twitter:data1\" content=\"5 Minuten\" \/>\n<script type=\"application\/ld+json\" class=\"yoast-schema-graph\">{\"@context\":\"https:\/\/schema.org\",\"@graph\":[{\"@type\":\"Organization\",\"@id\":\"https:\/\/www.campingaiguillecreuse.com\/#organization\",\"name\":\"Camping L'aiguille Creuse\",\"url\":\"https:\/\/www.campingaiguillecreuse.com\/\",\"sameAs\":[\"https:\/\/www.facebook.com\/campingaiguillecreuse\/\",\"https:\/\/www.instagram.com\/camping_aiguille_creuse\/\",\"https:\/\/www.wikidata.org\/wiki\/Q138617169\"],\"logo\":{\"@type\":\"ImageObject\",\"@id\":\"https:\/\/www.campingaiguillecreuse.com\/#logo\",\"inLanguage\":\"de-DE\",\"url\":\"https:\/\/www.campingaiguillecreuse.com\/wp-content\/uploads\/2025\/10\/logo-aiguille-creuse-2025.webp\",\"contentUrl\":\"https:\/\/www.campingaiguillecreuse.com\/wp-content\/uploads\/2025\/10\/logo-aiguille-creuse-2025.webp\",\"width\":1356,\"height\":804,\"caption\":\"Camping L'aiguille Creuse\"},\"image\":{\"@id\":\"https:\/\/www.campingaiguillecreuse.com\/#logo\"}},{\"@type\":\"WebSite\",\"@id\":\"https:\/\/www.campingaiguillecreuse.com\/#website\",\"url\":\"https:\/\/www.campingaiguillecreuse.com\/\",\"name\":\"Camping L&#039;Aiguille Creuse\",\"description\":\"CAMPING **** L&#039; AIGUILLE CREUSE PRES D&#039;ETRETAT EN NORMANDIE Camping en Normandie, avec piscine couverte et chauff\\u00e9e ouverte toute la saison\",\"publisher\":{\"@id\":\"https:\/\/www.campingaiguillecreuse.com\/#organization\"},\"potentialAction\":[{\"@type\":\"SearchAction\",\"target\":{\"@type\":\"EntryPoint\",\"urlTemplate\":\"https:\/\/www.campingaiguillecreuse.com\/?s={search_term_string}\"},\"query-input\":\"required name=search_term_string\"}],\"inLanguage\":\"de-DE\"},{\"@type\":\"ImageObject\",\"@id\":\"https:\/\/www.campingaiguillecreuse.com\/de\/tourismus\/honfleur\/#primaryimage\",\"inLanguage\":\"de-DE\",\"url\":\"https:\/\/www.campingaiguillecreuse.com\/wp-content\/uploads\/2021\/07\/photo-635817307913054614-1.webp\",\"contentUrl\":\"https:\/\/www.campingaiguillecreuse.com\/wp-content\/uploads\/2021\/07\/photo-635817307913054614-1.webp\"},{\"@type\":\"WebPage\",\"@id\":\"https:\/\/www.campingaiguillecreuse.com\/de\/tourismus\/honfleur\/#webpage\",\"url\":\"https:\/\/www.campingaiguillecreuse.com\/de\/tourismus\/honfleur\/\",\"name\":\"Campingplatz bei Honfleur | Camping L'Aiguille Creuse\",\"isPartOf\":{\"@id\":\"https:\/\/www.campingaiguillecreuse.com\/#website\"},\"primaryImageOfPage\":{\"@id\":\"https:\/\/www.campingaiguillecreuse.com\/de\/tourismus\/honfleur\/#primaryimage\"},\"datePublished\":\"2022-02-08T08:26:49+00:00\",\"dateModified\":\"2025-08-20T13:16:30+00:00\",\"description\":\"Entdecken Sie Honfleur und sein reiches Kulturerbe w\\u00e4hrend Ihres n\\u00e4chsten Aufenthalts auf dem Campingplatz L'Aiguille Creuse, der nur 40 km entfernt liegt.\",\"breadcrumb\":{\"@id\":\"https:\/\/www.campingaiguillecreuse.com\/de\/tourismus\/honfleur\/#breadcrumb\"},\"inLanguage\":\"de-DE\",\"potentialAction\":[{\"@type\":\"ReadAction\",\"target\":[\"https:\/\/www.campingaiguillecreuse.com\/de\/tourismus\/honfleur\/\"]}]},{\"@type\":\"BreadcrumbList\",\"@id\":\"https:\/\/www.campingaiguillecreuse.com\/de\/tourismus\/honfleur\/#breadcrumb\",\"itemListElement\":[{\"@type\":\"ListItem\",\"position\":1,\"name\":\"Accueil\",\"item\":\"https:\/\/www.campingaiguillecreuse.com\/de\/\"},{\"@type\":\"ListItem\",\"position\":2,\"name\":\"Tourismus\",\"item\":\"https:\/\/www.campingaiguillecreuse.com\/de\/tourismus\/\"},{\"@type\":\"ListItem\",\"position\":3,\"name\":\"Honfleur\"}]}]}<\/script>\n<!-- \/ Yoast SEO plugin. -->","yoast_head_json":{"title":"Campingplatz bei Honfleur | Camping L'Aiguille Creuse","description":"Entdecken Sie Honfleur und sein reiches Kulturerbe w\u00e4hrend Ihres n\u00e4chsten Aufenthalts auf dem Campingplatz L'Aiguille Creuse, der nur 40 km entfernt liegt.","robots":{"index":"index","follow":"follow","max-snippet":"max-snippet:-1","max-image-preview":"max-image-preview:large","max-video-preview":"max-video-preview:-1"},"canonical":"https:\/\/www.campingaiguillecreuse.com\/de\/tourismus\/honfleur\/","og_locale":"de_DE","og_type":"article","og_title":"Campingplatz bei Honfleur | Camping L'Aiguille Creuse","og_description":"Entdecken Sie Honfleur und sein reiches Kulturerbe w\u00e4hrend Ihres n\u00e4chsten Aufenthalts auf dem Campingplatz L'Aiguille Creuse, der nur 40 km entfernt liegt.","og_url":"https:\/\/www.campingaiguillecreuse.com\/de\/tourismus\/honfleur\/","og_site_name":"Camping L&#039;Aiguille Creuse","article_publisher":"https:\/\/www.facebook.com\/campingaiguillecreuse\/","article_modified_time":"2025-08-20T13:16:30+00:00","og_image":[{"url":"https:\/\/www.campingaiguillecreuse.com\/wp-content\/uploads\/2021\/07\/photo-635817307913054614-1.webp"}],"twitter_card":"summary_large_image","twitter_misc":{"Gesch\u00e4tzte Lesezeit":"5 Minuten"},"schema":{"@context":"https:\/\/schema.org","@graph":[{"@type":"Organization","@id":"https:\/\/www.campingaiguillecreuse.com\/#organization","name":"Camping L'aiguille Creuse","url":"https:\/\/www.campingaiguillecreuse.com\/","sameAs":["https:\/\/www.facebook.com\/campingaiguillecreuse\/","https:\/\/www.instagram.com\/camping_aiguille_creuse\/","https:\/\/www.wikidata.org\/wiki\/Q138617169"],"logo":{"@type":"ImageObject","@id":"https:\/\/www.campingaiguillecreuse.com\/#logo","inLanguage":"de-DE","url":"https:\/\/www.campingaiguillecreuse.com\/wp-content\/uploads\/2025\/10\/logo-aiguille-creuse-2025.webp","contentUrl":"https:\/\/www.campingaiguillecreuse.com\/wp-content\/uploads\/2025\/10\/logo-aiguille-creuse-2025.webp","width":1356,"height":804,"caption":"Camping L'aiguille Creuse"},"image":{"@id":"https:\/\/www.campingaiguillecreuse.com\/#logo"}},{"@type":"WebSite","@id":"https:\/\/www.campingaiguillecreuse.com\/#website","url":"https:\/\/www.campingaiguillecreuse.com\/","name":"Camping L&#039;Aiguille Creuse","description":"CAMPING **** L&#039; AIGUILLE CREUSE PRES D&#039;ETRETAT EN NORMANDIE Camping en Normandie, avec piscine couverte et chauff\u00e9e ouverte toute la saison","publisher":{"@id":"https:\/\/www.campingaiguillecreuse.com\/#organization"},"potentialAction":[{"@type":"SearchAction","target":{"@type":"EntryPoint","urlTemplate":"https:\/\/www.campingaiguillecreuse.com\/?s={search_term_string}"},"query-input":"required name=search_term_string"}],"inLanguage":"de-DE"},{"@type":"ImageObject","@id":"https:\/\/www.campingaiguillecreuse.com\/de\/tourismus\/honfleur\/#primaryimage","inLanguage":"de-DE","url":"https:\/\/www.campingaiguillecreuse.com\/wp-content\/uploads\/2021\/07\/photo-635817307913054614-1.webp","contentUrl":"https:\/\/www.campingaiguillecreuse.com\/wp-content\/uploads\/2021\/07\/photo-635817307913054614-1.webp"},{"@type":"WebPage","@id":"https:\/\/www.campingaiguillecreuse.com\/de\/tourismus\/honfleur\/#webpage","url":"https:\/\/www.campingaiguillecreuse.com\/de\/tourismus\/honfleur\/","name":"Campingplatz bei Honfleur | Camping L'Aiguille Creuse","isPartOf":{"@id":"https:\/\/www.campingaiguillecreuse.com\/#website"},"primaryImageOfPage":{"@id":"https:\/\/www.campingaiguillecreuse.com\/de\/tourismus\/honfleur\/#primaryimage"},"datePublished":"2022-02-08T08:26:49+00:00","dateModified":"2025-08-20T13:16:30+00:00","description":"Entdecken Sie Honfleur und sein reiches Kulturerbe w\u00e4hrend Ihres n\u00e4chsten Aufenthalts auf dem Campingplatz L'Aiguille Creuse, der nur 40 km entfernt liegt.","breadcrumb":{"@id":"https:\/\/www.campingaiguillecreuse.com\/de\/tourismus\/honfleur\/#breadcrumb"},"inLanguage":"de-DE","potentialAction":[{"@type":"ReadAction","target":["https:\/\/www.campingaiguillecreuse.com\/de\/tourismus\/honfleur\/"]}]},{"@type":"BreadcrumbList","@id":"https:\/\/www.campingaiguillecreuse.com\/de\/tourismus\/honfleur\/#breadcrumb","itemListElement":[{"@type":"ListItem","position":1,"name":"Accueil","item":"https:\/\/www.campingaiguillecreuse.com\/de\/"},{"@type":"ListItem","position":2,"name":"Tourismus","item":"https:\/\/www.campingaiguillecreuse.com\/de\/tourismus\/"},{"@type":"ListItem","position":3,"name":"Honfleur"}]}]}},"_links":{"self":[{"href":"https:\/\/www.campingaiguillecreuse.com\/de\/wp-json\/wp\/v2\/pages\/2388"}],"collection":[{"href":"https:\/\/www.campingaiguillecreuse.com\/de\/wp-json\/wp\/v2\/pages"}],"about":[{"href":"https:\/\/www.campingaiguillecreuse.com\/de\/wp-json\/wp\/v2\/types\/page"}],"author":[{"embeddable":true,"href":"https:\/\/www.campingaiguillecreuse.com\/de\/wp-json\/wp\/v2\/users\/1"}],"replies":[{"embeddable":true,"href":"https:\/\/www.campingaiguillecreuse.com\/de\/wp-json\/wp\/v2\/comments?post=2388"}],"version-history":[{"count":5,"href":"https:\/\/www.campingaiguillecreuse.com\/de\/wp-json\/wp\/v2\/pages\/2388\/revisions"}],"predecessor-version":[{"id":5360,"href":"https:\/\/www.campingaiguillecreuse.com\/de\/wp-json\/wp\/v2\/pages\/2388\/revisions\/5360"}],"up":[{"embeddable":true,"href":"https:\/\/www.campingaiguillecreuse.com\/de\/wp-json\/wp\/v2\/pages\/2084"}],"wp:attachment":[{"href":"https:\/\/www.campingaiguillecreuse.com\/de\/wp-json\/wp\/v2\/media?parent=2388"}],"curies":[{"name":"wp","href":"https:\/\/api.w.org\/{rel}","templated":true}]}}