{"id":2211,"date":"2021-12-20T15:01:36","date_gmt":"2021-12-20T14:01:36","guid":{"rendered":"https:\/\/www.campingaiguillecreuse.com\/sunelia\/"},"modified":"2022-02-25T11:43:51","modified_gmt":"2022-02-25T10:43:51","slug":"sunelia","status":"publish","type":"page","link":"https:\/\/www.campingaiguillecreuse.com\/de\/sunelia\/","title":{"rendered":"Sun\u00ealia"},"content":{"rendered":"\n<section class=\"wp-block-group section_accroche first_bloc sunelia1\">\n<h1>Sun\u00ealia: Pr\u00e4sentation<\/h1>\n\n\n\n<p><a href=\"https:\/\/www.sunelia.com\/fr\">Sun\u00ealia<\/a> ist eine <strong>unabh\u00e4ngige<\/strong> Kette, in der unabh\u00e4ngige Campingpl\u00e4tze zusammengeschlossen sind, die gemeinsame Werte in Bezug auf <strong>Qualit\u00e4t<\/strong>, Serviceorientierung, <strong>Innovation<\/strong> und <strong>nachhaltige Entwicklung<\/strong> teilen. Die Einrichtungen b\u00fcndeln ihre Marketing-, Betriebs- und Logistikressourcen, um den W\u00fcnschen der Kunden, die auf der Suche nach Urlaubserlebnissen und positiven Emotionen sind, zu entsprechen.<\/p>\n\n\n\n<p>Der Gesch\u00e4ftssitz von Sun\u00ealia befindet sich in Bruges, in der N\u00e4he von Bordeaux. Die Kette umfasst derzeit <strong>28 Campingpl\u00e4tze und Feriend\u00f6rfer<\/strong> der gehobenen Kategorie in Frankreich, Italien und Spanien. Unsere Marke vertritt drei zentrale Werte: <strong>Qualit\u00e4t<\/strong>, <strong>Service<\/strong> und <strong>Innovation<\/strong>.<\/p>\n\n\n\n<div class=\"wp-block-image\"><figure class=\"aligncenter size-full\"><img src=\"https:\/\/www.campingaiguillecreuse.com\/wp-content\/uploads\/2021\/07\/photo-635845543230453274-1.webp\" alt=\"Camping L'Aiguille Creuse: Foto 635845543230453274 1\" class=\"wp-image-624\"\/><\/figure><\/div>\n<\/section>\n\n\n\n<section class=\"wp-block-group section_services sunelia2\">\n<div class=\"wp-block-cover has-background-dim-90 has-primaire-background-color has-background-dim\"><img class=\"wp-block-cover__image-background wp-image-495\" alt=\"\" src=\"https:\/\/www.campingaiguillecreuse.com\/wp-content\/uploads\/2021\/07\/photo-635817307913054614-1.webp\" data-object-fit=\"cover\"\/><div class=\"wp-block-cover__inner-container\">\n<h2>Das zeichnet Sun\u00ealia aus<\/h2>\n\n\n\n<div class=\"wp-block-columns\">\n<div class=\"wp-block-column\">\n<h3><i class=\"fas fa-sun\"><\/i> Das Sun\u00ealia-Sonnenangebot<\/h3>\n\n\n\n<p>Sun\u00ealia ist die einzige Kette f\u00fcr <strong>Campingpl\u00e4tze und Feriend\u00f6rfer<\/strong>, die ihren Kunden kostenlos und unb\u00fcrokratisch ein Sonnenangebot macht: Es gilt f\u00fcr jeden Aufenthalt auf einem zugeh\u00f6rigen <strong>Campingplatz am Mittelmeer<\/strong>, <strong>Atlantik<\/strong>, <strong>auf dem Land <\/strong>oder <strong>im Gebirge<\/strong>. <\/p>\n\n\n\n<p><a href=\"https:\/\/www.campingaiguillecreuse.com\/wp-content\/uploads\/2021\/12\/offres_soleil_sunelia.pdf\" target=\"_blank\" rel=\"noreferrer noopener\">Weitere Informationen<\/a><\/p>\n<\/div>\n\n\n\n<div class=\"wp-block-column\">\n<h3 id=\"block-ec44d680-359d-4d56-884f-ba6397720e21\"><i class=\"fas fa-suitcase\"><\/i> Reiser\u00fccktrittsgarantie<\/h3>\n\n\n\n<p>Sun\u00ealia bietet euch f\u00fcr jeden Aufenthalt ab sieben \u00dcbernachtungen die Reiser\u00fccktrittsgarantie!<\/p>\n\n\n\n<p><a href=\"https:\/\/www.campingaiguillecreuse.com\/wp-content\/uploads\/2021\/12\/offres_soleil_sunelia.pdf\" target=\"_blank\" rel=\"noreferrer noopener\">Weitere Informationen<\/a><\/p>\n<\/div>\n\n\n\n<div class=\"wp-block-column\">\n<h3><i class=\"fas fa-hand-holding-heart\"><\/i> Sun\u00ealia Care<\/h3>\n\n\n\n<p> Im Jahr 2020 haben wir uns komplett neu erfunden, um euch&nbsp;<strong>wundersch\u00f6ne Urlaubserlebnisse<\/strong>&nbsp;auf unseren 28 Campingpl\u00e4tzen und Feriend\u00f6rfern bieten zu k\u00f6nnen. Best\u00e4tigt durch diese Erfahrung, die&nbsp;<strong>89 % von euch positiv bewerten<\/strong>, bauen wir unser Engagement im Jahr 2022 weiter aus, um euren W\u00fcnschen, die Ihr uns im vergangenen Sommer mitgeteilt habt, optimal zu entsprechen. <\/p>\n\n\n\n<p><a href=\"https:\/\/www.sunelia.com\/fr\/sunelia-care.html\" target=\"_blank\" rel=\"noreferrer noopener\">Weitere Informationen<\/a> <\/p>\n<\/div>\n<\/div>\n\n\n\n<div class=\"wp-block-columns\">\n<div class=\"wp-block-column\">\n<h3><i class=\"fas fa-gift-card\"><\/i> Das Vorteilsprogramm von Sun\u00ealia<\/h3>\n\n\n\n<p>Werdet Mitglied im Sun\u00ealia-Vorteilsprogramm und profitiert von zahlreichen Vorteilen:&nbsp;<\/p>\n\n\n\n<ul><li>Kostenlose Buchungsgeb\u00fchren<\/li><li>Verg\u00fcnstigungen<\/li><li>Vorteile<\/li><li>Wir schenken euch eine Gratiswoche<\/li><\/ul>\n\n\n\n<p><a href=\"https:\/\/www.sunelia.com\/fr\/carte-privilege.html\" target=\"_blank\" rel=\"noreferrer noopener\">Weitere Informationen<\/a><\/p>\n<\/div>\n\n\n\n<div class=\"wp-block-column\">\n<h3><i class=\"fas fa-shield-check\"><\/i> Die Sun\u00ealia-Qualit\u00e4t<\/h3>\n\n\n\n<p>Das ganze Jahr \u00fcber messen wir der Qualit\u00e4t eures Urlaubs gro\u00dfe Bedeutung bei.<br>Saison f\u00fcr Saison verbessern wir unseren Service auf allen unseren Campingpl\u00e4tzen, um euch optimale Erholung und unvergessliche Urlaubserlebnisse zu bieten.<\/p>\n\n\n\n<p><a href=\"https:\/\/www.sunelia.com\/fr\/labels-de-qualite.html\" target=\"_blank\" rel=\"noreferrer noopener\">Weitere Informationen<\/a><\/p>\n<\/div>\n\n\n\n<div class=\"wp-block-column\">\n<h3><i class=\"fas fa-child\"><\/i> Der Sunny-Club<\/h3>\n\n\n\n<p>Bei <strong>Sun\u00ealia Vacances<\/strong> sind eure Kleinen unsere absoluten Lieblinge! Egal wie alt sie sind, eure Kinder genie\u00dfen ihre Ferien in vollen Z\u00fcgen in unseren altersgerechten Kinderclubs.  <\/p>\n\n\n\n<p><a href=\"https:\/\/www.sunelia.com\/fr\/l-univers-de-l-enfant.html\" target=\"_blank\" rel=\"noreferrer noopener\">Weitere Informationen<\/a><\/p>\n<\/div>\n<\/div>\n\n\n\n<div class=\"wp-block-columns\">\n<div class=\"wp-block-column\"><\/div>\n\n\n\n<div class=\"wp-block-column\">\n<h3><i class=\"fas fa-spa\"><\/i>  Die 16 Wellnessoasen<\/h3>\n\n\n\n<p>Ihr sehnt euch danach, nach einem anstrengenden Jahr die Seele baumeln zu lassen?<br>Auf den Campingpl\u00e4tzen mit Spa von&nbsp;<strong>Sun\u00ealia Vacances<\/strong>&nbsp;erwarten euch herrlich entspannte Momente, sinnliche Entdeckungsreisen und Erholung pur!<\/p>\n\n\n\n<p><a href=\"https:\/\/www.sunelia.com\/fr\/destinations\/spa?\" target=\"_blank\" rel=\"noreferrer noopener\">Weitere Informationen<\/a><\/p>\n<\/div>\n\n\n\n<div class=\"wp-block-column\"><\/div>\n<\/div>\n<\/div><\/div>\n<\/section>\n\n\n\n<div class=\"wp-block-group section_locations sunelia3\"><div class=\"wp-block-group__inner-container\">\n<div class=\"wp-block-cover has-blanc-background-color has-background-dim\"><img loading=\"lazy\" width=\"1920\" height=\"1417\" class=\"wp-block-cover__image-background wp-image-1003\" alt=\"\" src=\"https:\/\/www.campingaiguillecreuse.com\/wp-content\/uploads\/2021\/10\/fond-galets.jpg\" data-object-fit=\"cover\" srcset=\"https:\/\/www.campingaiguillecreuse.com\/wp-content\/uploads\/2021\/10\/fond-galets.jpg 1920w, https:\/\/www.campingaiguillecreuse.com\/wp-content\/uploads\/2021\/10\/fond-galets-300x221.jpg 300w, https:\/\/www.campingaiguillecreuse.com\/wp-content\/uploads\/2021\/10\/fond-galets-1024x756.jpg 1024w, https:\/\/www.campingaiguillecreuse.com\/wp-content\/uploads\/2021\/10\/fond-galets-768x567.jpg 768w, https:\/\/www.campingaiguillecreuse.com\/wp-content\/uploads\/2021\/10\/fond-galets-1536x1134.jpg 1536w\" sizes=\"(max-width: 1920px) 100vw, 1920px\" \/><div class=\"wp-block-cover__inner-container\">\n<h2 class=\"has-primaire-color has-text-color\">Finde deinen Sun\u00ealia-Campingplatz<\/h2>\n\n\n\n<p class=\"has-text-color\" style=\"color:#5b5e61\">Egal, was Ihr euch vorstellt: Sonnenbaden im warmen Sand, ausgefallene Wandertouren in den Bergen, frische Luft in \u00fcppig gr\u00fcnen, h\u00fcgeligen Landschaften oder Relaxzeit am Ufer eines Fluss oder Sees \u2013&nbsp;<strong>Sun\u00ealia Vacances<\/strong>&nbsp;entspricht jedem Bed\u00fcrfnis nach Komfort und besticht durch eine exklusive Auswahl an erstklassigen Einrichtungen!<\/p>\n\n\n\n<div class=\"wp-block-buttons\">\n<div class=\"wp-block-button\"><a class=\"wp-block-button__link has-primaire-background-color has-background\" href=\"https:\/\/www.sunelia.com\/fr\/destinations\/tous?\" target=\"_blank\" rel=\"noreferrer noopener\">Buche deinen Campingplatz  <i class=\"fas fa-search\"><\/i> <\/a><\/div>\n<\/div>\n<\/div><\/div>\n<\/div><\/div>\n","protected":false},"excerpt":{"rendered":"<p>Sun\u00ealia: Pr\u00e4sentation Sun\u00ealia ist eine unabh\u00e4ngige Kette, in der unabh\u00e4ngige Campingpl\u00e4tze zusammengeschlossen sind, die gemeinsame Werte in Bezug auf Qualit\u00e4t, Serviceorientierung, Innovation und nachhaltige Entwicklung teilen. Die Einrichtungen b\u00fcndeln ihre Marketing-, Betriebs- und Logistikressourcen, um den W\u00fcnschen der Kunden, die auf der Suche nach Urlaubserlebnissen und positiven Emotionen sind, zu entsprechen. Der Gesch\u00e4ftssitz von Sun\u00ealia [&hellip;]<\/p>\n","protected":false},"author":1,"featured_media":0,"parent":0,"menu_order":0,"comment_status":"closed","ping_status":"closed","template":"","meta":[],"yoast_head":"<!-- This site is optimized with the Yoast SEO plugin v16.7 - https:\/\/yoast.com\/wordpress\/plugins\/seo\/ -->\n<title>Sun\u00ealia - Camping L&#039;Aiguille Creuse<\/title>\n<meta name=\"robots\" content=\"index, follow, max-snippet:-1, max-image-preview:large, max-video-preview:-1\" \/>\n<link rel=\"canonical\" href=\"https:\/\/www.campingaiguillecreuse.com\/de\/sunelia\/\" \/>\n<meta property=\"og:locale\" content=\"de_DE\" \/>\n<meta property=\"og:type\" content=\"article\" \/>\n<meta property=\"og:title\" content=\"Sun\u00ealia - Camping L&#039;Aiguille Creuse\" \/>\n<meta property=\"og:description\" content=\"Sun\u00ealia: Pr\u00e4sentation Sun\u00ealia ist eine unabh\u00e4ngige Kette, in der unabh\u00e4ngige Campingpl\u00e4tze zusammengeschlossen sind, die gemeinsame Werte in Bezug auf Qualit\u00e4t, Serviceorientierung, Innovation und nachhaltige Entwicklung teilen. Die Einrichtungen b\u00fcndeln ihre Marketing-, Betriebs- und Logistikressourcen, um den W\u00fcnschen der Kunden, die auf der Suche nach Urlaubserlebnissen und positiven Emotionen sind, zu entsprechen. Der Gesch\u00e4ftssitz von Sun\u00ealia [&hellip;]\" \/>\n<meta property=\"og:url\" content=\"https:\/\/www.campingaiguillecreuse.com\/de\/sunelia\/\" \/>\n<meta property=\"og:site_name\" content=\"Camping L&#039;Aiguille Creuse\" \/>\n<meta property=\"article:publisher\" content=\"https:\/\/www.facebook.com\/campingaiguillecreuse\/\" \/>\n<meta property=\"article:modified_time\" content=\"2022-02-25T10:43:51+00:00\" \/>\n<meta property=\"og:image\" content=\"https:\/\/www.campingaiguillecreuse.com\/wp-content\/uploads\/2021\/07\/photo-635845543230453274-1.webp\" \/>\n<meta name=\"twitter:card\" content=\"summary_large_image\" \/>\n<meta name=\"twitter:label1\" content=\"Gesch\u00e4tzte Lesezeit\" \/>\n\t<meta name=\"twitter:data1\" content=\"3 Minuten\" \/>\n<script type=\"application\/ld+json\" class=\"yoast-schema-graph\">{\"@context\":\"https:\/\/schema.org\",\"@graph\":[{\"@type\":\"Organization\",\"@id\":\"https:\/\/www.campingaiguillecreuse.com\/#organization\",\"name\":\"Camping L'aiguille Creuse\",\"url\":\"https:\/\/www.campingaiguillecreuse.com\/\",\"sameAs\":[\"https:\/\/www.facebook.com\/campingaiguillecreuse\/\",\"https:\/\/www.instagram.com\/camping_aiguille_creuse\/\",\"https:\/\/www.wikidata.org\/wiki\/Q138617169\"],\"logo\":{\"@type\":\"ImageObject\",\"@id\":\"https:\/\/www.campingaiguillecreuse.com\/#logo\",\"inLanguage\":\"de-DE\",\"url\":\"https:\/\/www.campingaiguillecreuse.com\/wp-content\/uploads\/2025\/10\/logo-aiguille-creuse-2025.webp\",\"contentUrl\":\"https:\/\/www.campingaiguillecreuse.com\/wp-content\/uploads\/2025\/10\/logo-aiguille-creuse-2025.webp\",\"width\":1356,\"height\":804,\"caption\":\"Camping L'aiguille Creuse\"},\"image\":{\"@id\":\"https:\/\/www.campingaiguillecreuse.com\/#logo\"}},{\"@type\":\"WebSite\",\"@id\":\"https:\/\/www.campingaiguillecreuse.com\/#website\",\"url\":\"https:\/\/www.campingaiguillecreuse.com\/\",\"name\":\"Camping L&#039;Aiguille Creuse\",\"description\":\"CAMPING **** L&#039; AIGUILLE CREUSE PRES D&#039;ETRETAT EN NORMANDIE Camping en Normandie, avec piscine couverte et chauff\\u00e9e ouverte toute la saison\",\"publisher\":{\"@id\":\"https:\/\/www.campingaiguillecreuse.com\/#organization\"},\"potentialAction\":[{\"@type\":\"SearchAction\",\"target\":{\"@type\":\"EntryPoint\",\"urlTemplate\":\"https:\/\/www.campingaiguillecreuse.com\/?s={search_term_string}\"},\"query-input\":\"required name=search_term_string\"}],\"inLanguage\":\"de-DE\"},{\"@type\":\"ImageObject\",\"@id\":\"https:\/\/www.campingaiguillecreuse.com\/de\/sunelia\/#primaryimage\",\"inLanguage\":\"de-DE\",\"url\":\"https:\/\/www.campingaiguillecreuse.com\/wp-content\/uploads\/2021\/07\/photo-635845543230453274-1.webp\",\"contentUrl\":\"https:\/\/www.campingaiguillecreuse.com\/wp-content\/uploads\/2021\/07\/photo-635845543230453274-1.webp\"},{\"@type\":\"WebPage\",\"@id\":\"https:\/\/www.campingaiguillecreuse.com\/de\/sunelia\/#webpage\",\"url\":\"https:\/\/www.campingaiguillecreuse.com\/de\/sunelia\/\",\"name\":\"Sun\\u00ealia - Camping L&#039;Aiguille Creuse\",\"isPartOf\":{\"@id\":\"https:\/\/www.campingaiguillecreuse.com\/#website\"},\"primaryImageOfPage\":{\"@id\":\"https:\/\/www.campingaiguillecreuse.com\/de\/sunelia\/#primaryimage\"},\"datePublished\":\"2021-12-20T14:01:36+00:00\",\"dateModified\":\"2022-02-25T10:43:51+00:00\",\"breadcrumb\":{\"@id\":\"https:\/\/www.campingaiguillecreuse.com\/de\/sunelia\/#breadcrumb\"},\"inLanguage\":\"de-DE\",\"potentialAction\":[{\"@type\":\"ReadAction\",\"target\":[\"https:\/\/www.campingaiguillecreuse.com\/de\/sunelia\/\"]}]},{\"@type\":\"BreadcrumbList\",\"@id\":\"https:\/\/www.campingaiguillecreuse.com\/de\/sunelia\/#breadcrumb\",\"itemListElement\":[{\"@type\":\"ListItem\",\"position\":1,\"name\":\"Accueil\",\"item\":\"https:\/\/www.campingaiguillecreuse.com\/de\/\"},{\"@type\":\"ListItem\",\"position\":2,\"name\":\"Sun\\u00ealia\"}]}]}<\/script>\n<!-- \/ Yoast SEO plugin. -->","yoast_head_json":{"title":"Sun\u00ealia - Camping L&#039;Aiguille Creuse","robots":{"index":"index","follow":"follow","max-snippet":"max-snippet:-1","max-image-preview":"max-image-preview:large","max-video-preview":"max-video-preview:-1"},"canonical":"https:\/\/www.campingaiguillecreuse.com\/de\/sunelia\/","og_locale":"de_DE","og_type":"article","og_title":"Sun\u00ealia - Camping L&#039;Aiguille Creuse","og_description":"Sun\u00ealia: Pr\u00e4sentation Sun\u00ealia ist eine unabh\u00e4ngige Kette, in der unabh\u00e4ngige Campingpl\u00e4tze zusammengeschlossen sind, die gemeinsame Werte in Bezug auf Qualit\u00e4t, Serviceorientierung, Innovation und nachhaltige Entwicklung teilen. Die Einrichtungen b\u00fcndeln ihre Marketing-, Betriebs- und Logistikressourcen, um den W\u00fcnschen der Kunden, die auf der Suche nach Urlaubserlebnissen und positiven Emotionen sind, zu entsprechen. Der Gesch\u00e4ftssitz von Sun\u00ealia [&hellip;]","og_url":"https:\/\/www.campingaiguillecreuse.com\/de\/sunelia\/","og_site_name":"Camping L&#039;Aiguille Creuse","article_publisher":"https:\/\/www.facebook.com\/campingaiguillecreuse\/","article_modified_time":"2022-02-25T10:43:51+00:00","og_image":[{"url":"https:\/\/www.campingaiguillecreuse.com\/wp-content\/uploads\/2021\/07\/photo-635845543230453274-1.webp"}],"twitter_card":"summary_large_image","twitter_misc":{"Gesch\u00e4tzte Lesezeit":"3 Minuten"},"schema":{"@context":"https:\/\/schema.org","@graph":[{"@type":"Organization","@id":"https:\/\/www.campingaiguillecreuse.com\/#organization","name":"Camping L'aiguille Creuse","url":"https:\/\/www.campingaiguillecreuse.com\/","sameAs":["https:\/\/www.facebook.com\/campingaiguillecreuse\/","https:\/\/www.instagram.com\/camping_aiguille_creuse\/","https:\/\/www.wikidata.org\/wiki\/Q138617169"],"logo":{"@type":"ImageObject","@id":"https:\/\/www.campingaiguillecreuse.com\/#logo","inLanguage":"de-DE","url":"https:\/\/www.campingaiguillecreuse.com\/wp-content\/uploads\/2025\/10\/logo-aiguille-creuse-2025.webp","contentUrl":"https:\/\/www.campingaiguillecreuse.com\/wp-content\/uploads\/2025\/10\/logo-aiguille-creuse-2025.webp","width":1356,"height":804,"caption":"Camping L'aiguille Creuse"},"image":{"@id":"https:\/\/www.campingaiguillecreuse.com\/#logo"}},{"@type":"WebSite","@id":"https:\/\/www.campingaiguillecreuse.com\/#website","url":"https:\/\/www.campingaiguillecreuse.com\/","name":"Camping L&#039;Aiguille Creuse","description":"CAMPING **** L&#039; AIGUILLE CREUSE PRES D&#039;ETRETAT EN NORMANDIE Camping en Normandie, avec piscine couverte et chauff\u00e9e ouverte toute la saison","publisher":{"@id":"https:\/\/www.campingaiguillecreuse.com\/#organization"},"potentialAction":[{"@type":"SearchAction","target":{"@type":"EntryPoint","urlTemplate":"https:\/\/www.campingaiguillecreuse.com\/?s={search_term_string}"},"query-input":"required name=search_term_string"}],"inLanguage":"de-DE"},{"@type":"ImageObject","@id":"https:\/\/www.campingaiguillecreuse.com\/de\/sunelia\/#primaryimage","inLanguage":"de-DE","url":"https:\/\/www.campingaiguillecreuse.com\/wp-content\/uploads\/2021\/07\/photo-635845543230453274-1.webp","contentUrl":"https:\/\/www.campingaiguillecreuse.com\/wp-content\/uploads\/2021\/07\/photo-635845543230453274-1.webp"},{"@type":"WebPage","@id":"https:\/\/www.campingaiguillecreuse.com\/de\/sunelia\/#webpage","url":"https:\/\/www.campingaiguillecreuse.com\/de\/sunelia\/","name":"Sun\u00ealia - Camping L&#039;Aiguille Creuse","isPartOf":{"@id":"https:\/\/www.campingaiguillecreuse.com\/#website"},"primaryImageOfPage":{"@id":"https:\/\/www.campingaiguillecreuse.com\/de\/sunelia\/#primaryimage"},"datePublished":"2021-12-20T14:01:36+00:00","dateModified":"2022-02-25T10:43:51+00:00","breadcrumb":{"@id":"https:\/\/www.campingaiguillecreuse.com\/de\/sunelia\/#breadcrumb"},"inLanguage":"de-DE","potentialAction":[{"@type":"ReadAction","target":["https:\/\/www.campingaiguillecreuse.com\/de\/sunelia\/"]}]},{"@type":"BreadcrumbList","@id":"https:\/\/www.campingaiguillecreuse.com\/de\/sunelia\/#breadcrumb","itemListElement":[{"@type":"ListItem","position":1,"name":"Accueil","item":"https:\/\/www.campingaiguillecreuse.com\/de\/"},{"@type":"ListItem","position":2,"name":"Sun\u00ealia"}]}]}},"_links":{"self":[{"href":"https:\/\/www.campingaiguillecreuse.com\/de\/wp-json\/wp\/v2\/pages\/2211"}],"collection":[{"href":"https:\/\/www.campingaiguillecreuse.com\/de\/wp-json\/wp\/v2\/pages"}],"about":[{"href":"https:\/\/www.campingaiguillecreuse.com\/de\/wp-json\/wp\/v2\/types\/page"}],"author":[{"embeddable":true,"href":"https:\/\/www.campingaiguillecreuse.com\/de\/wp-json\/wp\/v2\/users\/1"}],"replies":[{"embeddable":true,"href":"https:\/\/www.campingaiguillecreuse.com\/de\/wp-json\/wp\/v2\/comments?post=2211"}],"version-history":[{"count":2,"href":"https:\/\/www.campingaiguillecreuse.com\/de\/wp-json\/wp\/v2\/pages\/2211\/revisions"}],"predecessor-version":[{"id":2596,"href":"https:\/\/www.campingaiguillecreuse.com\/de\/wp-json\/wp\/v2\/pages\/2211\/revisions\/2596"}],"wp:attachment":[{"href":"https:\/\/www.campingaiguillecreuse.com\/de\/wp-json\/wp\/v2\/media?parent=2211"}],"curies":[{"name":"wp","href":"https:\/\/api.w.org\/{rel}","templated":true}]}}