{"id":2142,"date":"2021-07-19T12:04:54","date_gmt":"2021-07-19T10:04:54","guid":{"rendered":"https:\/\/www.campingaiguillecreuse.com\/wir-engagieren-uns\/"},"modified":"2022-02-25T11:34:12","modified_gmt":"2022-02-25T10:34:12","slug":"wir-engagieren-uns","status":"publish","type":"page","link":"https:\/\/www.campingaiguillecreuse.com\/de\/wir-engagieren-uns\/","title":{"rendered":"Wir engagieren uns"},"content":{"rendered":"\n<section class=\"wp-block-group section_accroche\">\n<h1 class=\"has-text-align-center\">Wir engagieren uns<\/h1>\n<\/section>\n\n\n\n<section class=\"wp-block-group section_services\">\n<div class=\"wp-block-cover has-background-dim-90 has-primaire-background-color has-background-dim\"><img class=\"wp-block-cover__image-background wp-image-495\" alt=\"\" src=\"https:\/\/www.campingaiguillecreuse.com\/wp-content\/uploads\/2021\/07\/photo-635817307913054614-1.webp\" data-object-fit=\"cover\"\/><div class=\"wp-block-cover__inner-container\">\n<div class=\"wp-block-columns are-vertically-aligned-center\">\n<div class=\"wp-block-column is-vertically-aligned-center\" style=\"flex-basis:40%\">\n<h2 class=\"titre_2 has-blanc-color has-text-color\">Soziales Verantwortungsbewusstsein:<\/h2>\n\n\n\n<ul class=\"has-blanc-color has-text-color\"><li>Der Campingplatz ist f\u00fcr Menschen mit Behinderung barrierefrei zug\u00e4nglich (barrierefreie Sanit\u00e4ranlagen f\u00fcr PEM, barrierefreie Mobilheime f\u00fcr PEM, Schulung des Personals f\u00fcr den Empfang von Menschen mit Behinderungen)<\/li><li>Nach M\u00f6glichkeit beauftragen wir lokale Handwerker und Unternehmen mit unseren Lieferungen und Arbeiten<\/li><li>Wir spenden unsere Altger\u00e4te (B\u00fcroausstattung, Sonnenschirme, etc.) an Recyclingh\u00f6fe oder lokale Organisationen gegen Abholung.<\/li><li>Wir schulen das Personal im Umgang mit Reinigungsmitteln (z. B. Dosierung, Verd\u00fcnnung)<\/li><\/ul>\n\n\n\n<h2 class=\"titre_2 has-blanc-color has-text-color\">Sensibilisierung unserer G\u00e4ste:<\/h2>\n\n\n\n<ul class=\"has-blanc-color has-text-color\"><li>Aush\u00e4nge zum Thema Umweltbewusstes Verhalten auf unserem <strong>Campingplatz in der N\u00e4he von Etretat<\/strong> und in den Sanit\u00e4ranlagen, insbesondere zu den Themen Wasser- und Stromverbrauch sowie M\u00fclltrennung<\/li><li>Die Busfahrpl\u00e4ne f\u00fcr die Strecke zwischen <a href=\"https:\/\/www.campingaiguillecreuse.com\/de\/tourismus\/etretat\/\">Etretat<\/a> und <a href=\"https:\/\/www.campingaiguillecreuse.com\/de\/tourismus\/fecamp\/\">F\u00e9camp<\/a> werden ausgeh\u00e4ngt und sind an der Rezeption erh\u00e4ltlich<\/li><li>Wir bieten einen Fahrradverleih mit klassischen Fahrr\u00e4dern und E-Bikes<\/li><li>In Kooperation mit einheimischen Produzenten bieten wir Erzeugnisse an, die \u00fcber kurze Wege bezogen werden (Bier, Cidre, Pommeau &#8230;)<\/li><\/ul>\n<\/div>\n\n\n\n<div class=\"wp-block-column is-vertically-aligned-center col_img-2\" style=\"flex-basis:60%\">\n<figure class=\"wp-block-image size-large\"><img src=\"https:\/\/www.campingaiguillecreuse.com\/wp-content\/uploads\/2021\/07\/photo-637572768121997147-2.webp\" alt=\"Camping L'Aiguille Creuse: Foto 637572768121997147 2\" class=\"wp-image-579\"\/><\/figure>\n\n\n\n<div class=\"wp-block-buttons is-content-justification-right btn_galerie\">\n<div class=\"wp-block-button\"><a class=\"wp-block-button__link has-blanc-color has-text-color\" href=\"https:\/\/www.campingaiguillecreuse.com\/de\/fotogalerie\/\"><i class=\"fas fa-images\"><\/i> Bildgalerie<\/a><\/div>\n<\/div>\n<\/div>\n<\/div>\n<\/div><\/div>\n<\/section>\n\n\n\n<section class=\"wp-block-group section_alentours\">\n<div class=\"wp-block-columns are-vertically-aligned-center\">\n<div class=\"wp-block-column is-vertically-aligned-center col_img\" style=\"flex-basis:50%\">\n<figure class=\"wp-block-image size-large\"><img src=\"https:\/\/www.campingaiguillecreuse.com\/wp-content\/uploads\/2021\/07\/photo-637572765544578819-2-2.webp\" alt=\"Camping L'Aiguille Creuse: Foto 637572765544578819 2 2\" class=\"wp-image-594\"\/><\/figure>\n\n\n\n<div class=\"wp-block-buttons is-content-justification-left btn_galerie\">\n<div class=\"wp-block-button\"><a class=\"wp-block-button__link has-primaire-color has-text-color\" href=\"https:\/\/www.campingaiguillecreuse.com\/de\/fotogalerie\/\"><i class=\"fas fa-images\"><\/i> Bildgalerie<\/a><\/div>\n<\/div>\n<\/div>\n\n\n\n<div class=\"wp-block-column is-vertically-aligned-center\" style=\"flex-basis:50%\">\n<h2 class=\"titre_2\">Energiemanagement:<\/h2>\n\n\n\n<ul><li>Wir haben ein System zur Kontrolle des j\u00e4hrlichen Stromverbrauchs eingef\u00fchrt<\/li><li>Unsere neuesten <a href=\"https:\/\/www.campingaiguillecreuse.com\/de\/mietunterkuenfte\/\">Mobilheime<\/a> sind mit einem Schl\u00fcsselschalter ausgestattet, der die Beleuchtung bei Abwesenheit ausschaltet<\/li><li>Alle unsere elektrischen Ger\u00e4te in der Snackbar und im Lebensmittelladen werden w\u00e4hrend der Winterzeit vom Stromnetz getrennt, dasselbe gilt f\u00fcr die Mobilheime und die Sanit\u00e4ranlagen (auch die Wasserboiler werden abgeschaltet)<\/li><li>Unsere Heizk\u00f6rper im Sanit\u00e4rbereich sind mit einer Funktion zur Erkennung offener Fenster ausgestattet<\/li><li>Unsere Mitarbeiter achten darauf, die T\u00fcren der Sanit\u00e4ranlagen geschlossen zu halten, um die W\u00e4rme im Geb\u00e4ude zu halten.<\/li><li>Computer wechseln in den Standby-Modus, wenn sie 15 Minuten lang nicht benutzt werden<\/li><li>Unsere Sanit\u00e4ranlagen und Mobilheime sind mit Energiesparlampen ausgestattet<\/li><li>Die n\u00e4chtliche Beleuchtung der Sanit\u00e4ranlagen und Au\u00dfenbereiche (Terrasse und Rezeption) erfolgt mithilfe von Bewegungsmeldern<\/li><li>Die Ausschilderung des Gel\u00e4ndes bei Nacht erfolgt mithilfe von solarbetriebenen Schildern<\/li><li>Das Wasser f\u00fcr die Kinderspielpl\u00e4tze wird durch eine W\u00e4rmepumpe erw\u00e4rmt<\/li><li>Zu Saisonbeginn wird der Pool von der W\u00e4rmepumpe beheizt, auch um die Verwendung von elektrischen Heizger\u00e4ten einzuschr\u00e4nken<\/li><li>Die W\u00e4rmed\u00e4mmung des Wassernetzes in den Sanit\u00e4ranlagen ist f\u00fcr den Winter 2021 geplant<\/li><\/ul>\n<\/div>\n<\/div>\n<\/section>\n\n\n\n<section class=\"wp-block-group section_bloc_images\">\n<div class=\"wp-block-columns are-vertically-aligned-center\">\n<div class=\"wp-block-column is-vertically-aligned-center\" style=\"flex-basis:60%\">\n<h2 class=\"titre_2\">Wassermanagement:<\/h2>\n\n\n\n<ul><li>Wir sammeln Regenwasser, um die Pflanzen zu gie\u00dfen<\/li><li>Wir gie\u00dfen die Pflanzen am fr\u00fchen Morgen oder am Ende des Tages<\/li><li>Chemikalien, die f\u00fcr den Betrieb des Pools notwendig sind, werden unter strikter Einhaltung der vorgeschriebenen Dosierung verwendet und in einem abgeschlossenen Raum aufbewahrt<\/li><li>An allen Wasserh\u00e4hnen in den Sanit\u00e4ranlagen wurden Luftsprudler installiert, um den Wasserdurchfluss zu reduzieren<\/li><li>In allen Mobilheimen wurden wassersparende Duschk\u00f6pfe installiert<\/li><li>Alle Toiletten auf dem Campingplatz sind mit dualen Wassersp\u00fclungen ausgestattet.<\/li><\/ul>\n<\/div>\n\n\n\n<div class=\"wp-block-column is-vertically-aligned-center col_img\" style=\"flex-basis:40%\">\n<figure class=\"wp-block-image size-large\"><img src=\"https:\/\/www.campingaiguillecreuse.com\/wp-content\/uploads\/2021\/07\/valerie-blanchett-6OD32nfhLIw-unsplash.webp\" alt=\"Camping L'Aiguille Creuse: Valerie Blanchett 6od32nfhliw Unsplash\" class=\"wp-image-602\"\/><\/figure>\n<\/div>\n<\/div>\n<\/section>\n\n\n\n<section class=\"wp-block-group section_services\">\n<div class=\"wp-block-cover has-background-dim-90 has-primaire-background-color has-background-dim\"><img class=\"wp-block-cover__image-background wp-image-495\" alt=\"\" src=\"https:\/\/www.campingaiguillecreuse.com\/wp-content\/uploads\/2021\/07\/photo-635817307913054614-1.webp\" data-object-fit=\"cover\"\/><div class=\"wp-block-cover__inner-container\">\n<div class=\"wp-block-columns are-vertically-aligned-top\">\n<div class=\"wp-block-column is-vertically-aligned-top col_img-2\" style=\"flex-basis:60%\">\n<h2 class=\"titre_2 has-blanc-color has-text-color\">Abfallmanagement:<\/h2>\n\n\n\n<ul class=\"has-blanc-color has-text-color\"><li>Die M\u00fclltrennung erfolgt vor Ort in eigens zu diesem Zweck vorgesehenen Containern<\/li><li>Gr\u00fcnabf\u00e4lle werden bei einem benachbarten Landwirt abgegeben und zu Kompost verarbeitet<\/li><li>Die H\u00e4ufigkeit der Abfuhren ist ausreichend kalkuliert, so dass es auch in Zeiten hoher Auslastung nicht zu Anh\u00e4ufungen kommt.<\/li><li>Die M\u00fcllsammelstelle ist auf dem Campingplatz und auf dem Plan des Campingplatzes deutlich gekennzeichnet<\/li><li>Ein spezieller Aushang, der das M\u00fclltrennsystem erkl\u00e4rt, befindet sich an der Sammelstelle sowie in allen Mobilheimen und an diversen Aushangstellen<\/li><li>In s\u00e4mtlichen Mobilheimen stehen Sortierbeutel zur M\u00fclltrennung zur Verf\u00fcgung<\/li><li>Wir m\u00f6chten die Verwendung von Einweggeschirr in der Bar und dem Imbiss auf ein Minimum beschr\u00e4nken. Daher werden unsere G\u00e4ste gebeten, Beh\u00e4ltnisse (Salatsch\u00fcsseln, Teller usw.) mitzubringen, wenn sie ihr Takeaway-Essen abholen m\u00f6chten. Falls die Verwendung von abwaschbaren Bechern nicht m\u00f6glich ist, bevorzugen wir die Ausgabe von Pappbechern<\/li><li>Der Versand von Brosch\u00fcren und Rechnungen erfolgt weitestgehend per E-Mail<\/li><\/ul>\n<\/div>\n\n\n\n<div class=\"wp-block-column is-vertically-aligned-top\" style=\"flex-basis:40%\">\n<h2 class=\"titre_2 has-blanc-color has-text-color\">Nachhaltige Eink\u00e4ufe:<\/h2>\n\n\n\n<ul class=\"has-blanc-color has-text-color\"><li>Wir m\u00f6chten die Verwendung von Plastikflaschen einschr\u00e4nken, daher bieten wir im Imbiss und an der Bar vorrangig Leitungswasser in Karaffen an<\/li><li>Bei der Reinigung der R\u00e4umlichkeiten bevorzugen wir die Verwendung von wei\u00dfem Essig, da dieser billiger und umweltfreundlicher ist<\/li><li>Unsere Reinigungsteams l\u00fcften die Mietunterk\u00fcnfte und Gemeinschaftsr\u00e4ume so gr\u00fcndlich wie m\u00f6glich, um den Einsatz von Lufterfrischern auf ein Minimum zu reduzieren<\/li><li>Einige der Produkte in unseren Willkommensboxen sind mit einem Umweltsiegel ausgezeichnet<\/li><li>Alle unsere Matratzen und Kopfkissen sind mit atmungsaktiven Polyurethanbez\u00fcgen ausgestattet, die leichter zu reinigen und zu desinfizieren sind. Sie ersetzen die bisher verwendeten Einwegunterlagen<\/li><li>Dar\u00fcber hinaus haben wir die Einweglaken durch waschbare Laken ersetzt<\/li><\/ul>\n<\/div>\n<\/div>\n<\/div><\/div>\n<\/section>\n","protected":false},"excerpt":{"rendered":"<p>Wir engagieren uns Energiemanagement: Wir haben ein System zur Kontrolle des j\u00e4hrlichen Stromverbrauchs eingef\u00fchrt Unsere neuesten Mobilheime sind mit einem Schl\u00fcsselschalter ausgestattet, der die Beleuchtung bei Abwesenheit ausschaltet Alle unsere elektrischen Ger\u00e4te in der Snackbar und im Lebensmittelladen werden w\u00e4hrend der Winterzeit vom Stromnetz getrennt, dasselbe gilt f\u00fcr die Mobilheime und die Sanit\u00e4ranlagen (auch die [&hellip;]<\/p>\n","protected":false},"author":1,"featured_media":0,"parent":0,"menu_order":0,"comment_status":"closed","ping_status":"closed","template":"","meta":[],"yoast_head":"<!-- This site is optimized with the Yoast SEO plugin v16.7 - https:\/\/yoast.com\/wordpress\/plugins\/seo\/ -->\n<title>Wir engagieren uns - Camping Etretat \u2013 L&#039;Aiguille Creuse<\/title>\n<meta name=\"description\" content=\"Unser Energie-, Wasser- und Abfallmanagement, unsere Eink\u00e4ufe sowie unsere sozialen Aktionen: Hier erfahrt Ihr alles \u00fcber unser nachhaltiges Engagement f\u00fcr Mensch und Natur!\" \/>\n<meta name=\"robots\" content=\"index, follow, max-snippet:-1, max-image-preview:large, max-video-preview:-1\" \/>\n<link rel=\"canonical\" href=\"https:\/\/www.campingaiguillecreuse.com\/de\/wir-engagieren-uns\/\" \/>\n<meta property=\"og:locale\" content=\"de_DE\" \/>\n<meta property=\"og:type\" content=\"article\" \/>\n<meta property=\"og:title\" content=\"Wir engagieren uns - Camping Etretat \u2013 L&#039;Aiguille Creuse\" \/>\n<meta property=\"og:description\" content=\"Unser Energie-, Wasser- und Abfallmanagement, unsere Eink\u00e4ufe sowie unsere sozialen Aktionen: Hier erfahrt Ihr alles \u00fcber unser nachhaltiges Engagement f\u00fcr Mensch und Natur!\" \/>\n<meta property=\"og:url\" content=\"https:\/\/www.campingaiguillecreuse.com\/de\/wir-engagieren-uns\/\" \/>\n<meta property=\"og:site_name\" content=\"Camping L&#039;Aiguille Creuse\" \/>\n<meta property=\"article:publisher\" content=\"https:\/\/www.facebook.com\/campingaiguillecreuse\/\" \/>\n<meta property=\"article:modified_time\" content=\"2022-02-25T10:34:12+00:00\" \/>\n<meta property=\"og:image\" content=\"https:\/\/www.campingaiguillecreuse.com\/wp-content\/uploads\/2021\/07\/photo-635817307913054614-1.webp\" \/>\n<meta name=\"twitter:card\" content=\"summary_large_image\" \/>\n<meta name=\"twitter:label1\" content=\"Gesch\u00e4tzte Lesezeit\" \/>\n\t<meta name=\"twitter:data1\" content=\"4 Minuten\" \/>\n<script type=\"application\/ld+json\" class=\"yoast-schema-graph\">{\"@context\":\"https:\/\/schema.org\",\"@graph\":[{\"@type\":\"Organization\",\"@id\":\"https:\/\/www.campingaiguillecreuse.com\/#organization\",\"name\":\"Camping L'aiguille Creuse\",\"url\":\"https:\/\/www.campingaiguillecreuse.com\/\",\"sameAs\":[\"https:\/\/www.facebook.com\/campingaiguillecreuse\/\",\"https:\/\/www.instagram.com\/camping_aiguille_creuse\/\",\"https:\/\/www.wikidata.org\/wiki\/Q138617169\"],\"logo\":{\"@type\":\"ImageObject\",\"@id\":\"https:\/\/www.campingaiguillecreuse.com\/#logo\",\"inLanguage\":\"de-DE\",\"url\":\"https:\/\/www.campingaiguillecreuse.com\/wp-content\/uploads\/2025\/10\/logo-aiguille-creuse-2025.webp\",\"contentUrl\":\"https:\/\/www.campingaiguillecreuse.com\/wp-content\/uploads\/2025\/10\/logo-aiguille-creuse-2025.webp\",\"width\":1356,\"height\":804,\"caption\":\"Camping L'aiguille Creuse\"},\"image\":{\"@id\":\"https:\/\/www.campingaiguillecreuse.com\/#logo\"}},{\"@type\":\"WebSite\",\"@id\":\"https:\/\/www.campingaiguillecreuse.com\/#website\",\"url\":\"https:\/\/www.campingaiguillecreuse.com\/\",\"name\":\"Camping L&#039;Aiguille Creuse\",\"description\":\"CAMPING **** L&#039; AIGUILLE CREUSE PRES D&#039;ETRETAT EN NORMANDIE Camping en Normandie, avec piscine couverte et chauff\\u00e9e ouverte toute la saison\",\"publisher\":{\"@id\":\"https:\/\/www.campingaiguillecreuse.com\/#organization\"},\"potentialAction\":[{\"@type\":\"SearchAction\",\"target\":{\"@type\":\"EntryPoint\",\"urlTemplate\":\"https:\/\/www.campingaiguillecreuse.com\/?s={search_term_string}\"},\"query-input\":\"required name=search_term_string\"}],\"inLanguage\":\"de-DE\"},{\"@type\":\"ImageObject\",\"@id\":\"https:\/\/www.campingaiguillecreuse.com\/de\/wir-engagieren-uns\/#primaryimage\",\"inLanguage\":\"de-DE\",\"url\":\"https:\/\/www.campingaiguillecreuse.com\/wp-content\/uploads\/2021\/07\/photo-635817307913054614-1.webp\",\"contentUrl\":\"https:\/\/www.campingaiguillecreuse.com\/wp-content\/uploads\/2021\/07\/photo-635817307913054614-1.webp\"},{\"@type\":\"WebPage\",\"@id\":\"https:\/\/www.campingaiguillecreuse.com\/de\/wir-engagieren-uns\/#webpage\",\"url\":\"https:\/\/www.campingaiguillecreuse.com\/de\/wir-engagieren-uns\/\",\"name\":\"Wir engagieren uns - Camping Etretat \\u2013 L'Aiguille Creuse\",\"isPartOf\":{\"@id\":\"https:\/\/www.campingaiguillecreuse.com\/#website\"},\"primaryImageOfPage\":{\"@id\":\"https:\/\/www.campingaiguillecreuse.com\/de\/wir-engagieren-uns\/#primaryimage\"},\"datePublished\":\"2021-07-19T10:04:54+00:00\",\"dateModified\":\"2022-02-25T10:34:12+00:00\",\"description\":\"Unser Energie-, Wasser- und Abfallmanagement, unsere Eink\\u00e4ufe sowie unsere sozialen Aktionen: Hier erfahrt Ihr alles \\u00fcber unser nachhaltiges Engagement f\\u00fcr Mensch und Natur!\",\"breadcrumb\":{\"@id\":\"https:\/\/www.campingaiguillecreuse.com\/de\/wir-engagieren-uns\/#breadcrumb\"},\"inLanguage\":\"de-DE\",\"potentialAction\":[{\"@type\":\"ReadAction\",\"target\":[\"https:\/\/www.campingaiguillecreuse.com\/de\/wir-engagieren-uns\/\"]}]},{\"@type\":\"BreadcrumbList\",\"@id\":\"https:\/\/www.campingaiguillecreuse.com\/de\/wir-engagieren-uns\/#breadcrumb\",\"itemListElement\":[{\"@type\":\"ListItem\",\"position\":1,\"name\":\"Accueil\",\"item\":\"https:\/\/www.campingaiguillecreuse.com\/de\/\"},{\"@type\":\"ListItem\",\"position\":2,\"name\":\"Wir engagieren uns\"}]}]}<\/script>\n<!-- \/ Yoast SEO plugin. -->","yoast_head_json":{"title":"Wir engagieren uns - Camping Etretat \u2013 L'Aiguille Creuse","description":"Unser Energie-, Wasser- und Abfallmanagement, unsere Eink\u00e4ufe sowie unsere sozialen Aktionen: Hier erfahrt Ihr alles \u00fcber unser nachhaltiges Engagement f\u00fcr Mensch und Natur!","robots":{"index":"index","follow":"follow","max-snippet":"max-snippet:-1","max-image-preview":"max-image-preview:large","max-video-preview":"max-video-preview:-1"},"canonical":"https:\/\/www.campingaiguillecreuse.com\/de\/wir-engagieren-uns\/","og_locale":"de_DE","og_type":"article","og_title":"Wir engagieren uns - Camping Etretat \u2013 L'Aiguille Creuse","og_description":"Unser Energie-, Wasser- und Abfallmanagement, unsere Eink\u00e4ufe sowie unsere sozialen Aktionen: Hier erfahrt Ihr alles \u00fcber unser nachhaltiges Engagement f\u00fcr Mensch und Natur!","og_url":"https:\/\/www.campingaiguillecreuse.com\/de\/wir-engagieren-uns\/","og_site_name":"Camping L&#039;Aiguille Creuse","article_publisher":"https:\/\/www.facebook.com\/campingaiguillecreuse\/","article_modified_time":"2022-02-25T10:34:12+00:00","og_image":[{"url":"https:\/\/www.campingaiguillecreuse.com\/wp-content\/uploads\/2021\/07\/photo-635817307913054614-1.webp"}],"twitter_card":"summary_large_image","twitter_misc":{"Gesch\u00e4tzte Lesezeit":"4 Minuten"},"schema":{"@context":"https:\/\/schema.org","@graph":[{"@type":"Organization","@id":"https:\/\/www.campingaiguillecreuse.com\/#organization","name":"Camping L'aiguille Creuse","url":"https:\/\/www.campingaiguillecreuse.com\/","sameAs":["https:\/\/www.facebook.com\/campingaiguillecreuse\/","https:\/\/www.instagram.com\/camping_aiguille_creuse\/","https:\/\/www.wikidata.org\/wiki\/Q138617169"],"logo":{"@type":"ImageObject","@id":"https:\/\/www.campingaiguillecreuse.com\/#logo","inLanguage":"de-DE","url":"https:\/\/www.campingaiguillecreuse.com\/wp-content\/uploads\/2025\/10\/logo-aiguille-creuse-2025.webp","contentUrl":"https:\/\/www.campingaiguillecreuse.com\/wp-content\/uploads\/2025\/10\/logo-aiguille-creuse-2025.webp","width":1356,"height":804,"caption":"Camping L'aiguille Creuse"},"image":{"@id":"https:\/\/www.campingaiguillecreuse.com\/#logo"}},{"@type":"WebSite","@id":"https:\/\/www.campingaiguillecreuse.com\/#website","url":"https:\/\/www.campingaiguillecreuse.com\/","name":"Camping L&#039;Aiguille Creuse","description":"CAMPING **** L&#039; AIGUILLE CREUSE PRES D&#039;ETRETAT EN NORMANDIE Camping en Normandie, avec piscine couverte et chauff\u00e9e ouverte toute la saison","publisher":{"@id":"https:\/\/www.campingaiguillecreuse.com\/#organization"},"potentialAction":[{"@type":"SearchAction","target":{"@type":"EntryPoint","urlTemplate":"https:\/\/www.campingaiguillecreuse.com\/?s={search_term_string}"},"query-input":"required name=search_term_string"}],"inLanguage":"de-DE"},{"@type":"ImageObject","@id":"https:\/\/www.campingaiguillecreuse.com\/de\/wir-engagieren-uns\/#primaryimage","inLanguage":"de-DE","url":"https:\/\/www.campingaiguillecreuse.com\/wp-content\/uploads\/2021\/07\/photo-635817307913054614-1.webp","contentUrl":"https:\/\/www.campingaiguillecreuse.com\/wp-content\/uploads\/2021\/07\/photo-635817307913054614-1.webp"},{"@type":"WebPage","@id":"https:\/\/www.campingaiguillecreuse.com\/de\/wir-engagieren-uns\/#webpage","url":"https:\/\/www.campingaiguillecreuse.com\/de\/wir-engagieren-uns\/","name":"Wir engagieren uns - Camping Etretat \u2013 L'Aiguille Creuse","isPartOf":{"@id":"https:\/\/www.campingaiguillecreuse.com\/#website"},"primaryImageOfPage":{"@id":"https:\/\/www.campingaiguillecreuse.com\/de\/wir-engagieren-uns\/#primaryimage"},"datePublished":"2021-07-19T10:04:54+00:00","dateModified":"2022-02-25T10:34:12+00:00","description":"Unser Energie-, Wasser- und Abfallmanagement, unsere Eink\u00e4ufe sowie unsere sozialen Aktionen: Hier erfahrt Ihr alles \u00fcber unser nachhaltiges Engagement f\u00fcr Mensch und Natur!","breadcrumb":{"@id":"https:\/\/www.campingaiguillecreuse.com\/de\/wir-engagieren-uns\/#breadcrumb"},"inLanguage":"de-DE","potentialAction":[{"@type":"ReadAction","target":["https:\/\/www.campingaiguillecreuse.com\/de\/wir-engagieren-uns\/"]}]},{"@type":"BreadcrumbList","@id":"https:\/\/www.campingaiguillecreuse.com\/de\/wir-engagieren-uns\/#breadcrumb","itemListElement":[{"@type":"ListItem","position":1,"name":"Accueil","item":"https:\/\/www.campingaiguillecreuse.com\/de\/"},{"@type":"ListItem","position":2,"name":"Wir engagieren uns"}]}]}},"_links":{"self":[{"href":"https:\/\/www.campingaiguillecreuse.com\/de\/wp-json\/wp\/v2\/pages\/2142"}],"collection":[{"href":"https:\/\/www.campingaiguillecreuse.com\/de\/wp-json\/wp\/v2\/pages"}],"about":[{"href":"https:\/\/www.campingaiguillecreuse.com\/de\/wp-json\/wp\/v2\/types\/page"}],"author":[{"embeddable":true,"href":"https:\/\/www.campingaiguillecreuse.com\/de\/wp-json\/wp\/v2\/users\/1"}],"replies":[{"embeddable":true,"href":"https:\/\/www.campingaiguillecreuse.com\/de\/wp-json\/wp\/v2\/comments?post=2142"}],"version-history":[{"count":3,"href":"https:\/\/www.campingaiguillecreuse.com\/de\/wp-json\/wp\/v2\/pages\/2142\/revisions"}],"predecessor-version":[{"id":2583,"href":"https:\/\/www.campingaiguillecreuse.com\/de\/wp-json\/wp\/v2\/pages\/2142\/revisions\/2583"}],"wp:attachment":[{"href":"https:\/\/www.campingaiguillecreuse.com\/de\/wp-json\/wp\/v2\/media?parent=2142"}],"curies":[{"name":"wp","href":"https:\/\/api.w.org\/{rel}","templated":true}]}}