{"id":2094,"date":"2021-07-13T10:22:54","date_gmt":"2021-07-13T08:22:54","guid":{"rendered":"https:\/\/www.campingaiguillecreuse.com\/tourismus\/le-havre\/"},"modified":"2025-10-01T16:14:47","modified_gmt":"2025-10-01T14:14:47","slug":"le-havre","status":"publish","type":"page","link":"https:\/\/www.campingaiguillecreuse.com\/de\/tourismus\/le-havre\/","title":{"rendered":"Le Havre"},"content":{"rendered":"\n<div class=\"wp-block-group section_accroche first_bloc\"><div class=\"wp-block-group__inner-container\">\n<h1 class=\"has-text-align-center\">Le Havre<\/h1>\n\n\n\n<p class=\"has-text-align-center\" style=\"font-size:18px\">Wie w\u00e4re es mit einem Abstecher nach <strong>Le Havre<\/strong> w\u00e4hrend Ihres n\u00e4chsten Urlaubs? Einen <strong>Aufenthalt auf dem Campingplatz N\u00e4he von Le Havre<\/strong> zu genie\u00dfen, ist auch eine gute Gelegenheit, die verschiedenen Facetten des Departements <strong>Seine-Maritime<\/strong> zu erkunden. Nicht weit von der atemberaubenden Landschaft, die <a href=\"https:\/\/www.campingaiguillecreuse.com\/de\/tourismus\/etretat\/\">\u00c9tretat<\/a> mit seinen ber\u00fchmten Klippen bietet, befindet sich Le Havre mit seinem reichen maritimen, architektonischen und kulturellen Erbe. Der Campingplatz L&#8217;Aiguille Creuse nimmt Sie mit auf eine Entdeckungsreise durch eine sehenswerte Hafenstadt!<\/p>\n<\/div><\/div>\n\n\n\n<section class=\"wp-block-group section_services\">\n<div class=\"wp-block-cover has-background-dim-90 has-primaire-background-color has-background-dim\"><img class=\"wp-block-cover__image-background wp-image-495\" alt=\"\" src=\"https:\/\/www.campingaiguillecreuse.com\/wp-content\/uploads\/2021\/07\/photo-635817307913054614-1.webp\" data-object-fit=\"cover\"\/><div class=\"wp-block-cover__inner-container\">\n<div class=\"wp-block-columns are-vertically-aligned-center\">\n<div class=\"wp-block-column is-vertically-aligned-center\" style=\"flex-basis:40%\">\n<h2 class=\"has-blanc-color has-text-color\">Was kann man in Le Havre unternehmen und sehen?<\/h2>\n\n\n\n<p class=\"has-blanc-color has-text-color\" style=\"font-size:18px\">An Ideen f\u00fcr Besichtigungen in Le Havre wird es nicht mangeln! Die Stadt ist nach Marseille der zweitgr\u00f6\u00dfte Hafen Frankreichs und bietet eine F\u00fclle von Aktivit\u00e4ten und Sehensw\u00fcrdigkeiten. Zwischen seinem Hafen, seinen Museen, seinen historischen Denkm\u00e4lern, seiner K\u00fcste und seinen G\u00e4rten gibt es nur die Qual der Wahl.<\/p>\n\n\n\n<h3>Besuchen Sie den Hafen von Le Havre<\/h3>\n\n\n\n<p style=\"font-size:18px\">Ein Zwischenstopp in Le Havre bietet den Besuchern vor allem die M\u00f6glichkeit, seinen Hafen und insbesondere das Port Center zu entdecken. Von diesem Interpretationszentrum aus k\u00f6nnen die Besucher einem F\u00fchrer folgen, um die Welt des Hafens zu entdecken.<\/p>\n<\/div>\n\n\n\n<div class=\"wp-block-column is-vertically-aligned-center col_img\" style=\"flex-basis:60%\">\n<figure class=\"wp-block-image size-full\"><img loading=\"lazy\" width=\"640\" height=\"360\" src=\"https:\/\/www.campingaiguillecreuse.com\/wp-content\/uploads\/2022\/02\/freight-containers-gd82ecf839_640.jpg\" alt=\"Camping proche du Havre l'aiguille Creuse : Freight Containers \" class=\"wp-image-2021\" srcset=\"https:\/\/www.campingaiguillecreuse.com\/wp-content\/uploads\/2022\/02\/freight-containers-gd82ecf839_640.jpg 640w, https:\/\/www.campingaiguillecreuse.com\/wp-content\/uploads\/2022\/02\/freight-containers-gd82ecf839_640-300x169.jpg 300w\" sizes=\"(max-width: 640px) 100vw, 640px\" \/><\/figure>\n\n\n\n<div class=\"wp-block-buttons is-content-justification-right btn_galerie\">\n<div class=\"wp-block-button has-custom-font-size has-medium-font-size\"><a class=\"wp-block-button__link has-blanc-color has-text-color\" href=\"https:\/\/www.campingaiguillecreuse.com\/de\/fotogalerie\/\"><i class=\"fas fa-images\"><\/i> Galerie ansehen<\/a><\/div>\n<\/div>\n<\/div>\n<\/div>\n<\/div><\/div>\n<\/section>\n\n\n\n<section class=\"wp-block-group section_alentours\">\n<div class=\"wp-block-columns\">\n<div class=\"wp-block-column col_img\" style=\"flex-basis:40%\">\n<figure class=\"wp-block-image size-full\"><img loading=\"lazy\" width=\"640\" height=\"426\" src=\"https:\/\/www.campingaiguillecreuse.com\/wp-content\/uploads\/2025\/10\/st-gb059d6f11_640.webp\" alt=\"\" class=\"wp-image-5634\" srcset=\"https:\/\/www.campingaiguillecreuse.com\/wp-content\/uploads\/2025\/10\/st-gb059d6f11_640.webp 640w, https:\/\/www.campingaiguillecreuse.com\/wp-content\/uploads\/2025\/10\/st-gb059d6f11_640-300x200.webp 300w\" sizes=\"(max-width: 640px) 100vw, 640px\" \/><\/figure>\n\n\n\n<div class=\"wp-block-buttons is-content-justification-right btn_galerie\">\n<div class=\"wp-block-button has-custom-font-size has-medium-font-size\"><a class=\"wp-block-button__link has-primaire-color has-text-color\" href=\"https:\/\/www.campingaiguillecreuse.com\/de\/fotogalerie\/\"><i class=\"fas fa-images\"><\/i> Galerie ansehen<\/a><\/div>\n<\/div>\n<\/div>\n\n\n\n<div class=\"wp-block-column\" style=\"flex-basis:60%\">\n<h3 class=\"titre_1\">Die Museen der Stadt erkunden<\/h3>\n\n\n\n<p style=\"font-size:18px\">Mit seinen zahlreichen Museen haben Liebhaber kultureller Besichtigungen die Qual der Wahl! Zu den Museumsbesuchen, die man sich nicht entgehen lassen sollte, geh\u00f6ren auch:<\/p>\n\n\n\n<ul style=\"font-size:18px\"><li>Le Portique, ein Raum f\u00fcr zeitgen\u00f6ssische Kunst und Grafikdesign ;<\/li><li>Das Muma, das Museum f\u00fcr Moderne Kunst Andr\u00e9 Malraux;<\/li><li>Das Museum H\u00f4tel Dubocage de Bl\u00e9ville schlie\u00dflich l\u00e4sst Sie in die Geschichte der Stadt und ihres Hafens eintauchen.<\/li><\/ul>\n\n\n\n<h3>Entdecken Sie das architektonische Erbe <\/h3>\n\n\n\n<p style=\"font-size:18px\">Liebhaber alter Steine haben die M\u00f6glichkeit, durch die Stadt zu schlendern und Denkm\u00e4ler zu besuchen, die Teil der Geschichte von Le Havre sind.<\/p>\n<\/div>\n<\/div>\n\n\n\n<p style=\"font-size:18px\">Wahlweise kann man sich anschlie\u00dfen: <\/p>\n\n\n\n<ul style=\"font-size:18px\"><li>Die <strong>Abtei von Graville, ein wahres Meisterwerk der romanischen Kunst<\/strong>, das bereits in der Merowingerzeit entstand und zu den Mus\u00e9es d&#8217;Art et d&#8217;Histoire du Havre geh\u00f6rt. Sie finden dort also auch Sammlungen;<\/li><li>Die <strong>Kathedrale Notre Dame<\/strong> wurde im 16. Jahrhundert auf den \u00dcberresten einer Holzkapelle erbaut und zeichnet sich durch verschiedene Stilrichtungen wie Sp\u00e4tgotik, Renaissance und Barock aus;<\/li><li><strong>St. Martinskirche<\/strong>;<\/li><li>Die <strong>Kirche Saint Joseph<\/strong>.<\/li><\/ul>\n\n\n\n<p style=\"font-size:18px\">Wenn man das Zentrum von Le Havre verl\u00e4sst und sich an die K\u00fcste begibt, k\u00f6nnen Besucher auch hier tolle Entdeckungen machen. Bei einem Spaziergang am Meer entlang k\u00f6nnen Sie auch den <strong>Strand<\/strong> erreichen, aber vor allem die Architektur der pr\u00e4chtigen Villen \u00fcber dem Strand betrachten. Die <strong>Villa Maritime<\/strong> ist \u00fcbrigens ein perfektes Beispiel daf\u00fcr. In ihr wurde die dritte Biennale f\u00fcr zeitgen\u00f6ssische Kunst veranstaltet. Nicht weit von der Villa Maritime entfernt, verl\u00e4ngern Sie Ihren Spaziergang zu einem weiteren sehenswerten Geb\u00e4ude, dem pr\u00e4chtigen <strong>Ch\u00e2teau des Gadelles<\/strong>.<\/p>\n<\/section>\n\n\n\n<section class=\"wp-block-group section_bloc_images\">\n<div class=\"wp-block-columns are-vertically-aligned-center\">\n<div class=\"wp-block-column is-vertically-aligned-center col_img\" style=\"flex-basis:50%\">\n<figure class=\"wp-block-image size-full\"><img loading=\"lazy\" width=\"640\" height=\"426\" src=\"https:\/\/www.campingaiguillecreuse.com\/wp-content\/uploads\/2023\/07\/Villa-bij-Le-Havre.webp\" alt=\"Villa nahe camping l'Aiguille Creuse in Le Havre\" class=\"wp-image-3807\" srcset=\"https:\/\/www.campingaiguillecreuse.com\/wp-content\/uploads\/2023\/07\/Villa-bij-Le-Havre.webp 640w, https:\/\/www.campingaiguillecreuse.com\/wp-content\/uploads\/2023\/07\/Villa-bij-Le-Havre-300x200.webp 300w\" sizes=\"(max-width: 640px) 100vw, 640px\" \/><\/figure>\n<\/div>\n\n\n\n<div class=\"wp-block-column is-vertically-aligned-center\" style=\"flex-basis:50%\">\n<h2>In den G\u00e4rten der Stadt spazieren gehen<\/h2>\n\n\n\n<p style=\"font-size:18px\">F\u00fcr eine Auszeit in der Natur und einen Tapetenwechsel gehen Sie in den <strong>japanischen Garten in Le Havre<\/strong>. Dieser Garten, der die freundschaftlichen Beziehungen zwischen dem Hafen von Le Havre und dem von Osaka dokumentiert, kann besichtigt werden (Reservierung beim Fremdenverkehrsamt von <a href=\"https:\/\/www.lehavre-etretat-tourisme.com\/de\/\" target=\"_blank\" rel=\"noreferrer noopener\">Le Havre erforderlich<\/a>). Ein Besuch der G\u00e4rten von Le Havre kann Sie auch bis zum <strong>Square Saint Roch<\/strong> f\u00fchren. Mit einer Fl\u00e4che von 2 Hektar ist er der ideale Ort f\u00fcr einen romantischen Spaziergang.<\/p>\n\n\n\n<h2>Wo kann man auf einem Campingplatz in der N\u00e4he von Le Havre \u00fcbernachten?<\/h2>\n\n\n\n<p style=\"font-size:18px\">Der 30 km von Le Havre entfernte Campingplatz L&#8217;Aiguille Creuse empf\u00e4ngt Sie 5 km von den <strong>Klippen von \u00c9tretat<\/strong> entfernt f\u00fcr Ihren <strong>Aufenthalt im Departement Seine-Maritime<\/strong>. Ideal gelegen, um die Sch\u00f6nheit der Region und ihre vielf\u00e4ltigen Aktivit\u00e4ten zu genie\u00dfen, finden Sie vor Ort <a href=\"https:\/\/www.campingaiguillecreuse.com\/de\/mietunterkuenfte\/\">Unterk\u00fcnfte<\/a> f\u00fcr jeden Geschmack.<\/p>\n<\/div>\n<\/div>\n<\/section>\n","protected":false},"excerpt":{"rendered":"<p>Le Havre Wie w\u00e4re es mit einem Abstecher nach Le Havre w\u00e4hrend Ihres n\u00e4chsten Urlaubs? Einen Aufenthalt auf dem Campingplatz N\u00e4he von Le Havre zu genie\u00dfen, ist auch eine gute Gelegenheit, die verschiedenen Facetten des Departements Seine-Maritime zu erkunden. Nicht weit von der atemberaubenden Landschaft, die \u00c9tretat mit seinen ber\u00fchmten Klippen bietet, befindet sich Le [&hellip;]<\/p>\n","protected":false},"author":1,"featured_media":0,"parent":2084,"menu_order":4,"comment_status":"closed","ping_status":"closed","template":"","meta":[],"yoast_head":"<!-- This site is optimized with the Yoast SEO plugin v16.7 - https:\/\/yoast.com\/wordpress\/plugins\/seo\/ -->\n<title>Campingplatz Nah\u00eb Le Havre | Camping 4* L&#039;Aiguille Creuse<\/title>\n<meta name=\"description\" content=\"Nutzen Sie Ihren Aufenthalt auf dem Campingplatz in Etretat, um Le Havre zu entdecken, das nur 40 km vom Campingplatz L&#039;Aiguille Creuse entfernt liegt.\" \/>\n<meta name=\"robots\" content=\"index, follow, max-snippet:-1, max-image-preview:large, max-video-preview:-1\" \/>\n<link rel=\"canonical\" href=\"https:\/\/www.campingaiguillecreuse.com\/de\/tourismus\/le-havre\/\" \/>\n<meta property=\"og:locale\" content=\"de_DE\" \/>\n<meta property=\"og:type\" content=\"article\" \/>\n<meta property=\"og:title\" content=\"Campingplatz Nah\u00eb Le Havre | Camping 4* L&#039;Aiguille Creuse\" \/>\n<meta property=\"og:description\" content=\"Nutzen Sie Ihren Aufenthalt auf dem Campingplatz in Etretat, um Le Havre zu entdecken, das nur 40 km vom Campingplatz L&#039;Aiguille Creuse entfernt liegt.\" \/>\n<meta property=\"og:url\" content=\"https:\/\/www.campingaiguillecreuse.com\/de\/tourismus\/le-havre\/\" \/>\n<meta property=\"og:site_name\" content=\"Camping L&#039;Aiguille Creuse\" \/>\n<meta property=\"article:publisher\" content=\"https:\/\/www.facebook.com\/campingaiguillecreuse\/\" \/>\n<meta property=\"article:modified_time\" content=\"2025-10-01T14:14:47+00:00\" \/>\n<meta property=\"og:image\" content=\"https:\/\/www.campingaiguillecreuse.com\/wp-content\/uploads\/2021\/07\/photo-635817307913054614-1.webp\" \/>\n<meta name=\"twitter:card\" content=\"summary_large_image\" \/>\n<meta name=\"twitter:label1\" content=\"Gesch\u00e4tzte Lesezeit\" \/>\n\t<meta name=\"twitter:data1\" content=\"4 Minuten\" \/>\n<script type=\"application\/ld+json\" class=\"yoast-schema-graph\">{\"@context\":\"https:\/\/schema.org\",\"@graph\":[{\"@type\":\"Organization\",\"@id\":\"https:\/\/www.campingaiguillecreuse.com\/#organization\",\"name\":\"Camping L'aiguille Creuse\",\"url\":\"https:\/\/www.campingaiguillecreuse.com\/\",\"sameAs\":[\"https:\/\/www.facebook.com\/campingaiguillecreuse\/\",\"https:\/\/www.instagram.com\/camping_aiguille_creuse\/\",\"https:\/\/www.wikidata.org\/wiki\/Q138617169\"],\"logo\":{\"@type\":\"ImageObject\",\"@id\":\"https:\/\/www.campingaiguillecreuse.com\/#logo\",\"inLanguage\":\"de-DE\",\"url\":\"https:\/\/www.campingaiguillecreuse.com\/wp-content\/uploads\/2025\/10\/logo-aiguille-creuse-2025.webp\",\"contentUrl\":\"https:\/\/www.campingaiguillecreuse.com\/wp-content\/uploads\/2025\/10\/logo-aiguille-creuse-2025.webp\",\"width\":1356,\"height\":804,\"caption\":\"Camping L'aiguille Creuse\"},\"image\":{\"@id\":\"https:\/\/www.campingaiguillecreuse.com\/#logo\"}},{\"@type\":\"WebSite\",\"@id\":\"https:\/\/www.campingaiguillecreuse.com\/#website\",\"url\":\"https:\/\/www.campingaiguillecreuse.com\/\",\"name\":\"Camping L&#039;Aiguille Creuse\",\"description\":\"CAMPING **** L&#039; AIGUILLE CREUSE PRES D&#039;ETRETAT EN NORMANDIE Camping en Normandie, avec piscine couverte et chauff\\u00e9e ouverte toute la saison\",\"publisher\":{\"@id\":\"https:\/\/www.campingaiguillecreuse.com\/#organization\"},\"potentialAction\":[{\"@type\":\"SearchAction\",\"target\":{\"@type\":\"EntryPoint\",\"urlTemplate\":\"https:\/\/www.campingaiguillecreuse.com\/?s={search_term_string}\"},\"query-input\":\"required name=search_term_string\"}],\"inLanguage\":\"de-DE\"},{\"@type\":\"ImageObject\",\"@id\":\"https:\/\/www.campingaiguillecreuse.com\/de\/tourismus\/le-havre\/#primaryimage\",\"inLanguage\":\"de-DE\",\"url\":\"https:\/\/www.campingaiguillecreuse.com\/wp-content\/uploads\/2021\/07\/photo-635817307913054614-1.webp\",\"contentUrl\":\"https:\/\/www.campingaiguillecreuse.com\/wp-content\/uploads\/2021\/07\/photo-635817307913054614-1.webp\"},{\"@type\":\"WebPage\",\"@id\":\"https:\/\/www.campingaiguillecreuse.com\/de\/tourismus\/le-havre\/#webpage\",\"url\":\"https:\/\/www.campingaiguillecreuse.com\/de\/tourismus\/le-havre\/\",\"name\":\"Campingplatz Nah\\u00eb Le Havre | Camping 4* L'Aiguille Creuse\",\"isPartOf\":{\"@id\":\"https:\/\/www.campingaiguillecreuse.com\/#website\"},\"primaryImageOfPage\":{\"@id\":\"https:\/\/www.campingaiguillecreuse.com\/de\/tourismus\/le-havre\/#primaryimage\"},\"datePublished\":\"2021-07-13T08:22:54+00:00\",\"dateModified\":\"2025-10-01T14:14:47+00:00\",\"description\":\"Nutzen Sie Ihren Aufenthalt auf dem Campingplatz in Etretat, um Le Havre zu entdecken, das nur 40 km vom Campingplatz L'Aiguille Creuse entfernt liegt.\",\"breadcrumb\":{\"@id\":\"https:\/\/www.campingaiguillecreuse.com\/de\/tourismus\/le-havre\/#breadcrumb\"},\"inLanguage\":\"de-DE\",\"potentialAction\":[{\"@type\":\"ReadAction\",\"target\":[\"https:\/\/www.campingaiguillecreuse.com\/de\/tourismus\/le-havre\/\"]}]},{\"@type\":\"BreadcrumbList\",\"@id\":\"https:\/\/www.campingaiguillecreuse.com\/de\/tourismus\/le-havre\/#breadcrumb\",\"itemListElement\":[{\"@type\":\"ListItem\",\"position\":1,\"name\":\"Accueil\",\"item\":\"https:\/\/www.campingaiguillecreuse.com\/de\/\"},{\"@type\":\"ListItem\",\"position\":2,\"name\":\"Tourismus\",\"item\":\"https:\/\/www.campingaiguillecreuse.com\/de\/tourismus\/\"},{\"@type\":\"ListItem\",\"position\":3,\"name\":\"Le Havre\"}]}]}<\/script>\n<!-- \/ Yoast SEO plugin. -->","yoast_head_json":{"title":"Campingplatz Nah\u00eb Le Havre | Camping 4* L'Aiguille Creuse","description":"Nutzen Sie Ihren Aufenthalt auf dem Campingplatz in Etretat, um Le Havre zu entdecken, das nur 40 km vom Campingplatz L'Aiguille Creuse entfernt liegt.","robots":{"index":"index","follow":"follow","max-snippet":"max-snippet:-1","max-image-preview":"max-image-preview:large","max-video-preview":"max-video-preview:-1"},"canonical":"https:\/\/www.campingaiguillecreuse.com\/de\/tourismus\/le-havre\/","og_locale":"de_DE","og_type":"article","og_title":"Campingplatz Nah\u00eb Le Havre | Camping 4* L'Aiguille Creuse","og_description":"Nutzen Sie Ihren Aufenthalt auf dem Campingplatz in Etretat, um Le Havre zu entdecken, das nur 40 km vom Campingplatz L'Aiguille Creuse entfernt liegt.","og_url":"https:\/\/www.campingaiguillecreuse.com\/de\/tourismus\/le-havre\/","og_site_name":"Camping L&#039;Aiguille Creuse","article_publisher":"https:\/\/www.facebook.com\/campingaiguillecreuse\/","article_modified_time":"2025-10-01T14:14:47+00:00","og_image":[{"url":"https:\/\/www.campingaiguillecreuse.com\/wp-content\/uploads\/2021\/07\/photo-635817307913054614-1.webp"}],"twitter_card":"summary_large_image","twitter_misc":{"Gesch\u00e4tzte Lesezeit":"4 Minuten"},"schema":{"@context":"https:\/\/schema.org","@graph":[{"@type":"Organization","@id":"https:\/\/www.campingaiguillecreuse.com\/#organization","name":"Camping L'aiguille Creuse","url":"https:\/\/www.campingaiguillecreuse.com\/","sameAs":["https:\/\/www.facebook.com\/campingaiguillecreuse\/","https:\/\/www.instagram.com\/camping_aiguille_creuse\/","https:\/\/www.wikidata.org\/wiki\/Q138617169"],"logo":{"@type":"ImageObject","@id":"https:\/\/www.campingaiguillecreuse.com\/#logo","inLanguage":"de-DE","url":"https:\/\/www.campingaiguillecreuse.com\/wp-content\/uploads\/2025\/10\/logo-aiguille-creuse-2025.webp","contentUrl":"https:\/\/www.campingaiguillecreuse.com\/wp-content\/uploads\/2025\/10\/logo-aiguille-creuse-2025.webp","width":1356,"height":804,"caption":"Camping L'aiguille Creuse"},"image":{"@id":"https:\/\/www.campingaiguillecreuse.com\/#logo"}},{"@type":"WebSite","@id":"https:\/\/www.campingaiguillecreuse.com\/#website","url":"https:\/\/www.campingaiguillecreuse.com\/","name":"Camping L&#039;Aiguille Creuse","description":"CAMPING **** L&#039; AIGUILLE CREUSE PRES D&#039;ETRETAT EN NORMANDIE Camping en Normandie, avec piscine couverte et chauff\u00e9e ouverte toute la saison","publisher":{"@id":"https:\/\/www.campingaiguillecreuse.com\/#organization"},"potentialAction":[{"@type":"SearchAction","target":{"@type":"EntryPoint","urlTemplate":"https:\/\/www.campingaiguillecreuse.com\/?s={search_term_string}"},"query-input":"required name=search_term_string"}],"inLanguage":"de-DE"},{"@type":"ImageObject","@id":"https:\/\/www.campingaiguillecreuse.com\/de\/tourismus\/le-havre\/#primaryimage","inLanguage":"de-DE","url":"https:\/\/www.campingaiguillecreuse.com\/wp-content\/uploads\/2021\/07\/photo-635817307913054614-1.webp","contentUrl":"https:\/\/www.campingaiguillecreuse.com\/wp-content\/uploads\/2021\/07\/photo-635817307913054614-1.webp"},{"@type":"WebPage","@id":"https:\/\/www.campingaiguillecreuse.com\/de\/tourismus\/le-havre\/#webpage","url":"https:\/\/www.campingaiguillecreuse.com\/de\/tourismus\/le-havre\/","name":"Campingplatz Nah\u00eb Le Havre | Camping 4* L'Aiguille Creuse","isPartOf":{"@id":"https:\/\/www.campingaiguillecreuse.com\/#website"},"primaryImageOfPage":{"@id":"https:\/\/www.campingaiguillecreuse.com\/de\/tourismus\/le-havre\/#primaryimage"},"datePublished":"2021-07-13T08:22:54+00:00","dateModified":"2025-10-01T14:14:47+00:00","description":"Nutzen Sie Ihren Aufenthalt auf dem Campingplatz in Etretat, um Le Havre zu entdecken, das nur 40 km vom Campingplatz L'Aiguille Creuse entfernt liegt.","breadcrumb":{"@id":"https:\/\/www.campingaiguillecreuse.com\/de\/tourismus\/le-havre\/#breadcrumb"},"inLanguage":"de-DE","potentialAction":[{"@type":"ReadAction","target":["https:\/\/www.campingaiguillecreuse.com\/de\/tourismus\/le-havre\/"]}]},{"@type":"BreadcrumbList","@id":"https:\/\/www.campingaiguillecreuse.com\/de\/tourismus\/le-havre\/#breadcrumb","itemListElement":[{"@type":"ListItem","position":1,"name":"Accueil","item":"https:\/\/www.campingaiguillecreuse.com\/de\/"},{"@type":"ListItem","position":2,"name":"Tourismus","item":"https:\/\/www.campingaiguillecreuse.com\/de\/tourismus\/"},{"@type":"ListItem","position":3,"name":"Le Havre"}]}]}},"_links":{"self":[{"href":"https:\/\/www.campingaiguillecreuse.com\/de\/wp-json\/wp\/v2\/pages\/2094"}],"collection":[{"href":"https:\/\/www.campingaiguillecreuse.com\/de\/wp-json\/wp\/v2\/pages"}],"about":[{"href":"https:\/\/www.campingaiguillecreuse.com\/de\/wp-json\/wp\/v2\/types\/page"}],"author":[{"embeddable":true,"href":"https:\/\/www.campingaiguillecreuse.com\/de\/wp-json\/wp\/v2\/users\/1"}],"replies":[{"embeddable":true,"href":"https:\/\/www.campingaiguillecreuse.com\/de\/wp-json\/wp\/v2\/comments?post=2094"}],"version-history":[{"count":5,"href":"https:\/\/www.campingaiguillecreuse.com\/de\/wp-json\/wp\/v2\/pages\/2094\/revisions"}],"predecessor-version":[{"id":5639,"href":"https:\/\/www.campingaiguillecreuse.com\/de\/wp-json\/wp\/v2\/pages\/2094\/revisions\/5639"}],"up":[{"embeddable":true,"href":"https:\/\/www.campingaiguillecreuse.com\/de\/wp-json\/wp\/v2\/pages\/2084"}],"wp:attachment":[{"href":"https:\/\/www.campingaiguillecreuse.com\/de\/wp-json\/wp\/v2\/media?parent=2094"}],"curies":[{"name":"wp","href":"https:\/\/api.w.org\/{rel}","templated":true}]}}