{"id":2092,"date":"2021-07-13T10:22:38","date_gmt":"2021-07-13T08:22:38","guid":{"rendered":"https:\/\/www.campingaiguillecreuse.com\/tourismus\/yport\/"},"modified":"2025-08-20T17:22:33","modified_gmt":"2025-08-20T15:22:33","slug":"yport","status":"publish","type":"page","link":"https:\/\/www.campingaiguillecreuse.com\/de\/tourismus\/yport\/","title":{"rendered":"Yport"},"content":{"rendered":"\n<section class=\"wp-block-group section_accroche\">\n<h1 class=\"has-text-align-center\">\u00dcbernachten Sie auf dem Camping in der N\u00e4he von Yport und entdecken Sie die K\u00fcste der Normandie<\/h1>\n<\/section>\n\n\n\n<section class=\"wp-block-group section_services\">\n<div class=\"wp-block-cover has-background-dim-90 has-primaire-background-color has-background-dim\"><img class=\"wp-block-cover__image-background wp-image-495\" alt=\"\" src=\"https:\/\/www.campingaiguillecreuse.com\/wp-content\/uploads\/2021\/07\/photo-635817307913054614-1.webp\" data-object-fit=\"cover\"\/><div class=\"wp-block-cover__inner-container\">\n<div class=\"wp-block-columns are-vertically-aligned-center\">\n<div class=\"wp-block-column is-vertically-aligned-center\" style=\"flex-basis:40%\">\n<p class=\"has-blanc-color has-text-color\" style=\"font-size:18px\"><strong>Yport<\/strong> ist ein Fischerdorf, eingebettet in einem kleinen Tal, das den Fischern in Erinnerung geblieben ist. Kleine Boote erinnern an vergangene Zeiten, als sich das Leben in Yport um das Meer und seine Seeleute drehte, die sich an die K\u00fcsten Neufundlands wagten. Yport, das seit 1929 als Badeort klassifiziert ist, beherbergte viele ber\u00fchmte Pers\u00f6nlichkeiten wie Maupassant, Gide oder Boudin. Heute ist es nach wie vor ein ruhiges und malerisches Dorf. Bei Ihrem Aufenthalt auf dem <strong>Campingplatz in der N\u00e4he von Yport<\/strong> erwarten Sie viele Entdeckungen.<\/p>\n<\/div>\n\n\n\n<div class=\"wp-block-column is-vertically-aligned-center col_img-2\" style=\"flex-basis:60%\">\n<figure class=\"wp-block-gallery columns-2 is-cropped\"><ul class=\"blocks-gallery-grid\"><li class=\"blocks-gallery-item\"><figure><img loading=\"lazy\" width=\"800\" height=\"499\" src=\"https:\/\/www.campingaiguillecreuse.com\/wp-content\/uploads\/2025\/08\/ADO_Yport.webp\" alt=\"Falaises d'Yport\" data-id=\"5399\" data-full-url=\"https:\/\/www.campingaiguillecreuse.com\/wp-content\/uploads\/2025\/08\/ADO_Yport.webp\" data-link=\"https:\/\/www.campingaiguillecreuse.com\/de\/tourismus\/yport\/ado_yport\/\" class=\"wp-image-5399\" srcset=\"https:\/\/www.campingaiguillecreuse.com\/wp-content\/uploads\/2025\/08\/ADO_Yport.webp 800w, https:\/\/www.campingaiguillecreuse.com\/wp-content\/uploads\/2025\/08\/ADO_Yport-300x187.webp 300w, https:\/\/www.campingaiguillecreuse.com\/wp-content\/uploads\/2025\/08\/ADO_Yport-768x479.webp 768w\" sizes=\"(max-width: 800px) 100vw, 800px\" \/><\/figure><\/li><li class=\"blocks-gallery-item\"><figure><img loading=\"lazy\" width=\"800\" height=\"480\" src=\"https:\/\/www.campingaiguillecreuse.com\/wp-content\/uploads\/2025\/08\/photo-635845543230453274-1-1.webp\" alt=\"\" data-id=\"5363\" data-full-url=\"https:\/\/www.campingaiguillecreuse.com\/wp-content\/uploads\/2025\/08\/photo-635845543230453274-1-1.webp\" data-link=\"https:\/\/www.campingaiguillecreuse.com\/de\/tourismus\/yport\/photo-635845543230453274-1-1\/\" class=\"wp-image-5363\" srcset=\"https:\/\/www.campingaiguillecreuse.com\/wp-content\/uploads\/2025\/08\/photo-635845543230453274-1-1.webp 800w, https:\/\/www.campingaiguillecreuse.com\/wp-content\/uploads\/2025\/08\/photo-635845543230453274-1-1-300x180.webp 300w, https:\/\/www.campingaiguillecreuse.com\/wp-content\/uploads\/2025\/08\/photo-635845543230453274-1-1-768x461.webp 768w\" sizes=\"(max-width: 800px) 100vw, 800px\" \/><\/figure><\/li><\/ul><\/figure>\n\n\n\n<div class=\"wp-block-buttons is-content-justification-right btn_galerie\">\n<div class=\"wp-block-button has-custom-font-size has-medium-font-size\"><a class=\"wp-block-button__link has-blanc-color has-text-color\" href=\"https:\/\/www.campingaiguillecreuse.com\/de\/fotogalerie\/\"><i class=\"fas fa-images\"><\/i> Zur Bildgalerie<\/a><\/div>\n<\/div>\n<\/div>\n<\/div>\n<\/div><\/div>\n<\/section>\n\n\n\n<div class=\"wp-block-group section_bloc_images\"><div class=\"wp-block-group__inner-container\">\n<div class=\"wp-block-columns\">\n<div class=\"wp-block-column\" style=\"flex-basis:100px\"><\/div>\n\n\n\n<div class=\"wp-block-column col_img\" style=\"flex-basis:40%\">\n<figure class=\"wp-block-image size-full is-style-default\"><img loading=\"lazy\" width=\"640\" height=\"379\" src=\"https:\/\/www.campingaiguillecreuse.com\/wp-content\/uploads\/2025\/08\/france-g4f32a5a6f_640.webp\" alt=\"\" class=\"wp-image-5374\" srcset=\"https:\/\/www.campingaiguillecreuse.com\/wp-content\/uploads\/2025\/08\/france-g4f32a5a6f_640.webp 640w, https:\/\/www.campingaiguillecreuse.com\/wp-content\/uploads\/2025\/08\/france-g4f32a5a6f_640-300x178.webp 300w\" sizes=\"(max-width: 640px) 100vw, 640px\" \/><\/figure>\n<\/div>\n\n\n\n<div class=\"wp-block-column\" style=\"flex-basis:60%\">\n<div style=\"height:10px\" aria-hidden=\"true\" class=\"wp-block-spacer\"><\/div>\n\n\n\n<h2 class=\"titre_1\">Was kann man in Yport unternehmen und sehen?<\/h2>\n\n\n\n<p style=\"font-size:18px\">Dieses Fischerdorf an der <strong>Alabasterk\u00fcste<\/strong> im Departement <strong>Seine-Maritime<\/strong> hat sich zu einem beliebten Badeort f\u00fcr K\u00fcnstler, Fotografen, Bildhauer und Schriftsteller entwickelt.<\/p>\n\n\n\n<p style=\"font-size:18px\">Im Herzen der Stadt befindet sich der <strong>Kulturraum Jef Friboulet<\/strong>, der w\u00e4hrend der Sommermonate t\u00e4glich ge\u00f6ffnet ist und Kunst- und Malereiausstellungen bietet.<\/p>\n\n\n\n<p style=\"font-size:18px\">Z\u00f6gern Sie auch nicht, vor der <strong>Kirche Saint-Martin<\/strong> in Yport Halt zu machen. Sie werden \u00fcberrascht sein, dieses Geb\u00e4ude zu sehen, wenn Sie wissen, dass es 1838 in nur f\u00fcnf Monaten von den Dorfbewohnern erbaut wurde. Fischer, Handwerker, Frauen und Kinder \u2013 alle Einwohner von Yport haben auf die eine oder andere Weise an seinem Bau mitgewirkt.<\/p>\n\n\n\n<p style=\"font-size:18px\">Das <strong>maurische Haus<\/strong> ist ebenfalls einen Besuch wert. Auch wenn nicht sicher ist, ob Guy de Maupassant dort gewohnt hat, inspirierte es Jean Lorrain zu seinem zweiten Roman mit dem Titel \u201eLa villa Mauresque\u201d (Die maurische Villa).<\/p>\n\n\n\n<p style=\"font-size:18px\">Der <strong>Strand von Yport<\/strong> ist ideal f\u00fcr einen angenehmen Familienausflug. Die kleinen wei\u00dfen Strandh\u00fctten zeugen von der Beliebtheit des seit 1929 bestehenden Badeortes Yport. Sie werden bunte Fischerboote und vielleicht auch Ca\u00efques sehen, die traditionellen Boote der Region. Dieser von hohen Klippen umgebene Strand mit seinen wei\u00dfen H\u00fctten und Booten l\u00e4dt zum Entspannen und Nachdenken ein.<\/p>\n\n\n\n<p style=\"font-size:18px\">Zum Schluss geht es noch ins <strong>Casino von Yport<\/strong>: Die W\u00fcrfel sind gefallen. Roulette, Black Jack, Spielautomaten \u2013 versuchen Sie Ihr Gl\u00fcck!<\/p>\n<\/div>\n\n\n\n<div class=\"wp-block-column\" style=\"flex-basis:100px\"><\/div>\n<\/div>\n<\/div><\/div>\n\n\n\n<section class=\"wp-block-group section_alentours\">\n<div class=\"wp-block-columns\">\n<div class=\"wp-block-column\" style=\"flex-basis:60%\">\n<h2 class=\"titre_1\">Was kann man in der Umgebung von Yport unternehmen?<\/h2>\n\n\n\n<p style=\"font-size:18px\"><strong>Yport<\/strong> ist ideal gelegen, um die Region Pays de Caux zu entdecken. Nur wenige Kilometer s\u00fcdlich befinden sich die <strong>ber\u00fchmten und wundersch\u00f6nen Klippen von \u00c9tretat<\/strong>. Ein magischer Ort, den Sie unbedingt besuchen sollten. Sie werden von diesen Kalksteinfelsen, die steil ins Meer abfallen, begeistert sein. Verl\u00e4ngern Sie Ihren Besuch und bewundern Sie den Sonnenuntergang \u00fcber den Klippen. Ein garantiertes Spektakel von atemberaubender Sch\u00f6nheit!<\/p>\n\n\n\n<p style=\"font-size:18px\">In der N\u00e4he von <a href=\"https:\/\/www.campingaiguillecreuse.com\/de\/tourismus\/etretat\/\">\u00c9tretat<\/a>, etwa zwei Kilometer entfernt, auf dem K\u00fcstenweg, sollten Sie sich den <strong>Panoramablick von der Aiguille de Belval<\/strong> nicht entgehen lassen. Mit den Klippen im Hintergrund ist das Panorama von atemberaubender Sch\u00f6nheit. Sie k\u00f6nnen den gesamten K\u00fcstenweg, der \u00c9tretat mit Yport verbindet, \u00fcber den <strong>GR21<\/strong> zur\u00fccklegen.<\/p>\n\n\n\n<p style=\"font-size:18px\">Die <a href=\"https:\/\/www.campingaiguillecreuse.com\/de\/tourismus\/fecamp\/\">Stadt F\u00e9camp<\/a> ist ebenfalls einen Besuch wert. Dort k\u00f6nnen Sie <a href=\"https:\/\/www.normandie-tourisme.fr\/sites-lieux-de-visites\/palais-benedictine-musee-et-distillerie\/\" target=\"_blank\" rel=\"noreferrer noopener\">den Palais B\u00e9n\u00e9dictine<\/a> bewundern, der zu Ehren des gleichnamigen Lik\u00f6rs erbaut wurde.<\/p>\n\n\n\n<p style=\"font-size:18px\">Ebenso bewundernswert ist die <strong>gotische Abteikirche Sainte-Trinit\u00e9<\/strong>, die Sie mit ihrem Licht, ihren Volumen und ihrer au\u00dfergew\u00f6hnlichen astronomischen Gezeitenuhr aus dem Jahr 1667 \u00fcberraschen wid.<\/p>\n\n\n\n<p style=\"font-size:18px\">Um alle Sinne zu wecken und Schokoladenliebhaber zu begeistern, ist ein Besuch bei \u201e<strong>L\u2019extraordinaire voyage du chocolat<\/strong>\u201d (Die au\u00dfergew\u00f6hnliche Reise der Schokolade) ein Muss. Hier k\u00f6nnen Sie einen umfassenden \u00dcberblick \u00fcber die Geschichte und Herstellung von Kakao erhalten.<\/p>\n<\/div>\n\n\n\n<div class=\"wp-block-column col_img\" style=\"flex-basis:40%\">\n<figure class=\"wp-block-image size-full\"><img loading=\"lazy\" width=\"640\" height=\"409\" src=\"https:\/\/www.campingaiguillecreuse.com\/wp-content\/uploads\/2025\/08\/coast-ga790ab405_640.webp\" alt=\"\" class=\"wp-image-5378\" srcset=\"https:\/\/www.campingaiguillecreuse.com\/wp-content\/uploads\/2025\/08\/coast-ga790ab405_640.webp 640w, https:\/\/www.campingaiguillecreuse.com\/wp-content\/uploads\/2025\/08\/coast-ga790ab405_640-300x192.webp 300w\" sizes=\"(max-width: 640px) 100vw, 640px\" \/><\/figure>\n\n\n\n<div class=\"wp-block-buttons is-content-justification-right btn_galerie\">\n<div class=\"wp-block-button has-custom-font-size has-medium-font-size\"><a class=\"wp-block-button__link has-primaire-color has-text-color\" href=\"https:\/\/www.campingaiguillecreuse.com\/de\/fotogalerie\/\"><i class=\"fas fa-images\"><\/i> Voir la galerie<\/a><\/div>\n<\/div>\n<\/div>\n<\/div>\n<\/section>\n\n\n\n<section class=\"wp-block-group section_services\">\n<div class=\"wp-block-columns has-background\" style=\"background-color:#20456b\">\n<div class=\"wp-block-column\" style=\"flex-basis:100px\"><\/div>\n\n\n\n<div class=\"wp-block-column\" style=\"flex-basis:60%\">\n<h2 class=\"titre_1 has-blanc-color has-text-color\">Wo kann man auf dem Campingplatz in der N\u00e4he von Yport \u00fcbernachten?<\/h2>\n\n\n\n<p class=\"has-blanc-color has-text-color\" style=\"font-size:18px\">Um all diese Sehensw\u00fcrdigkeiten und viele andere mit der ganzen Familie in vollen Z\u00fcgen genie\u00dfen zu k\u00f6nnen, bietet unser <strong>Campingplatz in der N\u00e4he von Yport<\/strong>, der <a href=\"https:\/\/www.campingaiguillecreuse.com\/de\/serviceangebot\/\">4-Sterne-Campingplatz L&#8217;Aiguille Creuse<\/a>, eine privilegierte Lage.<\/p>\n\n\n\n<p class=\"has-blanc-color has-text-color\" style=\"font-size:18px\">Wir hei\u00dfen Sie herzlich willkommen und freuen uns darauf, Ihnen unsere sch\u00f6ne Region zu zeigen.<\/p>\n\n\n\n<p class=\"has-blanc-color has-text-color\" style=\"font-size:18px\">Unsere Anlage ist au\u00dferdem mit dem Label \u201e<strong>Camping qualit\u00e9<\/strong>\u201c ausgezeichnet, einem Qualit\u00e4tsiegel, das zahlreiche Kriterien ber\u00fccksichtigt (Empfang, einwandfreie Sauberkeit, Umgebung, Ausstattung usw.).<\/p>\n\n\n\n<p class=\"has-blanc-color has-text-color\" style=\"font-size:18px\">So verbringen Sie einen angenehmen Familienurlaub in einer unserer <a href=\"https:\/\/www.campingaiguillecreuse.com\/de\/mietunterkuenfte\/\">komfortablen Unterk\u00fcnfte<\/a> oder auf einem <a href=\"https:\/\/www.campingaiguillecreuse.com\/de\/mietunterkuenfte\/stellplaetze\/\">Stellplatz auf dem Campingplatz<\/a>. Neu seit 2022 sind vier Luxus-Stellpl\u00e4tze f\u00fcr noch mehr Komfort.<\/p>\n\n\n\n<p class=\"has-blanc-color has-text-color\" style=\"font-size:18px\">Der Campingplatz ist st\u00e4ndig bem\u00fcht, neue Ideen zu entwickeln, um die Urlauber rundum zufriedenzustellen. Eine weitere Neuheit seit 2022 ist die Einrichtung eines Kinderclubs. In einem eigens daf\u00fcr vorgesehenen Bereich k\u00f6nnen Ihre Kinder w\u00e4hrend der Sommersaison Spiele, Sport und kreative Aktivit\u00e4ten genie\u00dfen.<\/p>\n\n\n\n<p class=\"has-blanc-color has-text-color\" style=\"font-size:18px\">Der <a href=\"https:\/\/www.campingaiguillecreuse.com\/de\/badelandschaft\/\">Wasserbereich des Campingplatzes<\/a> l\u00e4dt zum Entspannen und Spa\u00df haben mit der ganzen Familie ein. Genie\u00dfen Sie das beheizte Hallenbad und die Bereiche, die speziell f\u00fcr Kinder vorgesehen sind.<\/p>\n\n\n\n<p class=\"has-blanc-color has-text-color\" style=\"font-size:18px\">Auf unserem <strong>Campingplatz in der N\u00e4he von Yport<\/strong> stehen Ihnen zahlreiche Dienstleistungen zur Verf\u00fcgung (Waschsalon, Gastronomie, WLAN-Zugang usw.).<\/p>\n\n\n\n<p class=\"has-blanc-color has-text-color\" style=\"font-size:18px\">Z\u00f6gern Sie nicht, unsere sch\u00f6ne Region zu besuchen, das gesamte Team des Campingplatzes freut sich darauf, Sie kennenzulernen!<\/p>\n<\/div>\n\n\n\n<div class=\"wp-block-column col_img\" style=\"flex-basis:40%\">\n<figure class=\"wp-block-image size-full\"><img loading=\"lazy\" width=\"640\" height=\"428\" src=\"https:\/\/www.campingaiguillecreuse.com\/wp-content\/uploads\/2025\/08\/landscape-g312572c11_640.webp\" alt=\"\" class=\"wp-image-5342\" srcset=\"https:\/\/www.campingaiguillecreuse.com\/wp-content\/uploads\/2025\/08\/landscape-g312572c11_640.webp 640w, https:\/\/www.campingaiguillecreuse.com\/wp-content\/uploads\/2025\/08\/landscape-g312572c11_640-300x201.webp 300w\" sizes=\"(max-width: 640px) 100vw, 640px\" \/><\/figure>\n<\/div>\n\n\n\n<div class=\"wp-block-column\" style=\"flex-basis:100px\"><\/div>\n<\/div>\n\n\n\n<div style=\"height:100px\" aria-hidden=\"true\" class=\"wp-block-spacer\"><\/div>\n<\/section>\n","protected":false},"excerpt":{"rendered":"<p>\u00dcbernachten Sie auf dem Camping in der N\u00e4he von Yport und entdecken Sie die K\u00fcste der Normandie Was kann man in Yport unternehmen und sehen? Dieses Fischerdorf an der Alabasterk\u00fcste im Departement Seine-Maritime hat sich zu einem beliebten Badeort f\u00fcr K\u00fcnstler, Fotografen, Bildhauer und Schriftsteller entwickelt. Im Herzen der Stadt befindet sich der Kulturraum Jef [&hellip;]<\/p>\n","protected":false},"author":1,"featured_media":5399,"parent":2084,"menu_order":3,"comment_status":"closed","ping_status":"closed","template":"","meta":[],"yoast_head":"<!-- This site is optimized with the Yoast SEO plugin v16.7 - https:\/\/yoast.com\/wordpress\/plugins\/seo\/ -->\n<title>Campingplatz in der N\u00e4he von Yport | L&#039;Aiguille Creuse camping<\/title>\n<meta name=\"description\" content=\"In der N\u00e4he des Campingplatzes L&#039;Aiguille Creuse k\u00f6nnen Sie die charmante Stadt Yport entdecken, ein ehemaliges Fischerdorf, das 1929 zum Badeort wurde.\" \/>\n<meta name=\"robots\" content=\"index, follow, max-snippet:-1, max-image-preview:large, max-video-preview:-1\" \/>\n<link rel=\"canonical\" href=\"https:\/\/www.campingaiguillecreuse.com\/de\/tourismus\/yport\/\" \/>\n<meta property=\"og:locale\" content=\"de_DE\" \/>\n<meta property=\"og:type\" content=\"article\" \/>\n<meta property=\"og:title\" content=\"Campingplatz in der N\u00e4he von Yport | L&#039;Aiguille Creuse camping\" \/>\n<meta property=\"og:description\" content=\"In der N\u00e4he des Campingplatzes L&#039;Aiguille Creuse k\u00f6nnen Sie die charmante Stadt Yport entdecken, ein ehemaliges Fischerdorf, das 1929 zum Badeort wurde.\" \/>\n<meta property=\"og:url\" content=\"https:\/\/www.campingaiguillecreuse.com\/de\/tourismus\/yport\/\" \/>\n<meta property=\"og:site_name\" content=\"Camping L&#039;Aiguille Creuse\" \/>\n<meta property=\"article:publisher\" content=\"https:\/\/www.facebook.com\/campingaiguillecreuse\/\" \/>\n<meta property=\"article:modified_time\" content=\"2025-08-20T15:22:33+00:00\" \/>\n<meta name=\"twitter:card\" content=\"summary_large_image\" \/>\n<meta name=\"twitter:image\" content=\"https:\/\/www.campingaiguillecreuse.com\/wp-content\/uploads\/2025\/08\/ADO_Yport.webp\" \/>\n<meta name=\"twitter:label1\" content=\"Gesch\u00e4tzte Lesezeit\" \/>\n\t<meta name=\"twitter:data1\" content=\"5 Minuten\" \/>\n<script type=\"application\/ld+json\" class=\"yoast-schema-graph\">{\"@context\":\"https:\/\/schema.org\",\"@graph\":[{\"@type\":\"Organization\",\"@id\":\"https:\/\/www.campingaiguillecreuse.com\/#organization\",\"name\":\"Camping L'aiguille Creuse\",\"url\":\"https:\/\/www.campingaiguillecreuse.com\/\",\"sameAs\":[\"https:\/\/www.facebook.com\/campingaiguillecreuse\/\",\"https:\/\/www.instagram.com\/camping_aiguille_creuse\/\",\"https:\/\/www.wikidata.org\/wiki\/Q138617169\"],\"logo\":{\"@type\":\"ImageObject\",\"@id\":\"https:\/\/www.campingaiguillecreuse.com\/#logo\",\"inLanguage\":\"de-DE\",\"url\":\"https:\/\/www.campingaiguillecreuse.com\/wp-content\/uploads\/2025\/10\/logo-aiguille-creuse-2025.webp\",\"contentUrl\":\"https:\/\/www.campingaiguillecreuse.com\/wp-content\/uploads\/2025\/10\/logo-aiguille-creuse-2025.webp\",\"width\":1356,\"height\":804,\"caption\":\"Camping L'aiguille Creuse\"},\"image\":{\"@id\":\"https:\/\/www.campingaiguillecreuse.com\/#logo\"}},{\"@type\":\"WebSite\",\"@id\":\"https:\/\/www.campingaiguillecreuse.com\/#website\",\"url\":\"https:\/\/www.campingaiguillecreuse.com\/\",\"name\":\"Camping L&#039;Aiguille Creuse\",\"description\":\"CAMPING **** L&#039; AIGUILLE CREUSE PRES D&#039;ETRETAT EN NORMANDIE Camping en Normandie, avec piscine couverte et chauff\\u00e9e ouverte toute la saison\",\"publisher\":{\"@id\":\"https:\/\/www.campingaiguillecreuse.com\/#organization\"},\"potentialAction\":[{\"@type\":\"SearchAction\",\"target\":{\"@type\":\"EntryPoint\",\"urlTemplate\":\"https:\/\/www.campingaiguillecreuse.com\/?s={search_term_string}\"},\"query-input\":\"required name=search_term_string\"}],\"inLanguage\":\"de-DE\"},{\"@type\":\"ImageObject\",\"@id\":\"https:\/\/www.campingaiguillecreuse.com\/de\/tourismus\/yport\/#primaryimage\",\"inLanguage\":\"de-DE\",\"url\":\"https:\/\/www.campingaiguillecreuse.com\/wp-content\/uploads\/2025\/08\/ADO_Yport.webp\",\"contentUrl\":\"https:\/\/www.campingaiguillecreuse.com\/wp-content\/uploads\/2025\/08\/ADO_Yport.webp\",\"width\":800,\"height\":499,\"caption\":\"Falaises d'Yport\"},{\"@type\":\"WebPage\",\"@id\":\"https:\/\/www.campingaiguillecreuse.com\/de\/tourismus\/yport\/#webpage\",\"url\":\"https:\/\/www.campingaiguillecreuse.com\/de\/tourismus\/yport\/\",\"name\":\"Campingplatz in der N\\u00e4he von Yport | L'Aiguille Creuse camping\",\"isPartOf\":{\"@id\":\"https:\/\/www.campingaiguillecreuse.com\/#website\"},\"primaryImageOfPage\":{\"@id\":\"https:\/\/www.campingaiguillecreuse.com\/de\/tourismus\/yport\/#primaryimage\"},\"datePublished\":\"2021-07-13T08:22:38+00:00\",\"dateModified\":\"2025-08-20T15:22:33+00:00\",\"description\":\"In der N\\u00e4he des Campingplatzes L'Aiguille Creuse k\\u00f6nnen Sie die charmante Stadt Yport entdecken, ein ehemaliges Fischerdorf, das 1929 zum Badeort wurde.\",\"breadcrumb\":{\"@id\":\"https:\/\/www.campingaiguillecreuse.com\/de\/tourismus\/yport\/#breadcrumb\"},\"inLanguage\":\"de-DE\",\"potentialAction\":[{\"@type\":\"ReadAction\",\"target\":[\"https:\/\/www.campingaiguillecreuse.com\/de\/tourismus\/yport\/\"]}]},{\"@type\":\"BreadcrumbList\",\"@id\":\"https:\/\/www.campingaiguillecreuse.com\/de\/tourismus\/yport\/#breadcrumb\",\"itemListElement\":[{\"@type\":\"ListItem\",\"position\":1,\"name\":\"Accueil\",\"item\":\"https:\/\/www.campingaiguillecreuse.com\/de\/\"},{\"@type\":\"ListItem\",\"position\":2,\"name\":\"Tourismus\",\"item\":\"https:\/\/www.campingaiguillecreuse.com\/de\/tourismus\/\"},{\"@type\":\"ListItem\",\"position\":3,\"name\":\"Yport\"}]}]}<\/script>\n<!-- \/ Yoast SEO plugin. -->","yoast_head_json":{"title":"Campingplatz in der N\u00e4he von Yport | L'Aiguille Creuse camping","description":"In der N\u00e4he des Campingplatzes L'Aiguille Creuse k\u00f6nnen Sie die charmante Stadt Yport entdecken, ein ehemaliges Fischerdorf, das 1929 zum Badeort wurde.","robots":{"index":"index","follow":"follow","max-snippet":"max-snippet:-1","max-image-preview":"max-image-preview:large","max-video-preview":"max-video-preview:-1"},"canonical":"https:\/\/www.campingaiguillecreuse.com\/de\/tourismus\/yport\/","og_locale":"de_DE","og_type":"article","og_title":"Campingplatz in der N\u00e4he von Yport | L'Aiguille Creuse camping","og_description":"In der N\u00e4he des Campingplatzes L'Aiguille Creuse k\u00f6nnen Sie die charmante Stadt Yport entdecken, ein ehemaliges Fischerdorf, das 1929 zum Badeort wurde.","og_url":"https:\/\/www.campingaiguillecreuse.com\/de\/tourismus\/yport\/","og_site_name":"Camping L&#039;Aiguille Creuse","article_publisher":"https:\/\/www.facebook.com\/campingaiguillecreuse\/","article_modified_time":"2025-08-20T15:22:33+00:00","twitter_card":"summary_large_image","twitter_image":"https:\/\/www.campingaiguillecreuse.com\/wp-content\/uploads\/2025\/08\/ADO_Yport.webp","twitter_misc":{"Gesch\u00e4tzte Lesezeit":"5 Minuten"},"schema":{"@context":"https:\/\/schema.org","@graph":[{"@type":"Organization","@id":"https:\/\/www.campingaiguillecreuse.com\/#organization","name":"Camping L'aiguille Creuse","url":"https:\/\/www.campingaiguillecreuse.com\/","sameAs":["https:\/\/www.facebook.com\/campingaiguillecreuse\/","https:\/\/www.instagram.com\/camping_aiguille_creuse\/","https:\/\/www.wikidata.org\/wiki\/Q138617169"],"logo":{"@type":"ImageObject","@id":"https:\/\/www.campingaiguillecreuse.com\/#logo","inLanguage":"de-DE","url":"https:\/\/www.campingaiguillecreuse.com\/wp-content\/uploads\/2025\/10\/logo-aiguille-creuse-2025.webp","contentUrl":"https:\/\/www.campingaiguillecreuse.com\/wp-content\/uploads\/2025\/10\/logo-aiguille-creuse-2025.webp","width":1356,"height":804,"caption":"Camping L'aiguille Creuse"},"image":{"@id":"https:\/\/www.campingaiguillecreuse.com\/#logo"}},{"@type":"WebSite","@id":"https:\/\/www.campingaiguillecreuse.com\/#website","url":"https:\/\/www.campingaiguillecreuse.com\/","name":"Camping L&#039;Aiguille Creuse","description":"CAMPING **** L&#039; AIGUILLE CREUSE PRES D&#039;ETRETAT EN NORMANDIE Camping en Normandie, avec piscine couverte et chauff\u00e9e ouverte toute la saison","publisher":{"@id":"https:\/\/www.campingaiguillecreuse.com\/#organization"},"potentialAction":[{"@type":"SearchAction","target":{"@type":"EntryPoint","urlTemplate":"https:\/\/www.campingaiguillecreuse.com\/?s={search_term_string}"},"query-input":"required name=search_term_string"}],"inLanguage":"de-DE"},{"@type":"ImageObject","@id":"https:\/\/www.campingaiguillecreuse.com\/de\/tourismus\/yport\/#primaryimage","inLanguage":"de-DE","url":"https:\/\/www.campingaiguillecreuse.com\/wp-content\/uploads\/2025\/08\/ADO_Yport.webp","contentUrl":"https:\/\/www.campingaiguillecreuse.com\/wp-content\/uploads\/2025\/08\/ADO_Yport.webp","width":800,"height":499,"caption":"Falaises d'Yport"},{"@type":"WebPage","@id":"https:\/\/www.campingaiguillecreuse.com\/de\/tourismus\/yport\/#webpage","url":"https:\/\/www.campingaiguillecreuse.com\/de\/tourismus\/yport\/","name":"Campingplatz in der N\u00e4he von Yport | L'Aiguille Creuse camping","isPartOf":{"@id":"https:\/\/www.campingaiguillecreuse.com\/#website"},"primaryImageOfPage":{"@id":"https:\/\/www.campingaiguillecreuse.com\/de\/tourismus\/yport\/#primaryimage"},"datePublished":"2021-07-13T08:22:38+00:00","dateModified":"2025-08-20T15:22:33+00:00","description":"In der N\u00e4he des Campingplatzes L'Aiguille Creuse k\u00f6nnen Sie die charmante Stadt Yport entdecken, ein ehemaliges Fischerdorf, das 1929 zum Badeort wurde.","breadcrumb":{"@id":"https:\/\/www.campingaiguillecreuse.com\/de\/tourismus\/yport\/#breadcrumb"},"inLanguage":"de-DE","potentialAction":[{"@type":"ReadAction","target":["https:\/\/www.campingaiguillecreuse.com\/de\/tourismus\/yport\/"]}]},{"@type":"BreadcrumbList","@id":"https:\/\/www.campingaiguillecreuse.com\/de\/tourismus\/yport\/#breadcrumb","itemListElement":[{"@type":"ListItem","position":1,"name":"Accueil","item":"https:\/\/www.campingaiguillecreuse.com\/de\/"},{"@type":"ListItem","position":2,"name":"Tourismus","item":"https:\/\/www.campingaiguillecreuse.com\/de\/tourismus\/"},{"@type":"ListItem","position":3,"name":"Yport"}]}]}},"_links":{"self":[{"href":"https:\/\/www.campingaiguillecreuse.com\/de\/wp-json\/wp\/v2\/pages\/2092"}],"collection":[{"href":"https:\/\/www.campingaiguillecreuse.com\/de\/wp-json\/wp\/v2\/pages"}],"about":[{"href":"https:\/\/www.campingaiguillecreuse.com\/de\/wp-json\/wp\/v2\/types\/page"}],"author":[{"embeddable":true,"href":"https:\/\/www.campingaiguillecreuse.com\/de\/wp-json\/wp\/v2\/users\/1"}],"replies":[{"embeddable":true,"href":"https:\/\/www.campingaiguillecreuse.com\/de\/wp-json\/wp\/v2\/comments?post=2092"}],"version-history":[{"count":5,"href":"https:\/\/www.campingaiguillecreuse.com\/de\/wp-json\/wp\/v2\/pages\/2092\/revisions"}],"predecessor-version":[{"id":5403,"href":"https:\/\/www.campingaiguillecreuse.com\/de\/wp-json\/wp\/v2\/pages\/2092\/revisions\/5403"}],"up":[{"embeddable":true,"href":"https:\/\/www.campingaiguillecreuse.com\/de\/wp-json\/wp\/v2\/pages\/2084"}],"wp:featuredmedia":[{"embeddable":true,"href":"https:\/\/www.campingaiguillecreuse.com\/de\/wp-json\/wp\/v2\/media\/5399"}],"wp:attachment":[{"href":"https:\/\/www.campingaiguillecreuse.com\/de\/wp-json\/wp\/v2\/media?parent=2092"}],"curies":[{"name":"wp","href":"https:\/\/api.w.org\/{rel}","templated":true}]}}