{"id":2088,"date":"2021-07-13T10:22:03","date_gmt":"2021-07-13T08:22:03","guid":{"rendered":"https:\/\/www.campingaiguillecreuse.com\/tourismus\/etretat\/"},"modified":"2025-08-21T09:08:22","modified_gmt":"2025-08-21T07:08:22","slug":"etretat","status":"publish","type":"page","link":"https:\/\/www.campingaiguillecreuse.com\/de\/tourismus\/etretat\/","title":{"rendered":"\u00c9tretat"},"content":{"rendered":"\n<section class=\"wp-block-group section_accroche\">\n<h1 class=\"has-text-align-center\">\u00c9tretat in der Normandie<\/h1>\n\n\n\n<p style=\"font-size:18px\">Nur 5 km vom Campingplatz L&#8217;Aiguille Creuse entfernt erwartet euch <strong>\u00c9tretat<\/strong> mit seinen majest\u00e4tischen Klippen! Dieses an der <strong>Alabasterk\u00fcste<\/strong> gelegene <strong>Seebad<\/strong> in der Normandie zeichnet sich durch seine bemerkenswerte K\u00fcstenlinie aus. Doch \u00c9tretat hat noch viel mehr zu bieten. Der Campingplatz L&#8217;Aiguille Creuse bietet euch die M\u00f6glichkeit, <strong>Sport- und Freizeitangebote in der N\u00e4he<\/strong> zu entdecken, die euren Aufenthalt auf dem <a href=\"https:\/\/www.campingaiguillecreuse.com\/de\/\">Campingplatz in der N\u00e4he von \u00c9tretat<\/a> zu einem unvergesslichen Erlebnis machen werden.<\/p>\n<\/section>\n\n\n\n<section class=\"wp-block-group section_services\">\n<div class=\"wp-block-cover has-background-dim-90 has-primaire-background-color has-background-dim\"><img class=\"wp-block-cover__image-background wp-image-495\" alt=\"\" src=\"https:\/\/www.campingaiguillecreuse.com\/wp-content\/uploads\/2021\/07\/photo-635817307913054614-1.webp\" data-object-fit=\"cover\"\/><div class=\"wp-block-cover__inner-container\">\n<div class=\"wp-block-columns are-vertically-aligned-center\">\n<div class=\"wp-block-column is-vertically-aligned-center\" style=\"flex-basis:40%\">\n<h2 class=\"has-blanc-color has-text-color\">Ein Besuch in \u00c9tretat an der Alabasterk\u00fcste<\/h2>\n\n\n\n<p class=\"has-blanc-color has-text-color\" style=\"font-size:18px\">\u00c9tretat ist ber\u00fchmt f\u00fcr seine ebenso grandiosen wie beeindruckenden Klippen, die sich an der Alabasterk\u00fcste im Departement <strong>Seine-Maritime<\/strong> befinden. Mit ihren ungew\u00f6hnlichen Formen, die vom Meer in Kreide und Feuerstein gegraben wurden und steil \u00fcber <strong>den \u00c4rmelkanal<\/strong> ragen. Sie hei\u00dfen <strong>L\u2019Aiguille Creuse<\/strong>, La Manneporte, Courtine (mit ihrem Schl\u00fcsselloch), Porte d\u2019Amont und Porte d\u2019Aval. Der K\u00fcstenweg bietet Ihnen einen Logenplatz.<\/p>\n\n\n\n<p class=\"has-blanc-color has-text-color\" style=\"font-size:18px\">Bei Ebbe gelangt man an den Strand, zum legend\u00e4ren \u201eTrou \u00e0 l&#8217;Homme\u201c und zu den Austernparks aus dem 18. Jahrhundert.<\/p>\n<\/div>\n\n\n\n<div class=\"wp-block-column is-vertically-aligned-center col_img-2\" style=\"flex-basis:60%\">\n<figure class=\"wp-block-gallery columns-2 is-cropped\"><ul class=\"blocks-gallery-grid\"><li class=\"blocks-gallery-item\"><figure><img loading=\"lazy\" width=\"464\" height=\"618\" src=\"https:\/\/www.campingaiguillecreuse.com\/wp-content\/uploads\/2025\/08\/photo-635830052746231235-1-1.webp\" alt=\"Camping L'aiguille Creuse, pr\u00e8s d'Etretat et de ses Falaises\" data-id=\"5391\" data-full-url=\"https:\/\/www.campingaiguillecreuse.com\/wp-content\/uploads\/2025\/08\/photo-635830052746231235-1-1.webp\" data-link=\"https:\/\/www.campingaiguillecreuse.com\/de\/tourismus\/etretat\/photo-635830052746231235-1-1\/\" class=\"wp-image-5391\" srcset=\"https:\/\/www.campingaiguillecreuse.com\/wp-content\/uploads\/2025\/08\/photo-635830052746231235-1-1.webp 464w, https:\/\/www.campingaiguillecreuse.com\/wp-content\/uploads\/2025\/08\/photo-635830052746231235-1-1-225x300.webp 225w\" sizes=\"(max-width: 464px) 100vw, 464px\" \/><\/figure><\/li><li class=\"blocks-gallery-item\"><figure><img loading=\"lazy\" width=\"456\" height=\"600\" src=\"https:\/\/www.campingaiguillecreuse.com\/wp-content\/uploads\/2025\/08\/photo-635817305223765925-1-1.webp\" alt=\"Camping Etretat, L'aiguille Creuse, 4 \u00e9toiles\" data-id=\"5395\" data-full-url=\"https:\/\/www.campingaiguillecreuse.com\/wp-content\/uploads\/2025\/08\/photo-635817305223765925-1-1.webp\" data-link=\"https:\/\/www.campingaiguillecreuse.com\/de\/tourismus\/etretat\/photo-635817305223765925-1-1\/\" class=\"wp-image-5395\" srcset=\"https:\/\/www.campingaiguillecreuse.com\/wp-content\/uploads\/2025\/08\/photo-635817305223765925-1-1.webp 456w, https:\/\/www.campingaiguillecreuse.com\/wp-content\/uploads\/2025\/08\/photo-635817305223765925-1-1-228x300.webp 228w\" sizes=\"(max-width: 456px) 100vw, 456px\" \/><\/figure><\/li><\/ul><\/figure>\n\n\n\n<div class=\"wp-block-buttons is-content-justification-right btn_galerie\">\n<div class=\"wp-block-button has-custom-font-size has-medium-font-size\"><a class=\"wp-block-button__link has-blanc-color has-text-color\" href=\"https:\/\/www.campingaiguillecreuse.com\/de\/fotogalerie\/\"><i class=\"fas fa-images\"><\/i> Bildgalerie<\/a><\/div>\n<\/div>\n<\/div>\n<\/div>\n<\/div><\/div>\n<\/section>\n\n\n\n<section class=\"wp-block-group section_alentours\">\n<div class=\"wp-block-columns\">\n<div class=\"wp-block-column\" style=\"flex-basis:60%\">\n<h2 class=\"titre_1\">Sehensw\u00fcrdigkeiten und Freizeitangebote in \u00c9tretat<\/h2>\n\n\n\n<p style=\"font-size:18px\">W\u00e4hrend eines <strong>Aufenthalts in Etretat<\/strong> mangelt es nicht an Ausflugszielen und Aktivit\u00e4ten. Zwischen Natur- und Kulturerbe haben Besucher w\u00e4hrend ihres Aufenthalts in der Seine-Maritime die Qual der Wahl!<\/p>\n\n\n\n<ul style=\"font-size:18px\"><li><strong>Badefreuden am Strand<\/strong>: Bei einem Besuch in \u00c9tretat erwarten euch nat\u00fcrlich die herrlichen Str\u00e4nde inmitten der Felsklippen der Alabasterk\u00fcste. Sie eignen sich ideal f\u00fcr herrliche Spazierg\u00e4nge am Meer entlang des K\u00fcstenpfads.  Euer <strong>Campingurlaub in der N\u00e4he von Etretat<\/strong> ist au\u00dferdem eine gro\u00dfartige Gelegenheit, die <strong>Landungsstr\u00e4nde<\/strong> zu besichtigen. Dar\u00fcber hinaus begeistert dieser K\u00fcstenstrich all jene, die das Meer lieben, und auch begeisterte Wassersportler kommen hier voll auf ihre Kosten: Vor Ort habt Ihr die M\u00f6glichkeit, Optimist, Katamaran oder Windsurfen auszuprobieren.<\/li><\/ul>\n<\/div>\n\n\n\n<div class=\"wp-block-column col_img\" style=\"flex-basis:40%\">\n<figure class=\"wp-block-image size-large is-style-rounded\"><img loading=\"lazy\" width=\"1024\" height=\"683\" src=\"https:\/\/www.campingaiguillecreuse.com\/wp-content\/uploads\/2023\/04\/Sunelia-AiguilleCreuse\u00a9PHOTO911_07-2022-140-scaled-1-1024x683.webp\" alt=\"\" class=\"wp-image-3491\" srcset=\"https:\/\/www.campingaiguillecreuse.com\/wp-content\/uploads\/2023\/04\/Sunelia-AiguilleCreuse\u00a9PHOTO911_07-2022-140-scaled-1-1024x683.webp 1024w, https:\/\/www.campingaiguillecreuse.com\/wp-content\/uploads\/2023\/04\/Sunelia-AiguilleCreuse\u00a9PHOTO911_07-2022-140-scaled-1-300x200.webp 300w, https:\/\/www.campingaiguillecreuse.com\/wp-content\/uploads\/2023\/04\/Sunelia-AiguilleCreuse\u00a9PHOTO911_07-2022-140-scaled-1-768x512.webp 768w, https:\/\/www.campingaiguillecreuse.com\/wp-content\/uploads\/2023\/04\/Sunelia-AiguilleCreuse\u00a9PHOTO911_07-2022-140-scaled-1.webp 1200w\" sizes=\"(max-width: 1024px) 100vw, 1024px\" \/><\/figure>\n\n\n\n<div class=\"wp-block-buttons is-content-justification-right btn_galerie\">\n<div class=\"wp-block-button\"><a class=\"wp-block-button__link has-primaire-color has-text-color\" href=\"https:\/\/www.campingaiguillecreuse.com\/de\/fotogalerie\/\"><i class=\"fas fa-images\"><\/i> Bildgalerie<\/a><\/div>\n<\/div>\n<\/div>\n<\/div>\n\n\n\n<ul id=\"block-41e24e16-3eed-4244-9396-3f6be25e5e76\" style=\"font-size:18px\"><li>Der 18-Loch-Golfplatz: Der <strong>18-Loch-Golfplatz von \u00c9tretat<\/strong> liegt 50 m \u00fcber dem Meer und beeindruckt mit atemberaubenden Landschaften, die die Golfer auf dem Platz in Staunen versetzen.<\/li><li>Das Casino im Herzen des Badeortes mit Blick auf die ber\u00fchmten Klippen. Hier erwarten euch Spielautomaten, Tischspiele, Jackpots uvm. Nutzt euren Campingurlaub in der N\u00e4he von \u00c9tretat und versucht euer Gl\u00fcck!<\/li><li>Le <a href=\"https:\/\/de.normandie-tourisme.fr\/sehenswuerdigkeiten\/le-clos-lupin-maison-maurice-leblanc\/\" target=\"_blank\" rel=\"noreferrer noopener\">Clos Lupin<\/a> ist der Name des Museums, das fr\u00fcher das Ferienhaus des Autors von Ars\u00e8ne Lupin, Maurice Lupin, war. Hier erwartet euch ein immersiver Rundgang in 7 Etappen, bei dem ihr mit einem Audioguide dem Romanhelden Ars\u00e8ne Lupin begegnen und in seine Welt eintauchen k\u00f6nnt.<\/li><li>Das <strong>Ch\u00e2teau Des Aygues<\/strong> (an der Stra\u00dfe nach F\u00e9camp): Das Ch\u00e2teau des Aygues wurde im 19. Jahrhundert zur gro\u00dfen Zeit der franz\u00f6sischen Seeb\u00e4der erbaut und diente den K\u00f6niginnen von Spanien als Residenz. Charakteristisch f\u00fcr das Schloss sind auch seine Kombination aus Stein und Backstein sowie seine drei verschiedenen Baustile. Im Inneren des kleinen Schlosses erwarten die Besucher verschiedenen Sammlungen, die Ihr bei einer F\u00fchrung entdecken k\u00f6nnt. Bei dieser Gelegenheit k\u00f6nnt Ihr auch mehr \u00fcber die Geschichte dieses nicht allt\u00e4glichen Schlosses erfahren.<\/li><li>Die <strong>Kapelle Notre-Dame de la Garde<\/strong>: Die Kapelle Notre-Dame de la Garde thront hoch \u00fcber den Klippen von Amont und wurde im 19. Jahrhundert erbaut. 1950 wurde die charmante kleine Kapelle umgebaut und bietet Besuchern einen herrlichen Ausblick auf die Umgebung.<\/li><li>Der <strong>\u201eAlte\u201c Markt: An der <\/strong>Place Mar\u00e9chal Foch befindet sich die sehenswerte Markthalle von \u00c9tretat, die Anfang des 20. Jahrhunderts erbaut wurde. Obwohl der Name auf einen Markt hindeutet, findet man hier keine Obst- und Gem\u00fcsest\u00e4nde, sondern kleine Gesch\u00e4fte mit Kunsthandwerk, Produkten aus der Region und Souvenirl\u00e4den. Wer Lebensmittel auf dem Markt kaufen m\u00f6chte, findet diese donnerstags von 9 bis 13 Uhr auf dem Platz vor den Markthallen.<\/li><li>Die <strong>Kirche Notre-Dame<\/strong>: Freunde alter Gem\u00e4uer k\u00f6nnen ihren Besuch in \u00c9tretat mit der imposanten Kirche Notre Dame de l&#8217;Assomption fortsetzen. Dieser weitere architektonische Schatz von \u00c9tretat wurde im 12. Jahrhundert erbaut und vereint romanische und gotische Stilelemente, da er aus zwei Teilen besteht.<\/li><li>Die <strong>G\u00e4rten von \u00c9tretat<\/strong>: Die \u201eJardins d\u2018\u00c9tretat\u201c, die als \u201eJardin remarquable\u201c ausgezeichnet wurden, laden zu einer zauberhaften Auszeit inmitten von Poesie und Natur ein. Die Anlage ist in sieben Themenbereiche unterteilt, die den Besucher in eine jeweils andere Traumwelt eintauchen lassen. Jardins \u00e9motions, Impressions, Avatar sind nur einige Beispiele und vermitteln den Besuchern das Gef\u00fchl, ein echtes Freilichtmuseum f\u00fcr zeitgen\u00f6ssische Kunst zu besuchen.<\/li><\/ul>\n\n\n\n<div style=\"height:16px\" aria-hidden=\"true\" class=\"wp-block-spacer\"><\/div>\n\n\n\n<p style=\"font-size:18px\">Mit so vielen Ausflugszielen und <a href=\"https:\/\/www.lehavre-etretat-tourisme.com\/de\/\">Sehensw\u00fcrdigkeiten in \u00c9tretat<\/a> w\u00e4hrend Ihres Aufenthalts auf dem Campingplatz an der Alabasterk\u00fcste ist f\u00fcr jeden Geschmack etwas dabei! Zu dieser Vielzahl an M\u00f6glichkeiten kommt noch die Entdeckung der nahe gelegenen St\u00e4dte und D\u00f6rfer wie <a href=\"https:\/\/www.campingaiguillecreuse.com\/de\/tourismus\/le-havre\/\">Le Havre<\/a>, <a href=\"https:\/\/www.campingaiguillecreuse.com\/de\/tourismus\/honfleur\/\">Honfleur<\/a>, <a href=\"https:\/\/www.campingaiguillecreuse.com\/de\/tourismus\/fecamp\/\">F\u00e9camp<\/a> und viele andere hinzu. Ein kleiner Abstecher zum <a href=\"https:\/\/www.campingaiguillecreuse.com\/de\/tourismus\/yport\/\">Badeort Yport<\/a> lohnt sich ebenfalls.<\/p>\n\n\n\n<h2 class=\"titre_1\">Aufenthalt auf dem Campingplatz in der N\u00e4he von \u00c9tretat<\/h2>\n\n\n\n<p style=\"font-size:18px\">Unser <strong>Campingplatz L&#8217;Aiguille Creuse<\/strong> ist ideal f\u00fcr einen unvergesslichen Familienurlaub in \u00c9tretat und Umgebung. Weniger als 10 Autominuten von \u00c9tretat entfernt, ist unser Campingplatz der ideale Ausgangspunkt, um die <strong>Klippen von \u00c9tretat<\/strong> zu erkunden.<\/p>\n\n\n\n<p style=\"font-size:18px\">Unsere Anlage bietet komfortable <strong>Mobilheime<\/strong> auf individuellen Stellpl\u00e4tzen zur Miete an. Dar\u00fcber hinaus bieten wir <strong>Campingstellpl\u00e4tze<\/strong> f\u00fcr Zelte, Wohnwagen und Wohnmobile an. Unser <strong>4-Sterne-Familiencampingplatz<\/strong> verf\u00fcgt \u00fcber einen beheizten Pool, einen Bouleplatz, einen Kinderspielplatz und eine Snackbar f\u00fcr entspannte Momente mit der Familie oder Freunden.<\/p>\n\n\n\n<p style=\"font-size:18px\">Buchen Sie jetzt Ihren Aufenthalt auf dem Campingplatz L&#8217;Aiguille Creuse und entdecken Sie die Sch\u00f6nheit von Etretat und der Normandie. Kontaktieren Sie uns f\u00fcr weitere Informationen zu unseren Mobilheimvermietungen und Campingstellpl\u00e4tzen.<\/p>\n<\/section>\n","protected":false},"excerpt":{"rendered":"<p>\u00c9tretat in der Normandie Nur 5 km vom Campingplatz L&#8217;Aiguille Creuse entfernt erwartet euch \u00c9tretat mit seinen majest\u00e4tischen Klippen! Dieses an der Alabasterk\u00fcste gelegene Seebad in der Normandie zeichnet sich durch seine bemerkenswerte K\u00fcstenlinie aus. Doch \u00c9tretat hat noch viel mehr zu bieten. Der Campingplatz L&#8217;Aiguille Creuse bietet euch die M\u00f6glichkeit, Sport- und Freizeitangebote in [&hellip;]<\/p>\n","protected":false},"author":1,"featured_media":3491,"parent":2084,"menu_order":1,"comment_status":"closed","ping_status":"closed","template":"","meta":[],"yoast_head":"<!-- This site is optimized with the Yoast SEO plugin v16.7 - https:\/\/yoast.com\/wordpress\/plugins\/seo\/ -->\n<title>Besuchen Sie \u00c9tretat | Campingplatz L&#039;Aiguille Creuse ****<\/title>\n<meta name=\"description\" content=\"\u00c9tretat lockt mit vielen \u00dcberraschungen: seine ungew\u00f6hnlich geformten Felsklippen, seine Str\u00e4nde, sein Kulturerbe, sein Casino, seine G\u00e4rten und Parks...\" \/>\n<meta name=\"robots\" content=\"index, follow, max-snippet:-1, max-image-preview:large, max-video-preview:-1\" \/>\n<link rel=\"canonical\" href=\"https:\/\/www.campingaiguillecreuse.com\/de\/tourismus\/etretat\/\" \/>\n<meta property=\"og:locale\" content=\"de_DE\" \/>\n<meta property=\"og:type\" content=\"article\" \/>\n<meta property=\"og:title\" content=\"Besuchen Sie \u00c9tretat | Campingplatz L&#039;Aiguille Creuse ****\" \/>\n<meta property=\"og:description\" content=\"\u00c9tretat lockt mit vielen \u00dcberraschungen: seine ungew\u00f6hnlich geformten Felsklippen, seine Str\u00e4nde, sein Kulturerbe, sein Casino, seine G\u00e4rten und Parks...\" \/>\n<meta property=\"og:url\" content=\"https:\/\/www.campingaiguillecreuse.com\/de\/tourismus\/etretat\/\" \/>\n<meta property=\"og:site_name\" content=\"Camping L&#039;Aiguille Creuse\" \/>\n<meta property=\"article:publisher\" content=\"https:\/\/www.facebook.com\/campingaiguillecreuse\/\" \/>\n<meta property=\"article:modified_time\" content=\"2025-08-21T07:08:22+00:00\" \/>\n<meta name=\"twitter:card\" content=\"summary_large_image\" \/>\n<meta name=\"twitter:image\" content=\"https:\/\/www.campingaiguillecreuse.com\/wp-content\/uploads\/2023\/04\/Sunelia-AiguilleCreuse\u00a9PHOTO911_07-2022-140-scaled-1.webp\" \/>\n<meta name=\"twitter:label1\" content=\"Gesch\u00e4tzte Lesezeit\" \/>\n\t<meta name=\"twitter:data1\" content=\"5 Minuten\" \/>\n<script type=\"application\/ld+json\" class=\"yoast-schema-graph\">{\"@context\":\"https:\/\/schema.org\",\"@graph\":[{\"@type\":\"Organization\",\"@id\":\"https:\/\/www.campingaiguillecreuse.com\/#organization\",\"name\":\"Camping L'aiguille Creuse\",\"url\":\"https:\/\/www.campingaiguillecreuse.com\/\",\"sameAs\":[\"https:\/\/www.facebook.com\/campingaiguillecreuse\/\",\"https:\/\/www.instagram.com\/camping_aiguille_creuse\/\",\"https:\/\/www.wikidata.org\/wiki\/Q138617169\"],\"logo\":{\"@type\":\"ImageObject\",\"@id\":\"https:\/\/www.campingaiguillecreuse.com\/#logo\",\"inLanguage\":\"de-DE\",\"url\":\"https:\/\/www.campingaiguillecreuse.com\/wp-content\/uploads\/2025\/10\/logo-aiguille-creuse-2025.webp\",\"contentUrl\":\"https:\/\/www.campingaiguillecreuse.com\/wp-content\/uploads\/2025\/10\/logo-aiguille-creuse-2025.webp\",\"width\":1356,\"height\":804,\"caption\":\"Camping L'aiguille Creuse\"},\"image\":{\"@id\":\"https:\/\/www.campingaiguillecreuse.com\/#logo\"}},{\"@type\":\"WebSite\",\"@id\":\"https:\/\/www.campingaiguillecreuse.com\/#website\",\"url\":\"https:\/\/www.campingaiguillecreuse.com\/\",\"name\":\"Camping L&#039;Aiguille Creuse\",\"description\":\"CAMPING **** L&#039; AIGUILLE CREUSE PRES D&#039;ETRETAT EN NORMANDIE Camping en Normandie, avec piscine couverte et chauff\\u00e9e ouverte toute la saison\",\"publisher\":{\"@id\":\"https:\/\/www.campingaiguillecreuse.com\/#organization\"},\"potentialAction\":[{\"@type\":\"SearchAction\",\"target\":{\"@type\":\"EntryPoint\",\"urlTemplate\":\"https:\/\/www.campingaiguillecreuse.com\/?s={search_term_string}\"},\"query-input\":\"required name=search_term_string\"}],\"inLanguage\":\"de-DE\"},{\"@type\":\"ImageObject\",\"@id\":\"https:\/\/www.campingaiguillecreuse.com\/de\/tourismus\/etretat\/#primaryimage\",\"inLanguage\":\"de-DE\",\"url\":\"https:\/\/www.campingaiguillecreuse.com\/wp-content\/uploads\/2023\/04\/Sunelia-AiguilleCreuse\\u00a9PHOTO911_07-2022-140-scaled-1.webp\",\"contentUrl\":\"https:\/\/www.campingaiguillecreuse.com\/wp-content\/uploads\/2023\/04\/Sunelia-AiguilleCreuse\\u00a9PHOTO911_07-2022-140-scaled-1.webp\",\"width\":1200,\"height\":800},{\"@type\":\"WebPage\",\"@id\":\"https:\/\/www.campingaiguillecreuse.com\/de\/tourismus\/etretat\/#webpage\",\"url\":\"https:\/\/www.campingaiguillecreuse.com\/de\/tourismus\/etretat\/\",\"name\":\"Besuchen Sie \\u00c9tretat | Campingplatz L'Aiguille Creuse ****\",\"isPartOf\":{\"@id\":\"https:\/\/www.campingaiguillecreuse.com\/#website\"},\"primaryImageOfPage\":{\"@id\":\"https:\/\/www.campingaiguillecreuse.com\/de\/tourismus\/etretat\/#primaryimage\"},\"datePublished\":\"2021-07-13T08:22:03+00:00\",\"dateModified\":\"2025-08-21T07:08:22+00:00\",\"description\":\"\\u00c9tretat lockt mit vielen \\u00dcberraschungen: seine ungew\\u00f6hnlich geformten Felsklippen, seine Str\\u00e4nde, sein Kulturerbe, sein Casino, seine G\\u00e4rten und Parks...\",\"breadcrumb\":{\"@id\":\"https:\/\/www.campingaiguillecreuse.com\/de\/tourismus\/etretat\/#breadcrumb\"},\"inLanguage\":\"de-DE\",\"potentialAction\":[{\"@type\":\"ReadAction\",\"target\":[\"https:\/\/www.campingaiguillecreuse.com\/de\/tourismus\/etretat\/\"]}]},{\"@type\":\"BreadcrumbList\",\"@id\":\"https:\/\/www.campingaiguillecreuse.com\/de\/tourismus\/etretat\/#breadcrumb\",\"itemListElement\":[{\"@type\":\"ListItem\",\"position\":1,\"name\":\"Accueil\",\"item\":\"https:\/\/www.campingaiguillecreuse.com\/de\/\"},{\"@type\":\"ListItem\",\"position\":2,\"name\":\"Tourismus\",\"item\":\"https:\/\/www.campingaiguillecreuse.com\/de\/tourismus\/\"},{\"@type\":\"ListItem\",\"position\":3,\"name\":\"\\u00c9tretat\"}]}]}<\/script>\n<!-- \/ Yoast SEO plugin. -->","yoast_head_json":{"title":"Besuchen Sie \u00c9tretat | Campingplatz L'Aiguille Creuse ****","description":"\u00c9tretat lockt mit vielen \u00dcberraschungen: seine ungew\u00f6hnlich geformten Felsklippen, seine Str\u00e4nde, sein Kulturerbe, sein Casino, seine G\u00e4rten und Parks...","robots":{"index":"index","follow":"follow","max-snippet":"max-snippet:-1","max-image-preview":"max-image-preview:large","max-video-preview":"max-video-preview:-1"},"canonical":"https:\/\/www.campingaiguillecreuse.com\/de\/tourismus\/etretat\/","og_locale":"de_DE","og_type":"article","og_title":"Besuchen Sie \u00c9tretat | Campingplatz L'Aiguille Creuse ****","og_description":"\u00c9tretat lockt mit vielen \u00dcberraschungen: seine ungew\u00f6hnlich geformten Felsklippen, seine Str\u00e4nde, sein Kulturerbe, sein Casino, seine G\u00e4rten und Parks...","og_url":"https:\/\/www.campingaiguillecreuse.com\/de\/tourismus\/etretat\/","og_site_name":"Camping L&#039;Aiguille Creuse","article_publisher":"https:\/\/www.facebook.com\/campingaiguillecreuse\/","article_modified_time":"2025-08-21T07:08:22+00:00","twitter_card":"summary_large_image","twitter_image":"https:\/\/www.campingaiguillecreuse.com\/wp-content\/uploads\/2023\/04\/Sunelia-AiguilleCreuse\u00a9PHOTO911_07-2022-140-scaled-1.webp","twitter_misc":{"Gesch\u00e4tzte Lesezeit":"5 Minuten"},"schema":{"@context":"https:\/\/schema.org","@graph":[{"@type":"Organization","@id":"https:\/\/www.campingaiguillecreuse.com\/#organization","name":"Camping L'aiguille Creuse","url":"https:\/\/www.campingaiguillecreuse.com\/","sameAs":["https:\/\/www.facebook.com\/campingaiguillecreuse\/","https:\/\/www.instagram.com\/camping_aiguille_creuse\/","https:\/\/www.wikidata.org\/wiki\/Q138617169"],"logo":{"@type":"ImageObject","@id":"https:\/\/www.campingaiguillecreuse.com\/#logo","inLanguage":"de-DE","url":"https:\/\/www.campingaiguillecreuse.com\/wp-content\/uploads\/2025\/10\/logo-aiguille-creuse-2025.webp","contentUrl":"https:\/\/www.campingaiguillecreuse.com\/wp-content\/uploads\/2025\/10\/logo-aiguille-creuse-2025.webp","width":1356,"height":804,"caption":"Camping L'aiguille Creuse"},"image":{"@id":"https:\/\/www.campingaiguillecreuse.com\/#logo"}},{"@type":"WebSite","@id":"https:\/\/www.campingaiguillecreuse.com\/#website","url":"https:\/\/www.campingaiguillecreuse.com\/","name":"Camping L&#039;Aiguille Creuse","description":"CAMPING **** L&#039; AIGUILLE CREUSE PRES D&#039;ETRETAT EN NORMANDIE Camping en Normandie, avec piscine couverte et chauff\u00e9e ouverte toute la saison","publisher":{"@id":"https:\/\/www.campingaiguillecreuse.com\/#organization"},"potentialAction":[{"@type":"SearchAction","target":{"@type":"EntryPoint","urlTemplate":"https:\/\/www.campingaiguillecreuse.com\/?s={search_term_string}"},"query-input":"required name=search_term_string"}],"inLanguage":"de-DE"},{"@type":"ImageObject","@id":"https:\/\/www.campingaiguillecreuse.com\/de\/tourismus\/etretat\/#primaryimage","inLanguage":"de-DE","url":"https:\/\/www.campingaiguillecreuse.com\/wp-content\/uploads\/2023\/04\/Sunelia-AiguilleCreuse\u00a9PHOTO911_07-2022-140-scaled-1.webp","contentUrl":"https:\/\/www.campingaiguillecreuse.com\/wp-content\/uploads\/2023\/04\/Sunelia-AiguilleCreuse\u00a9PHOTO911_07-2022-140-scaled-1.webp","width":1200,"height":800},{"@type":"WebPage","@id":"https:\/\/www.campingaiguillecreuse.com\/de\/tourismus\/etretat\/#webpage","url":"https:\/\/www.campingaiguillecreuse.com\/de\/tourismus\/etretat\/","name":"Besuchen Sie \u00c9tretat | Campingplatz L'Aiguille Creuse ****","isPartOf":{"@id":"https:\/\/www.campingaiguillecreuse.com\/#website"},"primaryImageOfPage":{"@id":"https:\/\/www.campingaiguillecreuse.com\/de\/tourismus\/etretat\/#primaryimage"},"datePublished":"2021-07-13T08:22:03+00:00","dateModified":"2025-08-21T07:08:22+00:00","description":"\u00c9tretat lockt mit vielen \u00dcberraschungen: seine ungew\u00f6hnlich geformten Felsklippen, seine Str\u00e4nde, sein Kulturerbe, sein Casino, seine G\u00e4rten und Parks...","breadcrumb":{"@id":"https:\/\/www.campingaiguillecreuse.com\/de\/tourismus\/etretat\/#breadcrumb"},"inLanguage":"de-DE","potentialAction":[{"@type":"ReadAction","target":["https:\/\/www.campingaiguillecreuse.com\/de\/tourismus\/etretat\/"]}]},{"@type":"BreadcrumbList","@id":"https:\/\/www.campingaiguillecreuse.com\/de\/tourismus\/etretat\/#breadcrumb","itemListElement":[{"@type":"ListItem","position":1,"name":"Accueil","item":"https:\/\/www.campingaiguillecreuse.com\/de\/"},{"@type":"ListItem","position":2,"name":"Tourismus","item":"https:\/\/www.campingaiguillecreuse.com\/de\/tourismus\/"},{"@type":"ListItem","position":3,"name":"\u00c9tretat"}]}]}},"_links":{"self":[{"href":"https:\/\/www.campingaiguillecreuse.com\/de\/wp-json\/wp\/v2\/pages\/2088"}],"collection":[{"href":"https:\/\/www.campingaiguillecreuse.com\/de\/wp-json\/wp\/v2\/pages"}],"about":[{"href":"https:\/\/www.campingaiguillecreuse.com\/de\/wp-json\/wp\/v2\/types\/page"}],"author":[{"embeddable":true,"href":"https:\/\/www.campingaiguillecreuse.com\/de\/wp-json\/wp\/v2\/users\/1"}],"replies":[{"embeddable":true,"href":"https:\/\/www.campingaiguillecreuse.com\/de\/wp-json\/wp\/v2\/comments?post=2088"}],"version-history":[{"count":5,"href":"https:\/\/www.campingaiguillecreuse.com\/de\/wp-json\/wp\/v2\/pages\/2088\/revisions"}],"predecessor-version":[{"id":5405,"href":"https:\/\/www.campingaiguillecreuse.com\/de\/wp-json\/wp\/v2\/pages\/2088\/revisions\/5405"}],"up":[{"embeddable":true,"href":"https:\/\/www.campingaiguillecreuse.com\/de\/wp-json\/wp\/v2\/pages\/2084"}],"wp:featuredmedia":[{"embeddable":true,"href":"https:\/\/www.campingaiguillecreuse.com\/de\/wp-json\/wp\/v2\/media\/3491"}],"wp:attachment":[{"href":"https:\/\/www.campingaiguillecreuse.com\/de\/wp-json\/wp\/v2\/media?parent=2088"}],"curies":[{"name":"wp","href":"https:\/\/api.w.org\/{rel}","templated":true}]}}