{"id":2080,"date":"2021-07-13T10:20:53","date_gmt":"2021-07-13T08:20:53","guid":{"rendered":"https:\/\/www.campingaiguillecreuse.com\/freizeitangebote\/"},"modified":"2025-12-02T11:37:22","modified_gmt":"2025-12-02T10:37:22","slug":"freizeitangebote","status":"publish","type":"page","link":"https:\/\/www.campingaiguillecreuse.com\/de\/freizeitangebote\/","title":{"rendered":"Freizeitangebote"},"content":{"rendered":"\n<div class=\"wp-block-cover has-background-dim-20 has-primaire-background-color has-background-dim section_header\"><img class=\"wp-block-cover__image-background wp-image-236\" alt=\"\" src=\"https:\/\/www.campingaiguillecreuse.com\/wp-content\/uploads\/2021\/07\/emplacements_10.webp\" data-object-fit=\"cover\"\/><div class=\"wp-block-cover__inner-container\">\n<h1 class=\"has-text-align-center titre_1\">Freizeitangebote auf unserem Campingplatz in \u00c9tretat<\/h1>\n<\/div><\/div>\n\n\n\n<div class=\"wp-block-group section_accroche first_bloc\"><div class=\"wp-block-group__inner-container\">\n<p class=\"has-text-align-center\">Damit euer <strong>Campingurlaub in der Normandie<\/strong> noch angenehmer wird, k\u00f6nnt Ihr euch auf die Freizeitangebote vor Ort verlassen. Unser <strong>Campingplatz in der N\u00e4he von \u00c9tretat<\/strong> stellt euch n\u00e4mlich verschiedene Freizeitanlagen f\u00fcr Kinder und Erwachsene zur Verf\u00fcgung.<\/p>\n<\/div><\/div>\n\n\n\n<section class=\"wp-block-group section_services\">\n<div class=\"wp-block-cover has-background-dim-90 has-primaire-background-color has-background-dim\"><img class=\"wp-block-cover__image-background wp-image-495\" alt=\"\" src=\"https:\/\/www.campingaiguillecreuse.com\/wp-content\/uploads\/2021\/07\/photo-635817307913054614-1.webp\" data-object-fit=\"cover\"\/><div class=\"wp-block-cover__inner-container\">\n<div class=\"wp-block-columns are-vertically-aligned-center\">\n<div class=\"wp-block-column is-vertically-aligned-center\" style=\"flex-basis:40%\">\n<h2 class=\"has-blanc-color has-text-color\">Freizeitangebote f\u00fcr die ganze Familie<\/h2>\n\n\n\n<p class=\"has-blanc-color has-text-color\">Als Familiencampingplatz par excellence gibt es bei uns eigene Bereiche f\u00fcr Gro\u00df und Klein. Die Kinder werden von ihrem Spielbereich begeistert sein: <strong>H\u00fcpfburg und Spielplatz laden zum Toben und Spielen ein<\/strong>.<\/p>\n\n\n\n<p class=\"has-blanc-color has-text-color\">Wer Lust auf Sport hat, nutzt den <strong>Volleyballplatz<\/strong>, den <strong>Tennisplatz<\/strong>, den <strong>Bouleplatz<\/strong>, die <strong>Tischtennisplatte<\/strong> und den <strong>Fitnessbereich<\/strong> f\u00fcr Sport, Spiel und Spa\u00df mit der Familie oder mit Freunden. Und nat\u00fcrlich darf auch unsere <a href=\"https:\/\/www.campingaiguillecreuse.com\/de\/badelandschaft\/\">Badelandschaft<\/a> nicht unerw\u00e4hnt bleiben. Unser <strong>\u00fcberdachter Pool<\/strong> ist immer beheizt und garantiert euch jede Menge Badespa\u00df, egal bei welchem Wetter. Ein gro\u00dfes Becken f\u00fcr die Gr\u00f6\u00dferen, ein Planschbecken und Wasserspielplatz f\u00fcr die Kleinen erwarten euch &#8230; Unsere herrliche Badelandschaft macht euren <strong>Urlaub in der Normandie<\/strong> zu einem unvergesslichen Erlebnis!<\/p>\n\n\n\n<div class=\"wp-block-buttons is-content-justification-right\">\n<div class=\"wp-block-button\"><a class=\"wp-block-button__link has-primaire-color has-blanc-background-color has-text-color has-background\" href=\"https:\/\/www.campingaiguillecreuse.com\/de\/serviceangebot\/\">Unser Serviceangebot<\/a><\/div>\n<\/div>\n<\/div>\n\n\n\n<div class=\"wp-block-column is-vertically-aligned-center col_img-4\" style=\"flex-basis:60%\">\n<figure class=\"wp-block-gallery columns-4 is-cropped\"><ul class=\"blocks-gallery-grid\"><li class=\"blocks-gallery-item\"><figure><img loading=\"lazy\" width=\"1024\" height=\"768\" src=\"https:\/\/www.campingaiguillecreuse.com\/wp-content\/uploads\/2021\/10\/received_3071454259842117-1024x768.jpeg\" alt=\"Camping L'Aiguille Creuse: Received 3071454259842117\" data-id=\"1113\" data-full-url=\"https:\/\/www.campingaiguillecreuse.com\/wp-content\/uploads\/2021\/10\/received_3071454259842117-scaled.jpeg\" data-link=\"https:\/\/www.campingaiguillecreuse.com\/activites\/received_3071454259842117\/\" class=\"wp-image-1113\" srcset=\"https:\/\/www.campingaiguillecreuse.com\/wp-content\/uploads\/2021\/10\/received_3071454259842117-1024x768.jpeg 1024w, https:\/\/www.campingaiguillecreuse.com\/wp-content\/uploads\/2021\/10\/received_3071454259842117-300x225.jpeg 300w, https:\/\/www.campingaiguillecreuse.com\/wp-content\/uploads\/2021\/10\/received_3071454259842117-768x576.jpeg 768w, https:\/\/www.campingaiguillecreuse.com\/wp-content\/uploads\/2021\/10\/received_3071454259842117-1536x1152.jpeg 1536w, https:\/\/www.campingaiguillecreuse.com\/wp-content\/uploads\/2021\/10\/received_3071454259842117-2048x1536.jpeg 2048w\" sizes=\"(max-width: 1024px) 100vw, 1024px\" \/><\/figure><\/li><li class=\"blocks-gallery-item\"><figure><img loading=\"lazy\" width=\"640\" height=\"480\" src=\"https:\/\/www.campingaiguillecreuse.com\/wp-content\/uploads\/2021\/10\/FRA-G03-15-L_aiguille-Creuse-Les-Loges-10.jpg\" alt=\"Camping L'Aiguille Creuse: Fra G03 15 L Aiguille Creuse Les Loges (10)\" data-id=\"1109\" data-full-url=\"https:\/\/www.campingaiguillecreuse.com\/wp-content\/uploads\/2021\/10\/FRA-G03-15-L_aiguille-Creuse-Les-Loges-10.jpg\" data-link=\"https:\/\/www.campingaiguillecreuse.com\/activites\/fra-g03-15-l_aiguille-creuse-les-loges-10\/\" class=\"wp-image-1109\" srcset=\"https:\/\/www.campingaiguillecreuse.com\/wp-content\/uploads\/2021\/10\/FRA-G03-15-L_aiguille-Creuse-Les-Loges-10.jpg 640w, https:\/\/www.campingaiguillecreuse.com\/wp-content\/uploads\/2021\/10\/FRA-G03-15-L_aiguille-Creuse-Les-Loges-10-300x225.jpg 300w\" sizes=\"(max-width: 640px) 100vw, 640px\" \/><\/figure><\/li><li class=\"blocks-gallery-item\"><figure><img loading=\"lazy\" width=\"1000\" height=\"600\" src=\"https:\/\/www.campingaiguillecreuse.com\/wp-content\/uploads\/2021\/07\/photo-635941827884490375-790.jpg\" alt=\"Camping L'Aiguille Creuse: Freizeitangebote \u2013 Spielplatz\" data-id=\"425\" data-full-url=\"https:\/\/www.campingaiguillecreuse.com\/wp-content\/uploads\/2021\/07\/photo-635941827884490375-790.jpg\" data-link=\"https:\/\/www.campingaiguillecreuse.com\/activites\/photo-635941827884490375-790-2\/\" class=\"wp-image-425\" srcset=\"https:\/\/www.campingaiguillecreuse.com\/wp-content\/uploads\/2021\/07\/photo-635941827884490375-790.jpg 1000w, https:\/\/www.campingaiguillecreuse.com\/wp-content\/uploads\/2021\/07\/photo-635941827884490375-790-300x180.jpg 300w, https:\/\/www.campingaiguillecreuse.com\/wp-content\/uploads\/2021\/07\/photo-635941827884490375-790-768x461.jpg 768w\" sizes=\"(max-width: 1000px) 100vw, 1000px\" \/><\/figure><\/li><li class=\"blocks-gallery-item\"><figure><img src=\"https:\/\/www.campingaiguillecreuse.com\/wp-content\/uploads\/2021\/07\/photo-635831854465285628-1-1.webp\" alt=\"Campingplatz L'Aiguille Creuse: Freizeitangebote \u2013 H\u00fcpfburgen\" data-id=\"724\" data-link=\"https:\/\/www.campingaiguillecreuse.com\/photo-635831854465285628-1-2\/\" class=\"wp-image-724\"\/><\/figure><\/li><\/ul><\/figure>\n\n\n\n<div class=\"wp-block-buttons is-content-justification-right btn_galerie\">\n<div class=\"wp-block-button\"><a class=\"wp-block-button__link has-blanc-color has-text-color\" href=\"https:\/\/www.campingaiguillecreuse.com\/de\/fotogalerie\/\"><i class=\"fas fa-images\"><\/i> Bildgalerie<\/a><\/div>\n<\/div>\n<\/div>\n<\/div>\n<\/div><\/div>\n<\/section>\n\n\n\n<section class=\"wp-block-group section_bloc_images\">\n<div class=\"wp-block-columns are-vertically-aligned-center\">\n<div class=\"wp-block-column is-vertically-aligned-center col_img\" style=\"flex-basis:50%\">\n<figure class=\"wp-block-image size-large\"><img loading=\"lazy\" width=\"1024\" height=\"683\" src=\"https:\/\/www.campingaiguillecreuse.com\/wp-content\/uploads\/2025\/12\/Sunelia-AiguilleCreuse\u00a9PHOTO911_07-2022-020-1024x683.jpg\" alt=\"\" class=\"wp-image-5785\" srcset=\"https:\/\/www.campingaiguillecreuse.com\/wp-content\/uploads\/2025\/12\/Sunelia-AiguilleCreuse\u00a9PHOTO911_07-2022-020-1024x683.jpg 1024w, https:\/\/www.campingaiguillecreuse.com\/wp-content\/uploads\/2025\/12\/Sunelia-AiguilleCreuse\u00a9PHOTO911_07-2022-020-300x200.jpg 300w, https:\/\/www.campingaiguillecreuse.com\/wp-content\/uploads\/2025\/12\/Sunelia-AiguilleCreuse\u00a9PHOTO911_07-2022-020-768x512.jpg 768w, https:\/\/www.campingaiguillecreuse.com\/wp-content\/uploads\/2025\/12\/Sunelia-AiguilleCreuse\u00a9PHOTO911_07-2022-020-1536x1024.jpg 1536w, https:\/\/www.campingaiguillecreuse.com\/wp-content\/uploads\/2025\/12\/Sunelia-AiguilleCreuse\u00a9PHOTO911_07-2022-020-2048x1366.jpg 2048w\" sizes=\"(max-width: 1024px) 100vw, 1024px\" \/><\/figure>\n<\/div>\n\n\n\n<div class=\"wp-block-column is-vertically-aligned-center\" style=\"flex-basis:50%\">\n<p class=\"has-text-align-center has-primaire-color has-blanc-background-color has-text-color has-background\"> <span style=\"font-size: revert; color: initial;\"><i class=\"fas fa-bicycle\"><\/i><\/span><\/p>\n\n\n\n<h2 class=\"has-text-align-center titre_1\">Fahrradverleih <span class=\"titre_2\">auf dem Campingplatz<\/span><\/h2>\n\n\n\n<p class=\"has-text-align-center\">Wanderer und Radfahrer haben vor Ort auch die M\u00f6glichkeit, <strong>Fahrr\u00e4der zu mieten<\/strong>: klassische oder elektrische Modelle. F\u00fcr Familienurlauber bieten wir auch Anh\u00e4nger und Stangen zum Ausleihen an. Wenn Ihr euch f\u00fcr einen Fahrradverleih f\u00fcr euren n\u00e4chsten Aufenthalt auf unserem Campingplatz interessiert, solltet Ihr euer Fahrrad schnell buchen, um sicher zu gehen, dass es euch f\u00fcr euren Aufenthalt zur Verf\u00fcgung steht.<\/p>\n\n\n\n<p class=\"has-text-align-center\">Sport treiben, spielen, Spa\u00df haben oder sich einfach nur fit halten &#8211; auf unserem <strong>Campingplatz in der N\u00e4he von \u00c9tretat mit Freizeitangeboten<\/strong> ist f\u00fcr jeden Geschmack etwas dabei!<\/p>\n\n\n\n<div class=\"wp-block-buttons is-content-justification-center\">\n<div class=\"wp-block-button\"><a class=\"wp-block-button__link has-primaire-background-color has-background\" href=\"https:\/\/www.campingaiguillecreuse.com\/de\/tourismus\/\">Ausfl\u00fcge in die Umgebung<\/a><\/div>\n<\/div>\n<\/div>\n<\/div>\n<\/section>\n","protected":false},"excerpt":{"rendered":"<p>Damit euer Campingurlaub in der Normandie noch angenehmer wird, k\u00f6nnt Ihr euch auf die Freizeitangebote vor Ort verlassen. Unser Campingplatz in der N\u00e4he von \u00c9tretat stellt euch n\u00e4mlich verschiedene Freizeitanlagen f\u00fcr Kinder und Erwachsene zur Verf\u00fcgung. Fahrradverleih auf dem Campingplatz Wanderer und Radfahrer haben vor Ort auch die M\u00f6glichkeit, Fahrr\u00e4der zu mieten: klassische oder elektrische [&hellip;]<\/p>\n","protected":false},"author":1,"featured_media":0,"parent":0,"menu_order":0,"comment_status":"closed","ping_status":"closed","template":"","meta":[],"yoast_head":"<!-- This site is optimized with the Yoast SEO plugin v16.7 - https:\/\/yoast.com\/wordpress\/plugins\/seo\/ -->\n<title>Camping \u00c9tretat mit Freizeitangeboten \u2013 4-Sterne-Campingplatz L&#039;Aiguille Creuse<\/title>\n<meta name=\"description\" content=\"F\u00fcr Abwechslung und Unterhaltung bei einem Campingurlaub in \u00c9tretat sorgen die Freizeitangebote des 4-Sterne-Campingplatzes L&#039;Aiguille Creuse.\" \/>\n<meta name=\"robots\" content=\"index, follow, max-snippet:-1, max-image-preview:large, max-video-preview:-1\" \/>\n<link rel=\"canonical\" href=\"https:\/\/www.campingaiguillecreuse.com\/de\/freizeitangebote\/\" \/>\n<meta property=\"og:locale\" content=\"de_DE\" \/>\n<meta property=\"og:type\" content=\"article\" \/>\n<meta property=\"og:title\" content=\"Camping \u00c9tretat mit Freizeitangeboten \u2013 4-Sterne-Campingplatz L&#039;Aiguille Creuse\" \/>\n<meta property=\"og:description\" content=\"F\u00fcr Abwechslung und Unterhaltung bei einem Campingurlaub in \u00c9tretat sorgen die Freizeitangebote des 4-Sterne-Campingplatzes L&#039;Aiguille Creuse.\" \/>\n<meta property=\"og:url\" content=\"https:\/\/www.campingaiguillecreuse.com\/de\/freizeitangebote\/\" \/>\n<meta property=\"og:site_name\" content=\"Camping L&#039;Aiguille Creuse\" \/>\n<meta property=\"article:publisher\" content=\"https:\/\/www.facebook.com\/campingaiguillecreuse\/\" \/>\n<meta property=\"article:modified_time\" content=\"2025-12-02T10:37:22+00:00\" \/>\n<meta property=\"og:image\" content=\"https:\/\/www.campingaiguillecreuse.com\/wp-content\/uploads\/2021\/07\/emplacements_10.webp\" \/>\n<meta name=\"twitter:card\" content=\"summary_large_image\" \/>\n<meta name=\"twitter:label1\" content=\"Gesch\u00e4tzte Lesezeit\" \/>\n\t<meta name=\"twitter:data1\" content=\"3 Minuten\" \/>\n<script type=\"application\/ld+json\" class=\"yoast-schema-graph\">{\"@context\":\"https:\/\/schema.org\",\"@graph\":[{\"@type\":\"Organization\",\"@id\":\"https:\/\/www.campingaiguillecreuse.com\/#organization\",\"name\":\"Camping L'aiguille Creuse\",\"url\":\"https:\/\/www.campingaiguillecreuse.com\/\",\"sameAs\":[\"https:\/\/www.facebook.com\/campingaiguillecreuse\/\",\"https:\/\/www.instagram.com\/camping_aiguille_creuse\/\",\"https:\/\/www.wikidata.org\/wiki\/Q138617169\"],\"logo\":{\"@type\":\"ImageObject\",\"@id\":\"https:\/\/www.campingaiguillecreuse.com\/#logo\",\"inLanguage\":\"de-DE\",\"url\":\"https:\/\/www.campingaiguillecreuse.com\/wp-content\/uploads\/2025\/10\/logo-aiguille-creuse-2025.webp\",\"contentUrl\":\"https:\/\/www.campingaiguillecreuse.com\/wp-content\/uploads\/2025\/10\/logo-aiguille-creuse-2025.webp\",\"width\":1356,\"height\":804,\"caption\":\"Camping L'aiguille Creuse\"},\"image\":{\"@id\":\"https:\/\/www.campingaiguillecreuse.com\/#logo\"}},{\"@type\":\"WebSite\",\"@id\":\"https:\/\/www.campingaiguillecreuse.com\/#website\",\"url\":\"https:\/\/www.campingaiguillecreuse.com\/\",\"name\":\"Camping L&#039;Aiguille Creuse\",\"description\":\"CAMPING **** L&#039; AIGUILLE CREUSE PRES D&#039;ETRETAT EN NORMANDIE Camping en Normandie, avec piscine couverte et chauff\\u00e9e ouverte toute la saison\",\"publisher\":{\"@id\":\"https:\/\/www.campingaiguillecreuse.com\/#organization\"},\"potentialAction\":[{\"@type\":\"SearchAction\",\"target\":{\"@type\":\"EntryPoint\",\"urlTemplate\":\"https:\/\/www.campingaiguillecreuse.com\/?s={search_term_string}\"},\"query-input\":\"required name=search_term_string\"}],\"inLanguage\":\"de-DE\"},{\"@type\":\"ImageObject\",\"@id\":\"https:\/\/www.campingaiguillecreuse.com\/de\/freizeitangebote\/#primaryimage\",\"inLanguage\":\"de-DE\",\"url\":\"https:\/\/www.campingaiguillecreuse.com\/wp-content\/uploads\/2021\/07\/emplacements_10.webp\",\"contentUrl\":\"https:\/\/www.campingaiguillecreuse.com\/wp-content\/uploads\/2021\/07\/emplacements_10.webp\"},{\"@type\":\"WebPage\",\"@id\":\"https:\/\/www.campingaiguillecreuse.com\/de\/freizeitangebote\/#webpage\",\"url\":\"https:\/\/www.campingaiguillecreuse.com\/de\/freizeitangebote\/\",\"name\":\"Camping \\u00c9tretat mit Freizeitangeboten \\u2013 4-Sterne-Campingplatz L'Aiguille Creuse\",\"isPartOf\":{\"@id\":\"https:\/\/www.campingaiguillecreuse.com\/#website\"},\"primaryImageOfPage\":{\"@id\":\"https:\/\/www.campingaiguillecreuse.com\/de\/freizeitangebote\/#primaryimage\"},\"datePublished\":\"2021-07-13T08:20:53+00:00\",\"dateModified\":\"2025-12-02T10:37:22+00:00\",\"description\":\"F\\u00fcr Abwechslung und Unterhaltung bei einem Campingurlaub in \\u00c9tretat sorgen die Freizeitangebote des 4-Sterne-Campingplatzes L'Aiguille Creuse.\",\"breadcrumb\":{\"@id\":\"https:\/\/www.campingaiguillecreuse.com\/de\/freizeitangebote\/#breadcrumb\"},\"inLanguage\":\"de-DE\",\"potentialAction\":[{\"@type\":\"ReadAction\",\"target\":[\"https:\/\/www.campingaiguillecreuse.com\/de\/freizeitangebote\/\"]}]},{\"@type\":\"BreadcrumbList\",\"@id\":\"https:\/\/www.campingaiguillecreuse.com\/de\/freizeitangebote\/#breadcrumb\",\"itemListElement\":[{\"@type\":\"ListItem\",\"position\":1,\"name\":\"Accueil\",\"item\":\"https:\/\/www.campingaiguillecreuse.com\/de\/\"},{\"@type\":\"ListItem\",\"position\":2,\"name\":\"Freizeitangebote\"}]}]}<\/script>\n<!-- \/ Yoast SEO plugin. -->","yoast_head_json":{"title":"Camping \u00c9tretat mit Freizeitangeboten \u2013 4-Sterne-Campingplatz L'Aiguille Creuse","description":"F\u00fcr Abwechslung und Unterhaltung bei einem Campingurlaub in \u00c9tretat sorgen die Freizeitangebote des 4-Sterne-Campingplatzes L'Aiguille Creuse.","robots":{"index":"index","follow":"follow","max-snippet":"max-snippet:-1","max-image-preview":"max-image-preview:large","max-video-preview":"max-video-preview:-1"},"canonical":"https:\/\/www.campingaiguillecreuse.com\/de\/freizeitangebote\/","og_locale":"de_DE","og_type":"article","og_title":"Camping \u00c9tretat mit Freizeitangeboten \u2013 4-Sterne-Campingplatz L'Aiguille Creuse","og_description":"F\u00fcr Abwechslung und Unterhaltung bei einem Campingurlaub in \u00c9tretat sorgen die Freizeitangebote des 4-Sterne-Campingplatzes L'Aiguille Creuse.","og_url":"https:\/\/www.campingaiguillecreuse.com\/de\/freizeitangebote\/","og_site_name":"Camping L&#039;Aiguille Creuse","article_publisher":"https:\/\/www.facebook.com\/campingaiguillecreuse\/","article_modified_time":"2025-12-02T10:37:22+00:00","og_image":[{"url":"https:\/\/www.campingaiguillecreuse.com\/wp-content\/uploads\/2021\/07\/emplacements_10.webp"}],"twitter_card":"summary_large_image","twitter_misc":{"Gesch\u00e4tzte Lesezeit":"3 Minuten"},"schema":{"@context":"https:\/\/schema.org","@graph":[{"@type":"Organization","@id":"https:\/\/www.campingaiguillecreuse.com\/#organization","name":"Camping L'aiguille Creuse","url":"https:\/\/www.campingaiguillecreuse.com\/","sameAs":["https:\/\/www.facebook.com\/campingaiguillecreuse\/","https:\/\/www.instagram.com\/camping_aiguille_creuse\/","https:\/\/www.wikidata.org\/wiki\/Q138617169"],"logo":{"@type":"ImageObject","@id":"https:\/\/www.campingaiguillecreuse.com\/#logo","inLanguage":"de-DE","url":"https:\/\/www.campingaiguillecreuse.com\/wp-content\/uploads\/2025\/10\/logo-aiguille-creuse-2025.webp","contentUrl":"https:\/\/www.campingaiguillecreuse.com\/wp-content\/uploads\/2025\/10\/logo-aiguille-creuse-2025.webp","width":1356,"height":804,"caption":"Camping L'aiguille Creuse"},"image":{"@id":"https:\/\/www.campingaiguillecreuse.com\/#logo"}},{"@type":"WebSite","@id":"https:\/\/www.campingaiguillecreuse.com\/#website","url":"https:\/\/www.campingaiguillecreuse.com\/","name":"Camping L&#039;Aiguille Creuse","description":"CAMPING **** L&#039; AIGUILLE CREUSE PRES D&#039;ETRETAT EN NORMANDIE Camping en Normandie, avec piscine couverte et chauff\u00e9e ouverte toute la saison","publisher":{"@id":"https:\/\/www.campingaiguillecreuse.com\/#organization"},"potentialAction":[{"@type":"SearchAction","target":{"@type":"EntryPoint","urlTemplate":"https:\/\/www.campingaiguillecreuse.com\/?s={search_term_string}"},"query-input":"required name=search_term_string"}],"inLanguage":"de-DE"},{"@type":"ImageObject","@id":"https:\/\/www.campingaiguillecreuse.com\/de\/freizeitangebote\/#primaryimage","inLanguage":"de-DE","url":"https:\/\/www.campingaiguillecreuse.com\/wp-content\/uploads\/2021\/07\/emplacements_10.webp","contentUrl":"https:\/\/www.campingaiguillecreuse.com\/wp-content\/uploads\/2021\/07\/emplacements_10.webp"},{"@type":"WebPage","@id":"https:\/\/www.campingaiguillecreuse.com\/de\/freizeitangebote\/#webpage","url":"https:\/\/www.campingaiguillecreuse.com\/de\/freizeitangebote\/","name":"Camping \u00c9tretat mit Freizeitangeboten \u2013 4-Sterne-Campingplatz L'Aiguille Creuse","isPartOf":{"@id":"https:\/\/www.campingaiguillecreuse.com\/#website"},"primaryImageOfPage":{"@id":"https:\/\/www.campingaiguillecreuse.com\/de\/freizeitangebote\/#primaryimage"},"datePublished":"2021-07-13T08:20:53+00:00","dateModified":"2025-12-02T10:37:22+00:00","description":"F\u00fcr Abwechslung und Unterhaltung bei einem Campingurlaub in \u00c9tretat sorgen die Freizeitangebote des 4-Sterne-Campingplatzes L'Aiguille Creuse.","breadcrumb":{"@id":"https:\/\/www.campingaiguillecreuse.com\/de\/freizeitangebote\/#breadcrumb"},"inLanguage":"de-DE","potentialAction":[{"@type":"ReadAction","target":["https:\/\/www.campingaiguillecreuse.com\/de\/freizeitangebote\/"]}]},{"@type":"BreadcrumbList","@id":"https:\/\/www.campingaiguillecreuse.com\/de\/freizeitangebote\/#breadcrumb","itemListElement":[{"@type":"ListItem","position":1,"name":"Accueil","item":"https:\/\/www.campingaiguillecreuse.com\/de\/"},{"@type":"ListItem","position":2,"name":"Freizeitangebote"}]}]}},"_links":{"self":[{"href":"https:\/\/www.campingaiguillecreuse.com\/de\/wp-json\/wp\/v2\/pages\/2080"}],"collection":[{"href":"https:\/\/www.campingaiguillecreuse.com\/de\/wp-json\/wp\/v2\/pages"}],"about":[{"href":"https:\/\/www.campingaiguillecreuse.com\/de\/wp-json\/wp\/v2\/types\/page"}],"author":[{"embeddable":true,"href":"https:\/\/www.campingaiguillecreuse.com\/de\/wp-json\/wp\/v2\/users\/1"}],"replies":[{"embeddable":true,"href":"https:\/\/www.campingaiguillecreuse.com\/de\/wp-json\/wp\/v2\/comments?post=2080"}],"version-history":[{"count":5,"href":"https:\/\/www.campingaiguillecreuse.com\/de\/wp-json\/wp\/v2\/pages\/2080\/revisions"}],"predecessor-version":[{"id":5788,"href":"https:\/\/www.campingaiguillecreuse.com\/de\/wp-json\/wp\/v2\/pages\/2080\/revisions\/5788"}],"wp:attachment":[{"href":"https:\/\/www.campingaiguillecreuse.com\/de\/wp-json\/wp\/v2\/media?parent=2080"}],"curies":[{"name":"wp","href":"https:\/\/api.w.org\/{rel}","templated":true}]}}