{"id":2076,"date":"2026-01-15T12:13:00","date_gmt":"2026-01-15T11:13:00","guid":{"rendered":"https:\/\/www.campingaiguillecreuse.com\/badelandschaft\/"},"modified":"2025-01-10T12:10:29","modified_gmt":"2025-01-10T11:10:29","slug":"badelandschaft","status":"publish","type":"page","link":"https:\/\/www.campingaiguillecreuse.com\/de\/badelandschaft\/","title":{"rendered":"Espace aquatique"},"content":{"rendered":"\n<div class=\"wp-block-cover has-background-dim-20 has-primaire-background-color has-background-dim section_header\"><img loading=\"lazy\" width=\"1920\" height=\"1280\" class=\"wp-block-cover__image-background wp-image-1072\" alt=\"\" src=\"https:\/\/www.campingaiguillecreuse.com\/wp-content\/uploads\/2021\/10\/ensemble-piscine-ouverte.jpg\" data-object-fit=\"cover\" srcset=\"https:\/\/www.campingaiguillecreuse.com\/wp-content\/uploads\/2021\/10\/ensemble-piscine-ouverte.jpg 1920w, https:\/\/www.campingaiguillecreuse.com\/wp-content\/uploads\/2021\/10\/ensemble-piscine-ouverte-300x200.jpg 300w, https:\/\/www.campingaiguillecreuse.com\/wp-content\/uploads\/2021\/10\/ensemble-piscine-ouverte-1024x683.jpg 1024w, https:\/\/www.campingaiguillecreuse.com\/wp-content\/uploads\/2021\/10\/ensemble-piscine-ouverte-768x512.jpg 768w, https:\/\/www.campingaiguillecreuse.com\/wp-content\/uploads\/2021\/10\/ensemble-piscine-ouverte-1536x1024.jpg 1536w\" sizes=\"(max-width: 1920px) 100vw, 1920px\" \/><div class=\"wp-block-cover__inner-container\">\n<h1 class=\"has-text-align-center titre_1\">&#8211; <em>Genie\u00dfen Sie einen Campingplatz in der Normandie &#8211;<\/em><br>mit beheiztem Pool<\/h1>\n<\/div><\/div>\n\n\n\n<section class=\"wp-block-group section_accroche\">\n<p class=\"has-text-align-center\">Haben Sie Lust, w\u00e4hrend Ihres n\u00e4chsten <strong>Campingurlaubs in der Normandie<\/strong> die Freuden des Badens zu genie\u00dfen? Auf dem Camping L&#8217;Aiguille Creuse in der N\u00e4he von Etretat wird Ihr Wunsch erf\u00fcllt! Unabh\u00e4ngig vom Wetter k\u00f6nnen Sie in unserem <strong>\u00fcberdacht und beheizter Pool<\/strong> und in den Kinderbereichen schwimmen, sich am\u00fcsieren und entspannen.<\/p>\n\n\n\n<div style=\"height:20px\" aria-hidden=\"true\" class=\"wp-block-spacer\"><\/div>\n\n\n\n<p class=\"has-text-align-center has-primaire-color has-text-color\"><i class=\"fas fa-umbrella-beach\"><\/i> Liegest\u00fchle &amp; Sonnenschirme <i class=\"fas fa-duck\"><\/i> Wasserbereich <i class=\"fas fa-swimming-pool\"><\/i> Beheizter &amp; \u00fcberdachter Pool<\/p>\n<\/section>\n\n\n\n<section class=\"wp-block-group section_locations\">\n<div class=\"wp-block-cover has-background-dim\" style=\"background-color:#faf7f2\"><img loading=\"lazy\" width=\"1920\" height=\"1417\" class=\"wp-block-cover__image-background wp-image-1003\" alt=\"\" src=\"https:\/\/www.campingaiguillecreuse.com\/wp-content\/uploads\/2021\/10\/fond-galets.jpg\" data-object-fit=\"cover\" srcset=\"https:\/\/www.campingaiguillecreuse.com\/wp-content\/uploads\/2021\/10\/fond-galets.jpg 1920w, https:\/\/www.campingaiguillecreuse.com\/wp-content\/uploads\/2021\/10\/fond-galets-300x221.jpg 300w, https:\/\/www.campingaiguillecreuse.com\/wp-content\/uploads\/2021\/10\/fond-galets-1024x756.jpg 1024w, https:\/\/www.campingaiguillecreuse.com\/wp-content\/uploads\/2021\/10\/fond-galets-768x567.jpg 768w, https:\/\/www.campingaiguillecreuse.com\/wp-content\/uploads\/2021\/10\/fond-galets-1536x1134.jpg 1536w\" sizes=\"(max-width: 1920px) 100vw, 1920px\" \/><div class=\"wp-block-cover__inner-container\">\n<div class=\"wp-block-columns are-vertically-aligned-center\">\n<div class=\"wp-block-column is-vertically-aligned-center col_img-5\" style=\"flex-basis:70%\">\n<figure class=\"wp-block-gallery columns-3 is-cropped btn_resa\"><ul class=\"blocks-gallery-grid\"><li class=\"blocks-gallery-item\"><figure><img loading=\"lazy\" width=\"1024\" height=\"680\" src=\"https:\/\/www.campingaiguillecreuse.com\/wp-content\/uploads\/2022\/12\/Sunelia-AiguilleCreuse\u00a9PHOTO911_07-2022-100-1024x680.jpg\" alt=\"Camping L'Aiguille Creuse: Kinderplanschbecken\" data-id=\"3220\" data-full-url=\"https:\/\/www.campingaiguillecreuse.com\/wp-content\/uploads\/2022\/12\/Sunelia-AiguilleCreuse\u00a9PHOTO911_07-2022-100-scaled.jpg\" data-link=\"https:\/\/www.campingaiguillecreuse.com\/camping-etretat-avec-piscine\/sunelia-aiguillecreusephoto911_07-2022-100\/\" class=\"wp-image-3220\" srcset=\"https:\/\/www.campingaiguillecreuse.com\/wp-content\/uploads\/2022\/12\/Sunelia-AiguilleCreuse\u00a9PHOTO911_07-2022-100-1024x680.jpg 1024w, https:\/\/www.campingaiguillecreuse.com\/wp-content\/uploads\/2022\/12\/Sunelia-AiguilleCreuse\u00a9PHOTO911_07-2022-100-300x199.jpg 300w, https:\/\/www.campingaiguillecreuse.com\/wp-content\/uploads\/2022\/12\/Sunelia-AiguilleCreuse\u00a9PHOTO911_07-2022-100-768x510.jpg 768w, https:\/\/www.campingaiguillecreuse.com\/wp-content\/uploads\/2022\/12\/Sunelia-AiguilleCreuse\u00a9PHOTO911_07-2022-100-1536x1020.jpg 1536w, https:\/\/www.campingaiguillecreuse.com\/wp-content\/uploads\/2022\/12\/Sunelia-AiguilleCreuse\u00a9PHOTO911_07-2022-100-2048x1360.jpg 2048w\" sizes=\"(max-width: 1024px) 100vw, 1024px\" \/><\/figure><\/li><li class=\"blocks-gallery-item\"><figure><img loading=\"lazy\" width=\"1024\" height=\"768\" src=\"https:\/\/www.campingaiguillecreuse.com\/wp-content\/uploads\/2021\/10\/Saut-Piscine-1024x768.jpg\" alt=\"Camping L'aiguille Creuse: Sprung ins Becken\" data-id=\"1092\" data-full-url=\"https:\/\/www.campingaiguillecreuse.com\/wp-content\/uploads\/2021\/10\/Saut-Piscine-scaled.jpg\" data-link=\"https:\/\/www.campingaiguillecreuse.com\/camping-etretat-avec-piscine\/saut-piscine\/\" class=\"wp-image-1092\" srcset=\"https:\/\/www.campingaiguillecreuse.com\/wp-content\/uploads\/2021\/10\/Saut-Piscine-1024x768.jpg 1024w, https:\/\/www.campingaiguillecreuse.com\/wp-content\/uploads\/2021\/10\/Saut-Piscine-300x225.jpg 300w, https:\/\/www.campingaiguillecreuse.com\/wp-content\/uploads\/2021\/10\/Saut-Piscine-768x576.jpg 768w, https:\/\/www.campingaiguillecreuse.com\/wp-content\/uploads\/2021\/10\/Saut-Piscine-1536x1152.jpg 1536w, https:\/\/www.campingaiguillecreuse.com\/wp-content\/uploads\/2021\/10\/Saut-Piscine-2048x1536.jpg 2048w\" sizes=\"(max-width: 1024px) 100vw, 1024px\" \/><\/figure><\/li><li class=\"blocks-gallery-item\"><figure><img src=\"https:\/\/www.campingaiguillecreuse.com\/wp-content\/uploads\/2021\/07\/photo-637235874534668648-2.webp\" alt=\"Camping L'aiguille Creuse: Badelandschaft f\u00fcr Kinder\" data-id=\"382\" data-link=\"https:\/\/www.campingaiguillecreuse.com\/camping-etretat-avec-piscine\/photo-637235874534668648-2\/\" class=\"wp-image-382\"\/><\/figure><\/li><li class=\"blocks-gallery-item\"><figure><img loading=\"lazy\" width=\"1024\" height=\"659\" src=\"https:\/\/www.campingaiguillecreuse.com\/wp-content\/uploads\/2022\/12\/Sunelia-AiguilleCreuse\u00a9PHOTO911_07-2022-095-1024x659.jpg\" alt=\"Camping L'aiguille Creuse : Sunelia Aiguillecreuse\u00a9photo911 07 2022 095\" data-id=\"3224\" data-full-url=\"https:\/\/www.campingaiguillecreuse.com\/wp-content\/uploads\/2022\/12\/Sunelia-AiguilleCreuse\u00a9PHOTO911_07-2022-095-scaled.jpg\" data-link=\"https:\/\/www.campingaiguillecreuse.com\/camping-etretat-avec-piscine\/sunelia-aiguillecreusephoto911_07-2022-095\/\" class=\"wp-image-3224\" srcset=\"https:\/\/www.campingaiguillecreuse.com\/wp-content\/uploads\/2022\/12\/Sunelia-AiguilleCreuse\u00a9PHOTO911_07-2022-095-1024x659.jpg 1024w, https:\/\/www.campingaiguillecreuse.com\/wp-content\/uploads\/2022\/12\/Sunelia-AiguilleCreuse\u00a9PHOTO911_07-2022-095-300x193.jpg 300w, https:\/\/www.campingaiguillecreuse.com\/wp-content\/uploads\/2022\/12\/Sunelia-AiguilleCreuse\u00a9PHOTO911_07-2022-095-768x494.jpg 768w, https:\/\/www.campingaiguillecreuse.com\/wp-content\/uploads\/2022\/12\/Sunelia-AiguilleCreuse\u00a9PHOTO911_07-2022-095-1536x988.jpg 1536w, https:\/\/www.campingaiguillecreuse.com\/wp-content\/uploads\/2022\/12\/Sunelia-AiguilleCreuse\u00a9PHOTO911_07-2022-095-2048x1318.jpg 2048w\" sizes=\"(max-width: 1024px) 100vw, 1024px\" \/><\/figure><\/li><\/ul><\/figure>\n<\/div>\n\n\n\n<div class=\"wp-block-column is-vertically-aligned-center\" style=\"flex-basis:30%\">\n<h2 class=\"titre_1 has-primaire-color has-text-color\">Der beheizte und \u00fcberdachte Pool unserem Camping in der Normandie<\/h2>\n\n\n\n<p class=\"has-text-color\" style=\"color:#5b5e61\">F\u00fcr Ihren Aufenthalt auf unserem <strong>Campingplatz in der Normandie<\/strong>, in der N\u00e4he von <a href=\"https:\/\/www.campingaiguillecreuse.com\/de\/tourismus\/etretat\/\">Etretat<\/a>, packen Sie Ihre Badesachen, Sonnenbrillen und Handt\u00fccher ein und begeben Sie sich zum Schwimmbad, das nur wenige Schritte von Ihrem Stellplatz oder Ihrer Unterkunft entfernt ist. Der <strong>Wasserbereich<\/strong> unseres <a href=\"https:\/\/www.campingaiguillecreuse.com\/de\/serviceangebot\/\">4-Sterne-Campingplatzes in der Normandie<\/a> besteht aus einem <strong>gro\u00dfen Schwimmbecken<\/strong> und einem angrenzenden <strong>Planschbecken<\/strong>.<\/p>\n\n\n\n<p class=\"has-text-color\" style=\"color:#5b5e61\">Ein Bereich des Schwimmbeckens ist daher speziell f\u00fcr die ganz Kleinen reserviert. Dort k\u00f6nnen sie in aller Sicherheit die Freuden des Wassers entdecken. Auf unserem <strong>Campingplatz in Normandie mit Hallenbad<\/strong> k\u00f6nnen sich Gro\u00df und Klein zum Planschen und Schwimmen treffen. Ihnen geh\u00f6rt das unendliche Vergn\u00fcgen, die Wohltaten des Wassers unabh\u00e4ngig vom Wetter oder der Jahreszeit voll und ganz zu genie\u00dfen!<\/p>\n\n\n\n<p class=\"has-text-color\" style=\"color:#5b5e61\">Diejenigen, die frieren, haben keine Ausrede mehr, nicht zu baden, denn das <strong>beheizte Schwimmbecken<\/strong> hat immer die ideale Temperatur. Innerhalb unserer Badelandschaft gibt es auch eine Kabine, in der du dich in der Nebensaison umziehen kannst.<\/p>\n\n\n\n<p class=\"has-text-color\" style=\"color:#5b5e61\">Freunde des Dolcefarniente k\u00f6nnen es sich hingegen am Pool bequem machen. Sonnenschirme und Liegest\u00fchle laden zur Entspannung und Erholung ein.<\/p>\n<\/div>\n<\/div>\n<\/div><\/div>\n<\/section>\n\n\n\n<section class=\"wp-block-group section_alentours\">\n<div class=\"wp-block-columns\">\n<div class=\"wp-block-column\" style=\"flex-basis:60%\">\n<h3 class=\"titre_1\">Kinderbadelandschaft<\/h3>\n\n\n\n<p>Urlauber, die mit der ganzen Familie anreisen, finden in unserer Badelandschaft etwas, das allen gef\u00e4llt. Die Kinder k\u00f6nnen sich n\u00e4mlich auf dem <strong>Wasserspielplatz<\/strong> neben dem <strong>Pool<\/strong> vergn\u00fcgen.<\/p>\n\n\n\n<p>Neben dem Planschbecken gibt es f\u00fcr Kinder und Kleinkinder einen eigenen Bereich: den Wasserspielplatz. Dieser <strong>Wasserspielplatz<\/strong>, der nur in der Hochsaison ge\u00f6ffnet ist, ist dank seiner <strong>Wasserstrahlen und bunten Tiere<\/strong> ein sehr beliebter Spielplatz. Dieser Spielplatz verf\u00fcgt auch \u00fcber beheiztes Wasser.<\/p>\n\n\n\n<h2 class=\"titre_2\">Gut zu wissen:<\/h2>\n\n\n\n<ul><li>Der Wasserbereich ist die ganze Saison \u00fcber ge\u00f6ffnet<\/li><li>T\u00e4glich von 10:00 bis 19:00 Uhr ge\u00f6ffnet (in der Hochsaison bis 20:00 Uhr). Der Pool misst 11 m x 7 m bei einer Tiefe von 90 cm bis 1,80 m.<\/li><li>Badeshorts und Bermudas sind im Schwimmbad VERBOTEN. Sie m\u00fcssen OBLIGATORISCH einen Badeslip oder eines Badeboxershorts tragen.<\/li><li>Das Baden ist unbeaufsichtigt und unterliegt daher der Verantwortung der Eltern oder der Begleitpersonen der Kinder. Denken Sie daran, die Kleinsten mit Schwimmfl\u00fcgeln auszustatten.<\/li><\/ul>\n\n\n\n<p>Der Wasserbereich ist f\u00fcr unsere G\u00e4ste reserviert, die auf unserem <strong>Camping in Normandie mit Pool<\/strong> auf <a href=\"https:\/\/www.campingaiguillecreuse.com\/de\/mietunterkuenfte\/stellplaetze\/\">Stellpl\u00e4tzen<\/a> oder <a href=\"https:\/\/www.campingaiguillecreuse.com\/de\/mietunterkuenfte\/\">in Unterk\u00fcnften<\/a> \u00fcbernachten. Unser <strong>4-Sterne-Familiencampingplatz L&#8217;Aiguille Creuse<\/strong> im Departement Seine Maritime verf\u00fcgt \u00fcber ein beheiztes Hallenbad, in dem kleine und gro\u00dfe Schwimmer gleicherma\u00dfen auf ihre Kosten kommen.<\/p>\n\n\n\n<div class=\"wp-block-buttons\">\n<div class=\"wp-block-button\"><a class=\"wp-block-button__link has-primaire-background-color has-background\" href=\"https:\/\/www.campingaiguillecreuse.com\/de\/serviceangebot\/\">Unser Serviceangebot<\/a><\/div>\n<\/div>\n<\/div>\n\n\n\n<div class=\"wp-block-column col_img\" style=\"flex-basis:40%\">\n<figure class=\"wp-block-gallery columns-2 is-cropped\"><ul class=\"blocks-gallery-grid\"><li class=\"blocks-gallery-item\"><figure><img loading=\"lazy\" width=\"1024\" height=\"768\" src=\"https:\/\/www.campingaiguillecreuse.com\/wp-content\/uploads\/2021\/10\/127214365_656374115040771_5161716773593589240_n-1024x768.jpg\" alt=\"Camping L'Aiguille Creuse: 127214365 656374115040771 5161716773593589240 N\" data-id=\"1076\" data-full-url=\"https:\/\/www.campingaiguillecreuse.com\/wp-content\/uploads\/2021\/10\/127214365_656374115040771_5161716773593589240_n.jpg\" data-link=\"https:\/\/www.campingaiguillecreuse.com\/camping-etretat-avec-piscine\/127214365_656374115040771_5161716773593589240_n\/\" class=\"wp-image-1076\" srcset=\"https:\/\/www.campingaiguillecreuse.com\/wp-content\/uploads\/2021\/10\/127214365_656374115040771_5161716773593589240_n-1024x768.jpg 1024w, https:\/\/www.campingaiguillecreuse.com\/wp-content\/uploads\/2021\/10\/127214365_656374115040771_5161716773593589240_n-300x225.jpg 300w, https:\/\/www.campingaiguillecreuse.com\/wp-content\/uploads\/2021\/10\/127214365_656374115040771_5161716773593589240_n-768x576.jpg 768w, https:\/\/www.campingaiguillecreuse.com\/wp-content\/uploads\/2021\/10\/127214365_656374115040771_5161716773593589240_n-1536x1152.jpg 1536w, https:\/\/www.campingaiguillecreuse.com\/wp-content\/uploads\/2021\/10\/127214365_656374115040771_5161716773593589240_n.jpg 1728w\" sizes=\"(max-width: 1024px) 100vw, 1024px\" \/><\/figure><\/li><li class=\"blocks-gallery-item\"><figure><img loading=\"lazy\" width=\"768\" height=\"1024\" src=\"https:\/\/www.campingaiguillecreuse.com\/wp-content\/uploads\/2021\/10\/127243831_3853813554663009_7457531948636542713_n-768x1024.jpg\" alt=\"Camping L'Aiguille Creuse: 127243831 3853813554663009 7457531948636542713 N\" data-id=\"1080\" data-full-url=\"https:\/\/www.campingaiguillecreuse.com\/wp-content\/uploads\/2021\/10\/127243831_3853813554663009_7457531948636542713_n.jpg\" data-link=\"https:\/\/www.campingaiguillecreuse.com\/camping-etretat-avec-piscine\/127243831_3853813554663009_7457531948636542713_n\/\" class=\"wp-image-1080\" srcset=\"https:\/\/www.campingaiguillecreuse.com\/wp-content\/uploads\/2021\/10\/127243831_3853813554663009_7457531948636542713_n-768x1024.jpg 768w, https:\/\/www.campingaiguillecreuse.com\/wp-content\/uploads\/2021\/10\/127243831_3853813554663009_7457531948636542713_n-225x300.jpg 225w, https:\/\/www.campingaiguillecreuse.com\/wp-content\/uploads\/2021\/10\/127243831_3853813554663009_7457531948636542713_n-1152x1536.jpg 1152w, https:\/\/www.campingaiguillecreuse.com\/wp-content\/uploads\/2021\/10\/127243831_3853813554663009_7457531948636542713_n.jpg 1296w\" sizes=\"(max-width: 768px) 100vw, 768px\" \/><\/figure><\/li><\/ul><\/figure>\n\n\n\n<div class=\"wp-block-buttons is-content-justification-right btn_galerie\">\n<div class=\"wp-block-button\"><a class=\"wp-block-button__link has-primaire-color has-text-color\" href=\"https:\/\/www.campingaiguillecreuse.com\/de\/fotogalerie\/\"><i class=\"fas fa-images\"><\/i> Galerie ansehen<\/a><\/div>\n<\/div>\n<\/div>\n<\/div>\n<\/section>\n","protected":false},"excerpt":{"rendered":"<p>Haben Sie Lust, w\u00e4hrend Ihres n\u00e4chsten Campingurlaubs in der Normandie die Freuden des Badens zu genie\u00dfen? Auf dem Camping L&#8217;Aiguille Creuse in der N\u00e4he von Etretat wird Ihr Wunsch erf\u00fcllt! Unabh\u00e4ngig vom Wetter k\u00f6nnen Sie in unserem \u00fcberdacht und beheizter Pool und in den Kinderbereichen schwimmen, sich am\u00fcsieren und entspannen. Liegest\u00fchle &amp; Sonnenschirme Wasserbereich Beheizter [&hellip;]<\/p>\n","protected":false},"author":1,"featured_media":0,"parent":0,"menu_order":0,"comment_status":"closed","ping_status":"closed","template":"","meta":[],"yoast_head":"<!-- This site is optimized with the Yoast SEO plugin v16.7 - https:\/\/yoast.com\/wordpress\/plugins\/seo\/ -->\n<title>Camping Etretat met schwimmbad - L&#039;Aiguille Creuse 4*<\/title>\n<meta name=\"description\" content=\"Genie\u00dfen Sie bei Ihrem n\u00e4chsten Aufenthalt einen Campingplatz in der Normandie mit \u00fcberdacht und beheizter Pool auf dem 4* Camping L&#039;Aiguille Creuse!\" \/>\n<meta name=\"robots\" content=\"index, follow, max-snippet:-1, max-image-preview:large, max-video-preview:-1\" \/>\n<link rel=\"canonical\" href=\"https:\/\/www.campingaiguillecreuse.com\/de\/badelandschaft\/\" \/>\n<meta property=\"og:locale\" content=\"de_DE\" \/>\n<meta property=\"og:type\" content=\"article\" \/>\n<meta property=\"og:title\" content=\"Camping Etretat met schwimmbad - L&#039;Aiguille Creuse 4*\" \/>\n<meta property=\"og:description\" content=\"Genie\u00dfen Sie bei Ihrem n\u00e4chsten Aufenthalt einen Campingplatz in der Normandie mit \u00fcberdacht und beheizter Pool auf dem 4* Camping L&#039;Aiguille Creuse!\" \/>\n<meta property=\"og:url\" content=\"https:\/\/www.campingaiguillecreuse.com\/de\/badelandschaft\/\" \/>\n<meta property=\"og:site_name\" content=\"Camping L&#039;Aiguille Creuse\" \/>\n<meta property=\"article:publisher\" content=\"https:\/\/www.facebook.com\/campingaiguillecreuse\/\" \/>\n<meta property=\"article:modified_time\" content=\"2025-01-10T11:10:29+00:00\" \/>\n<meta property=\"og:image\" content=\"https:\/\/www.campingaiguillecreuse.com\/wp-content\/uploads\/2021\/10\/ensemble-piscine-ouverte.jpg\" \/>\n<meta name=\"twitter:card\" content=\"summary_large_image\" \/>\n<meta name=\"twitter:label1\" content=\"Gesch\u00e4tzte Lesezeit\" \/>\n\t<meta name=\"twitter:data1\" content=\"4 Minuten\" \/>\n<script type=\"application\/ld+json\" class=\"yoast-schema-graph\">{\"@context\":\"https:\/\/schema.org\",\"@graph\":[{\"@type\":\"Organization\",\"@id\":\"https:\/\/www.campingaiguillecreuse.com\/#organization\",\"name\":\"Camping L'aiguille Creuse\",\"url\":\"https:\/\/www.campingaiguillecreuse.com\/\",\"sameAs\":[\"https:\/\/www.facebook.com\/campingaiguillecreuse\/\",\"https:\/\/www.instagram.com\/camping_aiguille_creuse\/\",\"https:\/\/www.wikidata.org\/wiki\/Q138617169\"],\"logo\":{\"@type\":\"ImageObject\",\"@id\":\"https:\/\/www.campingaiguillecreuse.com\/#logo\",\"inLanguage\":\"de-DE\",\"url\":\"https:\/\/www.campingaiguillecreuse.com\/wp-content\/uploads\/2025\/10\/logo-aiguille-creuse-2025.webp\",\"contentUrl\":\"https:\/\/www.campingaiguillecreuse.com\/wp-content\/uploads\/2025\/10\/logo-aiguille-creuse-2025.webp\",\"width\":1356,\"height\":804,\"caption\":\"Camping L'aiguille Creuse\"},\"image\":{\"@id\":\"https:\/\/www.campingaiguillecreuse.com\/#logo\"}},{\"@type\":\"WebSite\",\"@id\":\"https:\/\/www.campingaiguillecreuse.com\/#website\",\"url\":\"https:\/\/www.campingaiguillecreuse.com\/\",\"name\":\"Camping L&#039;Aiguille Creuse\",\"description\":\"CAMPING **** L&#039; AIGUILLE CREUSE PRES D&#039;ETRETAT EN NORMANDIE Camping en Normandie, avec piscine couverte et chauff\\u00e9e ouverte toute la saison\",\"publisher\":{\"@id\":\"https:\/\/www.campingaiguillecreuse.com\/#organization\"},\"potentialAction\":[{\"@type\":\"SearchAction\",\"target\":{\"@type\":\"EntryPoint\",\"urlTemplate\":\"https:\/\/www.campingaiguillecreuse.com\/?s={search_term_string}\"},\"query-input\":\"required name=search_term_string\"}],\"inLanguage\":\"de-DE\"},{\"@type\":\"ImageObject\",\"@id\":\"https:\/\/www.campingaiguillecreuse.com\/de\/badelandschaft\/#primaryimage\",\"inLanguage\":\"de-DE\",\"url\":\"https:\/\/www.campingaiguillecreuse.com\/wp-content\/uploads\/2021\/10\/ensemble-piscine-ouverte.jpg\",\"contentUrl\":\"https:\/\/www.campingaiguillecreuse.com\/wp-content\/uploads\/2021\/10\/ensemble-piscine-ouverte.jpg\",\"width\":1920,\"height\":1280},{\"@type\":\"WebPage\",\"@id\":\"https:\/\/www.campingaiguillecreuse.com\/de\/badelandschaft\/#webpage\",\"url\":\"https:\/\/www.campingaiguillecreuse.com\/de\/badelandschaft\/\",\"name\":\"Camping Etretat met schwimmbad - L'Aiguille Creuse 4*\",\"isPartOf\":{\"@id\":\"https:\/\/www.campingaiguillecreuse.com\/#website\"},\"primaryImageOfPage\":{\"@id\":\"https:\/\/www.campingaiguillecreuse.com\/de\/badelandschaft\/#primaryimage\"},\"datePublished\":\"2026-01-15T11:13:00+00:00\",\"dateModified\":\"2025-01-10T11:10:29+00:00\",\"description\":\"Genie\\u00dfen Sie bei Ihrem n\\u00e4chsten Aufenthalt einen Campingplatz in der Normandie mit \\u00fcberdacht und beheizter Pool auf dem 4* Camping L'Aiguille Creuse!\",\"breadcrumb\":{\"@id\":\"https:\/\/www.campingaiguillecreuse.com\/de\/badelandschaft\/#breadcrumb\"},\"inLanguage\":\"de-DE\",\"potentialAction\":[{\"@type\":\"ReadAction\",\"target\":[\"https:\/\/www.campingaiguillecreuse.com\/de\/badelandschaft\/\"]}]},{\"@type\":\"BreadcrumbList\",\"@id\":\"https:\/\/www.campingaiguillecreuse.com\/de\/badelandschaft\/#breadcrumb\",\"itemListElement\":[{\"@type\":\"ListItem\",\"position\":1,\"name\":\"Accueil\",\"item\":\"https:\/\/www.campingaiguillecreuse.com\/de\/\"},{\"@type\":\"ListItem\",\"position\":2,\"name\":\"Espace aquatique\"}]}]}<\/script>\n<!-- \/ Yoast SEO plugin. -->","yoast_head_json":{"title":"Camping Etretat met schwimmbad - L'Aiguille Creuse 4*","description":"Genie\u00dfen Sie bei Ihrem n\u00e4chsten Aufenthalt einen Campingplatz in der Normandie mit \u00fcberdacht und beheizter Pool auf dem 4* Camping L'Aiguille Creuse!","robots":{"index":"index","follow":"follow","max-snippet":"max-snippet:-1","max-image-preview":"max-image-preview:large","max-video-preview":"max-video-preview:-1"},"canonical":"https:\/\/www.campingaiguillecreuse.com\/de\/badelandschaft\/","og_locale":"de_DE","og_type":"article","og_title":"Camping Etretat met schwimmbad - L'Aiguille Creuse 4*","og_description":"Genie\u00dfen Sie bei Ihrem n\u00e4chsten Aufenthalt einen Campingplatz in der Normandie mit \u00fcberdacht und beheizter Pool auf dem 4* Camping L'Aiguille Creuse!","og_url":"https:\/\/www.campingaiguillecreuse.com\/de\/badelandschaft\/","og_site_name":"Camping L&#039;Aiguille Creuse","article_publisher":"https:\/\/www.facebook.com\/campingaiguillecreuse\/","article_modified_time":"2025-01-10T11:10:29+00:00","og_image":[{"url":"https:\/\/www.campingaiguillecreuse.com\/wp-content\/uploads\/2021\/10\/ensemble-piscine-ouverte.jpg"}],"twitter_card":"summary_large_image","twitter_misc":{"Gesch\u00e4tzte Lesezeit":"4 Minuten"},"schema":{"@context":"https:\/\/schema.org","@graph":[{"@type":"Organization","@id":"https:\/\/www.campingaiguillecreuse.com\/#organization","name":"Camping L'aiguille Creuse","url":"https:\/\/www.campingaiguillecreuse.com\/","sameAs":["https:\/\/www.facebook.com\/campingaiguillecreuse\/","https:\/\/www.instagram.com\/camping_aiguille_creuse\/","https:\/\/www.wikidata.org\/wiki\/Q138617169"],"logo":{"@type":"ImageObject","@id":"https:\/\/www.campingaiguillecreuse.com\/#logo","inLanguage":"de-DE","url":"https:\/\/www.campingaiguillecreuse.com\/wp-content\/uploads\/2025\/10\/logo-aiguille-creuse-2025.webp","contentUrl":"https:\/\/www.campingaiguillecreuse.com\/wp-content\/uploads\/2025\/10\/logo-aiguille-creuse-2025.webp","width":1356,"height":804,"caption":"Camping L'aiguille Creuse"},"image":{"@id":"https:\/\/www.campingaiguillecreuse.com\/#logo"}},{"@type":"WebSite","@id":"https:\/\/www.campingaiguillecreuse.com\/#website","url":"https:\/\/www.campingaiguillecreuse.com\/","name":"Camping L&#039;Aiguille Creuse","description":"CAMPING **** L&#039; AIGUILLE CREUSE PRES D&#039;ETRETAT EN NORMANDIE Camping en Normandie, avec piscine couverte et chauff\u00e9e ouverte toute la saison","publisher":{"@id":"https:\/\/www.campingaiguillecreuse.com\/#organization"},"potentialAction":[{"@type":"SearchAction","target":{"@type":"EntryPoint","urlTemplate":"https:\/\/www.campingaiguillecreuse.com\/?s={search_term_string}"},"query-input":"required name=search_term_string"}],"inLanguage":"de-DE"},{"@type":"ImageObject","@id":"https:\/\/www.campingaiguillecreuse.com\/de\/badelandschaft\/#primaryimage","inLanguage":"de-DE","url":"https:\/\/www.campingaiguillecreuse.com\/wp-content\/uploads\/2021\/10\/ensemble-piscine-ouverte.jpg","contentUrl":"https:\/\/www.campingaiguillecreuse.com\/wp-content\/uploads\/2021\/10\/ensemble-piscine-ouverte.jpg","width":1920,"height":1280},{"@type":"WebPage","@id":"https:\/\/www.campingaiguillecreuse.com\/de\/badelandschaft\/#webpage","url":"https:\/\/www.campingaiguillecreuse.com\/de\/badelandschaft\/","name":"Camping Etretat met schwimmbad - L'Aiguille Creuse 4*","isPartOf":{"@id":"https:\/\/www.campingaiguillecreuse.com\/#website"},"primaryImageOfPage":{"@id":"https:\/\/www.campingaiguillecreuse.com\/de\/badelandschaft\/#primaryimage"},"datePublished":"2026-01-15T11:13:00+00:00","dateModified":"2025-01-10T11:10:29+00:00","description":"Genie\u00dfen Sie bei Ihrem n\u00e4chsten Aufenthalt einen Campingplatz in der Normandie mit \u00fcberdacht und beheizter Pool auf dem 4* Camping L'Aiguille Creuse!","breadcrumb":{"@id":"https:\/\/www.campingaiguillecreuse.com\/de\/badelandschaft\/#breadcrumb"},"inLanguage":"de-DE","potentialAction":[{"@type":"ReadAction","target":["https:\/\/www.campingaiguillecreuse.com\/de\/badelandschaft\/"]}]},{"@type":"BreadcrumbList","@id":"https:\/\/www.campingaiguillecreuse.com\/de\/badelandschaft\/#breadcrumb","itemListElement":[{"@type":"ListItem","position":1,"name":"Accueil","item":"https:\/\/www.campingaiguillecreuse.com\/de\/"},{"@type":"ListItem","position":2,"name":"Espace aquatique"}]}]}},"_links":{"self":[{"href":"https:\/\/www.campingaiguillecreuse.com\/de\/wp-json\/wp\/v2\/pages\/2076"}],"collection":[{"href":"https:\/\/www.campingaiguillecreuse.com\/de\/wp-json\/wp\/v2\/pages"}],"about":[{"href":"https:\/\/www.campingaiguillecreuse.com\/de\/wp-json\/wp\/v2\/types\/page"}],"author":[{"embeddable":true,"href":"https:\/\/www.campingaiguillecreuse.com\/de\/wp-json\/wp\/v2\/users\/1"}],"replies":[{"embeddable":true,"href":"https:\/\/www.campingaiguillecreuse.com\/de\/wp-json\/wp\/v2\/comments?post=2076"}],"version-history":[{"count":5,"href":"https:\/\/www.campingaiguillecreuse.com\/de\/wp-json\/wp\/v2\/pages\/2076\/revisions"}],"predecessor-version":[{"id":4671,"href":"https:\/\/www.campingaiguillecreuse.com\/de\/wp-json\/wp\/v2\/pages\/2076\/revisions\/4671"}],"wp:attachment":[{"href":"https:\/\/www.campingaiguillecreuse.com\/de\/wp-json\/wp\/v2\/media?parent=2076"}],"curies":[{"name":"wp","href":"https:\/\/api.w.org\/{rel}","templated":true}]}}