{"id":2071,"date":"2021-07-13T10:19:48","date_gmt":"2021-07-13T08:19:48","guid":{"rendered":"https:\/\/www.campingaiguillecreuse.com\/mietunterkuenfte\/glamping\/"},"modified":"2022-02-25T11:28:32","modified_gmt":"2022-02-25T10:28:32","slug":"glamping","status":"publish","type":"page","link":"https:\/\/www.campingaiguillecreuse.com\/de\/mietunterkuenfte\/glamping\/","title":{"rendered":"Glamping"},"content":{"rendered":"\n<div class=\"wp-block-cover has-background-dim-20 has-primaire-background-color has-background-dim has-parallax section_header\" style=\"background-image:url(https:\/\/www.campingaiguillecreuse.com\/wp-content\/uploads\/2021\/07\/emplacements_10.webp)\"><div class=\"wp-block-cover__inner-container\">\n<h1 class=\"has-text-align-center titre_1\"> Unsere Glamping-Unterk\u00fcnfte in der N\u00e4he von \u00c9tretat<\/h1>\n<\/div><\/div>\n\n\n\n<section class=\"wp-block-group section_accroche\">\n<p class=\"has-text-align-center\">Wie w\u00e4re es mit einer Glamping-\u00dcbernachtung bei eurem n\u00e4chsten Aufenthalt in der Normandie? Ein au\u00dfergew\u00f6hnliches Erlebnis! Macht doch einen Zwischenstopp auf unserem Campingplatz in der N\u00e4he von \u00c9tretat, der euch mit seinen ungew\u00f6hnlichen Glamping-Unterk\u00fcnften erwartet! Neben den klassischen Mobilheimen k\u00f6nnt Ihr auf Wunsch auch in einem Boot \u00fcbernachten, w\u00e4hrend Ihr mit den F\u00fc\u00dfen auf festem Boden bleibt &#8230;<\/p>\n\n\n\n<ul class=\"liste_points_forts has-primaire-color has-text-color\"><li><i class=\"fas fa-ship\"><\/i> Glamping-Unterk\u00fcnfte<\/li><li><i class=\"fas fa-stars\"><\/i> G\u00fctesiegel Camping Qualit\u00e9<\/li><li><i class=\"fas fa-trees\"><\/i> Natur &amp; Erholung<\/li><\/ul>\n<\/section>\n\n\n\n<section class=\"wp-block-group section_services\">\n<div class=\"wp-block-cover has-background-dim-90 has-primaire-background-color has-background-dim\"><img class=\"wp-block-cover__image-background wp-image-495\" alt=\"\" src=\"https:\/\/www.campingaiguillecreuse.com\/wp-content\/uploads\/2021\/07\/photo-635817307913054614-1.webp\" data-object-fit=\"cover\"\/><div class=\"wp-block-cover__inner-container\">\n<div class=\"wp-block-columns are-vertically-aligned-center\">\n<div class=\"wp-block-column is-vertically-aligned-center\" style=\"flex-basis:40%\">\n<h2 class=\"has-blanc-color has-text-color\">Glamping-Unterkunft in der N\u00e4he von \u00c9tretat: Das Bath\u00f4 \u201eKarben\u201c<\/h2>\n\n\n\n<p class=\"has-blanc-color has-text-color\">Die \u201eKarben\u201c ist ein Segelboot (Modell SANGRIA) das 1971 von der Werft Jeanneau gebaut wurde. Nach 40 Jahren auf See wurde sie kunstvoll restauriert und bietet nun Platz f\u00fcr bis zu 4 Personen (einschlie\u00dflich Babys und Kinder). 4 Schlafpl\u00e4tze in 2 Kabinen, die durch ein Rollo voneinander getrennt sind, stehen den G\u00e4sten zur Verf\u00fcgung. Das Bath\u00f4 \u201eKarben\u201c lockt mit einer luxuri\u00f6sen Ausstattung: Heizung, USB-Ports, Led-Lampe, Bluetooth-Lautsprecher, Tisch und Regale zur Aufbewahrung. Entspannt euch auf der Terrasse mit Sonnensegel und Gartenm\u00f6beln und genie\u00dft den Aufenthalt im Freien. Wie auch bei den Stellplatzvermietungen habt Ihr Zugang zu beheizten Sanit\u00e4ranlagen mit separaten Duschen und Waschbecken, die das ganze komplett machen.<\/p>\n\n\n\n<div class=\"wp-block-buttons is-content-justification-right\">\n<div class=\"wp-block-button btn_resa\"><a class=\"wp-block-button__link has-primaire-color has-blanc-background-color has-text-color has-background\">Finde deine Glamping-Unterkunft <i class=\"fas fa-search\"><\/i><\/a><\/div>\n<\/div>\n<\/div>\n\n\n\n<div class=\"wp-block-column is-vertically-aligned-center col_img-2\" style=\"flex-basis:60%\">\n<figure class=\"wp-block-gallery columns-2 is-cropped\"><ul class=\"blocks-gallery-grid\"><li class=\"blocks-gallery-item\"><figure><img src=\"https:\/\/www.campingaiguillecreuse.com\/wp-content\/uploads\/2021\/07\/insolite_1.webp\" alt=\"Camping L'Aiguille Creuse: Glamping-Unterk\u00fcnfte Boot\" data-id=\"317\" data-link=\"https:\/\/www.campingaiguillecreuse.com\/location-camping-etretat\/hebergement-insolite-etretat\/insolite_1\/\" class=\"wp-image-317\"\/><\/figure><\/li><li class=\"blocks-gallery-item\"><figure><img src=\"https:\/\/www.campingaiguillecreuse.com\/wp-content\/uploads\/2021\/07\/insolite_7.webp\" alt=\"Camping L'Aiguille Creuse: Glamping-Unterk\u00fcnfte\" data-id=\"313\" data-link=\"https:\/\/www.campingaiguillecreuse.com\/location-camping-etretat\/hebergement-insolite-etretat\/insolite_7\/\" class=\"wp-image-313\"\/><\/figure><\/li><\/ul><\/figure>\n\n\n\n<div class=\"wp-block-buttons is-content-justification-right btn_galerie\">\n<div class=\"wp-block-button\"><a class=\"wp-block-button__link has-blanc-color has-text-color\" href=\"https:\/\/www.campingaiguillecreuse.com\/de\/fotogalerie\/\"><i class=\"fas fa-images\"><\/i> Bildgalerie<\/a><\/div>\n<\/div>\n<\/div>\n<\/div>\n<\/div><\/div>\n<\/section>\n\n\n\n<section class=\"wp-block-group section_alentours\">\n<div class=\"wp-block-columns\">\n<div class=\"wp-block-column col_img-2\" style=\"flex-basis:40%\">\n<figure class=\"wp-block-gallery columns-2 is-cropped\"><ul class=\"blocks-gallery-grid\"><li class=\"blocks-gallery-item\"><figure><img src=\"https:\/\/www.campingaiguillecreuse.com\/wp-content\/uploads\/2021\/07\/insolite_9.webp\" alt=\"Camping L'Aiguille Creuse: Glamping-Unterk\u00fcnfte\" data-id=\"256\" data-link=\"https:\/\/www.campingaiguillecreuse.com\/location-camping-etretat\/insolite_9\/\" class=\"wp-image-256\"\/><\/figure><\/li><li class=\"blocks-gallery-item\"><figure><img src=\"https:\/\/www.campingaiguillecreuse.com\/wp-content\/uploads\/2021\/07\/insolite_11.webp\" alt=\"Camping L'Aiguille Creuse: Glamping-Unterk\u00fcnfte\" data-id=\"252\" data-link=\"https:\/\/www.campingaiguillecreuse.com\/location-camping-etretat\/insolite_11\/\" class=\"wp-image-252\"\/><\/figure><\/li><\/ul><\/figure>\n\n\n\n<div class=\"wp-block-buttons is-content-justification-left btn_galerie\">\n<div class=\"wp-block-button\"><a class=\"wp-block-button__link has-primaire-color has-text-color\" href=\"https:\/\/www.campingaiguillecreuse.com\/de\/fotogalerie\/\"><i class=\"fas fa-images\"><\/i> Bildgalerie<\/a><\/div>\n<\/div>\n<\/div>\n\n\n\n<div class=\"wp-block-column\" style=\"flex-basis:60%\">\n<h2>Glamping-Unterkunft: das Bath\u00f4 \u201eMarion\u201c<\/h2>\n\n\n\n<p>Die \u201eMarion\u201c, ein norwegisches Segelschiff (Modell SUMMERWIND), das 1976 von der Werft Draco gebaut wurde, l\u00e4dt Sie zu einer au\u00dfergew\u00f6hnlichen Glamping-Nacht an Bord ein. Nachdem sie 40 Jahre lang auf den Weltmeeren gesegelt ist, liegt sie nun auf unserem Campingplatz in der N\u00e4he von \u00c9tretat vor Anker. Mit ihren 4 Schlafpl\u00e4tzen bietet sie Platz f\u00fcr 4 Personen. Das Bath\u00f4 \u201eMarion\u201c ist in zwei Kabinen unterteilt und \u00fcberzeugt durch Komfort und verschiedene Ausstattungsmerkmale: Heizung, USB-Anschl\u00fcsse, LED-Lampe, Bluetooth-Lautsprecher, Tisch und Regale zur Aufbewahrung. Nutzen Sie die Terrasse mit Sonnensegel und Gartenm\u00f6beln. Es verf\u00fcgt \u00fcber beheizte Sanit\u00e4ranlagen mit separaten Duschen und Waschbecken.&nbsp;<\/p>\n\n\n\n<div class=\"wp-block-buttons is-content-justification-right\">\n<div class=\"wp-block-button btn_resa\"><a class=\"wp-block-button__link has-primaire-background-color has-background\">Finde eine Glamping-Unterkunft <i class=\"fas fa-search\"><\/i><\/a><\/div>\n<\/div>\n<\/div>\n<\/div>\n\n\n\n<figure class=\"wp-block-embed aligncenter is-type-video is-provider-youtube wp-block-embed-youtube wp-embed-aspect-16-9 wp-has-aspect-ratio\"><div class=\"wp-block-embed__wrapper\">\n<iframe loading=\"lazy\" title=\"Camping L&#039;Aiguille Creuse Pr\u00e8s d&#039;ETRETAT - Bath\u00f4 MARION\" width=\"500\" height=\"281\" src=\"https:\/\/www.youtube.com\/embed\/Izm25u_o_nY?feature=oembed\" frameborder=\"0\" allow=\"accelerometer; autoplay; clipboard-write; encrypted-media; gyroscope; picture-in-picture\" allowfullscreen><\/iframe>\n<\/div><\/figure>\n<\/section>\n\n\n\n<section class=\"wp-block-group section_bloc_images\">\n<p class=\"has-text-align-center has-primaire-color has-blanc-background-color has-text-color has-background\"> <span style=\"font-size: revert; color: initial;\"><i class=\"fas fa-ship\"><\/i><\/span><\/p>\n\n\n\n<h2 class=\"has-text-align-center\">N\u00fctzliche Hinweise f\u00fcr euren Aufenthalt in einer unserer Glamping-Unterk\u00fcnfte<\/h2>\n\n\n\n<ul class=\"center\"><li>Ihr werden zwischen 16 und 19 Uhr erwartet<\/li><li>Abreise vor 10:30 Uhr<\/li><li>Tiere sind auf den Bath\u00f4s und auf den Parzellen der Bath\u00f4s nicht gestattet<\/li><li>Es ist nicht m\u00f6glich, ein Babybett in einem Bath\u00f4 aufzustellen<\/li><li>Bettdecken, Bettw\u00e4sche und Handt\u00fccher sind im Mietpreis inbegriffen.<\/li><li>Wir stellen Ihnen die Endreinigungspauschale in Rechnung<\/li><li>Diese Mietobjekte sind nicht barrierefrei.<\/li><li>Die An- und Abreisetage sind frei w\u00e4hlbar<\/li><li>Mindestaufenthalt 1 \u00dcbernachtung (au\u00dfer an langen Wochenenden mit Feiertag)<\/li><\/ul>\n<\/section>\n","protected":false},"excerpt":{"rendered":"<p>Wie w\u00e4re es mit einer Glamping-\u00dcbernachtung bei eurem n\u00e4chsten Aufenthalt in der Normandie? Ein au\u00dfergew\u00f6hnliches Erlebnis! Macht doch einen Zwischenstopp auf unserem Campingplatz in der N\u00e4he von \u00c9tretat, der euch mit seinen ungew\u00f6hnlichen Glamping-Unterk\u00fcnften erwartet! Neben den klassischen Mobilheimen k\u00f6nnt Ihr auf Wunsch auch in einem Boot \u00fcbernachten, w\u00e4hrend Ihr mit den F\u00fc\u00dfen auf festem [&hellip;]<\/p>\n","protected":false},"author":1,"featured_media":0,"parent":2067,"menu_order":2,"comment_status":"closed","ping_status":"closed","template":"","meta":[],"yoast_head":"<!-- This site is optimized with the Yoast SEO plugin v16.7 - https:\/\/yoast.com\/wordpress\/plugins\/seo\/ -->\n<title>Glamping-Unterkunft \u00c9tretat \u2013 4-Sterne-Campingplatz L&#039;Aiguille Creuse<\/title>\n<meta name=\"description\" content=\"Wie w\u00e4re es mit einem au\u00dfergew\u00f6hnlichen Urlaub in der Normandie? Auf dem Campingplatz L&#039;Aiguille Creuse erwarten euch originelle Glamping-Unterk\u00fcnfte f\u00fcr einen au\u00dfergew\u00f6hnlichen Urlaub in \u00c9tretat\" \/>\n<meta name=\"robots\" content=\"index, follow, max-snippet:-1, max-image-preview:large, max-video-preview:-1\" \/>\n<link rel=\"canonical\" href=\"https:\/\/www.campingaiguillecreuse.com\/de\/mietunterkuenfte\/glamping\/\" \/>\n<meta property=\"og:locale\" content=\"de_DE\" \/>\n<meta property=\"og:type\" content=\"article\" \/>\n<meta property=\"og:title\" content=\"Glamping-Unterkunft \u00c9tretat \u2013 4-Sterne-Campingplatz L&#039;Aiguille Creuse\" \/>\n<meta property=\"og:description\" content=\"Wie w\u00e4re es mit einem au\u00dfergew\u00f6hnlichen Urlaub in der Normandie? Auf dem Campingplatz L&#039;Aiguille Creuse erwarten euch originelle Glamping-Unterk\u00fcnfte f\u00fcr einen au\u00dfergew\u00f6hnlichen Urlaub in \u00c9tretat\" \/>\n<meta property=\"og:url\" content=\"https:\/\/www.campingaiguillecreuse.com\/de\/mietunterkuenfte\/glamping\/\" \/>\n<meta property=\"og:site_name\" content=\"Camping L&#039;Aiguille Creuse\" \/>\n<meta property=\"article:publisher\" content=\"https:\/\/www.facebook.com\/campingaiguillecreuse\/\" \/>\n<meta property=\"article:modified_time\" content=\"2022-02-25T10:28:32+00:00\" \/>\n<meta property=\"og:image\" content=\"https:\/\/www.campingaiguillecreuse.com\/wp-content\/uploads\/2021\/07\/photo-635817307913054614-1.webp\" \/>\n<meta name=\"twitter:card\" content=\"summary_large_image\" \/>\n<meta name=\"twitter:label1\" content=\"Gesch\u00e4tzte Lesezeit\" \/>\n\t<meta name=\"twitter:data1\" content=\"3 Minuten\" \/>\n<script type=\"application\/ld+json\" class=\"yoast-schema-graph\">{\"@context\":\"https:\/\/schema.org\",\"@graph\":[{\"@type\":\"Organization\",\"@id\":\"https:\/\/www.campingaiguillecreuse.com\/#organization\",\"name\":\"Camping L'aiguille Creuse\",\"url\":\"https:\/\/www.campingaiguillecreuse.com\/\",\"sameAs\":[\"https:\/\/www.facebook.com\/campingaiguillecreuse\/\",\"https:\/\/www.instagram.com\/camping_aiguille_creuse\/\",\"https:\/\/www.wikidata.org\/wiki\/Q138617169\"],\"logo\":{\"@type\":\"ImageObject\",\"@id\":\"https:\/\/www.campingaiguillecreuse.com\/#logo\",\"inLanguage\":\"de-DE\",\"url\":\"https:\/\/www.campingaiguillecreuse.com\/wp-content\/uploads\/2025\/10\/logo-aiguille-creuse-2025.webp\",\"contentUrl\":\"https:\/\/www.campingaiguillecreuse.com\/wp-content\/uploads\/2025\/10\/logo-aiguille-creuse-2025.webp\",\"width\":1356,\"height\":804,\"caption\":\"Camping L'aiguille Creuse\"},\"image\":{\"@id\":\"https:\/\/www.campingaiguillecreuse.com\/#logo\"}},{\"@type\":\"WebSite\",\"@id\":\"https:\/\/www.campingaiguillecreuse.com\/#website\",\"url\":\"https:\/\/www.campingaiguillecreuse.com\/\",\"name\":\"Camping L&#039;Aiguille Creuse\",\"description\":\"CAMPING **** L&#039; AIGUILLE CREUSE PRES D&#039;ETRETAT EN NORMANDIE Camping en Normandie, avec piscine couverte et chauff\\u00e9e ouverte toute la saison\",\"publisher\":{\"@id\":\"https:\/\/www.campingaiguillecreuse.com\/#organization\"},\"potentialAction\":[{\"@type\":\"SearchAction\",\"target\":{\"@type\":\"EntryPoint\",\"urlTemplate\":\"https:\/\/www.campingaiguillecreuse.com\/?s={search_term_string}\"},\"query-input\":\"required name=search_term_string\"}],\"inLanguage\":\"de-DE\"},{\"@type\":\"ImageObject\",\"@id\":\"https:\/\/www.campingaiguillecreuse.com\/de\/mietunterkuenfte\/glamping\/#primaryimage\",\"inLanguage\":\"de-DE\",\"url\":\"https:\/\/www.campingaiguillecreuse.com\/wp-content\/uploads\/2021\/07\/photo-635817307913054614-1.webp\",\"contentUrl\":\"https:\/\/www.campingaiguillecreuse.com\/wp-content\/uploads\/2021\/07\/photo-635817307913054614-1.webp\"},{\"@type\":\"WebPage\",\"@id\":\"https:\/\/www.campingaiguillecreuse.com\/de\/mietunterkuenfte\/glamping\/#webpage\",\"url\":\"https:\/\/www.campingaiguillecreuse.com\/de\/mietunterkuenfte\/glamping\/\",\"name\":\"Glamping-Unterkunft \\u00c9tretat \\u2013 4-Sterne-Campingplatz L'Aiguille Creuse\",\"isPartOf\":{\"@id\":\"https:\/\/www.campingaiguillecreuse.com\/#website\"},\"primaryImageOfPage\":{\"@id\":\"https:\/\/www.campingaiguillecreuse.com\/de\/mietunterkuenfte\/glamping\/#primaryimage\"},\"datePublished\":\"2021-07-13T08:19:48+00:00\",\"dateModified\":\"2022-02-25T10:28:32+00:00\",\"description\":\"Wie w\\u00e4re es mit einem au\\u00dfergew\\u00f6hnlichen Urlaub in der Normandie? Auf dem Campingplatz L'Aiguille Creuse erwarten euch originelle Glamping-Unterk\\u00fcnfte f\\u00fcr einen au\\u00dfergew\\u00f6hnlichen Urlaub in \\u00c9tretat\",\"breadcrumb\":{\"@id\":\"https:\/\/www.campingaiguillecreuse.com\/de\/mietunterkuenfte\/glamping\/#breadcrumb\"},\"inLanguage\":\"de-DE\",\"potentialAction\":[{\"@type\":\"ReadAction\",\"target\":[\"https:\/\/www.campingaiguillecreuse.com\/de\/mietunterkuenfte\/glamping\/\"]}]},{\"@type\":\"BreadcrumbList\",\"@id\":\"https:\/\/www.campingaiguillecreuse.com\/de\/mietunterkuenfte\/glamping\/#breadcrumb\",\"itemListElement\":[{\"@type\":\"ListItem\",\"position\":1,\"name\":\"Accueil\",\"item\":\"https:\/\/www.campingaiguillecreuse.com\/de\/\"},{\"@type\":\"ListItem\",\"position\":2,\"name\":\"Mietunterk\\u00fcnfte\",\"item\":\"https:\/\/www.campingaiguillecreuse.com\/de\/mietunterkuenfte\/\"},{\"@type\":\"ListItem\",\"position\":3,\"name\":\"Glamping\"}]}]}<\/script>\n<!-- \/ Yoast SEO plugin. -->","yoast_head_json":{"title":"Glamping-Unterkunft \u00c9tretat \u2013 4-Sterne-Campingplatz L'Aiguille Creuse","description":"Wie w\u00e4re es mit einem au\u00dfergew\u00f6hnlichen Urlaub in der Normandie? Auf dem Campingplatz L'Aiguille Creuse erwarten euch originelle Glamping-Unterk\u00fcnfte f\u00fcr einen au\u00dfergew\u00f6hnlichen Urlaub in \u00c9tretat","robots":{"index":"index","follow":"follow","max-snippet":"max-snippet:-1","max-image-preview":"max-image-preview:large","max-video-preview":"max-video-preview:-1"},"canonical":"https:\/\/www.campingaiguillecreuse.com\/de\/mietunterkuenfte\/glamping\/","og_locale":"de_DE","og_type":"article","og_title":"Glamping-Unterkunft \u00c9tretat \u2013 4-Sterne-Campingplatz L'Aiguille Creuse","og_description":"Wie w\u00e4re es mit einem au\u00dfergew\u00f6hnlichen Urlaub in der Normandie? Auf dem Campingplatz L'Aiguille Creuse erwarten euch originelle Glamping-Unterk\u00fcnfte f\u00fcr einen au\u00dfergew\u00f6hnlichen Urlaub in \u00c9tretat","og_url":"https:\/\/www.campingaiguillecreuse.com\/de\/mietunterkuenfte\/glamping\/","og_site_name":"Camping L&#039;Aiguille Creuse","article_publisher":"https:\/\/www.facebook.com\/campingaiguillecreuse\/","article_modified_time":"2022-02-25T10:28:32+00:00","og_image":[{"url":"https:\/\/www.campingaiguillecreuse.com\/wp-content\/uploads\/2021\/07\/photo-635817307913054614-1.webp"}],"twitter_card":"summary_large_image","twitter_misc":{"Gesch\u00e4tzte Lesezeit":"3 Minuten"},"schema":{"@context":"https:\/\/schema.org","@graph":[{"@type":"Organization","@id":"https:\/\/www.campingaiguillecreuse.com\/#organization","name":"Camping L'aiguille Creuse","url":"https:\/\/www.campingaiguillecreuse.com\/","sameAs":["https:\/\/www.facebook.com\/campingaiguillecreuse\/","https:\/\/www.instagram.com\/camping_aiguille_creuse\/","https:\/\/www.wikidata.org\/wiki\/Q138617169"],"logo":{"@type":"ImageObject","@id":"https:\/\/www.campingaiguillecreuse.com\/#logo","inLanguage":"de-DE","url":"https:\/\/www.campingaiguillecreuse.com\/wp-content\/uploads\/2025\/10\/logo-aiguille-creuse-2025.webp","contentUrl":"https:\/\/www.campingaiguillecreuse.com\/wp-content\/uploads\/2025\/10\/logo-aiguille-creuse-2025.webp","width":1356,"height":804,"caption":"Camping L'aiguille Creuse"},"image":{"@id":"https:\/\/www.campingaiguillecreuse.com\/#logo"}},{"@type":"WebSite","@id":"https:\/\/www.campingaiguillecreuse.com\/#website","url":"https:\/\/www.campingaiguillecreuse.com\/","name":"Camping L&#039;Aiguille Creuse","description":"CAMPING **** L&#039; AIGUILLE CREUSE PRES D&#039;ETRETAT EN NORMANDIE Camping en Normandie, avec piscine couverte et chauff\u00e9e ouverte toute la saison","publisher":{"@id":"https:\/\/www.campingaiguillecreuse.com\/#organization"},"potentialAction":[{"@type":"SearchAction","target":{"@type":"EntryPoint","urlTemplate":"https:\/\/www.campingaiguillecreuse.com\/?s={search_term_string}"},"query-input":"required name=search_term_string"}],"inLanguage":"de-DE"},{"@type":"ImageObject","@id":"https:\/\/www.campingaiguillecreuse.com\/de\/mietunterkuenfte\/glamping\/#primaryimage","inLanguage":"de-DE","url":"https:\/\/www.campingaiguillecreuse.com\/wp-content\/uploads\/2021\/07\/photo-635817307913054614-1.webp","contentUrl":"https:\/\/www.campingaiguillecreuse.com\/wp-content\/uploads\/2021\/07\/photo-635817307913054614-1.webp"},{"@type":"WebPage","@id":"https:\/\/www.campingaiguillecreuse.com\/de\/mietunterkuenfte\/glamping\/#webpage","url":"https:\/\/www.campingaiguillecreuse.com\/de\/mietunterkuenfte\/glamping\/","name":"Glamping-Unterkunft \u00c9tretat \u2013 4-Sterne-Campingplatz L'Aiguille Creuse","isPartOf":{"@id":"https:\/\/www.campingaiguillecreuse.com\/#website"},"primaryImageOfPage":{"@id":"https:\/\/www.campingaiguillecreuse.com\/de\/mietunterkuenfte\/glamping\/#primaryimage"},"datePublished":"2021-07-13T08:19:48+00:00","dateModified":"2022-02-25T10:28:32+00:00","description":"Wie w\u00e4re es mit einem au\u00dfergew\u00f6hnlichen Urlaub in der Normandie? Auf dem Campingplatz L'Aiguille Creuse erwarten euch originelle Glamping-Unterk\u00fcnfte f\u00fcr einen au\u00dfergew\u00f6hnlichen Urlaub in \u00c9tretat","breadcrumb":{"@id":"https:\/\/www.campingaiguillecreuse.com\/de\/mietunterkuenfte\/glamping\/#breadcrumb"},"inLanguage":"de-DE","potentialAction":[{"@type":"ReadAction","target":["https:\/\/www.campingaiguillecreuse.com\/de\/mietunterkuenfte\/glamping\/"]}]},{"@type":"BreadcrumbList","@id":"https:\/\/www.campingaiguillecreuse.com\/de\/mietunterkuenfte\/glamping\/#breadcrumb","itemListElement":[{"@type":"ListItem","position":1,"name":"Accueil","item":"https:\/\/www.campingaiguillecreuse.com\/de\/"},{"@type":"ListItem","position":2,"name":"Mietunterk\u00fcnfte","item":"https:\/\/www.campingaiguillecreuse.com\/de\/mietunterkuenfte\/"},{"@type":"ListItem","position":3,"name":"Glamping"}]}]}},"_links":{"self":[{"href":"https:\/\/www.campingaiguillecreuse.com\/de\/wp-json\/wp\/v2\/pages\/2071"}],"collection":[{"href":"https:\/\/www.campingaiguillecreuse.com\/de\/wp-json\/wp\/v2\/pages"}],"about":[{"href":"https:\/\/www.campingaiguillecreuse.com\/de\/wp-json\/wp\/v2\/types\/page"}],"author":[{"embeddable":true,"href":"https:\/\/www.campingaiguillecreuse.com\/de\/wp-json\/wp\/v2\/users\/1"}],"replies":[{"embeddable":true,"href":"https:\/\/www.campingaiguillecreuse.com\/de\/wp-json\/wp\/v2\/comments?post=2071"}],"version-history":[{"count":5,"href":"https:\/\/www.campingaiguillecreuse.com\/de\/wp-json\/wp\/v2\/pages\/2071\/revisions"}],"predecessor-version":[{"id":2574,"href":"https:\/\/www.campingaiguillecreuse.com\/de\/wp-json\/wp\/v2\/pages\/2071\/revisions\/2574"}],"up":[{"embeddable":true,"href":"https:\/\/www.campingaiguillecreuse.com\/de\/wp-json\/wp\/v2\/pages\/2067"}],"wp:attachment":[{"href":"https:\/\/www.campingaiguillecreuse.com\/de\/wp-json\/wp\/v2\/media?parent=2071"}],"curies":[{"name":"wp","href":"https:\/\/api.w.org\/{rel}","templated":true}]}}