{"id":2067,"date":"2026-02-26T10:43:30","date_gmt":"2026-02-26T09:43:30","guid":{"rendered":"https:\/\/www.campingaiguillecreuse.com\/mietunterkuenfte\/"},"modified":"2026-04-16T14:21:58","modified_gmt":"2026-04-16T12:21:58","slug":"mietunterkuenfte","status":"publish","type":"page","link":"https:\/\/www.campingaiguillecreuse.com\/de\/mietunterkuenfte\/","title":{"rendered":"Mietunterk\u00fcnfte"},"content":{"rendered":"\n<div class=\"wp-block-cover has-background-dim-20 has-primaire-background-color has-background-dim section_header\"><img loading=\"lazy\" width=\"1920\" height=\"1278\" class=\"wp-block-cover__image-background wp-image-6230\" alt=\"\" src=\"https:\/\/www.campingaiguillecreuse.com\/wp-content\/uploads\/2026\/04\/hebergement_sunelia.webp\" data-object-fit=\"cover\" srcset=\"https:\/\/www.campingaiguillecreuse.com\/wp-content\/uploads\/2026\/04\/hebergement_sunelia.webp 1920w, https:\/\/www.campingaiguillecreuse.com\/wp-content\/uploads\/2026\/04\/hebergement_sunelia-300x200.webp 300w, https:\/\/www.campingaiguillecreuse.com\/wp-content\/uploads\/2026\/04\/hebergement_sunelia-1024x682.webp 1024w, https:\/\/www.campingaiguillecreuse.com\/wp-content\/uploads\/2026\/04\/hebergement_sunelia-768x511.webp 768w, https:\/\/www.campingaiguillecreuse.com\/wp-content\/uploads\/2026\/04\/hebergement_sunelia-1536x1022.webp 1536w\" sizes=\"(max-width: 1920px) 100vw, 1920px\" \/><div class=\"wp-block-cover__inner-container\">\n<h1 class=\"has-text-align-center titre_1\">Unsere Campingunterk\u00fcnfte, darunter unsere Mobilheime in der Normandie<\/h1>\n<\/div><\/div>\n\n\n\n<section class=\"wp-block-group section_accroche\">\n<p class=\"has-text-align-center\">Unser Campingplatz L&#8217;Aiguille Creuse ist ideal in der Normandie gelegen, in unmittelbarer N\u00e4he von \u00c9tretat und seinen Klippen (5 km). Er verf\u00fcgt \u00fcber angenehme und komfortable Mietunterk\u00fcnfte f\u00fcr Ihren Urlaub. Wir bieten Ihnen insbesondere <strong>Mobilheime in der Normandie<\/strong>, aber auch ungew\u00f6hnliche Unterk\u00fcnfte und Zeltpl\u00e4tze zur Miete an.<\/p>\n\n\n\n<ul class=\"liste_points_forts\"><li><i class=\"fas fa-stars\"><\/i> G\u00fctesiegel Camping Qualit\u00e9<\/li><li><i class=\"fas fa-trees\"><\/i> Natur &amp; Erholung<\/li><li><i class=\"fas fa-campground\"><\/i> 134 Stellpl\u00e4tze<\/li><\/ul>\n\n\n\n<p><\/p>\n<\/section>\n\n\n\n<section class=\"wp-block-group section_services\">\n<div class=\"wp-block-cover has-background-dim-90 has-primaire-background-color has-background-dim\"><img class=\"wp-block-cover__image-background wp-image-495\" alt=\"\" src=\"https:\/\/www.campingaiguillecreuse.com\/wp-content\/uploads\/2021\/07\/photo-635817307913054614-1.webp\" data-object-fit=\"cover\"\/><div class=\"wp-block-cover__inner-container\">\n<div class=\"wp-block-columns are-vertically-aligned-center\">\n<div class=\"wp-block-column is-vertically-aligned-center\" style=\"flex-basis:40%\">\n<h2 class=\"has-blanc-color has-text-color\">Unsere Miet-Mobilheime in der N\u00e4he von Etretat<\/h2>\n\n\n\n<p class=\"has-blanc-color has-text-color\">M\u00f6chten Sie Ihren n\u00e4chsten Urlaub in der Normandie verbringen? Unser Campingplatz ist das ideale Reiseziel, um sich inmitten der Natur zu entspannen. Unsere voll ausgestatteten <strong>Mobilheime zum Mieten in der N\u00e4he von \u00c9tretat<\/strong> warten auf Sie. Sie k\u00f6nnen mit bis zu 8 Personen anreisen. Unsere gro\u00dfe Auswahl an <strong>Mobilheimen in der Normandie<\/strong> bietet Ihnen allen Platz, den Sie brauchen, um die Freuden des Campings zu genie\u00dfen. Mit 1, 2, 3 oder 4 Schlafzimmern finden Sie garantiert das <strong>Mobilheim Ihrer Tr\u00e4ume in Seine Maritime<\/strong>. Ideal f\u00fcr einen romantischen Ausflug zu zweit oder einen Urlaub mit der Familie oder mit Freunden.<\/p>\n\n\n\n<p>Der Campingplatz L&#8217;Aiguille Creuse bietet Ihnen drei Kategorien von Mobilheimen zur Auswahl: <strong>Komfort<\/strong>, <strong>Prestige<\/strong> und <strong>Luxus<\/strong>. Die Ausstattung variiert je nach Kategorie.<\/p>\n\n\n\n<p class=\"has-blanc-color has-text-color\">Um euch die Organisation eures Urlaubs zu erleichtern, k\u00f6nnt Ihr auf unserem Campingplatz L\u2019Aiguille Creuse<strong> Ausr\u00fcstung und Sets leihen \u2013 auf diese Weise reist Ihr mit leichtem Gep\u00e4ck<\/strong>. Bettw\u00e4scheverleih, Kinderwagenverleih, Verleih von Babyausstattungen ( Kinderbett, Hochstuhl und Badewanne): Wir sorgen f\u00fcr einen reibungslosen Aufenthalt. Unsere Mobilheime sind echte kleine H\u00e4user und versprechen einen angenehmen Aufenthalt mit der Familie mitten in der Natur. Praktisch und modern \u2013 die ideale Unterkunft f\u00fcr einen komfortablen Urlaub in der Normandie.<\/p>\n\n\n\n<p>F\u00fcr noch mehr Komfort k\u00f6nnen Sie Ihren Aufenthalt mit unseren Zusatzleistungen erg\u00e4nzen:<\/p>\n\n\n\n<ul><li><strong>Bettw\u00e4scheverleih<\/strong>: 12 \u20ac \/ Bett<\/li><li><strong>Handtuchverleih<\/strong>: 5 \u20ac \/ Person<\/li><li><strong>Bezogene Betten bei Ankunft<\/strong>: 22 \u20ac \/ Bett<\/li><li><strong>Endreinigung<\/strong>: Preis je nach Gr\u00f6\u00dfe des Mobilheims<\/li><li><strong>Babykit<\/strong>: 3,50 \u20ac \/ Nacht<\/li><\/ul>\n\n\n\n<p>\u2728 <strong>Hotel-Paket<\/strong>: Bettw\u00e4sche, Handt\u00fccher, bezogene Betten bei Ankunft und Endreinigung<br>\u2192 35 \u20ac \/ Person <em>(in allen Unterk\u00fcnften der Luxe-Kategorie inklusive)<\/em><\/p>\n\n\n\n<div class=\"wp-block-buttons is-content-justification-right\">\n<div class=\"wp-block-button btn_resa\"><a class=\"wp-block-button__link has-primaire-color has-blanc-background-color has-text-color has-background\"><i class=\"fas fa-home-alt\"><\/i>  Ein Mobilheim buchen<\/a><\/div>\n\n\n\n<div class=\"wp-block-button btn_light\"><a class=\"wp-block-button__link has-blanc-color has-text-color\" href=\"https:\/\/www.campingaiguillecreuse.com\/de\/mietunterkuenfte\/mobilheime\/\">Weitere Informationen<\/a><\/div>\n<\/div>\n<\/div>\n\n\n\n<div class=\"wp-block-column is-vertically-aligned-center col_img-2\" style=\"flex-basis:60%\">\n<figure class=\"wp-block-gallery columns-2 is-cropped\"><ul class=\"blocks-gallery-grid\"><li class=\"blocks-gallery-item\"><figure><img loading=\"lazy\" width=\"1024\" height=\"768\" src=\"https:\/\/www.campingaiguillecreuse.com\/wp-content\/uploads\/2024\/11\/exterieur-1024x768.png\" alt=\"\" data-id=\"4589\" data-full-url=\"https:\/\/www.campingaiguillecreuse.com\/wp-content\/uploads\/2024\/11\/exterieur.png\" data-link=\"https:\/\/www.campingaiguillecreuse.com\/de\/mietunterkuenfte\/exterieur-2-2\/\" class=\"wp-image-4589\" srcset=\"https:\/\/www.campingaiguillecreuse.com\/wp-content\/uploads\/2024\/11\/exterieur-1024x768.png 1024w, https:\/\/www.campingaiguillecreuse.com\/wp-content\/uploads\/2024\/11\/exterieur-300x225.png 300w, https:\/\/www.campingaiguillecreuse.com\/wp-content\/uploads\/2024\/11\/exterieur-768x576.png 768w, https:\/\/www.campingaiguillecreuse.com\/wp-content\/uploads\/2024\/11\/exterieur-1536x1152.png 1536w, https:\/\/www.campingaiguillecreuse.com\/wp-content\/uploads\/2024\/11\/exterieur.png 2000w\" sizes=\"(max-width: 1024px) 100vw, 1024px\" \/><\/figure><\/li><li class=\"blocks-gallery-item\"><figure><img loading=\"lazy\" width=\"1024\" height=\"768\" src=\"https:\/\/www.campingaiguillecreuse.com\/wp-content\/uploads\/2024\/11\/IMG20240628161238-1024x768.jpg\" alt=\"\" data-id=\"4593\" data-full-url=\"https:\/\/www.campingaiguillecreuse.com\/wp-content\/uploads\/2024\/11\/IMG20240628161238-scaled.jpg\" data-link=\"https:\/\/www.campingaiguillecreuse.com\/de\/mietunterkuenfte\/img20240628161238-2\/\" class=\"wp-image-4593\" srcset=\"https:\/\/www.campingaiguillecreuse.com\/wp-content\/uploads\/2024\/11\/IMG20240628161238-1024x768.jpg 1024w, https:\/\/www.campingaiguillecreuse.com\/wp-content\/uploads\/2024\/11\/IMG20240628161238-300x225.jpg 300w, https:\/\/www.campingaiguillecreuse.com\/wp-content\/uploads\/2024\/11\/IMG20240628161238-768x576.jpg 768w, https:\/\/www.campingaiguillecreuse.com\/wp-content\/uploads\/2024\/11\/IMG20240628161238-1536x1152.jpg 1536w, https:\/\/www.campingaiguillecreuse.com\/wp-content\/uploads\/2024\/11\/IMG20240628161238-2048x1536.jpg 2048w\" sizes=\"(max-width: 1024px) 100vw, 1024px\" \/><\/figure><\/li><\/ul><\/figure>\n\n\n\n<div class=\"wp-block-buttons is-content-justification-right btn_galerie\">\n<div class=\"wp-block-button\"><a class=\"wp-block-button__link has-blanc-color has-text-color\" href=\"https:\/\/www.campingaiguillecreuse.com\/de\/fotogalerie\/\"><i class=\"fas fa-images\"><\/i> Bildgalerie<\/a><\/div>\n<\/div>\n<\/div>\n<\/div>\n<\/div><\/div>\n<\/section>\n\n\n\n<section class=\"wp-block-group section_alentours\">\n<div class=\"wp-block-columns\">\n<div class=\"wp-block-column col_img\" style=\"flex-basis:40%\">\n<figure class=\"wp-block-image size-full\"><img src=\"https:\/\/www.campingaiguillecreuse.com\/wp-content\/uploads\/2021\/07\/emplacements_8-1.webp\" alt=\"Camping L'Aiguille Creuse: Stellpl\u00e4tze\" class=\"wp-image-288\"\/><\/figure>\n\n\n\n<div class=\"wp-block-buttons is-content-justification-left btn_galerie\">\n<div class=\"wp-block-button\"><a class=\"wp-block-button__link has-primaire-color has-text-color\" href=\"https:\/\/www.campingaiguillecreuse.com\/de\/fotogalerie\/\"><i class=\"fas fa-images\"><\/i> Bildgalerie<\/a><\/div>\n<\/div>\n<\/div>\n\n\n\n<div class=\"wp-block-column\" style=\"flex-basis:60%\">\n<h2 class=\"titre_1\">Unsere Campingstellpl\u00e4tze in \u00c9tretat<\/h2>\n\n\n\n<p>Auch Anh\u00e4nger des klassischen Campings kommen bei uns auf ihre Kosten: Wir befinden uns in idealer Lage f\u00fcr eine Auszeit in der Normandie, mitten in der Natur. Bei uns erwartet Campingfreunde ein komfortabler Platz mit B\u00e4umen und Pflanzen. Der 4-Sterne-Campingplatz L\u2019Aiguille Creuse bietet euch <strong>4 Stellplatzkategorien<\/strong> auf unserem Campingplatz in der N\u00e4he von \u00c9tretat. Dort findet Ihr Platz f\u00fcr euer Zelt, euren Wohnwagen oder euer Wohnmobil. Entsprechend euren Vorstellungen und Anforderungen stehen euch folgende Optionen zur Auswahl:<br>&#8211; ein <strong>Stellplatz f\u00fcr ein Zelt<\/strong> (ohne Stromanschluss)<br>&#8211; ein<strong> Stellplatz der Kategorie Standard <\/strong>(mit 10-A-Stromanschluss)<br>&#8211; ein <strong>Stellplatz der Kategorie Confort<\/strong> (mit Wasseranschluss, Abwasseranschluss und 10-A-Stromanschluss)<br>&#8211; ein <strong>Stellplatz der Kategorie Luxe<\/strong> (mit eigenen Sanit\u00e4ranlagen, Sp\u00fclbecken, Geschirr und K\u00fchlschrank)<\/p>\n\n\n\n<div class=\"wp-block-buttons is-content-justification-right\">\n<div class=\"wp-block-button btn_resa\"><a class=\"wp-block-button__link has-primaire-background-color has-background\"><i class=\"fas fa-campground\"><\/i>  Einen Stellplatz buchen<\/a><\/div>\n\n\n\n<div class=\"wp-block-button btn_light\"><a class=\"wp-block-button__link has-primaire-color has-text-color\" href=\"https:\/\/www.campingaiguillecreuse.com\/de\/mietunterkuenfte\/stellplaetze\/\">Weitere Informationen<\/a><\/div>\n<\/div>\n<\/div>\n<\/div>\n<\/section>\n","protected":false},"excerpt":{"rendered":"<p>Unser Campingplatz L&#8217;Aiguille Creuse ist ideal in der Normandie gelegen, in unmittelbarer N\u00e4he von \u00c9tretat und seinen Klippen (5 km). Er verf\u00fcgt \u00fcber angenehme und komfortable Mietunterk\u00fcnfte f\u00fcr Ihren Urlaub. Wir bieten Ihnen insbesondere Mobilheime in der Normandie, aber auch ungew\u00f6hnliche Unterk\u00fcnfte und Zeltpl\u00e4tze zur Miete an. G\u00fctesiegel Camping Qualit\u00e9 Natur &amp; Erholung 134 Stellpl\u00e4tze [&hellip;]<\/p>\n","protected":false},"author":1,"featured_media":0,"parent":0,"menu_order":0,"comment_status":"closed","ping_status":"closed","template":"","meta":[],"yoast_head":"<!-- This site is optimized with the Yoast SEO plugin v16.7 - https:\/\/yoast.com\/wordpress\/plugins\/seo\/ -->\n<title>Unterkunft &amp; Mobilheime in Normandie | L&#039;Aiguille Creuse<\/title>\n<meta name=\"description\" content=\"Finden Sie jetzt die perfekte Unterkunft auf dem 4-Sterne-Campingplatz L&#039;Aiguille Creuse, indem Sie unter anderem ein Mobilheim in der Normandie mieten.\" \/>\n<meta name=\"robots\" content=\"index, follow, max-snippet:-1, max-image-preview:large, max-video-preview:-1\" \/>\n<link rel=\"canonical\" href=\"https:\/\/www.campingaiguillecreuse.com\/de\/mietunterkuenfte\/\" \/>\n<meta property=\"og:locale\" content=\"de_DE\" \/>\n<meta property=\"og:type\" content=\"article\" \/>\n<meta property=\"og:title\" content=\"Unterkunft &amp; Mobilheime in Normandie | L&#039;Aiguille Creuse\" \/>\n<meta property=\"og:description\" content=\"Finden Sie jetzt die perfekte Unterkunft auf dem 4-Sterne-Campingplatz L&#039;Aiguille Creuse, indem Sie unter anderem ein Mobilheim in der Normandie mieten.\" \/>\n<meta property=\"og:url\" content=\"https:\/\/www.campingaiguillecreuse.com\/de\/mietunterkuenfte\/\" \/>\n<meta property=\"og:site_name\" content=\"Camping L&#039;Aiguille Creuse\" \/>\n<meta property=\"article:publisher\" content=\"https:\/\/www.facebook.com\/campingaiguillecreuse\/\" \/>\n<meta property=\"article:modified_time\" content=\"2026-04-16T12:21:58+00:00\" \/>\n<meta property=\"og:image\" content=\"https:\/\/www.campingaiguillecreuse.com\/wp-content\/uploads\/2026\/04\/hebergement_sunelia.webp\" \/>\n<meta name=\"twitter:card\" content=\"summary_large_image\" \/>\n<meta name=\"twitter:label1\" content=\"Gesch\u00e4tzte Lesezeit\" \/>\n\t<meta name=\"twitter:data1\" content=\"4 Minuten\" \/>\n<script type=\"application\/ld+json\" class=\"yoast-schema-graph\">{\"@context\":\"https:\/\/schema.org\",\"@graph\":[{\"@type\":\"Organization\",\"@id\":\"https:\/\/www.campingaiguillecreuse.com\/#organization\",\"name\":\"Camping L'aiguille Creuse\",\"url\":\"https:\/\/www.campingaiguillecreuse.com\/\",\"sameAs\":[\"https:\/\/www.facebook.com\/campingaiguillecreuse\/\",\"https:\/\/www.instagram.com\/camping_aiguille_creuse\/\",\"https:\/\/www.wikidata.org\/wiki\/Q138617169\"],\"logo\":{\"@type\":\"ImageObject\",\"@id\":\"https:\/\/www.campingaiguillecreuse.com\/#logo\",\"inLanguage\":\"de-DE\",\"url\":\"https:\/\/www.campingaiguillecreuse.com\/wp-content\/uploads\/2025\/10\/logo-aiguille-creuse-2025.webp\",\"contentUrl\":\"https:\/\/www.campingaiguillecreuse.com\/wp-content\/uploads\/2025\/10\/logo-aiguille-creuse-2025.webp\",\"width\":1356,\"height\":804,\"caption\":\"Camping L'aiguille Creuse\"},\"image\":{\"@id\":\"https:\/\/www.campingaiguillecreuse.com\/#logo\"}},{\"@type\":\"WebSite\",\"@id\":\"https:\/\/www.campingaiguillecreuse.com\/#website\",\"url\":\"https:\/\/www.campingaiguillecreuse.com\/\",\"name\":\"Camping L&#039;Aiguille Creuse\",\"description\":\"CAMPING **** L&#039; AIGUILLE CREUSE PRES D&#039;ETRETAT EN NORMANDIE Camping en Normandie, avec piscine couverte et chauff\\u00e9e ouverte toute la saison\",\"publisher\":{\"@id\":\"https:\/\/www.campingaiguillecreuse.com\/#organization\"},\"potentialAction\":[{\"@type\":\"SearchAction\",\"target\":{\"@type\":\"EntryPoint\",\"urlTemplate\":\"https:\/\/www.campingaiguillecreuse.com\/?s={search_term_string}\"},\"query-input\":\"required name=search_term_string\"}],\"inLanguage\":\"de-DE\"},{\"@type\":\"ImageObject\",\"@id\":\"https:\/\/www.campingaiguillecreuse.com\/de\/mietunterkuenfte\/#primaryimage\",\"inLanguage\":\"de-DE\",\"url\":\"https:\/\/www.campingaiguillecreuse.com\/wp-content\/uploads\/2026\/04\/hebergement_sunelia.webp\",\"contentUrl\":\"https:\/\/www.campingaiguillecreuse.com\/wp-content\/uploads\/2026\/04\/hebergement_sunelia.webp\",\"width\":1920,\"height\":1278,\"caption\":\"Camping L&#039;aiguille Creuse : Hebergement Sunelia\"},{\"@type\":\"WebPage\",\"@id\":\"https:\/\/www.campingaiguillecreuse.com\/de\/mietunterkuenfte\/#webpage\",\"url\":\"https:\/\/www.campingaiguillecreuse.com\/de\/mietunterkuenfte\/\",\"name\":\"Unterkunft & Mobilheime in Normandie | L'Aiguille Creuse\",\"isPartOf\":{\"@id\":\"https:\/\/www.campingaiguillecreuse.com\/#website\"},\"primaryImageOfPage\":{\"@id\":\"https:\/\/www.campingaiguillecreuse.com\/de\/mietunterkuenfte\/#primaryimage\"},\"datePublished\":\"2026-02-26T09:43:30+00:00\",\"dateModified\":\"2026-04-16T12:21:58+00:00\",\"description\":\"Finden Sie jetzt die perfekte Unterkunft auf dem 4-Sterne-Campingplatz L'Aiguille Creuse, indem Sie unter anderem ein Mobilheim in der Normandie mieten.\",\"breadcrumb\":{\"@id\":\"https:\/\/www.campingaiguillecreuse.com\/de\/mietunterkuenfte\/#breadcrumb\"},\"inLanguage\":\"de-DE\",\"potentialAction\":[{\"@type\":\"ReadAction\",\"target\":[\"https:\/\/www.campingaiguillecreuse.com\/de\/mietunterkuenfte\/\"]}]},{\"@type\":\"BreadcrumbList\",\"@id\":\"https:\/\/www.campingaiguillecreuse.com\/de\/mietunterkuenfte\/#breadcrumb\",\"itemListElement\":[{\"@type\":\"ListItem\",\"position\":1,\"name\":\"Accueil\",\"item\":\"https:\/\/www.campingaiguillecreuse.com\/de\/\"},{\"@type\":\"ListItem\",\"position\":2,\"name\":\"Mietunterk\\u00fcnfte\"}]}]}<\/script>\n<!-- \/ Yoast SEO plugin. -->","yoast_head_json":{"title":"Unterkunft & Mobilheime in Normandie | L'Aiguille Creuse","description":"Finden Sie jetzt die perfekte Unterkunft auf dem 4-Sterne-Campingplatz L'Aiguille Creuse, indem Sie unter anderem ein Mobilheim in der Normandie mieten.","robots":{"index":"index","follow":"follow","max-snippet":"max-snippet:-1","max-image-preview":"max-image-preview:large","max-video-preview":"max-video-preview:-1"},"canonical":"https:\/\/www.campingaiguillecreuse.com\/de\/mietunterkuenfte\/","og_locale":"de_DE","og_type":"article","og_title":"Unterkunft & Mobilheime in Normandie | L'Aiguille Creuse","og_description":"Finden Sie jetzt die perfekte Unterkunft auf dem 4-Sterne-Campingplatz L'Aiguille Creuse, indem Sie unter anderem ein Mobilheim in der Normandie mieten.","og_url":"https:\/\/www.campingaiguillecreuse.com\/de\/mietunterkuenfte\/","og_site_name":"Camping L&#039;Aiguille Creuse","article_publisher":"https:\/\/www.facebook.com\/campingaiguillecreuse\/","article_modified_time":"2026-04-16T12:21:58+00:00","og_image":[{"url":"https:\/\/www.campingaiguillecreuse.com\/wp-content\/uploads\/2026\/04\/hebergement_sunelia.webp"}],"twitter_card":"summary_large_image","twitter_misc":{"Gesch\u00e4tzte Lesezeit":"4 Minuten"},"schema":{"@context":"https:\/\/schema.org","@graph":[{"@type":"Organization","@id":"https:\/\/www.campingaiguillecreuse.com\/#organization","name":"Camping L'aiguille Creuse","url":"https:\/\/www.campingaiguillecreuse.com\/","sameAs":["https:\/\/www.facebook.com\/campingaiguillecreuse\/","https:\/\/www.instagram.com\/camping_aiguille_creuse\/","https:\/\/www.wikidata.org\/wiki\/Q138617169"],"logo":{"@type":"ImageObject","@id":"https:\/\/www.campingaiguillecreuse.com\/#logo","inLanguage":"de-DE","url":"https:\/\/www.campingaiguillecreuse.com\/wp-content\/uploads\/2025\/10\/logo-aiguille-creuse-2025.webp","contentUrl":"https:\/\/www.campingaiguillecreuse.com\/wp-content\/uploads\/2025\/10\/logo-aiguille-creuse-2025.webp","width":1356,"height":804,"caption":"Camping L'aiguille Creuse"},"image":{"@id":"https:\/\/www.campingaiguillecreuse.com\/#logo"}},{"@type":"WebSite","@id":"https:\/\/www.campingaiguillecreuse.com\/#website","url":"https:\/\/www.campingaiguillecreuse.com\/","name":"Camping L&#039;Aiguille Creuse","description":"CAMPING **** L&#039; AIGUILLE CREUSE PRES D&#039;ETRETAT EN NORMANDIE Camping en Normandie, avec piscine couverte et chauff\u00e9e ouverte toute la saison","publisher":{"@id":"https:\/\/www.campingaiguillecreuse.com\/#organization"},"potentialAction":[{"@type":"SearchAction","target":{"@type":"EntryPoint","urlTemplate":"https:\/\/www.campingaiguillecreuse.com\/?s={search_term_string}"},"query-input":"required name=search_term_string"}],"inLanguage":"de-DE"},{"@type":"ImageObject","@id":"https:\/\/www.campingaiguillecreuse.com\/de\/mietunterkuenfte\/#primaryimage","inLanguage":"de-DE","url":"https:\/\/www.campingaiguillecreuse.com\/wp-content\/uploads\/2026\/04\/hebergement_sunelia.webp","contentUrl":"https:\/\/www.campingaiguillecreuse.com\/wp-content\/uploads\/2026\/04\/hebergement_sunelia.webp","width":1920,"height":1278,"caption":"Camping L&#039;aiguille Creuse : Hebergement Sunelia"},{"@type":"WebPage","@id":"https:\/\/www.campingaiguillecreuse.com\/de\/mietunterkuenfte\/#webpage","url":"https:\/\/www.campingaiguillecreuse.com\/de\/mietunterkuenfte\/","name":"Unterkunft & Mobilheime in Normandie | L'Aiguille Creuse","isPartOf":{"@id":"https:\/\/www.campingaiguillecreuse.com\/#website"},"primaryImageOfPage":{"@id":"https:\/\/www.campingaiguillecreuse.com\/de\/mietunterkuenfte\/#primaryimage"},"datePublished":"2026-02-26T09:43:30+00:00","dateModified":"2026-04-16T12:21:58+00:00","description":"Finden Sie jetzt die perfekte Unterkunft auf dem 4-Sterne-Campingplatz L'Aiguille Creuse, indem Sie unter anderem ein Mobilheim in der Normandie mieten.","breadcrumb":{"@id":"https:\/\/www.campingaiguillecreuse.com\/de\/mietunterkuenfte\/#breadcrumb"},"inLanguage":"de-DE","potentialAction":[{"@type":"ReadAction","target":["https:\/\/www.campingaiguillecreuse.com\/de\/mietunterkuenfte\/"]}]},{"@type":"BreadcrumbList","@id":"https:\/\/www.campingaiguillecreuse.com\/de\/mietunterkuenfte\/#breadcrumb","itemListElement":[{"@type":"ListItem","position":1,"name":"Accueil","item":"https:\/\/www.campingaiguillecreuse.com\/de\/"},{"@type":"ListItem","position":2,"name":"Mietunterk\u00fcnfte"}]}]}},"_links":{"self":[{"href":"https:\/\/www.campingaiguillecreuse.com\/de\/wp-json\/wp\/v2\/pages\/2067"}],"collection":[{"href":"https:\/\/www.campingaiguillecreuse.com\/de\/wp-json\/wp\/v2\/pages"}],"about":[{"href":"https:\/\/www.campingaiguillecreuse.com\/de\/wp-json\/wp\/v2\/types\/page"}],"author":[{"embeddable":true,"href":"https:\/\/www.campingaiguillecreuse.com\/de\/wp-json\/wp\/v2\/users\/1"}],"replies":[{"embeddable":true,"href":"https:\/\/www.campingaiguillecreuse.com\/de\/wp-json\/wp\/v2\/comments?post=2067"}],"version-history":[{"count":5,"href":"https:\/\/www.campingaiguillecreuse.com\/de\/wp-json\/wp\/v2\/pages\/2067\/revisions"}],"predecessor-version":[{"id":6233,"href":"https:\/\/www.campingaiguillecreuse.com\/de\/wp-json\/wp\/v2\/pages\/2067\/revisions\/6233"}],"wp:attachment":[{"href":"https:\/\/www.campingaiguillecreuse.com\/de\/wp-json\/wp\/v2\/media?parent=2067"}],"curies":[{"name":"wp","href":"https:\/\/api.w.org\/{rel}","templated":true}]}}